{"id":11,"date":"2009-03-02T21:33:52","date_gmt":"2009-03-02T20:33:52","guid":{"rendered":"https:\/\/www.nepelius.com\/test\/?page_id=11"},"modified":"2026-02-17T21:58:35","modified_gmt":"2026-02-17T20:58:35","slug":"biografie","status":"publish","type":"page","link":"https:\/\/www.nepelius.com\/en\/biografie\/","title":{"rendered":""},"content":{"rendered":"<div class=\"wp-block-media-text alignwide is-stacked-on-mobile is-vertically-aligned-center\" style=\"grid-template-columns:27% auto\"><figure class=\"wp-block-media-text__media\"><img loading=\"lazy\" decoding=\"async\" width=\"600\" height=\"600\" src=\"https:\/\/www.nepelius.com\/wp-content\/uploads\/Sigrid_AEA2020_FotoRudiGigler_quadr-600x600.jpg\" alt=\"\" class=\"wp-image-4534 size-full\" srcset=\"https:\/\/www.nepelius.com\/wp-content\/uploads\/Sigrid_AEA2020_FotoRudiGigler_quadr-600x600.jpg 600w, https:\/\/www.nepelius.com\/wp-content\/uploads\/Sigrid_AEA2020_FotoRudiGigler_quadr-300x300.jpg 300w, https:\/\/www.nepelius.com\/wp-content\/uploads\/Sigrid_AEA2020_FotoRudiGigler_quadr-768x768.jpg 768w, https:\/\/www.nepelius.com\/wp-content\/uploads\/Sigrid_AEA2020_FotoRudiGigler_quadr-12x12.jpg 12w, https:\/\/www.nepelius.com\/wp-content\/uploads\/Sigrid_AEA2020_FotoRudiGigler_quadr-100x100.jpg 100w, https:\/\/www.nepelius.com\/wp-content\/uploads\/Sigrid_AEA2020_FotoRudiGigler_quadr-250x250.jpg 250w, https:\/\/www.nepelius.com\/wp-content\/uploads\/Sigrid_AEA2020_FotoRudiGigler_quadr.jpg 900w\" sizes=\"auto, (max-width: 600px) 100vw, 600px\" \/><\/figure><div class=\"wp-block-media-text__content\">\n<h2 class=\"wp-block-heading\" id=\"biografie\">Biography<\/h2>\n\n\n\n<p>I was born in 1969 in Linz, Austria. My home is now in the Mostviertel region of Lower Austria, where my husband Peter and I live in the middle of nature and cultivate our large permaculture garden.<\/p>\n\n\n\n<p>After graduating from the HBLA f\u00fcr k\u00fcnstlerische Gestaltung in Linz, I worked as a graphic designer for more than 20 years before turning to painting in 2007.<\/p>\n\n\n\n<p>Intensive engagement with spiritual topics and a love of nature have accompanied me since my youth and have shaped the way I live and work.<\/p>\n\n\n\n<p>My art encourages nature-loving people to see animals and plants with different eyes.<br>Those who leave the boundaries of the familiar will find a new world full of beauty and magic.<\/p>\n\n\n\n<p>As a networker for fantastic art, I founded the web magazine Phantastisch.at and managed it for 13 years. I was also active as an organizer and curator of phantastic exhibitions (including the Labyrinth exhibition series together with Christine Hirschberg).<\/p>\n\n\n\n<p>Exhibitions in Austria, Belgium, Germany, Italy, Russia und Spain.<\/p>\n\n\n\n<div class=\"wp-block-buttons is-horizontal is-content-justification-center is-layout-flex wp-container-core-buttons-is-layout-03627597 wp-block-buttons-is-layout-flex\">\n<div class=\"wp-block-button is-style-outline is-style-outline--1\"><a class=\"wp-block-button__link has-white-color has-text-color has-background wp-element-button\" href=\"https:\/\/www.nepelius.com\/en\/newsletter\/\" style=\"background-color:#aa9c00\">Subscribe to my email list and always be up to date!<\/a><\/div>\n<\/div>\n<\/div><\/div>\n\n\n\n<div style=\"height:120px\" aria-hidden=\"true\" class=\"wp-block-spacer\"><\/div>\n\n\n\n<div class=\"wp-block-media-text alignwide is-stacked-on-mobile\" style=\"grid-template-columns:27% auto\"><figure class=\"wp-block-media-text__media\"><img loading=\"lazy\" decoding=\"async\" width=\"800\" height=\"600\" src=\"https:\/\/www.nepelius.com\/wp-content\/uploads\/2018\/01\/lexikon_montage-800x600.jpeg\" alt=\"\" class=\"wp-image-1545 size-full\" srcset=\"https:\/\/www.nepelius.com\/wp-content\/uploads\/2018\/01\/lexikon_montage.jpeg 800w, https:\/\/www.nepelius.com\/wp-content\/uploads\/2018\/01\/lexikon_montage-300x225.jpeg 300w, https:\/\/www.nepelius.com\/wp-content\/uploads\/2018\/01\/lexikon_montage-768x576.jpeg 768w, https:\/\/www.nepelius.com\/wp-content\/uploads\/2018\/01\/lexikon_montage-16x12.jpeg 16w, https:\/\/www.nepelius.com\/wp-content\/uploads\/2018\/01\/lexikon_montage-600x450.jpeg 600w, https:\/\/www.nepelius.com\/wp-content\/uploads\/2018\/01\/lexikon_montage-250x188.jpeg 250w\" sizes=\"auto, (max-width: 800px) 100vw, 800px\" \/><\/figure><div class=\"wp-block-media-text__content\">\n<h2 class=\"wp-block-heading\" id=\"publikationen\">Publications<\/h2>\n\n\n\n<p><a href=\"https:\/\/www.nepelius.com\/en\/lexikon-phantastischer-kuenstlerinnen\/\">Encyclopaedia of Fantastic Women Artists<\/a>, 2017<br><a href=\"http:\/\/www.vagallery.com\/visionary-art-yearbook.html\" target=\"_blank\" rel=\"noreferrer noopener\">Visionary Art Yearbook<\/a> 2011- 2012<br><a href=\"http:\/\/www.amazon.de\/Lexikon-phantastischen-K\u00fcnstler-Gerhard-Habarta\/dp\/3848263076\/ref=sr_1_1?ie=UTF8&amp;qid=1391437490&amp;sr=8-1&amp;keywords=lexikon+der+phantastischen+k\u00fcnstler\" target=\"_blank\" rel=\"noreferrer noopener\">Encyclopaedia of Fantastic artists<\/a>, Auflage 2013<br><a href=\"http:\/\/elvism.squarespace.com\" target=\"_blank\" rel=\"noreferrer noopener\">Galaktic Trading Cards<\/a>, Celestial World Set<\/p>\n<\/div><\/div>\n\n\n\n<div style=\"height:120px\" aria-hidden=\"true\" class=\"wp-block-spacer\"><\/div>\n\n\n\n<h2 class=\"wp-block-heading\" id=\"ausstellungen\">Exhibitions<\/h2>\n\n\n\n<p><a href=\"https:\/\/www.nepelius.com\/en\/verflochten-in-voecklabruck-at\/\">&#8220;Verflochten&#8221;<\/a>, V\u00f6cklabruck + Amstetten (AT), 2025<br><a href=\"https:\/\/www.nepelius.com\/en\/intermezzo-in-freistadt-ooe\/\">&#8220;Intermezzo&#8221;<\/a>, Freistadt (AT), 2025<br><a href=\"https:\/\/www.nepelius.com\/en\/einfach-tierisch-in-amstetten-at\/\">\u201cEinfach TIERisch\u201d<\/a>, Amstetten (AT), 2025<br><br><a href=\"https:\/\/www.nepelius.com\/en\/jahresausstellung-aea-in-fornach-at\/\">Annual Exhibition Europ\u00e4ischer Kunstkreis<\/a>, Fornach (AT), 2024<br><a href=\"https:\/\/www.nepelius.com\/en\/ausstellung-ausgetauscht-in-der-cart-galerie-pregarten-at\/\">\u201cAusgetauscht\u201d<\/a>, Pregarten (AT), 2024<br><a href=\"https:\/\/www.nepelius.com\/en\/ausstellung-weibsbilder-im-kunsthaus-obernberg-am-inn-at\/\">\u201cWeibsbilder\u201d<\/a>, Obernberg am Inn (AT), 2024<br><a href=\"https:\/\/www.nepelius.com\/en\/ausstellung-luft-in-der-kiam-galerie-amstetten-at\/\">\u201cLuft\u201d<\/a>, Amstetten (AT), 2024<\/p>\n\n\n\n<p><a href=\"https:\/\/www.nepelius.com\/en\/ausstellung-baeume-in-der-4614-galerie-marchtrenk-at\/\">\u201cB\u00e4ume\u201d<\/a>, Marchtrenk (AT), 2023<br><a href=\"https:\/\/www.nepelius.com\/en\/ausstellung-unverkennbar-im-schloss-ulmerfeld-at\/\">\u201cUnverkennbar\u201d<\/a>, Ulmerfeld (AT), 2023<br><a href=\"https:\/\/www.nepelius.com\/en\/ausstellung-hybrid-in-der-4614-galerie-marchtrenk-at\/\">\u201cHybrid\u201d<\/a>, Marchtrenk (AT), 2023<br><a href=\"https:\/\/www.nepelius.com\/en\/ausstellung-kunstkompakt-in-der-kiam-galerie-amstetten-at\/\">\u201cKUNST:KOMPAKT\u201d<\/a>, Amstetten (AT), 2023<br><a href=\"https:\/\/www.nepelius.com\/en\/ausstellung-surreal-in-der-kiam-galerie-amstetten-at\/\">\u201csurREAL\u201d, <\/a>Amstetten (AT), 2023<\/p>\n\n\n\n<p><a href=\"https:\/\/www.nepelius.com\/en\/ausstellung-grafik-und-gedrucktes-in-der-4614-galerie-marchtrenk-at\/\">&#8220;Grafik und Gedrucktes&#8221;<\/a>, Marchtrenk (AT), 2022<br><a href=\"https:\/\/www.nepelius.com\/en\/ausstellung-von-phantastischen-tieren-und-landschaften-in-marchtrenk-at\/\">&#8220;Von phantastischen Tieren und Landschaften&#8221;<\/a>, Marchtrenk (AT), 2022<\/p>\n\n\n\n<p><a href=\"https:\/\/www.nepelius.com\/en\/nass-in-der-kiam-galerie-amstetten-at\/\">\u201cnass\u201d<\/a>, Amstetten (AT), 2021<br>\u201cSommerausstellung Palette Kunstforum O\u00d6\u201d, Marchtrenk (AT), 2021<br><a href=\"https:\/\/www.nepelius.com\/en\/ars-insectum-in-der-4614-galerie-marchtrenk-at\/\">\u201cArs Insectum\u201d<\/a>, Marchtrenk (AT), 2021<br><a href=\"https:\/\/www.nepelius.com\/en\/vervielfaeltigung-in-der-kiam-galerie-amstetten-at\/\">\u201cVervielf\u00e4ltigung\u201d<\/a>, Amstetten (AT), 2021<\/p>\n\n\n\n<p><a href=\"https:\/\/www.nepelius.com\/en\/jahresausstellung-aea-in-steyrermuehl-at\/\">Annual Exhibition Europ\u00e4ischer Kunstkreis<\/a>, Steyrerm\u00fchl (AT), 2020<br><a href=\"https:\/\/www.nepelius.com\/en\/sommerausstellung-in-marchtrenk-at\/\">\u201cSommerausstellung Palette Kunstforum O\u00d6\u201d<\/a>, Marchtrenk (AT), 2020<br><a href=\"https:\/\/www.nepelius.com\/en\/bunt-gezeichnet-in-marchtrenk-at\/\">\u201cBunt gezeichnet\u201d<\/a>, Marchtrenk (AT), 2020<br><a href=\"https:\/\/www.nepelius.com\/en\/grand-salon-colours-bad-saeckingen-de\/\">\u201cGrand Salon \u2013 Colors\u201d<\/a>, Bad S\u00e4ckingen (DE), 2020<\/p>\n\n\n\n<p><a href=\"https:\/\/www.nepelius.com\/en\/labyrinth-der-wirklichkeiten-in-fornach-at\/\">\u201cLabyrinth der Wirklichkeiten\u201d<\/a>, Fornach (AT), 2019<br><a href=\"https:\/\/www.nepelius.com\/en\/alles-fuer-die-katz-in-marchtrenk-at\/\">\u201cAlles f\u00fcr die Katz\u201d<\/a>, Marchtrenk (AT), 2019<br><a href=\"https:\/\/www.nepelius.com\/en\/jahresausstellung-aea-in-scharnstein-at\/\">Annual Exhibition Europ\u00e4ischer Kunstkreis<\/a> (AT), 2019<br><a href=\"https:\/\/www.nepelius.com\/en\/winterwonderland-in-marchtrenk-at\/\">\u201cWinterwonderland\u201d<\/a>, Marchtrenk (AT), 2019<\/p>\n\n\n\n<p>\u201cQuerschnitt\u201d, Amstetten (AT), 2018<br><a href=\"https:\/\/www.nepelius.com\/en\/bilder-einer-ausstellung-in-fischlham-at\/\">\u201cBilder einer Ausstellung\u201d<\/a>, Fischlham (AT), 2018<br><a href=\"https:\/\/www.nepelius.com\/en\/bluetentraeume-in-marchtrenk-at\/\">\u201cBl\u00fctentr\u00e4ume\u201d<\/a>, Marchtrenk (AT), 2018<br><a href=\"https:\/\/www.nepelius.com\/en\/realistisch-phantastisch-in-traun-at\/\">\u201cRealistisch \u2013 Phantastisch\u201d<\/a>, Traun (AT), 2018<br><a href=\"https:\/\/www.nepelius.com\/en\/english-traum-und-zeit-in-aichach-d\/\">\u201cTraum und Zeit\u201d<\/a>, Aichach (DE), 2018<br><a href=\"https:\/\/www.nepelius.com\/en\/welt-der-traeume-in-rastatt-d\/\">\u201cWelt der Tr\u00e4ume\u201d<\/a>, Rastatt (DE), 2018<br><a href=\"https:\/\/www.nepelius.com\/en\/labyrinth-der-wirklichkeiten-in-wels-a\/\">\u201cLabyrinth der Wirklichkeiten\u201d<\/a>, Wels (AT), 2018<\/p>\n\n\n\n<p><a href=\"https:\/\/www.nepelius.com\/en\/jahresausstellung-aea-ansfelden-a\/\">Annual exhibition AEA<\/a>, Ansfelden (AT), 2017<br><a href=\"https:\/\/www.nepelius.com\/en\/ausstellung-papiermachermuseum-steyrermuehl-a\/\">Papiermachermuseum Steyrerm\u00fchl<\/a>, Steyrerm\u00fchl (AT), 2017<br><a href=\"https:\/\/www.nepelius.com\/en\/4-art-genossen-in-weinburg-a\/\">\u201c4 Art-Genossen\u201d<\/a>, Weinburg (AT), 2017<br><a href=\"https:\/\/www.nepelius.com\/en\/das-unbekannte-land-in-braunau-a\/\">\u201cDas unbekannte Land \u201c<\/a>, Braunau (AT), 2017<br><a href=\"https:\/\/www.nepelius.com\/en\/real-surreal-irreal\/\">\u201creal \u2013 surreal \u2013 irreal \u2013 ?\u201d<\/a>, Bad S\u00e4ckingen (DE), 2017<br><a href=\"https:\/\/www.nepelius.com\/en\/ausstellung-camarillo-friends\/\">\u201cCamarillo and friends\u201d<\/a>, Bremen (DE), 2017<\/p>\n\n\n\n<p><a href=\"https:\/\/www.nepelius.com\/en\/malerische-welten\/\">\u201cMalerische Welten\u201d<\/a>, Marchtrenk (AT), 2016<br><a href=\"https:\/\/www.nepelius.com\/en\/jahresausstellung-europaeischer-kunstkreis-in-linz-a-2\/\">Annual Exhibition Europ\u00e4ischer Kunstkreis<\/a>, Linz (AT), 2016<br><a href=\"https:\/\/www.nepelius.com\/en\/austrian-dreamscapes\/\">\u201cAustrian Dreamscapes\u201d<\/a>, Bremen (DE), 2016<\/p>\n\n\n\n<p><a href=\"https:\/\/www.nepelius.com\/en\/event\/jahresausstellung-europaeischer-kunstkreis-in-gmunden-a\/\">annual exhibition Europ\u00e4ischer Kunstkreis<\/a>, Gmunden (AT), 2015<br><a href=\"https:\/\/www.nepelius.com\/en\/intermezzo-ii-phantastisches-in-saxen-a\/\">Intermezzo II \u2013 Phantastisches<\/a>, Saxen (AT), 2015<br><a href=\"https:\/\/www.nepelius.com\/en\/labyrinth-der-wirklichkeiten\/\">Labyrinth der Wirklichkeiten<\/a>, Linz (AT), 2015<\/p>\n\n\n\n<p><a href=\"https:\/\/www.nepelius.com\/en\/real-surreal-irreal-bremen-d\/\">\u201cReal-Irreal-Surreal?\u201d<\/a>,&nbsp;Bremen&nbsp;(DE), 2014<br><a href=\"https:\/\/www.nepelius.com\/en\/jahresausstellung-europaeischer-kunstkreis-in-linz-a\/\">Annual Exhibition Europ\u00e4ischer Kunstkreis<\/a>, Linz (AT), 2014<br><a href=\"https:\/\/www.nepelius.com\/en\/callas-art-affair-2014\/\">callas art-affair 2014<\/a>, Bremen (DE), 2014<\/p>\n\n\n\n<p><a href=\"https:\/\/www.nepelius.com\/en\/internationale-gruppenausstellung-dreams-and-divinities\/\">\u201cDreams and Divinities\u201d<\/a>, Travelling Show, Toledo (ES) \u2013 Granada (ES), 2013<br><a href=\"https:\/\/www.nepelius.com\/en\/dollar-schatze-und-kunst-im-barockschloss-riegersburg\/\">\u201cDollar, Sch\u00e4tze und Kunst. Ist die Uhr schon abgelaufen?\u201d<\/a>, Barockschloss Riegersburg (AT), 2013<br><a href=\"https:\/\/www.nepelius.com\/en\/art-imaginaer-2013\/\">art imagin\u00e4r 2013<\/a>, Phantastic in the box \u2013 collection Westermann, Neustadt-Mu\u00dfbach (DE), 2013<br><a href=\"https:\/\/www.nepelius.com\/en\/arte-fantastica-in-drena-i\/\">Arte Fantastica<\/a>, Castello di Drena (IT), 2013<\/p>\n\n\n\n<p>\u201cPhantastenmuseum Wien in Berlin\u201d, Galerie Dikmayer, Berlin (DE), 2012<br><a href=\"https:\/\/www.nepelius.com\/en\/osterreichische-phantasten-in-moskau\/\">\u201cPhantastenmuseum Wien presents contemporary austrian artists\u201d<\/a>, A.A. Bachruschin Theater Museum, Moscow (RU), 2012<\/p>\n\n\n\n<p><a href=\"https:\/\/www.nepelius.com\/en\/vernissage-the-light-fantastic\/\">\u201cThe Light Fantastic\u201d<\/a>, Galerie Nova Belgica, Sint-Truiden (BE), 2011<br>\u201cMystic and surreal worlds\u201d, Galerie Offenes Atelier D.U. Design, Villach (AT), 2011<\/p>\n\n\n\n<p><\/p>","protected":false},"excerpt":{"rendered":"<p>Publikationen Lexikon phantastischer K\u00fcnstlerinnen, 2017Visionary Art Yearbook 2011- 2012Lexikon der phantastischen K\u00fcnstler, Auflage 2013Galaktic Trading Cards, Celestial World Set Ausstellungen &#8220;Verflochten&#8221;, V\u00f6cklabruck + Amstetten (AT), 2025&#8220;Intermezzo&#8221;, Freistadt (AT), 2025\u201cEinfach TIERisch\u201d, Amstetten (AT), 2025 \u201cJahresausstellung Europ\u00e4ischer Kunstkreis\u201d, Fornach (AT), 2024\u201cAusgetauscht\u201d, Pregarten (AT), 2024\u201cWeibsbilder\u201d, Obernberg am Inn (AT), 2024\u201cLuft\u201d, Amstetten (AT), 2024 \u201cB\u00e4ume\u201d, Marchtrenk (AT), 2023\u201cUnverkennbar\u201d, Ulmerfeld [&hellip;]<\/p>\n","protected":false},"author":2,"featured_media":0,"parent":0,"menu_order":0,"comment_status":"closed","ping_status":"open","template":"","meta":{"zakra_page_container_layout":"customizer","zakra_page_sidebar_layout":"customizer","zakra_remove_content_margin":false,"zakra_sidebar":"customizer","zakra_transparent_header":"customizer","zakra_logo":0,"zakra_main_header_style":"default","zakra_menu_item_color":"","zakra_menu_item_hover_color":"","zakra_menu_item_active_color":"","zakra_menu_active_style":"","zakra_page_header":false,"footnotes":""},"class_list":["post-11","page","type-page","status-publish","hentry"],"yoast_head":"<!-- This site is optimized with the Yoast SEO plugin v27.2 - https:\/\/yoast.com\/product\/yoast-seo-wordpress\/ -->\n<title>- Sigrid Nepelius<\/title>\n<meta name=\"robots\" content=\"index, follow, max-snippet:-1, max-image-preview:large, max-video-preview:-1\" \/>\n<link rel=\"canonical\" href=\"https:\/\/www.nepelius.com\/en\/biografie\/\" \/>\n<meta property=\"og:locale\" content=\"en_GB\" \/>\n<meta property=\"og:type\" content=\"article\" \/>\n<meta property=\"og:title\" content=\"- Sigrid Nepelius\" \/>\n<meta property=\"og:description\" content=\"Publikationen Lexikon phantastischer K\u00fcnstlerinnen, 2017Visionary Art Yearbook 2011- 2012Lexikon der phantastischen K\u00fcnstler, Auflage 2013Galaktic Trading Cards, Celestial World Set Ausstellungen &#8220;Verflochten&#8221;, V\u00f6cklabruck + Amstetten (AT), 2025&#8220;Intermezzo&#8221;, Freistadt (AT), 2025\u201cEinfach TIERisch\u201d, Amstetten (AT), 2025 \u201cJahresausstellung Europ\u00e4ischer Kunstkreis\u201d, Fornach (AT), 2024\u201cAusgetauscht\u201d, Pregarten (AT), 2024\u201cWeibsbilder\u201d, Obernberg am Inn (AT), 2024\u201cLuft\u201d, Amstetten (AT), 2024 \u201cB\u00e4ume\u201d, Marchtrenk (AT), 2023\u201cUnverkennbar\u201d, Ulmerfeld [&hellip;]\" \/>\n<meta property=\"og:url\" content=\"https:\/\/www.nepelius.com\/en\/biografie\/\" \/>\n<meta property=\"og:site_name\" content=\"Sigrid Nepelius\" \/>\n<meta property=\"article:publisher\" content=\"https:\/\/www.facebook.com\/sigrid.nepelius.art\" \/>\n<meta property=\"article:modified_time\" content=\"2026-02-17T20:58:35+00:00\" \/>\n<meta property=\"og:image\" content=\"https:\/\/www.nepelius.com\/wp-content\/uploads\/Sigrid_AEA2020_FotoRudiGigler_quadr.jpg\" \/>\n\t<meta property=\"og:image:width\" content=\"900\" \/>\n\t<meta property=\"og:image:height\" content=\"900\" \/>\n\t<meta property=\"og:image:type\" content=\"image\/jpeg\" \/>\n<meta name=\"twitter:card\" content=\"summary_large_image\" \/>\n<meta name=\"twitter:label1\" content=\"Estimated reading time\" \/>\n\t<meta name=\"twitter:data1\" content=\"4 minutes\" \/>\n<script type=\"application\/ld+json\" class=\"yoast-schema-graph\">{\"@context\":\"https:\/\/schema.org\",\"@graph\":[{\"@type\":\"WebPage\",\"@id\":\"https:\/\/www.nepelius.com\/biografie\/\",\"url\":\"https:\/\/www.nepelius.com\/biografie\/\",\"name\":\"- Sigrid Nepelius\",\"isPartOf\":{\"@id\":\"https:\/\/www.nepelius.com\/#website\"},\"primaryImageOfPage\":{\"@id\":\"https:\/\/www.nepelius.com\/biografie\/#primaryimage\"},\"image\":{\"@id\":\"https:\/\/www.nepelius.com\/biografie\/#primaryimage\"},\"thumbnailUrl\":\"https:\/\/www.nepelius.com\/wp-content\/uploads\/Sigrid_AEA2020_FotoRudiGigler_quadr-600x600.jpg\",\"datePublished\":\"2009-03-02T20:33:52+00:00\",\"dateModified\":\"2026-02-17T20:58:35+00:00\",\"inLanguage\":\"en-GB\",\"potentialAction\":[{\"@type\":\"ReadAction\",\"target\":[\"https:\/\/www.nepelius.com\/biografie\/\"]}]},{\"@type\":\"ImageObject\",\"inLanguage\":\"en-GB\",\"@id\":\"https:\/\/www.nepelius.com\/biografie\/#primaryimage\",\"url\":\"https:\/\/www.nepelius.com\/wp-content\/uploads\/Sigrid_AEA2020_FotoRudiGigler_quadr-600x600.jpg\",\"contentUrl\":\"https:\/\/www.nepelius.com\/wp-content\/uploads\/Sigrid_AEA2020_FotoRudiGigler_quadr-600x600.jpg\"},{\"@type\":\"WebSite\",\"@id\":\"https:\/\/www.nepelius.com\/#website\",\"url\":\"https:\/\/www.nepelius.com\/\",\"name\":\"Sigrid Nepelius\",\"description\":\"Fine Art\",\"publisher\":{\"@id\":\"https:\/\/www.nepelius.com\/#\/schema\/person\/fb48383c87e305a8d2bbad4aef3524eb\"},\"potentialAction\":[{\"@type\":\"SearchAction\",\"target\":{\"@type\":\"EntryPoint\",\"urlTemplate\":\"https:\/\/www.nepelius.com\/?s={search_term_string}\"},\"query-input\":{\"@type\":\"PropertyValueSpecification\",\"valueRequired\":true,\"valueName\":\"search_term_string\"}}],\"inLanguage\":\"en-GB\"},{\"@type\":[\"Person\",\"Organization\"],\"@id\":\"https:\/\/www.nepelius.com\/#\/schema\/person\/fb48383c87e305a8d2bbad4aef3524eb\",\"name\":\"Sigrid\",\"image\":{\"@type\":\"ImageObject\",\"inLanguage\":\"en-GB\",\"@id\":\"https:\/\/www.nepelius.com\/wp-content\/uploads\/cropped-header_neu-1.jpg\",\"url\":\"https:\/\/www.nepelius.com\/wp-content\/uploads\/cropped-header_neu-1.jpg\",\"contentUrl\":\"https:\/\/www.nepelius.com\/wp-content\/uploads\/cropped-header_neu-1.jpg\",\"width\":1500,\"height\":224,\"caption\":\"Sigrid\"},\"logo\":{\"@id\":\"https:\/\/www.nepelius.com\/wp-content\/uploads\/cropped-header_neu-1.jpg\"},\"sameAs\":[\"https:\/\/www.facebook.com\/sigrid.nepelius.art\",\"https:\/\/www.instagram.com\/sigridnepeliusart\/\",\"https:\/\/www.pinterest.at\/sigridnepelius\/\"]}]}<\/script>\n<!-- \/ Yoast SEO plugin. -->","yoast_head_json":{"title":"- Sigrid Nepelius","robots":{"index":"index","follow":"follow","max-snippet":"max-snippet:-1","max-image-preview":"max-image-preview:large","max-video-preview":"max-video-preview:-1"},"canonical":"https:\/\/www.nepelius.com\/en\/biografie\/","og_locale":"en_GB","og_type":"article","og_title":"- Sigrid Nepelius","og_description":"Publikationen Lexikon phantastischer K\u00fcnstlerinnen, 2017Visionary Art Yearbook 2011- 2012Lexikon der phantastischen K\u00fcnstler, Auflage 2013Galaktic Trading Cards, Celestial World Set Ausstellungen &#8220;Verflochten&#8221;, V\u00f6cklabruck + Amstetten (AT), 2025&#8220;Intermezzo&#8221;, Freistadt (AT), 2025\u201cEinfach TIERisch\u201d, Amstetten (AT), 2025 \u201cJahresausstellung Europ\u00e4ischer Kunstkreis\u201d, Fornach (AT), 2024\u201cAusgetauscht\u201d, Pregarten (AT), 2024\u201cWeibsbilder\u201d, Obernberg am Inn (AT), 2024\u201cLuft\u201d, Amstetten (AT), 2024 \u201cB\u00e4ume\u201d, Marchtrenk (AT), 2023\u201cUnverkennbar\u201d, Ulmerfeld [&hellip;]","og_url":"https:\/\/www.nepelius.com\/en\/biografie\/","og_site_name":"Sigrid Nepelius","article_publisher":"https:\/\/www.facebook.com\/sigrid.nepelius.art","article_modified_time":"2026-02-17T20:58:35+00:00","og_image":[{"width":900,"height":900,"url":"https:\/\/www.nepelius.com\/wp-content\/uploads\/Sigrid_AEA2020_FotoRudiGigler_quadr.jpg","type":"image\/jpeg"}],"twitter_card":"summary_large_image","twitter_misc":{"Estimated reading time":"4 minutes"},"schema":{"@context":"https:\/\/schema.org","@graph":[{"@type":"WebPage","@id":"https:\/\/www.nepelius.com\/biografie\/","url":"https:\/\/www.nepelius.com\/biografie\/","name":"- Sigrid Nepelius","isPartOf":{"@id":"https:\/\/www.nepelius.com\/#website"},"primaryImageOfPage":{"@id":"https:\/\/www.nepelius.com\/biografie\/#primaryimage"},"image":{"@id":"https:\/\/www.nepelius.com\/biografie\/#primaryimage"},"thumbnailUrl":"https:\/\/www.nepelius.com\/wp-content\/uploads\/Sigrid_AEA2020_FotoRudiGigler_quadr-600x600.jpg","datePublished":"2009-03-02T20:33:52+00:00","dateModified":"2026-02-17T20:58:35+00:00","inLanguage":"en-GB","potentialAction":[{"@type":"ReadAction","target":["https:\/\/www.nepelius.com\/biografie\/"]}]},{"@type":"ImageObject","inLanguage":"en-GB","@id":"https:\/\/www.nepelius.com\/biografie\/#primaryimage","url":"https:\/\/www.nepelius.com\/wp-content\/uploads\/Sigrid_AEA2020_FotoRudiGigler_quadr-600x600.jpg","contentUrl":"https:\/\/www.nepelius.com\/wp-content\/uploads\/Sigrid_AEA2020_FotoRudiGigler_quadr-600x600.jpg"},{"@type":"WebSite","@id":"https:\/\/www.nepelius.com\/#website","url":"https:\/\/www.nepelius.com\/","name":"Sigrid Nepelius","description":"Fine Art","publisher":{"@id":"https:\/\/www.nepelius.com\/#\/schema\/person\/fb48383c87e305a8d2bbad4aef3524eb"},"potentialAction":[{"@type":"SearchAction","target":{"@type":"EntryPoint","urlTemplate":"https:\/\/www.nepelius.com\/?s={search_term_string}"},"query-input":{"@type":"PropertyValueSpecification","valueRequired":true,"valueName":"search_term_string"}}],"inLanguage":"en-GB"},{"@type":["Person","Organization"],"@id":"https:\/\/www.nepelius.com\/#\/schema\/person\/fb48383c87e305a8d2bbad4aef3524eb","name":"Sigrid","image":{"@type":"ImageObject","inLanguage":"en-GB","@id":"https:\/\/www.nepelius.com\/wp-content\/uploads\/cropped-header_neu-1.jpg","url":"https:\/\/www.nepelius.com\/wp-content\/uploads\/cropped-header_neu-1.jpg","contentUrl":"https:\/\/www.nepelius.com\/wp-content\/uploads\/cropped-header_neu-1.jpg","width":1500,"height":224,"caption":"Sigrid"},"logo":{"@id":"https:\/\/www.nepelius.com\/wp-content\/uploads\/cropped-header_neu-1.jpg"},"sameAs":["https:\/\/www.facebook.com\/sigrid.nepelius.art","https:\/\/www.instagram.com\/sigridnepeliusart\/","https:\/\/www.pinterest.at\/sigridnepelius\/"]}]}},"_links":{"self":[{"href":"https:\/\/www.nepelius.com\/en\/wp-json\/wp\/v2\/pages\/11","targetHints":{"allow":["GET"]}}],"collection":[{"href":"https:\/\/www.nepelius.com\/en\/wp-json\/wp\/v2\/pages"}],"about":[{"href":"https:\/\/www.nepelius.com\/en\/wp-json\/wp\/v2\/types\/page"}],"author":[{"embeddable":true,"href":"https:\/\/www.nepelius.com\/en\/wp-json\/wp\/v2\/users\/2"}],"replies":[{"embeddable":true,"href":"https:\/\/www.nepelius.com\/en\/wp-json\/wp\/v2\/comments?post=11"}],"version-history":[{"count":143,"href":"https:\/\/www.nepelius.com\/en\/wp-json\/wp\/v2\/pages\/11\/revisions"}],"predecessor-version":[{"id":5391,"href":"https:\/\/www.nepelius.com\/en\/wp-json\/wp\/v2\/pages\/11\/revisions\/5391"}],"wp:attachment":[{"href":"https:\/\/www.nepelius.com\/en\/wp-json\/wp\/v2\/media?parent=11"}],"curies":[{"name":"wp","href":"https:\/\/api.w.org\/{rel}","templated":true}]}}