{"id":1632,"date":"2018-05-10T11:57:08","date_gmt":"2018-05-10T09:57:08","guid":{"rendered":"https:\/\/www.nepelius.com\/?page_id=1632"},"modified":"2025-07-16T18:25:38","modified_gmt":"2025-07-16T16:25:38","slug":"newsletter","status":"publish","type":"page","link":"https:\/\/www.nepelius.com\/en\/newsletter\/","title":{"rendered":"Email-Liste (German only)"},"content":{"rendered":"<p>Trage Dich gerne in meine Email-Liste ein, um in Zukunft als erstes zu erfahren , wenn eine neue Serie oder ein neues Werk verf\u00fcgbar ist \u2013 inklusive aller Details, Preise und Vorkaufsrecht.<\/p>\n\n\n\n<p><span style=\"text-decoration: underline;\">Was Dich erwartet:<\/span><br>&#8211; Exklusiver Vorverkauf von neuen Werken einige Tage vor der \u00f6ffentlichen Freigabe<br>&#8211; Geschichten \u00fcber meine Kunst und die Themen, die mich bewegen<br>&#8211; pers\u00f6nliche Einblicke in mein Leben als K\u00fcnstlerin<br>&#8211; Termine und Neuigkeiten<\/p>\n\n\n\n<p>ACHTUNG!!! Du bekommst einen Best\u00e4tigungslink per Email \u2013 falls nicht, bitte unbedingt im Spamordner nachsehen! F\u00fcge meine Emailadresse zum Adressbuch hinzu damit meine Emails auch in Zukunft nicht im Spam landen.<\/p>\n\n\n\n<iframe loading=\"lazy\" width=\"540\" height=\"305\" src=\"https:\/\/9f0c416b.sibforms.com\/serve\/MUIFAMrrbYg_vyXreR5HZO1pRfN3zOSXiB3IfjZuaURyNbYeeT1j1dClmtF1jAdHLo3_tgakM2kj-kJ4pAt1nre_4s3k4Td9Ko4RDrMC-RTrtHV8G7Z2JE_8rcqsDXAivWM57NxxwIXD-ZxNp3C4TGwJ-ImVPKRQam2_pJP-WaC2BUVFjddQvsygXFkxtBXFbr7ekS5yiDTNPp_b\" frameborder=\"0\" scrolling=\"auto\" allowfullscreen style=\"display: block;margin-left: auto;margin-right: auto;max-width: 100%;\"><\/iframe>","protected":false},"excerpt":{"rendered":"<p>Trage Dich gerne in meine Email-Liste ein, um in Zukunft als erstes zu erfahren , wenn eine neue Serie oder ein neues Werk verf\u00fcgbar ist \u2013 inklusive aller Details, Preise und Vorkaufsrecht. Was Dich erwartet:&#8211; Exklusiver Vorverkauf von neuen Werken einige Tage vor der \u00f6ffentlichen Freigabe&#8211; Geschichten \u00fcber meine Kunst und die Themen, die mich [&hellip;]<\/p>\n","protected":false},"author":2,"featured_media":0,"parent":0,"menu_order":0,"comment_status":"closed","ping_status":"closed","template":"","meta":{"zakra_page_container_layout":"customizer","zakra_page_sidebar_layout":"customizer","zakra_remove_content_margin":false,"zakra_sidebar":"customizer","zakra_transparent_header":"customizer","zakra_logo":0,"zakra_main_header_style":"default","zakra_menu_item_color":"","zakra_menu_item_hover_color":"","zakra_menu_item_active_color":"","zakra_menu_active_style":"","zakra_page_header":true,"footnotes":""},"class_list":["post-1632","page","type-page","status-publish","hentry"],"yoast_head":"<!-- This site is optimized with the Yoast SEO plugin v27.4 - https:\/\/yoast.com\/product\/yoast-seo-wordpress\/ -->\n<title>Email-Liste (German only) - Sigrid Nepelius<\/title>\n<meta name=\"robots\" content=\"index, follow, max-snippet:-1, max-image-preview:large, max-video-preview:-1\" \/>\n<link rel=\"canonical\" href=\"https:\/\/www.nepelius.com\/en\/newsletter\/\" \/>\n<meta property=\"og:locale\" content=\"en_GB\" \/>\n<meta property=\"og:type\" content=\"article\" \/>\n<meta property=\"og:title\" content=\"Email-Liste (German only) - Sigrid Nepelius\" \/>\n<meta property=\"og:description\" content=\"Trage Dich gerne in meine Email-Liste ein, um in Zukunft als erstes zu erfahren , wenn eine neue Serie oder ein neues Werk verf\u00fcgbar ist \u2013 inklusive aller Details, Preise und Vorkaufsrecht. Was Dich erwartet:&#8211; Exklusiver Vorverkauf von neuen Werken einige Tage vor der \u00f6ffentlichen Freigabe&#8211; Geschichten \u00fcber meine Kunst und die Themen, die mich [&hellip;]\" \/>\n<meta property=\"og:url\" content=\"https:\/\/www.nepelius.com\/en\/newsletter\/\" \/>\n<meta property=\"og:site_name\" content=\"Sigrid Nepelius\" \/>\n<meta property=\"article:publisher\" content=\"https:\/\/www.facebook.com\/sigrid.nepelius.art\" \/>\n<meta property=\"article:modified_time\" content=\"2025-07-16T16:25:38+00:00\" \/>\n<meta name=\"twitter:card\" content=\"summary_large_image\" \/>\n<meta name=\"twitter:label1\" content=\"Estimated reading time\" \/>\n\t<meta name=\"twitter:data1\" content=\"1 minute\" \/>\n<script type=\"application\/ld+json\" class=\"yoast-schema-graph\">{\"@context\":\"https:\\\/\\\/schema.org\",\"@graph\":[{\"@type\":\"WebPage\",\"@id\":\"https:\\\/\\\/www.nepelius.com\\\/newsletter\\\/\",\"url\":\"https:\\\/\\\/www.nepelius.com\\\/newsletter\\\/\",\"name\":\"Email-Liste (German only) - Sigrid Nepelius\",\"isPartOf\":{\"@id\":\"https:\\\/\\\/www.nepelius.com\\\/#website\"},\"datePublished\":\"2018-05-10T09:57:08+00:00\",\"dateModified\":\"2025-07-16T16:25:38+00:00\",\"breadcrumb\":{\"@id\":\"https:\\\/\\\/www.nepelius.com\\\/newsletter\\\/#breadcrumb\"},\"inLanguage\":\"en-GB\",\"potentialAction\":[{\"@type\":\"ReadAction\",\"target\":[\"https:\\\/\\\/www.nepelius.com\\\/newsletter\\\/\"]}]},{\"@type\":\"BreadcrumbList\",\"@id\":\"https:\\\/\\\/www.nepelius.com\\\/newsletter\\\/#breadcrumb\",\"itemListElement\":[{\"@type\":\"ListItem\",\"position\":1,\"name\":\"Startseite\",\"item\":\"https:\\\/\\\/www.nepelius.com\\\/\"},{\"@type\":\"ListItem\",\"position\":2,\"name\":\"Email-Liste (German only)\"}]},{\"@type\":\"WebSite\",\"@id\":\"https:\\\/\\\/www.nepelius.com\\\/#website\",\"url\":\"https:\\\/\\\/www.nepelius.com\\\/\",\"name\":\"Sigrid Nepelius\",\"description\":\"Fine Art\",\"publisher\":{\"@id\":\"https:\\\/\\\/www.nepelius.com\\\/#\\\/schema\\\/person\\\/fb48383c87e305a8d2bbad4aef3524eb\"},\"potentialAction\":[{\"@type\":\"SearchAction\",\"target\":{\"@type\":\"EntryPoint\",\"urlTemplate\":\"https:\\\/\\\/www.nepelius.com\\\/?s={search_term_string}\"},\"query-input\":{\"@type\":\"PropertyValueSpecification\",\"valueRequired\":true,\"valueName\":\"search_term_string\"}}],\"inLanguage\":\"en-GB\"},{\"@type\":[\"Person\",\"Organization\"],\"@id\":\"https:\\\/\\\/www.nepelius.com\\\/#\\\/schema\\\/person\\\/fb48383c87e305a8d2bbad4aef3524eb\",\"name\":\"Sigrid\",\"image\":{\"@type\":\"ImageObject\",\"inLanguage\":\"en-GB\",\"@id\":\"https:\\\/\\\/www.nepelius.com\\\/wp-content\\\/uploads\\\/cropped-header_neu-1.jpg\",\"url\":\"https:\\\/\\\/www.nepelius.com\\\/wp-content\\\/uploads\\\/cropped-header_neu-1.jpg\",\"contentUrl\":\"https:\\\/\\\/www.nepelius.com\\\/wp-content\\\/uploads\\\/cropped-header_neu-1.jpg\",\"width\":1500,\"height\":224,\"caption\":\"Sigrid\"},\"logo\":{\"@id\":\"https:\\\/\\\/www.nepelius.com\\\/wp-content\\\/uploads\\\/cropped-header_neu-1.jpg\"},\"sameAs\":[\"https:\\\/\\\/www.facebook.com\\\/sigrid.nepelius.art\",\"https:\\\/\\\/www.instagram.com\\\/sigridnepeliusart\\\/\",\"https:\\\/\\\/www.pinterest.at\\\/sigridnepelius\\\/\"]}]}<\/script>\n<!-- \/ Yoast SEO plugin. -->","yoast_head_json":{"title":"Email-Liste (German only) - Sigrid Nepelius","robots":{"index":"index","follow":"follow","max-snippet":"max-snippet:-1","max-image-preview":"max-image-preview:large","max-video-preview":"max-video-preview:-1"},"canonical":"https:\/\/www.nepelius.com\/en\/newsletter\/","og_locale":"en_GB","og_type":"article","og_title":"Email-Liste (German only) - Sigrid Nepelius","og_description":"Trage Dich gerne in meine Email-Liste ein, um in Zukunft als erstes zu erfahren , wenn eine neue Serie oder ein neues Werk verf\u00fcgbar ist \u2013 inklusive aller Details, Preise und Vorkaufsrecht. Was Dich erwartet:&#8211; Exklusiver Vorverkauf von neuen Werken einige Tage vor der \u00f6ffentlichen Freigabe&#8211; Geschichten \u00fcber meine Kunst und die Themen, die mich [&hellip;]","og_url":"https:\/\/www.nepelius.com\/en\/newsletter\/","og_site_name":"Sigrid Nepelius","article_publisher":"https:\/\/www.facebook.com\/sigrid.nepelius.art","article_modified_time":"2025-07-16T16:25:38+00:00","twitter_card":"summary_large_image","twitter_misc":{"Estimated reading time":"1 minute"},"schema":{"@context":"https:\/\/schema.org","@graph":[{"@type":"WebPage","@id":"https:\/\/www.nepelius.com\/newsletter\/","url":"https:\/\/www.nepelius.com\/newsletter\/","name":"Email-Liste (German only) - Sigrid Nepelius","isPartOf":{"@id":"https:\/\/www.nepelius.com\/#website"},"datePublished":"2018-05-10T09:57:08+00:00","dateModified":"2025-07-16T16:25:38+00:00","breadcrumb":{"@id":"https:\/\/www.nepelius.com\/newsletter\/#breadcrumb"},"inLanguage":"en-GB","potentialAction":[{"@type":"ReadAction","target":["https:\/\/www.nepelius.com\/newsletter\/"]}]},{"@type":"BreadcrumbList","@id":"https:\/\/www.nepelius.com\/newsletter\/#breadcrumb","itemListElement":[{"@type":"ListItem","position":1,"name":"Startseite","item":"https:\/\/www.nepelius.com\/"},{"@type":"ListItem","position":2,"name":"Email-Liste (German only)"}]},{"@type":"WebSite","@id":"https:\/\/www.nepelius.com\/#website","url":"https:\/\/www.nepelius.com\/","name":"Sigrid Nepelius","description":"Fine Art","publisher":{"@id":"https:\/\/www.nepelius.com\/#\/schema\/person\/fb48383c87e305a8d2bbad4aef3524eb"},"potentialAction":[{"@type":"SearchAction","target":{"@type":"EntryPoint","urlTemplate":"https:\/\/www.nepelius.com\/?s={search_term_string}"},"query-input":{"@type":"PropertyValueSpecification","valueRequired":true,"valueName":"search_term_string"}}],"inLanguage":"en-GB"},{"@type":["Person","Organization"],"@id":"https:\/\/www.nepelius.com\/#\/schema\/person\/fb48383c87e305a8d2bbad4aef3524eb","name":"Sigrid","image":{"@type":"ImageObject","inLanguage":"en-GB","@id":"https:\/\/www.nepelius.com\/wp-content\/uploads\/cropped-header_neu-1.jpg","url":"https:\/\/www.nepelius.com\/wp-content\/uploads\/cropped-header_neu-1.jpg","contentUrl":"https:\/\/www.nepelius.com\/wp-content\/uploads\/cropped-header_neu-1.jpg","width":1500,"height":224,"caption":"Sigrid"},"logo":{"@id":"https:\/\/www.nepelius.com\/wp-content\/uploads\/cropped-header_neu-1.jpg"},"sameAs":["https:\/\/www.facebook.com\/sigrid.nepelius.art","https:\/\/www.instagram.com\/sigridnepeliusart\/","https:\/\/www.pinterest.at\/sigridnepelius\/"]}]}},"_links":{"self":[{"href":"https:\/\/www.nepelius.com\/en\/wp-json\/wp\/v2\/pages\/1632","targetHints":{"allow":["GET"]}}],"collection":[{"href":"https:\/\/www.nepelius.com\/en\/wp-json\/wp\/v2\/pages"}],"about":[{"href":"https:\/\/www.nepelius.com\/en\/wp-json\/wp\/v2\/types\/page"}],"author":[{"embeddable":true,"href":"https:\/\/www.nepelius.com\/en\/wp-json\/wp\/v2\/users\/2"}],"replies":[{"embeddable":true,"href":"https:\/\/www.nepelius.com\/en\/wp-json\/wp\/v2\/comments?post=1632"}],"version-history":[{"count":36,"href":"https:\/\/www.nepelius.com\/en\/wp-json\/wp\/v2\/pages\/1632\/revisions"}],"predecessor-version":[{"id":5247,"href":"https:\/\/www.nepelius.com\/en\/wp-json\/wp\/v2\/pages\/1632\/revisions\/5247"}],"wp:attachment":[{"href":"https:\/\/www.nepelius.com\/en\/wp-json\/wp\/v2\/media?parent=1632"}],"curies":[{"name":"wp","href":"https:\/\/api.w.org\/{rel}","templated":true}]}}