{"id":4507,"date":"2021-12-30T23:44:16","date_gmt":"2021-12-30T22:44:16","guid":{"rendered":"https:\/\/www.nepelius.com\/?page_id=4507"},"modified":"2026-01-04T18:36:49","modified_gmt":"2026-01-04T17:36:49","slug":"sigrid-nepelius-fantasievolle-krafttiere","status":"publish","type":"page","link":"https:\/\/www.nepelius.com\/en\/","title":{"rendered":""},"content":{"rendered":"<p>Through my art, I create a world where animals, plants, and imagination merge together. <br>I want to inspire you to rediscover the magic and wonder of nature and remember that everything is connected.<\/p>\n\n\n\n<hr class=\"wp-block-separator has-css-opacity is-style-wide\"\/>\n\n\n\n<figure class=\"wp-block-gallery has-nested-images columns-default is-cropped wp-block-gallery-1 is-layout-flex wp-block-gallery-is-layout-flex\">\n<figure class=\"wp-block-image size-full\"><a href=\"https:\/\/www.nepelius.com\/wp-content\/uploads\/birnenkatze-mockup-scaled.jpg\"><img loading=\"lazy\" decoding=\"async\" width=\"2560\" height=\"1440\" data-id=\"4555\" src=\"https:\/\/www.nepelius.com\/wp-content\/uploads\/birnenkatze-mockup-scaled.jpg\" alt=\"\" class=\"wp-image-4555\" srcset=\"https:\/\/www.nepelius.com\/wp-content\/uploads\/birnenkatze-mockup-scaled.jpg 2560w, https:\/\/www.nepelius.com\/wp-content\/uploads\/birnenkatze-mockup-300x169.jpg 300w, https:\/\/www.nepelius.com\/wp-content\/uploads\/birnenkatze-mockup-768x432.jpg 768w, https:\/\/www.nepelius.com\/wp-content\/uploads\/birnenkatze-mockup-925x520.jpg 925w, https:\/\/www.nepelius.com\/wp-content\/uploads\/birnenkatze-mockup-1536x864.jpg 1536w, https:\/\/www.nepelius.com\/wp-content\/uploads\/birnenkatze-mockup-2048x1152.jpg 2048w, https:\/\/www.nepelius.com\/wp-content\/uploads\/birnenkatze-mockup-18x10.jpg 18w, https:\/\/www.nepelius.com\/wp-content\/uploads\/birnenkatze-mockup-600x338.jpg 600w, https:\/\/www.nepelius.com\/wp-content\/uploads\/birnenkatze-mockup-250x141.jpg 250w\" sizes=\"auto, (max-width: 2560px) 100vw, 2560px\" \/><\/a><\/figure>\n\n\n\n<figure class=\"wp-block-image size-full\"><a href=\"https:\/\/www.nepelius.com\/wp-content\/uploads\/glueckliche-vermehrung-mockup.jpg\"><img loading=\"lazy\" decoding=\"async\" width=\"1000\" height=\"667\" data-id=\"4554\" src=\"https:\/\/www.nepelius.com\/wp-content\/uploads\/glueckliche-vermehrung-mockup.jpg\" alt=\"\" class=\"wp-image-4554\" srcset=\"https:\/\/www.nepelius.com\/wp-content\/uploads\/glueckliche-vermehrung-mockup.jpg 1000w, https:\/\/www.nepelius.com\/wp-content\/uploads\/glueckliche-vermehrung-mockup-300x200.jpg 300w, https:\/\/www.nepelius.com\/wp-content\/uploads\/glueckliche-vermehrung-mockup-768x512.jpg 768w, https:\/\/www.nepelius.com\/wp-content\/uploads\/glueckliche-vermehrung-mockup-900x600.jpg 900w, https:\/\/www.nepelius.com\/wp-content\/uploads\/glueckliche-vermehrung-mockup-18x12.jpg 18w, https:\/\/www.nepelius.com\/wp-content\/uploads\/glueckliche-vermehrung-mockup-600x400.jpg 600w, https:\/\/www.nepelius.com\/wp-content\/uploads\/glueckliche-vermehrung-mockup-250x167.jpg 250w\" sizes=\"auto, (max-width: 1000px) 100vw, 1000px\" \/><\/a><\/figure>\n<\/figure>\n\n\n\n<p><strong>\u2018For me, there's nothing better than immersing myself in the wonders of nature.<br>Whether it's in our permaculture garden or drawing and painting - both fulfil me with joy and gratitude.\u2019<\/strong><\/p>\n\n\n\n<p>The garden gives me unimaginable abundance and shows me the highs and lows of life with nature. I find peace there, draw strength and keep discovering new connections. It teaches me to be mindful - of all living beings and the world around me.<\/p>\n\n\n\n<p>Die Kunst ist mein Weg, diese Verbundenheit auszudr\u00fccken. Sie l\u00e4sst mich magische Welten voller wundersamer Wesen entdecken und l\u00e4dt auch dich ein, deine eigene Vorstellungskraft zu entfesseln. Denn sie ist die wichtigste Quelle f\u00fcr ein spannendes und erf\u00fclltes Leben!<\/p>\n\n\n\n<div class=\"wp-block-buttons is-horizontal is-content-justification-center is-layout-flex wp-container-core-buttons-is-layout-03627597 wp-block-buttons-is-layout-flex\">\n<div class=\"wp-block-button is-style-outline is-style-outline--2\"><a class=\"wp-block-button__link has-white-color has-text-color has-background wp-element-button\" href=\"https:\/\/www.nepelius.com\/en\/galerie\/\" style=\"background-color:#aa9c00\"><strong>View Portfolio<\/strong><\/a><\/div>\n\n\n\n<div class=\"wp-block-button is-style-outline is-style-outline--3\"><a class=\"wp-block-button__link has-white-color has-text-color has-background wp-element-button\" href=\"https:\/\/www.nepelius.com\/en\/newsletter\/\" style=\"background-color:#aa9c00\">Subscribe to my email list<\/a><\/div>\n<\/div>\n\n\n\n<p><\/p>","protected":false},"excerpt":{"rendered":"<p>Mit meiner Kunst erschaffe ich eine Welt, in der Tiere, Pflanzen und Fantasie miteinander verschmelzen. Ich m\u00f6chte dich inspirieren, die Magie und Wunder der Natur neu zu entdecken und dich daran zu erinnern, dass alles mit allem verbunden ist. \u201eF\u00fcr mich gibt es nichts Sch\u00f6neres, als in die Wunderwelt der Natur einzutauchen.Sei es in unserem [&hellip;]<\/p>\n","protected":false},"author":2,"featured_media":0,"parent":0,"menu_order":0,"comment_status":"closed","ping_status":"closed","template":"","meta":{"zakra_page_container_layout":"customizer","zakra_page_sidebar_layout":"customizer","zakra_remove_content_margin":false,"zakra_sidebar":"customizer","zakra_transparent_header":"customizer","zakra_logo":0,"zakra_main_header_style":"default","zakra_menu_item_color":"","zakra_menu_item_hover_color":"","zakra_menu_item_active_color":"","zakra_menu_active_style":"","zakra_page_header":false,"footnotes":""},"class_list":["post-4507","page","type-page","status-publish","hentry"],"yoast_head":"<!-- This site is optimized with the Yoast SEO plugin v27.6 - https:\/\/yoast.com\/product\/yoast-seo-wordpress\/ -->\n<title>- Sigrid Nepelius<\/title>\n<meta name=\"description\" content=\"Fantasievolle Krafttiere &amp; tierisch starke Begleiter f\u00fcr naturverbundene Menschen mit Sinn f\u00fcr pers\u00f6nliche Entwicklung &amp; bewussten Lebensstil.\" \/>\n<meta name=\"robots\" content=\"index, follow, max-snippet:-1, max-image-preview:large, max-video-preview:-1\" \/>\n<link rel=\"canonical\" href=\"https:\/\/www.nepelius.com\/en\/\" \/>\n<meta property=\"og:locale\" content=\"en_GB\" \/>\n<meta property=\"og:type\" content=\"article\" \/>\n<meta property=\"og:title\" content=\"- Sigrid Nepelius\" \/>\n<meta property=\"og:description\" content=\"Fantasievolle Krafttiere &amp; tierisch starke Begleiter f\u00fcr naturverbundene Menschen mit Sinn f\u00fcr pers\u00f6nliche Entwicklung &amp; bewussten Lebensstil.\" \/>\n<meta property=\"og:url\" content=\"https:\/\/www.nepelius.com\/en\/\" \/>\n<meta property=\"og:site_name\" content=\"Sigrid Nepelius\" \/>\n<meta property=\"article:publisher\" content=\"https:\/\/www.facebook.com\/sigrid.nepelius.art\" \/>\n<meta property=\"article:modified_time\" content=\"2026-01-04T17:36:49+00:00\" \/>\n<meta property=\"og:image\" content=\"https:\/\/www.nepelius.com\/wp-content\/uploads\/birnenkatze-mockup-scaled.jpg\" \/>\n\t<meta property=\"og:image:width\" content=\"2560\" \/>\n\t<meta property=\"og:image:height\" content=\"1440\" \/>\n\t<meta property=\"og:image:type\" content=\"image\/jpeg\" \/>\n<meta name=\"twitter:card\" content=\"summary_large_image\" \/>\n<meta name=\"twitter:label1\" content=\"Estimated reading time\" \/>\n\t<meta name=\"twitter:data1\" content=\"2 minutes\" \/>\n<script type=\"application\/ld+json\" class=\"yoast-schema-graph\">{\"@context\":\"https:\\\/\\\/schema.org\",\"@graph\":[{\"@type\":\"WebPage\",\"@id\":\"https:\\\/\\\/www.nepelius.com\\\/\",\"url\":\"https:\\\/\\\/www.nepelius.com\\\/\",\"name\":\"- Sigrid Nepelius\",\"isPartOf\":{\"@id\":\"https:\\\/\\\/www.nepelius.com\\\/#website\"},\"primaryImageOfPage\":{\"@id\":\"https:\\\/\\\/www.nepelius.com\\\/#primaryimage\"},\"image\":{\"@id\":\"https:\\\/\\\/www.nepelius.com\\\/#primaryimage\"},\"thumbnailUrl\":\"https:\\\/\\\/www.nepelius.com\\\/wp-content\\\/uploads\\\/birnenkatze-mockup-scaled.jpg\",\"datePublished\":\"2021-12-30T22:44:16+00:00\",\"dateModified\":\"2026-01-04T17:36:49+00:00\",\"description\":\"Fantasievolle Krafttiere & tierisch starke Begleiter f\u00fcr naturverbundene Menschen mit Sinn f\u00fcr pers\u00f6nliche Entwicklung & bewussten Lebensstil.\",\"inLanguage\":\"en-GB\",\"potentialAction\":[{\"@type\":\"ReadAction\",\"target\":[\"https:\\\/\\\/www.nepelius.com\\\/\"]}]},{\"@type\":\"ImageObject\",\"inLanguage\":\"en-GB\",\"@id\":\"https:\\\/\\\/www.nepelius.com\\\/#primaryimage\",\"url\":\"https:\\\/\\\/www.nepelius.com\\\/wp-content\\\/uploads\\\/birnenkatze-mockup-scaled.jpg\",\"contentUrl\":\"https:\\\/\\\/www.nepelius.com\\\/wp-content\\\/uploads\\\/birnenkatze-mockup-scaled.jpg\"},{\"@type\":\"WebSite\",\"@id\":\"https:\\\/\\\/www.nepelius.com\\\/#website\",\"url\":\"https:\\\/\\\/www.nepelius.com\\\/\",\"name\":\"Sigrid Nepelius\",\"description\":\"Fine Art\",\"publisher\":{\"@id\":\"https:\\\/\\\/www.nepelius.com\\\/#\\\/schema\\\/person\\\/fb48383c87e305a8d2bbad4aef3524eb\"},\"potentialAction\":[{\"@type\":\"SearchAction\",\"target\":{\"@type\":\"EntryPoint\",\"urlTemplate\":\"https:\\\/\\\/www.nepelius.com\\\/?s={search_term_string}\"},\"query-input\":{\"@type\":\"PropertyValueSpecification\",\"valueRequired\":true,\"valueName\":\"search_term_string\"}}],\"inLanguage\":\"en-GB\"},{\"@type\":[\"Person\",\"Organization\"],\"@id\":\"https:\\\/\\\/www.nepelius.com\\\/#\\\/schema\\\/person\\\/fb48383c87e305a8d2bbad4aef3524eb\",\"name\":\"Sigrid\",\"image\":{\"@type\":\"ImageObject\",\"inLanguage\":\"en-GB\",\"@id\":\"https:\\\/\\\/www.nepelius.com\\\/wp-content\\\/uploads\\\/cropped-header_neu-1.jpg\",\"url\":\"https:\\\/\\\/www.nepelius.com\\\/wp-content\\\/uploads\\\/cropped-header_neu-1.jpg\",\"contentUrl\":\"https:\\\/\\\/www.nepelius.com\\\/wp-content\\\/uploads\\\/cropped-header_neu-1.jpg\",\"width\":1500,\"height\":224,\"caption\":\"Sigrid\"},\"logo\":{\"@id\":\"https:\\\/\\\/www.nepelius.com\\\/wp-content\\\/uploads\\\/cropped-header_neu-1.jpg\"},\"sameAs\":[\"https:\\\/\\\/www.facebook.com\\\/sigrid.nepelius.art\",\"https:\\\/\\\/www.instagram.com\\\/sigridnepeliusart\\\/\",\"https:\\\/\\\/www.pinterest.at\\\/sigridnepelius\\\/\"]}]}<\/script>\n<!-- \/ Yoast SEO plugin. -->","yoast_head_json":{"title":"- Sigrid Nepelius","description":"Fantasievolle Krafttiere & tierisch starke Begleiter f\u00fcr naturverbundene Menschen mit Sinn f\u00fcr pers\u00f6nliche Entwicklung & bewussten Lebensstil.","robots":{"index":"index","follow":"follow","max-snippet":"max-snippet:-1","max-image-preview":"max-image-preview:large","max-video-preview":"max-video-preview:-1"},"canonical":"https:\/\/www.nepelius.com\/en\/","og_locale":"en_GB","og_type":"article","og_title":"- Sigrid Nepelius","og_description":"Fantasievolle Krafttiere & tierisch starke Begleiter f\u00fcr naturverbundene Menschen mit Sinn f\u00fcr pers\u00f6nliche Entwicklung & bewussten Lebensstil.","og_url":"https:\/\/www.nepelius.com\/en\/","og_site_name":"Sigrid Nepelius","article_publisher":"https:\/\/www.facebook.com\/sigrid.nepelius.art","article_modified_time":"2026-01-04T17:36:49+00:00","og_image":[{"width":2560,"height":1440,"url":"https:\/\/www.nepelius.com\/wp-content\/uploads\/birnenkatze-mockup-scaled.jpg","type":"image\/jpeg"}],"twitter_card":"summary_large_image","twitter_misc":{"Estimated reading time":"2 minutes"},"schema":{"@context":"https:\/\/schema.org","@graph":[{"@type":"WebPage","@id":"https:\/\/www.nepelius.com\/","url":"https:\/\/www.nepelius.com\/","name":"- Sigrid Nepelius","isPartOf":{"@id":"https:\/\/www.nepelius.com\/#website"},"primaryImageOfPage":{"@id":"https:\/\/www.nepelius.com\/#primaryimage"},"image":{"@id":"https:\/\/www.nepelius.com\/#primaryimage"},"thumbnailUrl":"https:\/\/www.nepelius.com\/wp-content\/uploads\/birnenkatze-mockup-scaled.jpg","datePublished":"2021-12-30T22:44:16+00:00","dateModified":"2026-01-04T17:36:49+00:00","description":"Fantasievolle Krafttiere & tierisch starke Begleiter f\u00fcr naturverbundene Menschen mit Sinn f\u00fcr pers\u00f6nliche Entwicklung & bewussten Lebensstil.","inLanguage":"en-GB","potentialAction":[{"@type":"ReadAction","target":["https:\/\/www.nepelius.com\/"]}]},{"@type":"ImageObject","inLanguage":"en-GB","@id":"https:\/\/www.nepelius.com\/#primaryimage","url":"https:\/\/www.nepelius.com\/wp-content\/uploads\/birnenkatze-mockup-scaled.jpg","contentUrl":"https:\/\/www.nepelius.com\/wp-content\/uploads\/birnenkatze-mockup-scaled.jpg"},{"@type":"WebSite","@id":"https:\/\/www.nepelius.com\/#website","url":"https:\/\/www.nepelius.com\/","name":"Sigrid Nepelius","description":"Fine Art","publisher":{"@id":"https:\/\/www.nepelius.com\/#\/schema\/person\/fb48383c87e305a8d2bbad4aef3524eb"},"potentialAction":[{"@type":"SearchAction","target":{"@type":"EntryPoint","urlTemplate":"https:\/\/www.nepelius.com\/?s={search_term_string}"},"query-input":{"@type":"PropertyValueSpecification","valueRequired":true,"valueName":"search_term_string"}}],"inLanguage":"en-GB"},{"@type":["Person","Organization"],"@id":"https:\/\/www.nepelius.com\/#\/schema\/person\/fb48383c87e305a8d2bbad4aef3524eb","name":"Sigrid","image":{"@type":"ImageObject","inLanguage":"en-GB","@id":"https:\/\/www.nepelius.com\/wp-content\/uploads\/cropped-header_neu-1.jpg","url":"https:\/\/www.nepelius.com\/wp-content\/uploads\/cropped-header_neu-1.jpg","contentUrl":"https:\/\/www.nepelius.com\/wp-content\/uploads\/cropped-header_neu-1.jpg","width":1500,"height":224,"caption":"Sigrid"},"logo":{"@id":"https:\/\/www.nepelius.com\/wp-content\/uploads\/cropped-header_neu-1.jpg"},"sameAs":["https:\/\/www.facebook.com\/sigrid.nepelius.art","https:\/\/www.instagram.com\/sigridnepeliusart\/","https:\/\/www.pinterest.at\/sigridnepelius\/"]}]}},"_links":{"self":[{"href":"https:\/\/www.nepelius.com\/en\/wp-json\/wp\/v2\/pages\/4507","targetHints":{"allow":["GET"]}}],"collection":[{"href":"https:\/\/www.nepelius.com\/en\/wp-json\/wp\/v2\/pages"}],"about":[{"href":"https:\/\/www.nepelius.com\/en\/wp-json\/wp\/v2\/types\/page"}],"author":[{"embeddable":true,"href":"https:\/\/www.nepelius.com\/en\/wp-json\/wp\/v2\/users\/2"}],"replies":[{"embeddable":true,"href":"https:\/\/www.nepelius.com\/en\/wp-json\/wp\/v2\/comments?post=4507"}],"version-history":[{"count":44,"href":"https:\/\/www.nepelius.com\/en\/wp-json\/wp\/v2\/pages\/4507\/revisions"}],"predecessor-version":[{"id":5311,"href":"https:\/\/www.nepelius.com\/en\/wp-json\/wp\/v2\/pages\/4507\/revisions\/5311"}],"wp:attachment":[{"href":"https:\/\/www.nepelius.com\/en\/wp-json\/wp\/v2\/media?parent=4507"}],"curies":[{"name":"wp","href":"https:\/\/api.w.org\/{rel}","templated":true}]}}