{"id":5240,"date":"2025-07-16T17:50:26","date_gmt":"2025-07-16T15:50:26","guid":{"rendered":"https:\/\/www.nepelius.com\/?page_id=5240"},"modified":"2025-07-16T17:50:27","modified_gmt":"2025-07-16T15:50:27","slug":"faq-du-interessierst-dich-fuer-ein-werk","status":"publish","type":"page","link":"https:\/\/www.nepelius.com\/en\/faq-du-interessierst-dich-fuer-ein-werk\/","title":{"rendered":"FAQ &#8211; Du interessierst dich f\u00fcr ein Werk?"},"content":{"rendered":"<p><strong>Ich interessiere mich f\u00fcr ein Werk &#8211; was nun?<\/strong><\/p>\n\n\n\n<p>Das freut mich! Bitte nimm mit mir Kontakt auf (<a href=\"https:\/\/www.nepelius.com\/en\/impressum-2\/\">Imprint<\/a>) oder falls du dir schon ganz sicher bist, kannst du es auch einfach \u00fcber meinen Webshop erwerben.<\/p>\n\n\n\n<p><strong>Ich bin mir nicht sicher, ob das Bild in meinen Wohnbereich passt.<\/strong><\/p>\n\n\n\n<p>Gerne darfst Du mir ein Foto von der Wand mailen, an der das Bild h\u00e4ngen soll.<br>Bitte frontal aufnehmen und ein A4 Blatt an die Wand kleben, damit ich einen Gr\u00f6\u00dfenvergleich habe.<br>Ich montiere Dein Wunschbild in das Foto und maile es dir zur\u00fcck.<br>So kannst Du Dir besser vorstellen, wie das Kunstwerk an Deiner Wand aussieht.<br>Wenn Du in meiner N\u00e4he wohnst, komme ich auch gerne mit dem Bild zu Dir nach Hause.<\/p>\n\n\n\n<p><strong>Wie l\u00e4uft das mit der Bezahlung?<\/strong><\/p>\n\n\n\n<p>Du bekommst von mir eine Rechnung.<br>Sobald das Geld auf meinem Konto eingegangen ist, versende ich Dein neues Bild.<br>Wohnst Du nicht weit weg, k\u00f6nnte ich es auch pers\u00f6nlich vorbeibringen &#8211; ich bin Dir dann auch gerne beim Aufh\u00e4ngen behilflich.<br>Auch Teilzahlungen sind nach Vereinbarung gerne m\u00f6glich \u2013 nicht sch\u00fcchtern sein und einfach nachfragen!<\/p>\n\n\n\n<p><strong>Versenden &#8211; ist das nicht zu riskant?<\/strong><\/p>\n\n\n\n<p>Dein Bild wird von mir gut verpackt, so dass es den Transport normalerweise gut \u00fcbersteht.<br>Sollte doch etwas passiert sein, bitte sofort nach dem \u00d6ffnen den Schaden fotografieren und bei mir melden. Ich versende immer versichert.<br>Wenn das Kunstwerk nicht mehr vollst\u00e4ndig restauriert werden kann, bekommst Du Dein Geld nat\u00fcrlich zur\u00fcck.<\/p>\n\n\n\n<p><strong>Was, wenn mir das Original doch nicht so gut gef\u00e4llt wie im Katalog?<\/strong><\/p>\n\n\n\n<p>Deine Zufriedenheit ist mir wichtiger als ein verkauftes Werk.<br>Innerhalb von 14 Tagen hast Du die M\u00f6glichkeit, es zur\u00fcck zu geben.<br>Bitte sende es in der Originalverpackung und versichert an mich retour.<br>Sobald es unversehrt bei mir angekommen ist, bekommst Du Dein Geld zur\u00fcck.<\/p>\n\n\n\n<p><strong>Hast Du noch Fragen? Bitte kontaktiere mich!<\/strong><\/p>","protected":false},"excerpt":{"rendered":"<p>Ich interessiere mich f\u00fcr ein Werk &#8211; was nun? Das freut mich! Bitte nimm mit mir Kontakt auf (Impressum) oder falls du dir schon ganz sicher bist, kannst du es auch einfach \u00fcber meinen Webshop erwerben. Ich bin mir nicht sicher, ob das Bild in meinen Wohnbereich passt. Gerne darfst Du mir ein Foto von [&hellip;]<\/p>\n","protected":false},"author":2,"featured_media":0,"parent":0,"menu_order":0,"comment_status":"closed","ping_status":"closed","template":"","meta":{"zakra_page_container_layout":"customizer","zakra_page_sidebar_layout":"customizer","zakra_remove_content_margin":false,"zakra_sidebar":"customizer","zakra_transparent_header":"customizer","zakra_logo":0,"zakra_main_header_style":"default","zakra_menu_item_color":"","zakra_menu_item_hover_color":"","zakra_menu_item_active_color":"","zakra_menu_active_style":"","zakra_page_header":true,"footnotes":""},"class_list":["post-5240","page","type-page","status-publish","hentry"],"yoast_head":"<!-- This site is optimized with the Yoast SEO plugin v27.4 - https:\/\/yoast.com\/product\/yoast-seo-wordpress\/ -->\n<title>FAQ - Du interessierst dich f\u00fcr ein Werk? - Sigrid Nepelius<\/title>\n<meta name=\"robots\" content=\"index, follow, max-snippet:-1, max-image-preview:large, max-video-preview:-1\" \/>\n<link rel=\"canonical\" href=\"https:\/\/www.nepelius.com\/en\/faq-du-interessierst-dich-fuer-ein-werk\/\" \/>\n<meta property=\"og:locale\" content=\"en_GB\" \/>\n<meta property=\"og:type\" content=\"article\" \/>\n<meta property=\"og:title\" content=\"FAQ - Du interessierst dich f\u00fcr ein Werk? - Sigrid Nepelius\" \/>\n<meta property=\"og:description\" content=\"Ich interessiere mich f\u00fcr ein Werk &#8211; was nun? Das freut mich! Bitte nimm mit mir Kontakt auf (Impressum) oder falls du dir schon ganz sicher bist, kannst du es auch einfach \u00fcber meinen Webshop erwerben. Ich bin mir nicht sicher, ob das Bild in meinen Wohnbereich passt. Gerne darfst Du mir ein Foto von [&hellip;]\" \/>\n<meta property=\"og:url\" content=\"https:\/\/www.nepelius.com\/en\/faq-du-interessierst-dich-fuer-ein-werk\/\" \/>\n<meta property=\"og:site_name\" content=\"Sigrid Nepelius\" \/>\n<meta property=\"article:publisher\" content=\"https:\/\/www.facebook.com\/sigrid.nepelius.art\" \/>\n<meta property=\"article:modified_time\" content=\"2025-07-16T15:50:27+00:00\" \/>\n<meta name=\"twitter:card\" content=\"summary_large_image\" \/>\n<meta name=\"twitter:label1\" content=\"Estimated reading time\" \/>\n\t<meta name=\"twitter:data1\" content=\"2 minutes\" \/>\n<script type=\"application\/ld+json\" class=\"yoast-schema-graph\">{\"@context\":\"https:\\\/\\\/schema.org\",\"@graph\":[{\"@type\":\"WebPage\",\"@id\":\"https:\\\/\\\/www.nepelius.com\\\/faq-du-interessierst-dich-fuer-ein-werk\\\/\",\"url\":\"https:\\\/\\\/www.nepelius.com\\\/faq-du-interessierst-dich-fuer-ein-werk\\\/\",\"name\":\"FAQ - Du interessierst dich f\u00fcr ein Werk? - Sigrid Nepelius\",\"isPartOf\":{\"@id\":\"https:\\\/\\\/www.nepelius.com\\\/#website\"},\"datePublished\":\"2025-07-16T15:50:26+00:00\",\"dateModified\":\"2025-07-16T15:50:27+00:00\",\"breadcrumb\":{\"@id\":\"https:\\\/\\\/www.nepelius.com\\\/faq-du-interessierst-dich-fuer-ein-werk\\\/#breadcrumb\"},\"inLanguage\":\"en-GB\",\"potentialAction\":[{\"@type\":\"ReadAction\",\"target\":[\"https:\\\/\\\/www.nepelius.com\\\/faq-du-interessierst-dich-fuer-ein-werk\\\/\"]}]},{\"@type\":\"BreadcrumbList\",\"@id\":\"https:\\\/\\\/www.nepelius.com\\\/faq-du-interessierst-dich-fuer-ein-werk\\\/#breadcrumb\",\"itemListElement\":[{\"@type\":\"ListItem\",\"position\":1,\"name\":\"Startseite\",\"item\":\"https:\\\/\\\/www.nepelius.com\\\/\"},{\"@type\":\"ListItem\",\"position\":2,\"name\":\"FAQ &#8211; Du interessierst dich f\u00fcr ein Werk?\"}]},{\"@type\":\"WebSite\",\"@id\":\"https:\\\/\\\/www.nepelius.com\\\/#website\",\"url\":\"https:\\\/\\\/www.nepelius.com\\\/\",\"name\":\"Sigrid Nepelius\",\"description\":\"Fine Art\",\"publisher\":{\"@id\":\"https:\\\/\\\/www.nepelius.com\\\/#\\\/schema\\\/person\\\/fb48383c87e305a8d2bbad4aef3524eb\"},\"potentialAction\":[{\"@type\":\"SearchAction\",\"target\":{\"@type\":\"EntryPoint\",\"urlTemplate\":\"https:\\\/\\\/www.nepelius.com\\\/?s={search_term_string}\"},\"query-input\":{\"@type\":\"PropertyValueSpecification\",\"valueRequired\":true,\"valueName\":\"search_term_string\"}}],\"inLanguage\":\"en-GB\"},{\"@type\":[\"Person\",\"Organization\"],\"@id\":\"https:\\\/\\\/www.nepelius.com\\\/#\\\/schema\\\/person\\\/fb48383c87e305a8d2bbad4aef3524eb\",\"name\":\"Sigrid\",\"image\":{\"@type\":\"ImageObject\",\"inLanguage\":\"en-GB\",\"@id\":\"https:\\\/\\\/www.nepelius.com\\\/wp-content\\\/uploads\\\/cropped-header_neu-1.jpg\",\"url\":\"https:\\\/\\\/www.nepelius.com\\\/wp-content\\\/uploads\\\/cropped-header_neu-1.jpg\",\"contentUrl\":\"https:\\\/\\\/www.nepelius.com\\\/wp-content\\\/uploads\\\/cropped-header_neu-1.jpg\",\"width\":1500,\"height\":224,\"caption\":\"Sigrid\"},\"logo\":{\"@id\":\"https:\\\/\\\/www.nepelius.com\\\/wp-content\\\/uploads\\\/cropped-header_neu-1.jpg\"},\"sameAs\":[\"https:\\\/\\\/www.facebook.com\\\/sigrid.nepelius.art\",\"https:\\\/\\\/www.instagram.com\\\/sigridnepeliusart\\\/\",\"https:\\\/\\\/www.pinterest.at\\\/sigridnepelius\\\/\"]}]}<\/script>\n<!-- \/ Yoast SEO plugin. -->","yoast_head_json":{"title":"FAQ - Du interessierst dich f\u00fcr ein Werk? - Sigrid Nepelius","robots":{"index":"index","follow":"follow","max-snippet":"max-snippet:-1","max-image-preview":"max-image-preview:large","max-video-preview":"max-video-preview:-1"},"canonical":"https:\/\/www.nepelius.com\/en\/faq-du-interessierst-dich-fuer-ein-werk\/","og_locale":"en_GB","og_type":"article","og_title":"FAQ - Du interessierst dich f\u00fcr ein Werk? - Sigrid Nepelius","og_description":"Ich interessiere mich f\u00fcr ein Werk &#8211; was nun? Das freut mich! Bitte nimm mit mir Kontakt auf (Impressum) oder falls du dir schon ganz sicher bist, kannst du es auch einfach \u00fcber meinen Webshop erwerben. Ich bin mir nicht sicher, ob das Bild in meinen Wohnbereich passt. Gerne darfst Du mir ein Foto von [&hellip;]","og_url":"https:\/\/www.nepelius.com\/en\/faq-du-interessierst-dich-fuer-ein-werk\/","og_site_name":"Sigrid Nepelius","article_publisher":"https:\/\/www.facebook.com\/sigrid.nepelius.art","article_modified_time":"2025-07-16T15:50:27+00:00","twitter_card":"summary_large_image","twitter_misc":{"Estimated reading time":"2 minutes"},"schema":{"@context":"https:\/\/schema.org","@graph":[{"@type":"WebPage","@id":"https:\/\/www.nepelius.com\/faq-du-interessierst-dich-fuer-ein-werk\/","url":"https:\/\/www.nepelius.com\/faq-du-interessierst-dich-fuer-ein-werk\/","name":"FAQ - Du interessierst dich f\u00fcr ein Werk? - Sigrid Nepelius","isPartOf":{"@id":"https:\/\/www.nepelius.com\/#website"},"datePublished":"2025-07-16T15:50:26+00:00","dateModified":"2025-07-16T15:50:27+00:00","breadcrumb":{"@id":"https:\/\/www.nepelius.com\/faq-du-interessierst-dich-fuer-ein-werk\/#breadcrumb"},"inLanguage":"en-GB","potentialAction":[{"@type":"ReadAction","target":["https:\/\/www.nepelius.com\/faq-du-interessierst-dich-fuer-ein-werk\/"]}]},{"@type":"BreadcrumbList","@id":"https:\/\/www.nepelius.com\/faq-du-interessierst-dich-fuer-ein-werk\/#breadcrumb","itemListElement":[{"@type":"ListItem","position":1,"name":"Startseite","item":"https:\/\/www.nepelius.com\/"},{"@type":"ListItem","position":2,"name":"FAQ &#8211; Du interessierst dich f\u00fcr ein Werk?"}]},{"@type":"WebSite","@id":"https:\/\/www.nepelius.com\/#website","url":"https:\/\/www.nepelius.com\/","name":"Sigrid Nepelius","description":"Fine Art","publisher":{"@id":"https:\/\/www.nepelius.com\/#\/schema\/person\/fb48383c87e305a8d2bbad4aef3524eb"},"potentialAction":[{"@type":"SearchAction","target":{"@type":"EntryPoint","urlTemplate":"https:\/\/www.nepelius.com\/?s={search_term_string}"},"query-input":{"@type":"PropertyValueSpecification","valueRequired":true,"valueName":"search_term_string"}}],"inLanguage":"en-GB"},{"@type":["Person","Organization"],"@id":"https:\/\/www.nepelius.com\/#\/schema\/person\/fb48383c87e305a8d2bbad4aef3524eb","name":"Sigrid","image":{"@type":"ImageObject","inLanguage":"en-GB","@id":"https:\/\/www.nepelius.com\/wp-content\/uploads\/cropped-header_neu-1.jpg","url":"https:\/\/www.nepelius.com\/wp-content\/uploads\/cropped-header_neu-1.jpg","contentUrl":"https:\/\/www.nepelius.com\/wp-content\/uploads\/cropped-header_neu-1.jpg","width":1500,"height":224,"caption":"Sigrid"},"logo":{"@id":"https:\/\/www.nepelius.com\/wp-content\/uploads\/cropped-header_neu-1.jpg"},"sameAs":["https:\/\/www.facebook.com\/sigrid.nepelius.art","https:\/\/www.instagram.com\/sigridnepeliusart\/","https:\/\/www.pinterest.at\/sigridnepelius\/"]}]}},"_links":{"self":[{"href":"https:\/\/www.nepelius.com\/en\/wp-json\/wp\/v2\/pages\/5240","targetHints":{"allow":["GET"]}}],"collection":[{"href":"https:\/\/www.nepelius.com\/en\/wp-json\/wp\/v2\/pages"}],"about":[{"href":"https:\/\/www.nepelius.com\/en\/wp-json\/wp\/v2\/types\/page"}],"author":[{"embeddable":true,"href":"https:\/\/www.nepelius.com\/en\/wp-json\/wp\/v2\/users\/2"}],"replies":[{"embeddable":true,"href":"https:\/\/www.nepelius.com\/en\/wp-json\/wp\/v2\/comments?post=5240"}],"version-history":[{"count":2,"href":"https:\/\/www.nepelius.com\/en\/wp-json\/wp\/v2\/pages\/5240\/revisions"}],"predecessor-version":[{"id":5248,"href":"https:\/\/www.nepelius.com\/en\/wp-json\/wp\/v2\/pages\/5240\/revisions\/5248"}],"wp:attachment":[{"href":"https:\/\/www.nepelius.com\/en\/wp-json\/wp\/v2\/media?parent=5240"}],"curies":[{"name":"wp","href":"https:\/\/api.w.org\/{rel}","templated":true}]}}