{"id":5413,"date":"2026-03-21T20:27:02","date_gmt":"2026-03-21T19:27:02","guid":{"rendered":"https:\/\/www.nepelius.com\/?page_id=5413"},"modified":"2026-03-22T19:47:22","modified_gmt":"2026-03-22T18:47:22","slug":"froehliche-erntezeit","status":"publish","type":"page","link":"https:\/\/www.nepelius.com\/en\/froehliche-erntezeit\/","title":{"rendered":"FR\u00d6HLICHE ERNTEZEIT"},"content":{"rendered":"<p>Diese Serie ist inspiriert von unseren eigenen Streuobstwiesen, von all dem, was dort Jahr f\u00fcr Jahr w\u00e4chst, reift und irgendwann geerntet wird \u2026 von uns, aber eben nicht nur.<br>Denn w\u00e4hrend wir vielleicht noch \u00fcberlegen, ob ein Apfel schon perfekt ist, sind andere l\u00e4ngst mittendrin, ganz selbstverst\u00e4ndlich &#8230; und ohne schlechtes Gewissen. Als w\u00e4re es das Nat\u00fcrlichste der Welt, sich einfach zu bedienen.<br>Und ehrlich gesagt \u2026 vielleicht ist es das auch.<\/p>\n\n\n\n<p>Wenn man ihnen dabei zusieht, k\u00f6nnte man fast meinen, sie h\u00e4tten da etwas verstanden, wor\u00fcber wir Menschen manchmal erstaunlich lange nachdenken: das feine Gleichgewicht zwischen Geben und Nehmen, zwischen Habenwollen und Teilen, zwischen F\u00fclle und dem Moment, in dem pl\u00f6tzlich weniger da ist als gedacht und es trotzdem reicht.<\/p>\n\n\n\n<p>In dieser Serie geht es um dieses Miteinander, das keiner erkl\u00e4ren muss und das sich auch nicht darum k\u00fcmmert, ob wir es gerecht finden \u2026 weil alles miteinander verbunden ist und seinen Platz darin hat. Auch dann, wenn wir kurz versucht sind zu denken: \u201eHe, das war eigentlich meiner.\u201c<\/p>\n\n\n\n<p>Vielleicht sp\u00fcrst du beim Betrachten genau das wieder ein St\u00fcck mehr: dieses Vertrauen, dass F\u00fclle oft dort beginnt, wo wir aufh\u00f6ren, sie festhalten zu wollen.<\/p>\n\n\n\n<p><br><strong>MEIN SCHAAATZ!<\/strong><br>F\u00fcr die einen ist es nur eine Birne &#8230; f\u00fcr die anderen ist sie die Entdeckung des Tages und der wertvollste Schatz. Sogar ein Schatz mit Zusatzfunktion: Er f\u00fcllt n\u00e4mlich bei Bedarf auch den Magen von kleinen, frechen Baumkletterern.<br>Obwohl es momentan eher so aussieht, als w\u00fcrde diese Birne f\u00fcr alle Ewigkeit \u2013 oder bis zur F\u00e4ulnis \u2013 besch\u00fctzt und festgehalten werden.<br>Vielleicht beginnt ja genau dort der wahre Reichtum \u2026 in den kleinen Dingen, die pl\u00f6tzlich alles bedeuten.<\/p>\n\n\n\n<p>Acryl\/\u00d6l auf Leinwand, 60 x 50 cm<br>\u20ac 1.200,-<\/p>\n\n\n\n<figure class=\"wp-block-gallery has-nested-images columns-default is-cropped wp-block-gallery-1 is-layout-flex wp-block-gallery-is-layout-flex\">\n<figure class=\"wp-block-image size-large\"><a href=\"https:\/\/www.nepelius.com\/wp-content\/uploads\/MeinSchaaatz-kl.jpg\"><img loading=\"lazy\" decoding=\"async\" width=\"498\" height=\"600\" data-id=\"5429\" src=\"https:\/\/www.nepelius.com\/wp-content\/uploads\/MeinSchaaatz-kl-498x600.jpg\" alt=\"\" class=\"wp-image-5429\" srcset=\"https:\/\/www.nepelius.com\/wp-content\/uploads\/MeinSchaaatz-kl-498x600.jpg 498w, https:\/\/www.nepelius.com\/wp-content\/uploads\/MeinSchaaatz-kl-249x300.jpg 249w, https:\/\/www.nepelius.com\/wp-content\/uploads\/MeinSchaaatz-kl-768x926.jpg 768w, https:\/\/www.nepelius.com\/wp-content\/uploads\/MeinSchaaatz-kl-10x12.jpg 10w, https:\/\/www.nepelius.com\/wp-content\/uploads\/MeinSchaaatz-kl-600x724.jpg 600w, https:\/\/www.nepelius.com\/wp-content\/uploads\/MeinSchaaatz-kl.jpg 995w\" sizes=\"auto, (max-width: 498px) 100vw, 498px\" \/><\/a><\/figure>\n\n\n\n<figure class=\"wp-block-image size-large\"><a href=\"https:\/\/www.nepelius.com\/wp-content\/uploads\/mein-schaaatz-1080x1080-1.jpg\"><img loading=\"lazy\" decoding=\"async\" width=\"600\" height=\"600\" data-id=\"5428\" src=\"https:\/\/www.nepelius.com\/wp-content\/uploads\/mein-schaaatz-1080x1080-1-600x600.jpg\" alt=\"\" class=\"wp-image-5428\" srcset=\"https:\/\/www.nepelius.com\/wp-content\/uploads\/mein-schaaatz-1080x1080-1-600x600.jpg 600w, https:\/\/www.nepelius.com\/wp-content\/uploads\/mein-schaaatz-1080x1080-1-300x300.jpg 300w, https:\/\/www.nepelius.com\/wp-content\/uploads\/mein-schaaatz-1080x1080-1-768x768.jpg 768w, https:\/\/www.nepelius.com\/wp-content\/uploads\/mein-schaaatz-1080x1080-1-12x12.jpg 12w, https:\/\/www.nepelius.com\/wp-content\/uploads\/mein-schaaatz-1080x1080-1-100x100.jpg 100w, https:\/\/www.nepelius.com\/wp-content\/uploads\/mein-schaaatz-1080x1080-1.jpg 1080w\" sizes=\"auto, (max-width: 600px) 100vw, 600px\" \/><\/a><\/figure>\n<\/figure>\n\n\n\n<div style=\"height:45px\" aria-hidden=\"true\" class=\"wp-block-spacer\"><\/div>\n\n\n\n<p><strong>FETTE BEUTE<\/strong><br>Da kommt man in den Garten und zweifelt kurz an seinem Verstand, weil eine vollreife Kirsche \u00fcber die Wiese fliegt.<br>Bei n\u00e4herem Hinsehen entpuppt sich die fliegende Kirsche allerdings als Opfer einer sehr patriotisch gekleideten Hummel. Auch wenn b\u00f6se Zungen behaupten, der eigentliche Grund f\u00fcr dieses Outfit w\u00e4re die perfekte Tarnung.<br>Wie auch immer &#8230; mit der flauschigen Diebin ist im Normalfall gut Kirschen essen, solange man ihr die Beute nicht streitig machen will. \u201eLeben und leben lassen\u201c ist wie so oft das Rezept f\u00fcr ein harmonisches Miteinander.<\/p>\n\n\n\n<p>Acryl\/\u00d6l auf Leinwand, 60 x 50 cm<br>\u20ac 1.200,-<\/p>\n\n\n\n<figure class=\"wp-block-gallery has-nested-images columns-default is-cropped wp-block-gallery-2 is-layout-flex wp-block-gallery-is-layout-flex\">\n<figure class=\"wp-block-image size-large\"><a href=\"https:\/\/www.nepelius.com\/wp-content\/uploads\/FetteBeute-kl.jpg\"><img loading=\"lazy\" decoding=\"async\" width=\"500\" height=\"600\" data-id=\"5430\" src=\"https:\/\/www.nepelius.com\/wp-content\/uploads\/FetteBeute-kl-500x600.jpg\" alt=\"\" class=\"wp-image-5430\" srcset=\"https:\/\/www.nepelius.com\/wp-content\/uploads\/FetteBeute-kl-500x600.jpg 500w, https:\/\/www.nepelius.com\/wp-content\/uploads\/FetteBeute-kl-250x300.jpg 250w, https:\/\/www.nepelius.com\/wp-content\/uploads\/FetteBeute-kl-768x922.jpg 768w, https:\/\/www.nepelius.com\/wp-content\/uploads\/FetteBeute-kl-10x12.jpg 10w, https:\/\/www.nepelius.com\/wp-content\/uploads\/FetteBeute-kl-600x720.jpg 600w, https:\/\/www.nepelius.com\/wp-content\/uploads\/FetteBeute-kl.jpg 1000w\" sizes=\"auto, (max-width: 500px) 100vw, 500px\" \/><\/a><\/figure>\n\n\n\n<figure class=\"wp-block-image size-large\"><a href=\"https:\/\/www.nepelius.com\/wp-content\/uploads\/fette-beute-1080x1080-2.jpg\"><img loading=\"lazy\" decoding=\"async\" width=\"600\" height=\"600\" data-id=\"5432\" src=\"https:\/\/www.nepelius.com\/wp-content\/uploads\/fette-beute-1080x1080-2-600x600.jpg\" alt=\"\" class=\"wp-image-5432\" srcset=\"https:\/\/www.nepelius.com\/wp-content\/uploads\/fette-beute-1080x1080-2-600x600.jpg 600w, https:\/\/www.nepelius.com\/wp-content\/uploads\/fette-beute-1080x1080-2-300x300.jpg 300w, https:\/\/www.nepelius.com\/wp-content\/uploads\/fette-beute-1080x1080-2-768x768.jpg 768w, https:\/\/www.nepelius.com\/wp-content\/uploads\/fette-beute-1080x1080-2-12x12.jpg 12w, https:\/\/www.nepelius.com\/wp-content\/uploads\/fette-beute-1080x1080-2-100x100.jpg 100w, https:\/\/www.nepelius.com\/wp-content\/uploads\/fette-beute-1080x1080-2.jpg 1080w\" sizes=\"auto, (max-width: 600px) 100vw, 600px\" \/><\/a><\/figure>\n<\/figure>\n\n\n\n<div style=\"height:45px\" aria-hidden=\"true\" class=\"wp-block-spacer\"><\/div>\n\n\n\n<p><strong>DICKE FREUNDE<\/strong><br>Was das Universum zusammengef\u00fchrt hat, soll der Mensch nicht trennen.<br>Und ganz ehrlich: Wer k\u00f6nnte diesem s\u00fc\u00dfen Wesen b\u00f6se sein, selbst wenn es sich gerade den knackigsten Apfel von allen stibitzt hat?<br>Der selige Blick und der gl\u00fcckliche Gesichtsausdruck sprechen f\u00fcr sich. Da haben sich zwei gefunden, deren Weg sich erst wieder trennen wird, wenn der mit den unschuldigen Knopfaugen seinen Hunger nicht mehr ignorieren kann.<br>Bis dahin sind die beiden ein gutes Beispiel daf\u00fcr, dass die ungew\u00f6hnlichsten Freundschaften oft auch die besten sind.<\/p>\n\n\n\n<p>Acryl\/\u00d6l auf Leinwand, 30 x 24 cm<br>\u20ac 600,-<\/p>\n\n\n\n<figure class=\"wp-block-gallery has-nested-images columns-default is-cropped wp-block-gallery-3 is-layout-flex wp-block-gallery-is-layout-flex\">\n<figure class=\"wp-block-image size-large\"><a href=\"https:\/\/www.nepelius.com\/wp-content\/uploads\/DickeFreunde-kl-1.jpg\"><img loading=\"lazy\" decoding=\"async\" width=\"475\" height=\"600\" data-id=\"5425\" src=\"https:\/\/www.nepelius.com\/wp-content\/uploads\/DickeFreunde-kl-1-475x600.jpg\" alt=\"\" class=\"wp-image-5425\" srcset=\"https:\/\/www.nepelius.com\/wp-content\/uploads\/DickeFreunde-kl-1-475x600.jpg 475w, https:\/\/www.nepelius.com\/wp-content\/uploads\/DickeFreunde-kl-1-237x300.jpg 237w, https:\/\/www.nepelius.com\/wp-content\/uploads\/DickeFreunde-kl-1-768x971.jpg 768w, https:\/\/www.nepelius.com\/wp-content\/uploads\/DickeFreunde-kl-1-9x12.jpg 9w, https:\/\/www.nepelius.com\/wp-content\/uploads\/DickeFreunde-kl-1-600x759.jpg 600w, https:\/\/www.nepelius.com\/wp-content\/uploads\/DickeFreunde-kl-1.jpg 949w\" sizes=\"auto, (max-width: 475px) 100vw, 475px\" \/><\/a><\/figure>\n\n\n\n<figure class=\"wp-block-image size-large\"><a href=\"https:\/\/www.nepelius.com\/wp-content\/uploads\/DickeFreunde-1080x1080-1.jpg\"><img loading=\"lazy\" decoding=\"async\" width=\"600\" height=\"600\" data-id=\"5424\" src=\"https:\/\/www.nepelius.com\/wp-content\/uploads\/DickeFreunde-1080x1080-1-600x600.jpg\" alt=\"\" class=\"wp-image-5424\" srcset=\"https:\/\/www.nepelius.com\/wp-content\/uploads\/DickeFreunde-1080x1080-1-600x600.jpg 600w, https:\/\/www.nepelius.com\/wp-content\/uploads\/DickeFreunde-1080x1080-1-300x300.jpg 300w, https:\/\/www.nepelius.com\/wp-content\/uploads\/DickeFreunde-1080x1080-1-768x768.jpg 768w, https:\/\/www.nepelius.com\/wp-content\/uploads\/DickeFreunde-1080x1080-1-12x12.jpg 12w, https:\/\/www.nepelius.com\/wp-content\/uploads\/DickeFreunde-1080x1080-1-100x100.jpg 100w, https:\/\/www.nepelius.com\/wp-content\/uploads\/DickeFreunde-1080x1080-1.jpg 1080w\" sizes=\"auto, (max-width: 600px) 100vw, 600px\" \/><\/a><\/figure>\n<\/figure>","protected":false},"excerpt":{"rendered":"<p>Diese Serie ist inspiriert von unseren eigenen Streuobstwiesen, von all dem, was dort Jahr f\u00fcr Jahr w\u00e4chst, reift und irgendwann geerntet wird \u2026 von uns, aber eben nicht nur.Denn w\u00e4hrend wir vielleicht noch \u00fcberlegen, ob ein Apfel schon perfekt ist, sind andere l\u00e4ngst mittendrin, ganz selbstverst\u00e4ndlich &#8230; und ohne schlechtes Gewissen. Als w\u00e4re es das [&hellip;]<\/p>\n","protected":false},"author":2,"featured_media":0,"parent":0,"menu_order":0,"comment_status":"closed","ping_status":"closed","template":"","meta":{"zakra_page_container_layout":"customizer","zakra_page_sidebar_layout":"customizer","zakra_remove_content_margin":false,"zakra_sidebar":"customizer","zakra_transparent_header":"customizer","zakra_logo":0,"zakra_main_header_style":"default","zakra_menu_item_color":"","zakra_menu_item_hover_color":"","zakra_menu_item_active_color":"","zakra_menu_active_style":"","zakra_page_header":true,"footnotes":""},"class_list":["post-5413","page","type-page","status-publish","hentry"],"yoast_head":"<!-- This site is optimized with the Yoast SEO plugin v27.4 - https:\/\/yoast.com\/product\/yoast-seo-wordpress\/ -->\n<title>FR\u00d6HLICHE ERNTEZEIT - Sigrid Nepelius<\/title>\n<meta name=\"robots\" content=\"index, follow, max-snippet:-1, max-image-preview:large, max-video-preview:-1\" \/>\n<link rel=\"canonical\" href=\"https:\/\/www.nepelius.com\/en\/froehliche-erntezeit\/\" \/>\n<meta property=\"og:locale\" content=\"en_GB\" \/>\n<meta property=\"og:type\" content=\"article\" \/>\n<meta property=\"og:title\" content=\"FR\u00d6HLICHE ERNTEZEIT - Sigrid Nepelius\" \/>\n<meta property=\"og:description\" content=\"Diese Serie ist inspiriert von unseren eigenen Streuobstwiesen, von all dem, was dort Jahr f\u00fcr Jahr w\u00e4chst, reift und irgendwann geerntet wird \u2026 von uns, aber eben nicht nur.Denn w\u00e4hrend wir vielleicht noch \u00fcberlegen, ob ein Apfel schon perfekt ist, sind andere l\u00e4ngst mittendrin, ganz selbstverst\u00e4ndlich &#8230; und ohne schlechtes Gewissen. Als w\u00e4re es das [&hellip;]\" \/>\n<meta property=\"og:url\" content=\"https:\/\/www.nepelius.com\/en\/froehliche-erntezeit\/\" \/>\n<meta property=\"og:site_name\" content=\"Sigrid Nepelius\" \/>\n<meta property=\"article:publisher\" content=\"https:\/\/www.facebook.com\/sigrid.nepelius.art\" \/>\n<meta property=\"article:modified_time\" content=\"2026-03-22T18:47:22+00:00\" \/>\n<meta property=\"og:image\" content=\"https:\/\/www.nepelius.com\/wp-content\/uploads\/MeinSchaaatz-kl.jpg\" \/>\n\t<meta property=\"og:image:width\" content=\"995\" \/>\n\t<meta property=\"og:image:height\" content=\"1200\" \/>\n\t<meta property=\"og:image:type\" content=\"image\/jpeg\" \/>\n<meta name=\"twitter:card\" content=\"summary_large_image\" \/>\n<meta name=\"twitter:label1\" content=\"Estimated reading time\" \/>\n\t<meta name=\"twitter:data1\" content=\"4 minutes\" \/>\n<script type=\"application\/ld+json\" class=\"yoast-schema-graph\">{\"@context\":\"https:\\\/\\\/schema.org\",\"@graph\":[{\"@type\":\"WebPage\",\"@id\":\"https:\\\/\\\/www.nepelius.com\\\/froehliche-erntezeit\\\/\",\"url\":\"https:\\\/\\\/www.nepelius.com\\\/froehliche-erntezeit\\\/\",\"name\":\"FR\u00d6HLICHE ERNTEZEIT - Sigrid Nepelius\",\"isPartOf\":{\"@id\":\"https:\\\/\\\/www.nepelius.com\\\/#website\"},\"primaryImageOfPage\":{\"@id\":\"https:\\\/\\\/www.nepelius.com\\\/froehliche-erntezeit\\\/#primaryimage\"},\"image\":{\"@id\":\"https:\\\/\\\/www.nepelius.com\\\/froehliche-erntezeit\\\/#primaryimage\"},\"thumbnailUrl\":\"https:\\\/\\\/www.nepelius.com\\\/wp-content\\\/uploads\\\/MeinSchaaatz-kl-498x600.jpg\",\"datePublished\":\"2026-03-21T19:27:02+00:00\",\"dateModified\":\"2026-03-22T18:47:22+00:00\",\"breadcrumb\":{\"@id\":\"https:\\\/\\\/www.nepelius.com\\\/froehliche-erntezeit\\\/#breadcrumb\"},\"inLanguage\":\"en-GB\",\"potentialAction\":[{\"@type\":\"ReadAction\",\"target\":[\"https:\\\/\\\/www.nepelius.com\\\/froehliche-erntezeit\\\/\"]}]},{\"@type\":\"ImageObject\",\"inLanguage\":\"en-GB\",\"@id\":\"https:\\\/\\\/www.nepelius.com\\\/froehliche-erntezeit\\\/#primaryimage\",\"url\":\"https:\\\/\\\/www.nepelius.com\\\/wp-content\\\/uploads\\\/MeinSchaaatz-kl-498x600.jpg\",\"contentUrl\":\"https:\\\/\\\/www.nepelius.com\\\/wp-content\\\/uploads\\\/MeinSchaaatz-kl-498x600.jpg\"},{\"@type\":\"BreadcrumbList\",\"@id\":\"https:\\\/\\\/www.nepelius.com\\\/froehliche-erntezeit\\\/#breadcrumb\",\"itemListElement\":[{\"@type\":\"ListItem\",\"position\":1,\"name\":\"Startseite\",\"item\":\"https:\\\/\\\/www.nepelius.com\\\/\"},{\"@type\":\"ListItem\",\"position\":2,\"name\":\"FR\u00d6HLICHE ERNTEZEIT\"}]},{\"@type\":\"WebSite\",\"@id\":\"https:\\\/\\\/www.nepelius.com\\\/#website\",\"url\":\"https:\\\/\\\/www.nepelius.com\\\/\",\"name\":\"Sigrid Nepelius\",\"description\":\"Fine Art\",\"publisher\":{\"@id\":\"https:\\\/\\\/www.nepelius.com\\\/#\\\/schema\\\/person\\\/fb48383c87e305a8d2bbad4aef3524eb\"},\"potentialAction\":[{\"@type\":\"SearchAction\",\"target\":{\"@type\":\"EntryPoint\",\"urlTemplate\":\"https:\\\/\\\/www.nepelius.com\\\/?s={search_term_string}\"},\"query-input\":{\"@type\":\"PropertyValueSpecification\",\"valueRequired\":true,\"valueName\":\"search_term_string\"}}],\"inLanguage\":\"en-GB\"},{\"@type\":[\"Person\",\"Organization\"],\"@id\":\"https:\\\/\\\/www.nepelius.com\\\/#\\\/schema\\\/person\\\/fb48383c87e305a8d2bbad4aef3524eb\",\"name\":\"Sigrid\",\"image\":{\"@type\":\"ImageObject\",\"inLanguage\":\"en-GB\",\"@id\":\"https:\\\/\\\/www.nepelius.com\\\/wp-content\\\/uploads\\\/cropped-header_neu-1.jpg\",\"url\":\"https:\\\/\\\/www.nepelius.com\\\/wp-content\\\/uploads\\\/cropped-header_neu-1.jpg\",\"contentUrl\":\"https:\\\/\\\/www.nepelius.com\\\/wp-content\\\/uploads\\\/cropped-header_neu-1.jpg\",\"width\":1500,\"height\":224,\"caption\":\"Sigrid\"},\"logo\":{\"@id\":\"https:\\\/\\\/www.nepelius.com\\\/wp-content\\\/uploads\\\/cropped-header_neu-1.jpg\"},\"sameAs\":[\"https:\\\/\\\/www.facebook.com\\\/sigrid.nepelius.art\",\"https:\\\/\\\/www.instagram.com\\\/sigridnepeliusart\\\/\",\"https:\\\/\\\/www.pinterest.at\\\/sigridnepelius\\\/\"]}]}<\/script>\n<!-- \/ Yoast SEO plugin. -->","yoast_head_json":{"title":"FR\u00d6HLICHE ERNTEZEIT - Sigrid Nepelius","robots":{"index":"index","follow":"follow","max-snippet":"max-snippet:-1","max-image-preview":"max-image-preview:large","max-video-preview":"max-video-preview:-1"},"canonical":"https:\/\/www.nepelius.com\/en\/froehliche-erntezeit\/","og_locale":"en_GB","og_type":"article","og_title":"FR\u00d6HLICHE ERNTEZEIT - Sigrid Nepelius","og_description":"Diese Serie ist inspiriert von unseren eigenen Streuobstwiesen, von all dem, was dort Jahr f\u00fcr Jahr w\u00e4chst, reift und irgendwann geerntet wird \u2026 von uns, aber eben nicht nur.Denn w\u00e4hrend wir vielleicht noch \u00fcberlegen, ob ein Apfel schon perfekt ist, sind andere l\u00e4ngst mittendrin, ganz selbstverst\u00e4ndlich &#8230; und ohne schlechtes Gewissen. Als w\u00e4re es das [&hellip;]","og_url":"https:\/\/www.nepelius.com\/en\/froehliche-erntezeit\/","og_site_name":"Sigrid Nepelius","article_publisher":"https:\/\/www.facebook.com\/sigrid.nepelius.art","article_modified_time":"2026-03-22T18:47:22+00:00","og_image":[{"width":995,"height":1200,"url":"https:\/\/www.nepelius.com\/wp-content\/uploads\/MeinSchaaatz-kl.jpg","type":"image\/jpeg"}],"twitter_card":"summary_large_image","twitter_misc":{"Estimated reading time":"4 minutes"},"schema":{"@context":"https:\/\/schema.org","@graph":[{"@type":"WebPage","@id":"https:\/\/www.nepelius.com\/froehliche-erntezeit\/","url":"https:\/\/www.nepelius.com\/froehliche-erntezeit\/","name":"FR\u00d6HLICHE ERNTEZEIT - Sigrid Nepelius","isPartOf":{"@id":"https:\/\/www.nepelius.com\/#website"},"primaryImageOfPage":{"@id":"https:\/\/www.nepelius.com\/froehliche-erntezeit\/#primaryimage"},"image":{"@id":"https:\/\/www.nepelius.com\/froehliche-erntezeit\/#primaryimage"},"thumbnailUrl":"https:\/\/www.nepelius.com\/wp-content\/uploads\/MeinSchaaatz-kl-498x600.jpg","datePublished":"2026-03-21T19:27:02+00:00","dateModified":"2026-03-22T18:47:22+00:00","breadcrumb":{"@id":"https:\/\/www.nepelius.com\/froehliche-erntezeit\/#breadcrumb"},"inLanguage":"en-GB","potentialAction":[{"@type":"ReadAction","target":["https:\/\/www.nepelius.com\/froehliche-erntezeit\/"]}]},{"@type":"ImageObject","inLanguage":"en-GB","@id":"https:\/\/www.nepelius.com\/froehliche-erntezeit\/#primaryimage","url":"https:\/\/www.nepelius.com\/wp-content\/uploads\/MeinSchaaatz-kl-498x600.jpg","contentUrl":"https:\/\/www.nepelius.com\/wp-content\/uploads\/MeinSchaaatz-kl-498x600.jpg"},{"@type":"BreadcrumbList","@id":"https:\/\/www.nepelius.com\/froehliche-erntezeit\/#breadcrumb","itemListElement":[{"@type":"ListItem","position":1,"name":"Startseite","item":"https:\/\/www.nepelius.com\/"},{"@type":"ListItem","position":2,"name":"FR\u00d6HLICHE ERNTEZEIT"}]},{"@type":"WebSite","@id":"https:\/\/www.nepelius.com\/#website","url":"https:\/\/www.nepelius.com\/","name":"Sigrid Nepelius","description":"Fine Art","publisher":{"@id":"https:\/\/www.nepelius.com\/#\/schema\/person\/fb48383c87e305a8d2bbad4aef3524eb"},"potentialAction":[{"@type":"SearchAction","target":{"@type":"EntryPoint","urlTemplate":"https:\/\/www.nepelius.com\/?s={search_term_string}"},"query-input":{"@type":"PropertyValueSpecification","valueRequired":true,"valueName":"search_term_string"}}],"inLanguage":"en-GB"},{"@type":["Person","Organization"],"@id":"https:\/\/www.nepelius.com\/#\/schema\/person\/fb48383c87e305a8d2bbad4aef3524eb","name":"Sigrid","image":{"@type":"ImageObject","inLanguage":"en-GB","@id":"https:\/\/www.nepelius.com\/wp-content\/uploads\/cropped-header_neu-1.jpg","url":"https:\/\/www.nepelius.com\/wp-content\/uploads\/cropped-header_neu-1.jpg","contentUrl":"https:\/\/www.nepelius.com\/wp-content\/uploads\/cropped-header_neu-1.jpg","width":1500,"height":224,"caption":"Sigrid"},"logo":{"@id":"https:\/\/www.nepelius.com\/wp-content\/uploads\/cropped-header_neu-1.jpg"},"sameAs":["https:\/\/www.facebook.com\/sigrid.nepelius.art","https:\/\/www.instagram.com\/sigridnepeliusart\/","https:\/\/www.pinterest.at\/sigridnepelius\/"]}]}},"_links":{"self":[{"href":"https:\/\/www.nepelius.com\/en\/wp-json\/wp\/v2\/pages\/5413","targetHints":{"allow":["GET"]}}],"collection":[{"href":"https:\/\/www.nepelius.com\/en\/wp-json\/wp\/v2\/pages"}],"about":[{"href":"https:\/\/www.nepelius.com\/en\/wp-json\/wp\/v2\/types\/page"}],"author":[{"embeddable":true,"href":"https:\/\/www.nepelius.com\/en\/wp-json\/wp\/v2\/users\/2"}],"replies":[{"embeddable":true,"href":"https:\/\/www.nepelius.com\/en\/wp-json\/wp\/v2\/comments?post=5413"}],"version-history":[{"count":8,"href":"https:\/\/www.nepelius.com\/en\/wp-json\/wp\/v2\/pages\/5413\/revisions"}],"predecessor-version":[{"id":5437,"href":"https:\/\/www.nepelius.com\/en\/wp-json\/wp\/v2\/pages\/5413\/revisions\/5437"}],"wp:attachment":[{"href":"https:\/\/www.nepelius.com\/en\/wp-json\/wp\/v2\/media?parent=5413"}],"curies":[{"name":"wp","href":"https:\/\/api.w.org\/{rel}","templated":true}]}}