{"id":5443,"date":"2026-04-17T22:52:16","date_gmt":"2026-04-17T20:52:16","guid":{"rendered":"https:\/\/www.nepelius.com\/?page_id=5443"},"modified":"2026-04-19T20:58:54","modified_gmt":"2026-04-19T18:58:54","slug":"januarkoenig","status":"publish","type":"page","link":"https:\/\/www.nepelius.com\/en\/januarkoenig\/","title":{"rendered":"JANUARY KING"},"content":{"rendered":"<div style=\"height:30px\" aria-hidden=\"true\" class=\"wp-block-spacer\"><\/div>\n\n\n\n<figure data-wp-context=\"{&quot;imageId&quot;:&quot;69f2a14ccec8c&quot;}\" data-wp-interactive=\"core\/image\" data-wp-key=\"69f2a14ccec8c\" class=\"wp-block-image size-full has-custom-border wp-lightbox-container\"><img loading=\"lazy\" decoding=\"async\" width=\"1376\" height=\"1000\" data-wp-class--hide=\"state.isContentHidden\" data-wp-class--show=\"state.isContentVisible\" data-wp-init=\"callbacks.setButtonStyles\" data-wp-on--click=\"actions.showLightbox\" data-wp-on--load=\"callbacks.setButtonStyles\" data-wp-on-window--resize=\"callbacks.setButtonStyles\" src=\"https:\/\/www.nepelius.com\/wp-content\/uploads\/Januarkoenig-1000.jpg\" alt=\"\" class=\"wp-image-4908\" style=\"border-style:none;border-width:0px\" srcset=\"https:\/\/www.nepelius.com\/wp-content\/uploads\/Januarkoenig-1000.jpg 1376w, https:\/\/www.nepelius.com\/wp-content\/uploads\/Januarkoenig-1000-300x218.jpg 300w, https:\/\/www.nepelius.com\/wp-content\/uploads\/Januarkoenig-1000-768x558.jpg 768w, https:\/\/www.nepelius.com\/wp-content\/uploads\/Januarkoenig-1000-826x600.jpg 826w, https:\/\/www.nepelius.com\/wp-content\/uploads\/Januarkoenig-1000-18x12.jpg 18w, https:\/\/www.nepelius.com\/wp-content\/uploads\/Januarkoenig-1000-600x436.jpg 600w, https:\/\/www.nepelius.com\/wp-content\/uploads\/Januarkoenig-1000-250x182.jpg 250w\" sizes=\"auto, (max-width: 1376px) 100vw, 1376px\" \/><button\n\t\t\tclass=\"lightbox-trigger\"\n\t\t\ttype=\"button\"\n\t\t\taria-haspopup=\"dialog\"\n\t\t\taria-label=\"Enlarge\"\n\t\t\tdata-wp-init=\"callbacks.initTriggerButton\"\n\t\t\tdata-wp-on--click=\"actions.showLightbox\"\n\t\t\tdata-wp-style--right=\"state.imageButtonRight\"\n\t\t\tdata-wp-style--top=\"state.imageButtonTop\"\n\t\t>\n\t\t\t<svg xmlns=\"http:\/\/www.w3.org\/2000\/svg\" width=\"12\" height=\"12\" fill=\"none\" viewbox=\"0 0 12 12\">\n\t\t\t\t<path fill=\"#fff\" d=\"M2 0a2 2 0 0 0-2 2v2h1.5V2a.5.5 0 0 1 .5-.5h2V0H2Zm2 10.5H2a.5.5 0 0 1-.5-.5V8H0v2a2 2 0 0 0 2 2h2v-1.5ZM8 12v-1.5h2a.5.5 0 0 0 .5-.5V8H12v2a2 2 0 0 1-2 2H8Zm2-12a2 2 0 0 1 2 2v2h-1.5V2a.5.5 0 0 0-.5-.5H8V0h2Z\" \/>\n\t\t\t<\/svg>\n\t\t<\/button><\/figure>\n\n\n\n<figure class=\"wp-block-gallery has-nested-images columns-3 is-cropped wp-block-gallery-1 is-layout-flex wp-block-gallery-is-layout-flex\">\n<figure data-wp-context=\"{&quot;imageId&quot;:&quot;69f2a14ccf203&quot;}\" data-wp-interactive=\"core\/image\" data-wp-key=\"69f2a14ccf203\" class=\"wp-block-image size-full wp-lightbox-container\"><img loading=\"lazy\" decoding=\"async\" width=\"1000\" height=\"667\" data-wp-class--hide=\"state.isContentHidden\" data-wp-class--show=\"state.isContentVisible\" data-wp-init=\"callbacks.setButtonStyles\" data-wp-on--click=\"actions.showLightbox\" data-wp-on--load=\"callbacks.setButtonStyles\" data-wp-on-window--resize=\"callbacks.setButtonStyles\" data-id=\"5076\" src=\"https:\/\/www.nepelius.com\/wp-content\/uploads\/januarkoenig-mockup.png\" alt=\"\" class=\"wp-image-5076\" srcset=\"https:\/\/www.nepelius.com\/wp-content\/uploads\/januarkoenig-mockup.png 1000w, https:\/\/www.nepelius.com\/wp-content\/uploads\/januarkoenig-mockup-300x200.png 300w, https:\/\/www.nepelius.com\/wp-content\/uploads\/januarkoenig-mockup-768x512.png 768w, https:\/\/www.nepelius.com\/wp-content\/uploads\/januarkoenig-mockup-900x600.png 900w, https:\/\/www.nepelius.com\/wp-content\/uploads\/januarkoenig-mockup-18x12.png 18w, https:\/\/www.nepelius.com\/wp-content\/uploads\/januarkoenig-mockup-600x400.png 600w, https:\/\/www.nepelius.com\/wp-content\/uploads\/januarkoenig-mockup-250x167.png 250w\" sizes=\"auto, (max-width: 1000px) 100vw, 1000px\" \/><button\n\t\t\tclass=\"lightbox-trigger\"\n\t\t\ttype=\"button\"\n\t\t\taria-haspopup=\"dialog\"\n\t\t\taria-label=\"Enlarge\"\n\t\t\tdata-wp-init=\"callbacks.initTriggerButton\"\n\t\t\tdata-wp-on--click=\"actions.showLightbox\"\n\t\t\tdata-wp-style--right=\"state.imageButtonRight\"\n\t\t\tdata-wp-style--top=\"state.imageButtonTop\"\n\t\t>\n\t\t\t<svg xmlns=\"http:\/\/www.w3.org\/2000\/svg\" width=\"12\" height=\"12\" fill=\"none\" viewbox=\"0 0 12 12\">\n\t\t\t\t<path fill=\"#fff\" d=\"M2 0a2 2 0 0 0-2 2v2h1.5V2a.5.5 0 0 1 .5-.5h2V0H2Zm2 10.5H2a.5.5 0 0 1-.5-.5V8H0v2a2 2 0 0 0 2 2h2v-1.5ZM8 12v-1.5h2a.5.5 0 0 0 .5-.5V8H12v2a2 2 0 0 1-2 2H8Zm2-12a2 2 0 0 1 2 2v2h-1.5V2a.5.5 0 0 0-.5-.5H8V0h2Z\" \/>\n\t\t\t<\/svg>\n\t\t<\/button><\/figure>\n\n\n\n<figure data-wp-context=\"{&quot;imageId&quot;:&quot;69f2a14ccf6b2&quot;}\" data-wp-interactive=\"core\/image\" data-wp-key=\"69f2a14ccf6b2\" class=\"wp-block-image size-full wp-lightbox-container\"><img loading=\"lazy\" decoding=\"async\" width=\"800\" height=\"600\" data-wp-class--hide=\"state.isContentHidden\" data-wp-class--show=\"state.isContentVisible\" data-wp-init=\"callbacks.setButtonStyles\" data-wp-on--click=\"actions.showLightbox\" data-wp-on--load=\"callbacks.setButtonStyles\" data-wp-on-window--resize=\"callbacks.setButtonStyles\" data-id=\"5077\" src=\"https:\/\/www.nepelius.com\/wp-content\/uploads\/Januarkoenig-passepartout.jpg\" alt=\"\" class=\"wp-image-5077\" srcset=\"https:\/\/www.nepelius.com\/wp-content\/uploads\/Januarkoenig-passepartout.jpg 800w, https:\/\/www.nepelius.com\/wp-content\/uploads\/Januarkoenig-passepartout-300x225.jpg 300w, https:\/\/www.nepelius.com\/wp-content\/uploads\/Januarkoenig-passepartout-768x576.jpg 768w, https:\/\/www.nepelius.com\/wp-content\/uploads\/Januarkoenig-passepartout-16x12.jpg 16w, https:\/\/www.nepelius.com\/wp-content\/uploads\/Januarkoenig-passepartout-600x450.jpg 600w, https:\/\/www.nepelius.com\/wp-content\/uploads\/Januarkoenig-passepartout-250x188.jpg 250w\" sizes=\"auto, (max-width: 800px) 100vw, 800px\" \/><button\n\t\t\tclass=\"lightbox-trigger\"\n\t\t\ttype=\"button\"\n\t\t\taria-haspopup=\"dialog\"\n\t\t\taria-label=\"Enlarge\"\n\t\t\tdata-wp-init=\"callbacks.initTriggerButton\"\n\t\t\tdata-wp-on--click=\"actions.showLightbox\"\n\t\t\tdata-wp-style--right=\"state.imageButtonRight\"\n\t\t\tdata-wp-style--top=\"state.imageButtonTop\"\n\t\t>\n\t\t\t<svg xmlns=\"http:\/\/www.w3.org\/2000\/svg\" width=\"12\" height=\"12\" fill=\"none\" viewbox=\"0 0 12 12\">\n\t\t\t\t<path fill=\"#fff\" d=\"M2 0a2 2 0 0 0-2 2v2h1.5V2a.5.5 0 0 1 .5-.5h2V0H2Zm2 10.5H2a.5.5 0 0 1-.5-.5V8H0v2a2 2 0 0 0 2 2h2v-1.5ZM8 12v-1.5h2a.5.5 0 0 0 .5-.5V8H12v2a2 2 0 0 1-2 2H8Zm2-12a2 2 0 0 1 2 2v2h-1.5V2a.5.5 0 0 0-.5-.5H8V0h2Z\" \/>\n\t\t\t<\/svg>\n\t\t<\/button><\/figure>\n<\/figure>\n\n\n\n<div style=\"height:30px\" aria-hidden=\"true\" class=\"wp-block-spacer\"><\/div>\n\n\n\n<p>Title: JANUARY KING<br>Series: MAJESTIC BIRDS OF THE MONTH<br>Medium: Pencil on paper<br>Size: A4, including mat: 30 x 40 cm<br>Price: \u20ac420<\/p>\n\n\n\n<p>The impressive mushroom crown immediately makes her majesty King Blue Tit a few centimetres taller. Only taken literally, of course, because his friendly charisma makes him anything but conceited. He is always up for a bit of fun and his cheerful character is skilfully emphasised by his colourful outfit.<\/p>\n\n\n\n<p>If you'd like to welcome this creature into your home, <a href=\"mailto:atelier@nepelius.com\">feel free to send me an email<\/a>!<\/p>\n\n\n\n<p><\/p>","protected":false},"excerpt":{"rendered":"<p>Titel: JANUARK\u00d6NIGSerie: MAJEST\u00c4TISCHE MONATSV\u00d6GELMedium: Bleistift auf PapierGr\u00f6\u00dfe: A4, inkl. Passepartout 30 x 40 cmPreis: \u20ac 420,- Mit der beeindruckenden Pilzkrone wird ihre Majest\u00e4t K\u00f6nig Blaumeise gleich um ein paar Zentimeter gr\u00f6\u00dfer. Nur w\u00f6rtlich genommen nat\u00fcrlich, denn mit seiner sympatischen Ausstrahlung wirkt er alles andere als eingebildet. Er ist stets f\u00fcr ein Sp\u00e4\u00dfchen zu haben und [&hellip;]<\/p>\n","protected":false},"author":2,"featured_media":0,"parent":0,"menu_order":0,"comment_status":"closed","ping_status":"closed","template":"","meta":{"zakra_page_container_layout":"customizer","zakra_page_sidebar_layout":"customizer","zakra_remove_content_margin":false,"zakra_sidebar":"customizer","zakra_transparent_header":"customizer","zakra_logo":0,"zakra_main_header_style":"default","zakra_menu_item_color":"","zakra_menu_item_hover_color":"","zakra_menu_item_active_color":"","zakra_menu_active_style":"","zakra_page_header":true,"footnotes":""},"class_list":["post-5443","page","type-page","status-publish","hentry"],"yoast_head":"<!-- This site is optimized with the Yoast SEO plugin v27.4 - https:\/\/yoast.com\/product\/yoast-seo-wordpress\/ -->\n<title>JANUARK\u00d6NIG - Sigrid Nepelius<\/title>\n<meta name=\"robots\" content=\"index, follow, max-snippet:-1, max-image-preview:large, max-video-preview:-1\" \/>\n<link rel=\"canonical\" href=\"https:\/\/www.nepelius.com\/en\/januarkoenig\/\" \/>\n<meta property=\"og:locale\" content=\"en_GB\" \/>\n<meta property=\"og:type\" content=\"article\" \/>\n<meta property=\"og:title\" content=\"JANUARK\u00d6NIG - Sigrid Nepelius\" \/>\n<meta property=\"og:description\" content=\"Titel: JANUARK\u00d6NIGSerie: MAJEST\u00c4TISCHE MONATSV\u00d6GELMedium: Bleistift auf PapierGr\u00f6\u00dfe: A4, inkl. Passepartout 30 x 40 cmPreis: \u20ac 420,- Mit der beeindruckenden Pilzkrone wird ihre Majest\u00e4t K\u00f6nig Blaumeise gleich um ein paar Zentimeter gr\u00f6\u00dfer. Nur w\u00f6rtlich genommen nat\u00fcrlich, denn mit seiner sympatischen Ausstrahlung wirkt er alles andere als eingebildet. Er ist stets f\u00fcr ein Sp\u00e4\u00dfchen zu haben und [&hellip;]\" \/>\n<meta property=\"og:url\" content=\"https:\/\/www.nepelius.com\/en\/januarkoenig\/\" \/>\n<meta property=\"og:site_name\" content=\"Sigrid Nepelius\" \/>\n<meta property=\"article:publisher\" content=\"https:\/\/www.facebook.com\/sigrid.nepelius.art\" \/>\n<meta property=\"article:modified_time\" content=\"2026-04-19T18:58:54+00:00\" \/>\n<meta property=\"og:image\" content=\"https:\/\/www.nepelius.com\/wp-content\/uploads\/Januarkoenig-1000.jpg\" \/>\n\t<meta property=\"og:image:width\" content=\"1376\" \/>\n\t<meta property=\"og:image:height\" content=\"1000\" \/>\n\t<meta property=\"og:image:type\" content=\"image\/jpeg\" \/>\n<meta name=\"twitter:card\" content=\"summary_large_image\" \/>\n<meta name=\"twitter:label1\" content=\"Estimated reading time\" \/>\n\t<meta name=\"twitter:data1\" content=\"2 minutes\" \/>\n<script type=\"application\/ld+json\" class=\"yoast-schema-graph\">{\"@context\":\"https:\\\/\\\/schema.org\",\"@graph\":[{\"@type\":\"WebPage\",\"@id\":\"https:\\\/\\\/www.nepelius.com\\\/januarkoenig\\\/\",\"url\":\"https:\\\/\\\/www.nepelius.com\\\/januarkoenig\\\/\",\"name\":\"JANUARK\u00d6NIG - Sigrid Nepelius\",\"isPartOf\":{\"@id\":\"https:\\\/\\\/www.nepelius.com\\\/#website\"},\"primaryImageOfPage\":{\"@id\":\"https:\\\/\\\/www.nepelius.com\\\/januarkoenig\\\/#primaryimage\"},\"image\":{\"@id\":\"https:\\\/\\\/www.nepelius.com\\\/januarkoenig\\\/#primaryimage\"},\"thumbnailUrl\":\"https:\\\/\\\/www.nepelius.com\\\/wp-content\\\/uploads\\\/Januarkoenig-1000.jpg\",\"datePublished\":\"2026-04-17T20:52:16+00:00\",\"dateModified\":\"2026-04-19T18:58:54+00:00\",\"breadcrumb\":{\"@id\":\"https:\\\/\\\/www.nepelius.com\\\/januarkoenig\\\/#breadcrumb\"},\"inLanguage\":\"en-GB\",\"potentialAction\":[{\"@type\":\"ReadAction\",\"target\":[\"https:\\\/\\\/www.nepelius.com\\\/januarkoenig\\\/\"]}]},{\"@type\":\"ImageObject\",\"inLanguage\":\"en-GB\",\"@id\":\"https:\\\/\\\/www.nepelius.com\\\/januarkoenig\\\/#primaryimage\",\"url\":\"https:\\\/\\\/www.nepelius.com\\\/wp-content\\\/uploads\\\/Januarkoenig-1000.jpg\",\"contentUrl\":\"https:\\\/\\\/www.nepelius.com\\\/wp-content\\\/uploads\\\/Januarkoenig-1000.jpg\"},{\"@type\":\"BreadcrumbList\",\"@id\":\"https:\\\/\\\/www.nepelius.com\\\/januarkoenig\\\/#breadcrumb\",\"itemListElement\":[{\"@type\":\"ListItem\",\"position\":1,\"name\":\"Startseite\",\"item\":\"https:\\\/\\\/www.nepelius.com\\\/\"},{\"@type\":\"ListItem\",\"position\":2,\"name\":\"JANUARK\u00d6NIG\"}]},{\"@type\":\"WebSite\",\"@id\":\"https:\\\/\\\/www.nepelius.com\\\/#website\",\"url\":\"https:\\\/\\\/www.nepelius.com\\\/\",\"name\":\"Sigrid Nepelius\",\"description\":\"Fine Art\",\"publisher\":{\"@id\":\"https:\\\/\\\/www.nepelius.com\\\/#\\\/schema\\\/person\\\/fb48383c87e305a8d2bbad4aef3524eb\"},\"potentialAction\":[{\"@type\":\"SearchAction\",\"target\":{\"@type\":\"EntryPoint\",\"urlTemplate\":\"https:\\\/\\\/www.nepelius.com\\\/?s={search_term_string}\"},\"query-input\":{\"@type\":\"PropertyValueSpecification\",\"valueRequired\":true,\"valueName\":\"search_term_string\"}}],\"inLanguage\":\"en-GB\"},{\"@type\":[\"Person\",\"Organization\"],\"@id\":\"https:\\\/\\\/www.nepelius.com\\\/#\\\/schema\\\/person\\\/fb48383c87e305a8d2bbad4aef3524eb\",\"name\":\"Sigrid\",\"image\":{\"@type\":\"ImageObject\",\"inLanguage\":\"en-GB\",\"@id\":\"https:\\\/\\\/www.nepelius.com\\\/wp-content\\\/uploads\\\/cropped-header_neu-1.jpg\",\"url\":\"https:\\\/\\\/www.nepelius.com\\\/wp-content\\\/uploads\\\/cropped-header_neu-1.jpg\",\"contentUrl\":\"https:\\\/\\\/www.nepelius.com\\\/wp-content\\\/uploads\\\/cropped-header_neu-1.jpg\",\"width\":1500,\"height\":224,\"caption\":\"Sigrid\"},\"logo\":{\"@id\":\"https:\\\/\\\/www.nepelius.com\\\/wp-content\\\/uploads\\\/cropped-header_neu-1.jpg\"},\"sameAs\":[\"https:\\\/\\\/www.facebook.com\\\/sigrid.nepelius.art\",\"https:\\\/\\\/www.instagram.com\\\/sigridnepeliusart\\\/\",\"https:\\\/\\\/www.pinterest.at\\\/sigridnepelius\\\/\"]}]}<\/script>\n<!-- \/ Yoast SEO plugin. -->","yoast_head_json":{"title":"JANUARK\u00d6NIG - Sigrid Nepelius","robots":{"index":"index","follow":"follow","max-snippet":"max-snippet:-1","max-image-preview":"max-image-preview:large","max-video-preview":"max-video-preview:-1"},"canonical":"https:\/\/www.nepelius.com\/en\/januarkoenig\/","og_locale":"en_GB","og_type":"article","og_title":"JANUARK\u00d6NIG - Sigrid Nepelius","og_description":"Titel: JANUARK\u00d6NIGSerie: MAJEST\u00c4TISCHE MONATSV\u00d6GELMedium: Bleistift auf PapierGr\u00f6\u00dfe: A4, inkl. Passepartout 30 x 40 cmPreis: \u20ac 420,- Mit der beeindruckenden Pilzkrone wird ihre Majest\u00e4t K\u00f6nig Blaumeise gleich um ein paar Zentimeter gr\u00f6\u00dfer. Nur w\u00f6rtlich genommen nat\u00fcrlich, denn mit seiner sympatischen Ausstrahlung wirkt er alles andere als eingebildet. Er ist stets f\u00fcr ein Sp\u00e4\u00dfchen zu haben und [&hellip;]","og_url":"https:\/\/www.nepelius.com\/en\/januarkoenig\/","og_site_name":"Sigrid Nepelius","article_publisher":"https:\/\/www.facebook.com\/sigrid.nepelius.art","article_modified_time":"2026-04-19T18:58:54+00:00","og_image":[{"width":1376,"height":1000,"url":"https:\/\/www.nepelius.com\/wp-content\/uploads\/Januarkoenig-1000.jpg","type":"image\/jpeg"}],"twitter_card":"summary_large_image","twitter_misc":{"Estimated reading time":"2 minutes"},"schema":{"@context":"https:\/\/schema.org","@graph":[{"@type":"WebPage","@id":"https:\/\/www.nepelius.com\/januarkoenig\/","url":"https:\/\/www.nepelius.com\/januarkoenig\/","name":"JANUARK\u00d6NIG - Sigrid Nepelius","isPartOf":{"@id":"https:\/\/www.nepelius.com\/#website"},"primaryImageOfPage":{"@id":"https:\/\/www.nepelius.com\/januarkoenig\/#primaryimage"},"image":{"@id":"https:\/\/www.nepelius.com\/januarkoenig\/#primaryimage"},"thumbnailUrl":"https:\/\/www.nepelius.com\/wp-content\/uploads\/Januarkoenig-1000.jpg","datePublished":"2026-04-17T20:52:16+00:00","dateModified":"2026-04-19T18:58:54+00:00","breadcrumb":{"@id":"https:\/\/www.nepelius.com\/januarkoenig\/#breadcrumb"},"inLanguage":"en-GB","potentialAction":[{"@type":"ReadAction","target":["https:\/\/www.nepelius.com\/januarkoenig\/"]}]},{"@type":"ImageObject","inLanguage":"en-GB","@id":"https:\/\/www.nepelius.com\/januarkoenig\/#primaryimage","url":"https:\/\/www.nepelius.com\/wp-content\/uploads\/Januarkoenig-1000.jpg","contentUrl":"https:\/\/www.nepelius.com\/wp-content\/uploads\/Januarkoenig-1000.jpg"},{"@type":"BreadcrumbList","@id":"https:\/\/www.nepelius.com\/januarkoenig\/#breadcrumb","itemListElement":[{"@type":"ListItem","position":1,"name":"Startseite","item":"https:\/\/www.nepelius.com\/"},{"@type":"ListItem","position":2,"name":"JANUARK\u00d6NIG"}]},{"@type":"WebSite","@id":"https:\/\/www.nepelius.com\/#website","url":"https:\/\/www.nepelius.com\/","name":"Sigrid Nepelius","description":"Fine Art","publisher":{"@id":"https:\/\/www.nepelius.com\/#\/schema\/person\/fb48383c87e305a8d2bbad4aef3524eb"},"potentialAction":[{"@type":"SearchAction","target":{"@type":"EntryPoint","urlTemplate":"https:\/\/www.nepelius.com\/?s={search_term_string}"},"query-input":{"@type":"PropertyValueSpecification","valueRequired":true,"valueName":"search_term_string"}}],"inLanguage":"en-GB"},{"@type":["Person","Organization"],"@id":"https:\/\/www.nepelius.com\/#\/schema\/person\/fb48383c87e305a8d2bbad4aef3524eb","name":"Sigrid","image":{"@type":"ImageObject","inLanguage":"en-GB","@id":"https:\/\/www.nepelius.com\/wp-content\/uploads\/cropped-header_neu-1.jpg","url":"https:\/\/www.nepelius.com\/wp-content\/uploads\/cropped-header_neu-1.jpg","contentUrl":"https:\/\/www.nepelius.com\/wp-content\/uploads\/cropped-header_neu-1.jpg","width":1500,"height":224,"caption":"Sigrid"},"logo":{"@id":"https:\/\/www.nepelius.com\/wp-content\/uploads\/cropped-header_neu-1.jpg"},"sameAs":["https:\/\/www.facebook.com\/sigrid.nepelius.art","https:\/\/www.instagram.com\/sigridnepeliusart\/","https:\/\/www.pinterest.at\/sigridnepelius\/"]}]}},"_links":{"self":[{"href":"https:\/\/www.nepelius.com\/en\/wp-json\/wp\/v2\/pages\/5443","targetHints":{"allow":["GET"]}}],"collection":[{"href":"https:\/\/www.nepelius.com\/en\/wp-json\/wp\/v2\/pages"}],"about":[{"href":"https:\/\/www.nepelius.com\/en\/wp-json\/wp\/v2\/types\/page"}],"author":[{"embeddable":true,"href":"https:\/\/www.nepelius.com\/en\/wp-json\/wp\/v2\/users\/2"}],"replies":[{"embeddable":true,"href":"https:\/\/www.nepelius.com\/en\/wp-json\/wp\/v2\/comments?post=5443"}],"version-history":[{"count":11,"href":"https:\/\/www.nepelius.com\/en\/wp-json\/wp\/v2\/pages\/5443\/revisions"}],"predecessor-version":[{"id":5515,"href":"https:\/\/www.nepelius.com\/en\/wp-json\/wp\/v2\/pages\/5443\/revisions\/5515"}],"wp:attachment":[{"href":"https:\/\/www.nepelius.com\/en\/wp-json\/wp\/v2\/media?parent=5443"}],"curies":[{"name":"wp","href":"https:\/\/api.w.org\/{rel}","templated":true}]}}