{"id":5467,"date":"2026-04-17T23:13:27","date_gmt":"2026-04-17T21:13:27","guid":{"rendered":"https:\/\/www.nepelius.com\/?page_id=5467"},"modified":"2026-04-19T21:02:36","modified_gmt":"2026-04-19T19:02:36","slug":"aprilkoenigin","status":"publish","type":"page","link":"https:\/\/www.nepelius.com\/en\/aprilkoenigin\/","title":{"rendered":"APRIL QUEEN"},"content":{"rendered":"<div style=\"height:30px\" aria-hidden=\"true\" class=\"wp-block-spacer\"><\/div>\n\n\n\n<figure data-wp-context=\"{&quot;imageId&quot;:&quot;69f2a127e09e5&quot;}\" data-wp-interactive=\"core\/image\" data-wp-key=\"69f2a127e09e5\" class=\"wp-block-image size-full wp-lightbox-container\"><img loading=\"lazy\" decoding=\"async\" width=\"1200\" height=\"849\" data-wp-class--hide=\"state.isContentHidden\" data-wp-class--show=\"state.isContentVisible\" data-wp-init=\"callbacks.setButtonStyles\" data-wp-on--click=\"actions.showLightbox\" data-wp-on--load=\"callbacks.setButtonStyles\" data-wp-on-window--resize=\"callbacks.setButtonStyles\" src=\"https:\/\/www.nepelius.com\/wp-content\/uploads\/Aprilkoenigin-1200.jpg\" alt=\"\" class=\"wp-image-5125\" srcset=\"https:\/\/www.nepelius.com\/wp-content\/uploads\/Aprilkoenigin-1200.jpg 1200w, https:\/\/www.nepelius.com\/wp-content\/uploads\/Aprilkoenigin-1200-300x212.jpg 300w, https:\/\/www.nepelius.com\/wp-content\/uploads\/Aprilkoenigin-1200-768x543.jpg 768w, https:\/\/www.nepelius.com\/wp-content\/uploads\/Aprilkoenigin-1200-848x600.jpg 848w, https:\/\/www.nepelius.com\/wp-content\/uploads\/Aprilkoenigin-1200-18x12.jpg 18w, https:\/\/www.nepelius.com\/wp-content\/uploads\/Aprilkoenigin-1200-600x425.jpg 600w\" sizes=\"auto, (max-width: 1200px) 100vw, 1200px\" \/><button\n\t\t\tclass=\"lightbox-trigger\"\n\t\t\ttype=\"button\"\n\t\t\taria-haspopup=\"dialog\"\n\t\t\taria-label=\"Enlarge\"\n\t\t\tdata-wp-init=\"callbacks.initTriggerButton\"\n\t\t\tdata-wp-on--click=\"actions.showLightbox\"\n\t\t\tdata-wp-style--right=\"state.imageButtonRight\"\n\t\t\tdata-wp-style--top=\"state.imageButtonTop\"\n\t\t>\n\t\t\t<svg xmlns=\"http:\/\/www.w3.org\/2000\/svg\" width=\"12\" height=\"12\" fill=\"none\" viewbox=\"0 0 12 12\">\n\t\t\t\t<path fill=\"#fff\" d=\"M2 0a2 2 0 0 0-2 2v2h1.5V2a.5.5 0 0 1 .5-.5h2V0H2Zm2 10.5H2a.5.5 0 0 1-.5-.5V8H0v2a2 2 0 0 0 2 2h2v-1.5ZM8 12v-1.5h2a.5.5 0 0 0 .5-.5V8H12v2a2 2 0 0 1-2 2H8Zm2-12a2 2 0 0 1 2 2v2h-1.5V2a.5.5 0 0 0-.5-.5H8V0h2Z\" \/>\n\t\t\t<\/svg>\n\t\t<\/button><\/figure>\n\n\n\n<figure class=\"wp-block-gallery has-nested-images columns-default is-cropped wp-block-gallery-1 is-layout-flex wp-block-gallery-is-layout-flex\">\n<figure data-wp-context=\"{&quot;imageId&quot;:&quot;69f2a127e0fa8&quot;}\" data-wp-interactive=\"core\/image\" data-wp-key=\"69f2a127e0fa8\" class=\"wp-block-image size-full wp-lightbox-container\"><img loading=\"lazy\" decoding=\"async\" width=\"1000\" height=\"667\" data-wp-class--hide=\"state.isContentHidden\" data-wp-class--show=\"state.isContentVisible\" data-wp-init=\"callbacks.setButtonStyles\" data-wp-on--click=\"actions.showLightbox\" data-wp-on--load=\"callbacks.setButtonStyles\" data-wp-on-window--resize=\"callbacks.setButtonStyles\" data-id=\"5127\" src=\"https:\/\/www.nepelius.com\/wp-content\/uploads\/aprilkoenigin-mockup.jpg\" alt=\"\" class=\"wp-image-5127\" srcset=\"https:\/\/www.nepelius.com\/wp-content\/uploads\/aprilkoenigin-mockup.jpg 1000w, https:\/\/www.nepelius.com\/wp-content\/uploads\/aprilkoenigin-mockup-300x200.jpg 300w, https:\/\/www.nepelius.com\/wp-content\/uploads\/aprilkoenigin-mockup-768x512.jpg 768w, https:\/\/www.nepelius.com\/wp-content\/uploads\/aprilkoenigin-mockup-900x600.jpg 900w, https:\/\/www.nepelius.com\/wp-content\/uploads\/aprilkoenigin-mockup-18x12.jpg 18w, https:\/\/www.nepelius.com\/wp-content\/uploads\/aprilkoenigin-mockup-600x400.jpg 600w\" sizes=\"auto, (max-width: 1000px) 100vw, 1000px\" \/><button\n\t\t\tclass=\"lightbox-trigger\"\n\t\t\ttype=\"button\"\n\t\t\taria-haspopup=\"dialog\"\n\t\t\taria-label=\"Enlarge\"\n\t\t\tdata-wp-init=\"callbacks.initTriggerButton\"\n\t\t\tdata-wp-on--click=\"actions.showLightbox\"\n\t\t\tdata-wp-style--right=\"state.imageButtonRight\"\n\t\t\tdata-wp-style--top=\"state.imageButtonTop\"\n\t\t>\n\t\t\t<svg xmlns=\"http:\/\/www.w3.org\/2000\/svg\" width=\"12\" height=\"12\" fill=\"none\" viewbox=\"0 0 12 12\">\n\t\t\t\t<path fill=\"#fff\" d=\"M2 0a2 2 0 0 0-2 2v2h1.5V2a.5.5 0 0 1 .5-.5h2V0H2Zm2 10.5H2a.5.5 0 0 1-.5-.5V8H0v2a2 2 0 0 0 2 2h2v-1.5ZM8 12v-1.5h2a.5.5 0 0 0 .5-.5V8H12v2a2 2 0 0 1-2 2H8Zm2-12a2 2 0 0 1 2 2v2h-1.5V2a.5.5 0 0 0-.5-.5H8V0h2Z\" \/>\n\t\t\t<\/svg>\n\t\t<\/button><\/figure>\n\n\n\n<figure data-wp-context=\"{&quot;imageId&quot;:&quot;69f2a127e145f&quot;}\" data-wp-interactive=\"core\/image\" data-wp-key=\"69f2a127e145f\" class=\"wp-block-image size-full wp-lightbox-container\"><img loading=\"lazy\" decoding=\"async\" width=\"800\" height=\"600\" data-wp-class--hide=\"state.isContentHidden\" data-wp-class--show=\"state.isContentVisible\" data-wp-init=\"callbacks.setButtonStyles\" data-wp-on--click=\"actions.showLightbox\" data-wp-on--load=\"callbacks.setButtonStyles\" data-wp-on-window--resize=\"callbacks.setButtonStyles\" data-id=\"5124\" src=\"https:\/\/www.nepelius.com\/wp-content\/uploads\/aprilkoenigin-passepartout.jpg\" alt=\"\" class=\"wp-image-5124\" srcset=\"https:\/\/www.nepelius.com\/wp-content\/uploads\/aprilkoenigin-passepartout.jpg 800w, https:\/\/www.nepelius.com\/wp-content\/uploads\/aprilkoenigin-passepartout-300x225.jpg 300w, https:\/\/www.nepelius.com\/wp-content\/uploads\/aprilkoenigin-passepartout-768x576.jpg 768w, https:\/\/www.nepelius.com\/wp-content\/uploads\/aprilkoenigin-passepartout-16x12.jpg 16w, https:\/\/www.nepelius.com\/wp-content\/uploads\/aprilkoenigin-passepartout-600x450.jpg 600w\" sizes=\"auto, (max-width: 800px) 100vw, 800px\" \/><button\n\t\t\tclass=\"lightbox-trigger\"\n\t\t\ttype=\"button\"\n\t\t\taria-haspopup=\"dialog\"\n\t\t\taria-label=\"Enlarge\"\n\t\t\tdata-wp-init=\"callbacks.initTriggerButton\"\n\t\t\tdata-wp-on--click=\"actions.showLightbox\"\n\t\t\tdata-wp-style--right=\"state.imageButtonRight\"\n\t\t\tdata-wp-style--top=\"state.imageButtonTop\"\n\t\t>\n\t\t\t<svg xmlns=\"http:\/\/www.w3.org\/2000\/svg\" width=\"12\" height=\"12\" fill=\"none\" viewbox=\"0 0 12 12\">\n\t\t\t\t<path fill=\"#fff\" d=\"M2 0a2 2 0 0 0-2 2v2h1.5V2a.5.5 0 0 1 .5-.5h2V0H2Zm2 10.5H2a.5.5 0 0 1-.5-.5V8H0v2a2 2 0 0 0 2 2h2v-1.5ZM8 12v-1.5h2a.5.5 0 0 0 .5-.5V8H12v2a2 2 0 0 1-2 2H8Zm2-12a2 2 0 0 1 2 2v2h-1.5V2a.5.5 0 0 0-.5-.5H8V0h2Z\" \/>\n\t\t\t<\/svg>\n\t\t<\/button><\/figure>\n<\/figure>\n\n\n\n<div style=\"height:30px\" aria-hidden=\"true\" class=\"wp-block-spacer\"><\/div>\n\n\n\n<p>Title: APRIL QUEEN<br>Series: MAJESTIC BIRDS OF THE MONTH<br>Medium: Pencil on paper<br>Size: A4, including mat: 30 x 40 cm<br>Price: \u20ac420<\/p>\n\n\n\n<p>Sporty, sporty, Your Majesty!<br>As a medium and long-distance migrant, Queen Redtail is in top shape and - unlike other heads of state - doesn't have an ounce too much fat on her body.<br>This fitness is of course an absolute advantage when it comes to performing royal duties.<br>She is also active in her free time, roaming through nature and devoting herself to the study of butterflies - without any ulterior motives, of course.<\/p>\n\n\n\n<p>If you'd like to welcome this creature into your home, <a href=\"mailto:atelier@nepelius.com\">feel free to send me an email<\/a>!<\/p>","protected":false},"excerpt":{"rendered":"<p>Titel: APRILK\u00d6NIGINSerie: MAJEST\u00c4TISCHE MONATSV\u00d6GELMedium: Bleistift auf PapierGr\u00f6\u00dfe: A4, inkl. Passepartout 30 x 40 cmPreis: \u20ac 420,- Sportlich, sportlich, Ihre Majest\u00e4t!Als Mittel- und Langstreckenzieherin ist K\u00f6nigin Rotschwanz topfit und hat \u2013 im Gegensatz zu anderen Staatsoberh\u00e4uptern \u2013 kein Gramm Fett zu viel am K\u00f6rper.Diese Fitness ist bei der Bew\u00e4ltigung der k\u00f6niglichen Pflichten nat\u00fcrlich ein absoluter Vorteil.Auch [&hellip;]<\/p>\n","protected":false},"author":2,"featured_media":0,"parent":0,"menu_order":0,"comment_status":"closed","ping_status":"closed","template":"","meta":{"zakra_page_container_layout":"customizer","zakra_page_sidebar_layout":"customizer","zakra_remove_content_margin":false,"zakra_sidebar":"customizer","zakra_transparent_header":"customizer","zakra_logo":0,"zakra_main_header_style":"default","zakra_menu_item_color":"","zakra_menu_item_hover_color":"","zakra_menu_item_active_color":"","zakra_menu_active_style":"","zakra_page_header":true,"footnotes":""},"class_list":["post-5467","page","type-page","status-publish","hentry"],"yoast_head":"<!-- This site is optimized with the Yoast SEO plugin v27.4 - https:\/\/yoast.com\/product\/yoast-seo-wordpress\/ -->\n<title>APRILK\u00d6NIGIN - Sigrid Nepelius<\/title>\n<meta name=\"robots\" content=\"index, follow, max-snippet:-1, max-image-preview:large, max-video-preview:-1\" \/>\n<link rel=\"canonical\" href=\"https:\/\/www.nepelius.com\/en\/aprilkoenigin\/\" \/>\n<meta property=\"og:locale\" content=\"en_GB\" \/>\n<meta property=\"og:type\" content=\"article\" \/>\n<meta property=\"og:title\" content=\"APRILK\u00d6NIGIN - Sigrid Nepelius\" \/>\n<meta property=\"og:description\" content=\"Titel: APRILK\u00d6NIGINSerie: MAJEST\u00c4TISCHE MONATSV\u00d6GELMedium: Bleistift auf PapierGr\u00f6\u00dfe: A4, inkl. Passepartout 30 x 40 cmPreis: \u20ac 420,- Sportlich, sportlich, Ihre Majest\u00e4t!Als Mittel- und Langstreckenzieherin ist K\u00f6nigin Rotschwanz topfit und hat \u2013 im Gegensatz zu anderen Staatsoberh\u00e4uptern \u2013 kein Gramm Fett zu viel am K\u00f6rper.Diese Fitness ist bei der Bew\u00e4ltigung der k\u00f6niglichen Pflichten nat\u00fcrlich ein absoluter Vorteil.Auch [&hellip;]\" \/>\n<meta property=\"og:url\" content=\"https:\/\/www.nepelius.com\/en\/aprilkoenigin\/\" \/>\n<meta property=\"og:site_name\" content=\"Sigrid Nepelius\" \/>\n<meta property=\"article:publisher\" content=\"https:\/\/www.facebook.com\/sigrid.nepelius.art\" \/>\n<meta property=\"article:modified_time\" content=\"2026-04-19T19:02:36+00:00\" \/>\n<meta property=\"og:image\" content=\"https:\/\/www.nepelius.com\/wp-content\/uploads\/Aprilkoenigin-1200.jpg\" \/>\n\t<meta property=\"og:image:width\" content=\"1200\" \/>\n\t<meta property=\"og:image:height\" content=\"849\" \/>\n\t<meta property=\"og:image:type\" content=\"image\/jpeg\" \/>\n<meta name=\"twitter:card\" content=\"summary_large_image\" \/>\n<meta name=\"twitter:label1\" content=\"Estimated reading time\" \/>\n\t<meta name=\"twitter:data1\" content=\"2 minutes\" \/>\n<script type=\"application\/ld+json\" class=\"yoast-schema-graph\">{\"@context\":\"https:\\\/\\\/schema.org\",\"@graph\":[{\"@type\":\"WebPage\",\"@id\":\"https:\\\/\\\/www.nepelius.com\\\/aprilkoenigin\\\/\",\"url\":\"https:\\\/\\\/www.nepelius.com\\\/aprilkoenigin\\\/\",\"name\":\"APRILK\u00d6NIGIN - Sigrid Nepelius\",\"isPartOf\":{\"@id\":\"https:\\\/\\\/www.nepelius.com\\\/#website\"},\"primaryImageOfPage\":{\"@id\":\"https:\\\/\\\/www.nepelius.com\\\/aprilkoenigin\\\/#primaryimage\"},\"image\":{\"@id\":\"https:\\\/\\\/www.nepelius.com\\\/aprilkoenigin\\\/#primaryimage\"},\"thumbnailUrl\":\"https:\\\/\\\/www.nepelius.com\\\/wp-content\\\/uploads\\\/Aprilkoenigin-1200.jpg\",\"datePublished\":\"2026-04-17T21:13:27+00:00\",\"dateModified\":\"2026-04-19T19:02:36+00:00\",\"breadcrumb\":{\"@id\":\"https:\\\/\\\/www.nepelius.com\\\/aprilkoenigin\\\/#breadcrumb\"},\"inLanguage\":\"en-GB\",\"potentialAction\":[{\"@type\":\"ReadAction\",\"target\":[\"https:\\\/\\\/www.nepelius.com\\\/aprilkoenigin\\\/\"]}]},{\"@type\":\"ImageObject\",\"inLanguage\":\"en-GB\",\"@id\":\"https:\\\/\\\/www.nepelius.com\\\/aprilkoenigin\\\/#primaryimage\",\"url\":\"https:\\\/\\\/www.nepelius.com\\\/wp-content\\\/uploads\\\/Aprilkoenigin-1200.jpg\",\"contentUrl\":\"https:\\\/\\\/www.nepelius.com\\\/wp-content\\\/uploads\\\/Aprilkoenigin-1200.jpg\"},{\"@type\":\"BreadcrumbList\",\"@id\":\"https:\\\/\\\/www.nepelius.com\\\/aprilkoenigin\\\/#breadcrumb\",\"itemListElement\":[{\"@type\":\"ListItem\",\"position\":1,\"name\":\"Startseite\",\"item\":\"https:\\\/\\\/www.nepelius.com\\\/\"},{\"@type\":\"ListItem\",\"position\":2,\"name\":\"APRILK\u00d6NIGIN\"}]},{\"@type\":\"WebSite\",\"@id\":\"https:\\\/\\\/www.nepelius.com\\\/#website\",\"url\":\"https:\\\/\\\/www.nepelius.com\\\/\",\"name\":\"Sigrid Nepelius\",\"description\":\"Fine Art\",\"publisher\":{\"@id\":\"https:\\\/\\\/www.nepelius.com\\\/#\\\/schema\\\/person\\\/fb48383c87e305a8d2bbad4aef3524eb\"},\"potentialAction\":[{\"@type\":\"SearchAction\",\"target\":{\"@type\":\"EntryPoint\",\"urlTemplate\":\"https:\\\/\\\/www.nepelius.com\\\/?s={search_term_string}\"},\"query-input\":{\"@type\":\"PropertyValueSpecification\",\"valueRequired\":true,\"valueName\":\"search_term_string\"}}],\"inLanguage\":\"en-GB\"},{\"@type\":[\"Person\",\"Organization\"],\"@id\":\"https:\\\/\\\/www.nepelius.com\\\/#\\\/schema\\\/person\\\/fb48383c87e305a8d2bbad4aef3524eb\",\"name\":\"Sigrid\",\"image\":{\"@type\":\"ImageObject\",\"inLanguage\":\"en-GB\",\"@id\":\"https:\\\/\\\/www.nepelius.com\\\/wp-content\\\/uploads\\\/cropped-header_neu-1.jpg\",\"url\":\"https:\\\/\\\/www.nepelius.com\\\/wp-content\\\/uploads\\\/cropped-header_neu-1.jpg\",\"contentUrl\":\"https:\\\/\\\/www.nepelius.com\\\/wp-content\\\/uploads\\\/cropped-header_neu-1.jpg\",\"width\":1500,\"height\":224,\"caption\":\"Sigrid\"},\"logo\":{\"@id\":\"https:\\\/\\\/www.nepelius.com\\\/wp-content\\\/uploads\\\/cropped-header_neu-1.jpg\"},\"sameAs\":[\"https:\\\/\\\/www.facebook.com\\\/sigrid.nepelius.art\",\"https:\\\/\\\/www.instagram.com\\\/sigridnepeliusart\\\/\",\"https:\\\/\\\/www.pinterest.at\\\/sigridnepelius\\\/\"]}]}<\/script>\n<!-- \/ Yoast SEO plugin. -->","yoast_head_json":{"title":"APRILK\u00d6NIGIN - Sigrid Nepelius","robots":{"index":"index","follow":"follow","max-snippet":"max-snippet:-1","max-image-preview":"max-image-preview:large","max-video-preview":"max-video-preview:-1"},"canonical":"https:\/\/www.nepelius.com\/en\/aprilkoenigin\/","og_locale":"en_GB","og_type":"article","og_title":"APRILK\u00d6NIGIN - Sigrid Nepelius","og_description":"Titel: APRILK\u00d6NIGINSerie: MAJEST\u00c4TISCHE MONATSV\u00d6GELMedium: Bleistift auf PapierGr\u00f6\u00dfe: A4, inkl. Passepartout 30 x 40 cmPreis: \u20ac 420,- Sportlich, sportlich, Ihre Majest\u00e4t!Als Mittel- und Langstreckenzieherin ist K\u00f6nigin Rotschwanz topfit und hat \u2013 im Gegensatz zu anderen Staatsoberh\u00e4uptern \u2013 kein Gramm Fett zu viel am K\u00f6rper.Diese Fitness ist bei der Bew\u00e4ltigung der k\u00f6niglichen Pflichten nat\u00fcrlich ein absoluter Vorteil.Auch [&hellip;]","og_url":"https:\/\/www.nepelius.com\/en\/aprilkoenigin\/","og_site_name":"Sigrid Nepelius","article_publisher":"https:\/\/www.facebook.com\/sigrid.nepelius.art","article_modified_time":"2026-04-19T19:02:36+00:00","og_image":[{"width":1200,"height":849,"url":"https:\/\/www.nepelius.com\/wp-content\/uploads\/Aprilkoenigin-1200.jpg","type":"image\/jpeg"}],"twitter_card":"summary_large_image","twitter_misc":{"Estimated reading time":"2 minutes"},"schema":{"@context":"https:\/\/schema.org","@graph":[{"@type":"WebPage","@id":"https:\/\/www.nepelius.com\/aprilkoenigin\/","url":"https:\/\/www.nepelius.com\/aprilkoenigin\/","name":"APRILK\u00d6NIGIN - Sigrid Nepelius","isPartOf":{"@id":"https:\/\/www.nepelius.com\/#website"},"primaryImageOfPage":{"@id":"https:\/\/www.nepelius.com\/aprilkoenigin\/#primaryimage"},"image":{"@id":"https:\/\/www.nepelius.com\/aprilkoenigin\/#primaryimage"},"thumbnailUrl":"https:\/\/www.nepelius.com\/wp-content\/uploads\/Aprilkoenigin-1200.jpg","datePublished":"2026-04-17T21:13:27+00:00","dateModified":"2026-04-19T19:02:36+00:00","breadcrumb":{"@id":"https:\/\/www.nepelius.com\/aprilkoenigin\/#breadcrumb"},"inLanguage":"en-GB","potentialAction":[{"@type":"ReadAction","target":["https:\/\/www.nepelius.com\/aprilkoenigin\/"]}]},{"@type":"ImageObject","inLanguage":"en-GB","@id":"https:\/\/www.nepelius.com\/aprilkoenigin\/#primaryimage","url":"https:\/\/www.nepelius.com\/wp-content\/uploads\/Aprilkoenigin-1200.jpg","contentUrl":"https:\/\/www.nepelius.com\/wp-content\/uploads\/Aprilkoenigin-1200.jpg"},{"@type":"BreadcrumbList","@id":"https:\/\/www.nepelius.com\/aprilkoenigin\/#breadcrumb","itemListElement":[{"@type":"ListItem","position":1,"name":"Startseite","item":"https:\/\/www.nepelius.com\/"},{"@type":"ListItem","position":2,"name":"APRILK\u00d6NIGIN"}]},{"@type":"WebSite","@id":"https:\/\/www.nepelius.com\/#website","url":"https:\/\/www.nepelius.com\/","name":"Sigrid Nepelius","description":"Fine Art","publisher":{"@id":"https:\/\/www.nepelius.com\/#\/schema\/person\/fb48383c87e305a8d2bbad4aef3524eb"},"potentialAction":[{"@type":"SearchAction","target":{"@type":"EntryPoint","urlTemplate":"https:\/\/www.nepelius.com\/?s={search_term_string}"},"query-input":{"@type":"PropertyValueSpecification","valueRequired":true,"valueName":"search_term_string"}}],"inLanguage":"en-GB"},{"@type":["Person","Organization"],"@id":"https:\/\/www.nepelius.com\/#\/schema\/person\/fb48383c87e305a8d2bbad4aef3524eb","name":"Sigrid","image":{"@type":"ImageObject","inLanguage":"en-GB","@id":"https:\/\/www.nepelius.com\/wp-content\/uploads\/cropped-header_neu-1.jpg","url":"https:\/\/www.nepelius.com\/wp-content\/uploads\/cropped-header_neu-1.jpg","contentUrl":"https:\/\/www.nepelius.com\/wp-content\/uploads\/cropped-header_neu-1.jpg","width":1500,"height":224,"caption":"Sigrid"},"logo":{"@id":"https:\/\/www.nepelius.com\/wp-content\/uploads\/cropped-header_neu-1.jpg"},"sameAs":["https:\/\/www.facebook.com\/sigrid.nepelius.art","https:\/\/www.instagram.com\/sigridnepeliusart\/","https:\/\/www.pinterest.at\/sigridnepelius\/"]}]}},"_links":{"self":[{"href":"https:\/\/www.nepelius.com\/en\/wp-json\/wp\/v2\/pages\/5467","targetHints":{"allow":["GET"]}}],"collection":[{"href":"https:\/\/www.nepelius.com\/en\/wp-json\/wp\/v2\/pages"}],"about":[{"href":"https:\/\/www.nepelius.com\/en\/wp-json\/wp\/v2\/types\/page"}],"author":[{"embeddable":true,"href":"https:\/\/www.nepelius.com\/en\/wp-json\/wp\/v2\/users\/2"}],"replies":[{"embeddable":true,"href":"https:\/\/www.nepelius.com\/en\/wp-json\/wp\/v2\/comments?post=5467"}],"version-history":[{"count":5,"href":"https:\/\/www.nepelius.com\/en\/wp-json\/wp\/v2\/pages\/5467\/revisions"}],"predecessor-version":[{"id":5517,"href":"https:\/\/www.nepelius.com\/en\/wp-json\/wp\/v2\/pages\/5467\/revisions\/5517"}],"wp:attachment":[{"href":"https:\/\/www.nepelius.com\/en\/wp-json\/wp\/v2\/media?parent=5467"}],"curies":[{"name":"wp","href":"https:\/\/api.w.org\/{rel}","templated":true}]}}