{"id":5473,"date":"2026-04-17T23:23:10","date_gmt":"2026-04-17T21:23:10","guid":{"rendered":"https:\/\/www.nepelius.com\/?page_id=5473"},"modified":"2026-04-19T21:03:17","modified_gmt":"2026-04-19T19:03:17","slug":"maikoenig","status":"publish","type":"page","link":"https:\/\/www.nepelius.com\/en\/maikoenig\/","title":{"rendered":"MAY KING"},"content":{"rendered":"<div style=\"height:30px\" aria-hidden=\"true\" class=\"wp-block-spacer\"><\/div>\n\n\n\n<figure data-wp-context=\"{&quot;imageId&quot;:&quot;69f2a14c822e6&quot;}\" data-wp-interactive=\"core\/image\" data-wp-key=\"69f2a14c822e6\" class=\"wp-block-image size-full wp-lightbox-container\"><img loading=\"lazy\" decoding=\"async\" width=\"1200\" height=\"872\" data-wp-class--hide=\"state.isContentHidden\" data-wp-class--show=\"state.isContentVisible\" data-wp-init=\"callbacks.setButtonStyles\" data-wp-on--click=\"actions.showLightbox\" data-wp-on--load=\"callbacks.setButtonStyles\" data-wp-on-window--resize=\"callbacks.setButtonStyles\" src=\"https:\/\/www.nepelius.com\/wp-content\/uploads\/Maikoenig-1200.jpg\" alt=\"\" class=\"wp-image-5139\" srcset=\"https:\/\/www.nepelius.com\/wp-content\/uploads\/Maikoenig-1200.jpg 1200w, https:\/\/www.nepelius.com\/wp-content\/uploads\/Maikoenig-1200-300x218.jpg 300w, https:\/\/www.nepelius.com\/wp-content\/uploads\/Maikoenig-1200-768x558.jpg 768w, https:\/\/www.nepelius.com\/wp-content\/uploads\/Maikoenig-1200-826x600.jpg 826w, https:\/\/www.nepelius.com\/wp-content\/uploads\/Maikoenig-1200-18x12.jpg 18w, https:\/\/www.nepelius.com\/wp-content\/uploads\/Maikoenig-1200-600x436.jpg 600w\" sizes=\"auto, (max-width: 1200px) 100vw, 1200px\" \/><button\n\t\t\tclass=\"lightbox-trigger\"\n\t\t\ttype=\"button\"\n\t\t\taria-haspopup=\"dialog\"\n\t\t\taria-label=\"Enlarge\"\n\t\t\tdata-wp-init=\"callbacks.initTriggerButton\"\n\t\t\tdata-wp-on--click=\"actions.showLightbox\"\n\t\t\tdata-wp-style--right=\"state.imageButtonRight\"\n\t\t\tdata-wp-style--top=\"state.imageButtonTop\"\n\t\t>\n\t\t\t<svg xmlns=\"http:\/\/www.w3.org\/2000\/svg\" width=\"12\" height=\"12\" fill=\"none\" viewbox=\"0 0 12 12\">\n\t\t\t\t<path fill=\"#fff\" d=\"M2 0a2 2 0 0 0-2 2v2h1.5V2a.5.5 0 0 1 .5-.5h2V0H2Zm2 10.5H2a.5.5 0 0 1-.5-.5V8H0v2a2 2 0 0 0 2 2h2v-1.5ZM8 12v-1.5h2a.5.5 0 0 0 .5-.5V8H12v2a2 2 0 0 1-2 2H8Zm2-12a2 2 0 0 1 2 2v2h-1.5V2a.5.5 0 0 0-.5-.5H8V0h2Z\" \/>\n\t\t\t<\/svg>\n\t\t<\/button><\/figure>\n\n\n\n<figure class=\"wp-block-gallery has-nested-images columns-default is-cropped wp-block-gallery-1 is-layout-flex wp-block-gallery-is-layout-flex\">\n<figure data-wp-context=\"{&quot;imageId&quot;:&quot;69f2a14c82b55&quot;}\" data-wp-interactive=\"core\/image\" data-wp-key=\"69f2a14c82b55\" class=\"wp-block-image size-full wp-lightbox-container\"><img loading=\"lazy\" decoding=\"async\" width=\"1000\" height=\"667\" data-wp-class--hide=\"state.isContentHidden\" data-wp-class--show=\"state.isContentVisible\" data-wp-init=\"callbacks.setButtonStyles\" data-wp-on--click=\"actions.showLightbox\" data-wp-on--load=\"callbacks.setButtonStyles\" data-wp-on-window--resize=\"callbacks.setButtonStyles\" data-id=\"5142\" src=\"https:\/\/www.nepelius.com\/wp-content\/uploads\/maikoenig-mockup.jpg\" alt=\"\" class=\"wp-image-5142\" srcset=\"https:\/\/www.nepelius.com\/wp-content\/uploads\/maikoenig-mockup.jpg 1000w, https:\/\/www.nepelius.com\/wp-content\/uploads\/maikoenig-mockup-300x200.jpg 300w, https:\/\/www.nepelius.com\/wp-content\/uploads\/maikoenig-mockup-768x512.jpg 768w, https:\/\/www.nepelius.com\/wp-content\/uploads\/maikoenig-mockup-900x600.jpg 900w, https:\/\/www.nepelius.com\/wp-content\/uploads\/maikoenig-mockup-18x12.jpg 18w, https:\/\/www.nepelius.com\/wp-content\/uploads\/maikoenig-mockup-600x400.jpg 600w\" sizes=\"auto, (max-width: 1000px) 100vw, 1000px\" \/><button\n\t\t\tclass=\"lightbox-trigger\"\n\t\t\ttype=\"button\"\n\t\t\taria-haspopup=\"dialog\"\n\t\t\taria-label=\"Enlarge\"\n\t\t\tdata-wp-init=\"callbacks.initTriggerButton\"\n\t\t\tdata-wp-on--click=\"actions.showLightbox\"\n\t\t\tdata-wp-style--right=\"state.imageButtonRight\"\n\t\t\tdata-wp-style--top=\"state.imageButtonTop\"\n\t\t>\n\t\t\t<svg xmlns=\"http:\/\/www.w3.org\/2000\/svg\" width=\"12\" height=\"12\" fill=\"none\" viewbox=\"0 0 12 12\">\n\t\t\t\t<path fill=\"#fff\" d=\"M2 0a2 2 0 0 0-2 2v2h1.5V2a.5.5 0 0 1 .5-.5h2V0H2Zm2 10.5H2a.5.5 0 0 1-.5-.5V8H0v2a2 2 0 0 0 2 2h2v-1.5ZM8 12v-1.5h2a.5.5 0 0 0 .5-.5V8H12v2a2 2 0 0 1-2 2H8Zm2-12a2 2 0 0 1 2 2v2h-1.5V2a.5.5 0 0 0-.5-.5H8V0h2Z\" \/>\n\t\t\t<\/svg>\n\t\t<\/button><\/figure>\n\n\n\n<figure data-wp-context=\"{&quot;imageId&quot;:&quot;69f2a14c83114&quot;}\" data-wp-interactive=\"core\/image\" data-wp-key=\"69f2a14c83114\" class=\"wp-block-image size-full wp-lightbox-container\"><img loading=\"lazy\" decoding=\"async\" width=\"800\" height=\"600\" data-wp-class--hide=\"state.isContentHidden\" data-wp-class--show=\"state.isContentVisible\" data-wp-init=\"callbacks.setButtonStyles\" data-wp-on--click=\"actions.showLightbox\" data-wp-on--load=\"callbacks.setButtonStyles\" data-wp-on-window--resize=\"callbacks.setButtonStyles\" data-id=\"5140\" src=\"https:\/\/www.nepelius.com\/wp-content\/uploads\/maikoenig-passepartout.jpg\" alt=\"\" class=\"wp-image-5140\" srcset=\"https:\/\/www.nepelius.com\/wp-content\/uploads\/maikoenig-passepartout.jpg 800w, https:\/\/www.nepelius.com\/wp-content\/uploads\/maikoenig-passepartout-300x225.jpg 300w, https:\/\/www.nepelius.com\/wp-content\/uploads\/maikoenig-passepartout-768x576.jpg 768w, https:\/\/www.nepelius.com\/wp-content\/uploads\/maikoenig-passepartout-16x12.jpg 16w, https:\/\/www.nepelius.com\/wp-content\/uploads\/maikoenig-passepartout-600x450.jpg 600w\" sizes=\"auto, (max-width: 800px) 100vw, 800px\" \/><button\n\t\t\tclass=\"lightbox-trigger\"\n\t\t\ttype=\"button\"\n\t\t\taria-haspopup=\"dialog\"\n\t\t\taria-label=\"Enlarge\"\n\t\t\tdata-wp-init=\"callbacks.initTriggerButton\"\n\t\t\tdata-wp-on--click=\"actions.showLightbox\"\n\t\t\tdata-wp-style--right=\"state.imageButtonRight\"\n\t\t\tdata-wp-style--top=\"state.imageButtonTop\"\n\t\t>\n\t\t\t<svg xmlns=\"http:\/\/www.w3.org\/2000\/svg\" width=\"12\" height=\"12\" fill=\"none\" viewbox=\"0 0 12 12\">\n\t\t\t\t<path fill=\"#fff\" d=\"M2 0a2 2 0 0 0-2 2v2h1.5V2a.5.5 0 0 1 .5-.5h2V0H2Zm2 10.5H2a.5.5 0 0 1-.5-.5V8H0v2a2 2 0 0 0 2 2h2v-1.5ZM8 12v-1.5h2a.5.5 0 0 0 .5-.5V8H12v2a2 2 0 0 1-2 2H8Zm2-12a2 2 0 0 1 2 2v2h-1.5V2a.5.5 0 0 0-.5-.5H8V0h2Z\" \/>\n\t\t\t<\/svg>\n\t\t<\/button><\/figure>\n<\/figure>\n\n\n\n<div style=\"height:30px\" aria-hidden=\"true\" class=\"wp-block-spacer\"><\/div>\n\n\n\n<p>Title: MAY KING<br>Series: MAJESTIC BIRDS OF THE MONTH<br>Medium: Pencil on paper<br>Size: A4, including mat: 30 x 40 cm<br>Price: \u20ac420<\/p>\n\n\n\n<p>King Bullfinch I is known for his quiet and reserved character.<br>It is rumored in the kingdom that this is a side effect of his vegetarian diet.<br>But there is one thing that really does roil her majesty: snow.<br>As soon as the first flakes fall, he packs his belongings and flees to the valley, where he even deigns to dine with the common folk at the birdhouse.<\/p>\n\n\n\n<p>If you'd like to welcome this creature into your home, <a href=\"mailto:atelier@nepelius.com\">feel free to send me an email<\/a>!<\/p>","protected":false},"excerpt":{"rendered":"<p>Titel: MAIK\u00d6NIGSerie: MAJEST\u00c4TISCHE MONATSV\u00d6GELMedium: Bleistift auf PapierGr\u00f6\u00dfe: A4, inkl. Passepartout 30 x 40 cmPreis: \u20ac 420,- K\u00f6nig Gimpel der I. ist bekannt f\u00fcr seinen ruhigen und zur\u00fcckhaltenden Charakter.Im K\u00f6nigreich wird gemunkelt, das w\u00e4re ein Nebeneffekt seiner vegetarischen Ern\u00e4hrung.Es gibt aber tats\u00e4chlich eine Sache, die ihre Majest\u00e4t in Aufruhr versetzt: Schnee.Sobald die ersten Flocken fallen, packt [&hellip;]<\/p>\n","protected":false},"author":2,"featured_media":0,"parent":0,"menu_order":0,"comment_status":"closed","ping_status":"closed","template":"","meta":{"zakra_page_container_layout":"customizer","zakra_page_sidebar_layout":"customizer","zakra_remove_content_margin":false,"zakra_sidebar":"customizer","zakra_transparent_header":"customizer","zakra_logo":0,"zakra_main_header_style":"default","zakra_menu_item_color":"","zakra_menu_item_hover_color":"","zakra_menu_item_active_color":"","zakra_menu_active_style":"","zakra_page_header":true,"footnotes":""},"class_list":["post-5473","page","type-page","status-publish","hentry"],"yoast_head":"<!-- This site is optimized with the Yoast SEO plugin v27.4 - https:\/\/yoast.com\/product\/yoast-seo-wordpress\/ -->\n<title>MAIK\u00d6NIG - Sigrid Nepelius<\/title>\n<meta name=\"robots\" content=\"index, follow, max-snippet:-1, max-image-preview:large, max-video-preview:-1\" \/>\n<link rel=\"canonical\" href=\"https:\/\/www.nepelius.com\/en\/maikoenig\/\" \/>\n<meta property=\"og:locale\" content=\"en_GB\" \/>\n<meta property=\"og:type\" content=\"article\" \/>\n<meta property=\"og:title\" content=\"MAIK\u00d6NIG - Sigrid Nepelius\" \/>\n<meta property=\"og:description\" content=\"Titel: MAIK\u00d6NIGSerie: MAJEST\u00c4TISCHE MONATSV\u00d6GELMedium: Bleistift auf PapierGr\u00f6\u00dfe: A4, inkl. Passepartout 30 x 40 cmPreis: \u20ac 420,- K\u00f6nig Gimpel der I. ist bekannt f\u00fcr seinen ruhigen und zur\u00fcckhaltenden Charakter.Im K\u00f6nigreich wird gemunkelt, das w\u00e4re ein Nebeneffekt seiner vegetarischen Ern\u00e4hrung.Es gibt aber tats\u00e4chlich eine Sache, die ihre Majest\u00e4t in Aufruhr versetzt: Schnee.Sobald die ersten Flocken fallen, packt [&hellip;]\" \/>\n<meta property=\"og:url\" content=\"https:\/\/www.nepelius.com\/en\/maikoenig\/\" \/>\n<meta property=\"og:site_name\" content=\"Sigrid Nepelius\" \/>\n<meta property=\"article:publisher\" content=\"https:\/\/www.facebook.com\/sigrid.nepelius.art\" \/>\n<meta property=\"article:modified_time\" content=\"2026-04-19T19:03:17+00:00\" \/>\n<meta property=\"og:image\" content=\"https:\/\/www.nepelius.com\/wp-content\/uploads\/Maikoenig-1200.jpg\" \/>\n\t<meta property=\"og:image:width\" content=\"1200\" \/>\n\t<meta property=\"og:image:height\" content=\"872\" \/>\n\t<meta property=\"og:image:type\" content=\"image\/jpeg\" \/>\n<meta name=\"twitter:card\" content=\"summary_large_image\" \/>\n<meta name=\"twitter:label1\" content=\"Estimated reading time\" \/>\n\t<meta name=\"twitter:data1\" content=\"2 minutes\" \/>\n<script type=\"application\/ld+json\" class=\"yoast-schema-graph\">{\"@context\":\"https:\\\/\\\/schema.org\",\"@graph\":[{\"@type\":\"WebPage\",\"@id\":\"https:\\\/\\\/www.nepelius.com\\\/maikoenig\\\/\",\"url\":\"https:\\\/\\\/www.nepelius.com\\\/maikoenig\\\/\",\"name\":\"MAIK\u00d6NIG - Sigrid Nepelius\",\"isPartOf\":{\"@id\":\"https:\\\/\\\/www.nepelius.com\\\/#website\"},\"primaryImageOfPage\":{\"@id\":\"https:\\\/\\\/www.nepelius.com\\\/maikoenig\\\/#primaryimage\"},\"image\":{\"@id\":\"https:\\\/\\\/www.nepelius.com\\\/maikoenig\\\/#primaryimage\"},\"thumbnailUrl\":\"https:\\\/\\\/www.nepelius.com\\\/wp-content\\\/uploads\\\/Maikoenig-1200.jpg\",\"datePublished\":\"2026-04-17T21:23:10+00:00\",\"dateModified\":\"2026-04-19T19:03:17+00:00\",\"breadcrumb\":{\"@id\":\"https:\\\/\\\/www.nepelius.com\\\/maikoenig\\\/#breadcrumb\"},\"inLanguage\":\"en-GB\",\"potentialAction\":[{\"@type\":\"ReadAction\",\"target\":[\"https:\\\/\\\/www.nepelius.com\\\/maikoenig\\\/\"]}]},{\"@type\":\"ImageObject\",\"inLanguage\":\"en-GB\",\"@id\":\"https:\\\/\\\/www.nepelius.com\\\/maikoenig\\\/#primaryimage\",\"url\":\"https:\\\/\\\/www.nepelius.com\\\/wp-content\\\/uploads\\\/Maikoenig-1200.jpg\",\"contentUrl\":\"https:\\\/\\\/www.nepelius.com\\\/wp-content\\\/uploads\\\/Maikoenig-1200.jpg\"},{\"@type\":\"BreadcrumbList\",\"@id\":\"https:\\\/\\\/www.nepelius.com\\\/maikoenig\\\/#breadcrumb\",\"itemListElement\":[{\"@type\":\"ListItem\",\"position\":1,\"name\":\"Startseite\",\"item\":\"https:\\\/\\\/www.nepelius.com\\\/\"},{\"@type\":\"ListItem\",\"position\":2,\"name\":\"MAIK\u00d6NIG\"}]},{\"@type\":\"WebSite\",\"@id\":\"https:\\\/\\\/www.nepelius.com\\\/#website\",\"url\":\"https:\\\/\\\/www.nepelius.com\\\/\",\"name\":\"Sigrid Nepelius\",\"description\":\"Fine Art\",\"publisher\":{\"@id\":\"https:\\\/\\\/www.nepelius.com\\\/#\\\/schema\\\/person\\\/fb48383c87e305a8d2bbad4aef3524eb\"},\"potentialAction\":[{\"@type\":\"SearchAction\",\"target\":{\"@type\":\"EntryPoint\",\"urlTemplate\":\"https:\\\/\\\/www.nepelius.com\\\/?s={search_term_string}\"},\"query-input\":{\"@type\":\"PropertyValueSpecification\",\"valueRequired\":true,\"valueName\":\"search_term_string\"}}],\"inLanguage\":\"en-GB\"},{\"@type\":[\"Person\",\"Organization\"],\"@id\":\"https:\\\/\\\/www.nepelius.com\\\/#\\\/schema\\\/person\\\/fb48383c87e305a8d2bbad4aef3524eb\",\"name\":\"Sigrid\",\"image\":{\"@type\":\"ImageObject\",\"inLanguage\":\"en-GB\",\"@id\":\"https:\\\/\\\/www.nepelius.com\\\/wp-content\\\/uploads\\\/cropped-header_neu-1.jpg\",\"url\":\"https:\\\/\\\/www.nepelius.com\\\/wp-content\\\/uploads\\\/cropped-header_neu-1.jpg\",\"contentUrl\":\"https:\\\/\\\/www.nepelius.com\\\/wp-content\\\/uploads\\\/cropped-header_neu-1.jpg\",\"width\":1500,\"height\":224,\"caption\":\"Sigrid\"},\"logo\":{\"@id\":\"https:\\\/\\\/www.nepelius.com\\\/wp-content\\\/uploads\\\/cropped-header_neu-1.jpg\"},\"sameAs\":[\"https:\\\/\\\/www.facebook.com\\\/sigrid.nepelius.art\",\"https:\\\/\\\/www.instagram.com\\\/sigridnepeliusart\\\/\",\"https:\\\/\\\/www.pinterest.at\\\/sigridnepelius\\\/\"]}]}<\/script>\n<!-- \/ Yoast SEO plugin. -->","yoast_head_json":{"title":"MAIK\u00d6NIG - Sigrid Nepelius","robots":{"index":"index","follow":"follow","max-snippet":"max-snippet:-1","max-image-preview":"max-image-preview:large","max-video-preview":"max-video-preview:-1"},"canonical":"https:\/\/www.nepelius.com\/en\/maikoenig\/","og_locale":"en_GB","og_type":"article","og_title":"MAIK\u00d6NIG - Sigrid Nepelius","og_description":"Titel: MAIK\u00d6NIGSerie: MAJEST\u00c4TISCHE MONATSV\u00d6GELMedium: Bleistift auf PapierGr\u00f6\u00dfe: A4, inkl. Passepartout 30 x 40 cmPreis: \u20ac 420,- K\u00f6nig Gimpel der I. ist bekannt f\u00fcr seinen ruhigen und zur\u00fcckhaltenden Charakter.Im K\u00f6nigreich wird gemunkelt, das w\u00e4re ein Nebeneffekt seiner vegetarischen Ern\u00e4hrung.Es gibt aber tats\u00e4chlich eine Sache, die ihre Majest\u00e4t in Aufruhr versetzt: Schnee.Sobald die ersten Flocken fallen, packt [&hellip;]","og_url":"https:\/\/www.nepelius.com\/en\/maikoenig\/","og_site_name":"Sigrid Nepelius","article_publisher":"https:\/\/www.facebook.com\/sigrid.nepelius.art","article_modified_time":"2026-04-19T19:03:17+00:00","og_image":[{"width":1200,"height":872,"url":"https:\/\/www.nepelius.com\/wp-content\/uploads\/Maikoenig-1200.jpg","type":"image\/jpeg"}],"twitter_card":"summary_large_image","twitter_misc":{"Estimated reading time":"2 minutes"},"schema":{"@context":"https:\/\/schema.org","@graph":[{"@type":"WebPage","@id":"https:\/\/www.nepelius.com\/maikoenig\/","url":"https:\/\/www.nepelius.com\/maikoenig\/","name":"MAIK\u00d6NIG - Sigrid Nepelius","isPartOf":{"@id":"https:\/\/www.nepelius.com\/#website"},"primaryImageOfPage":{"@id":"https:\/\/www.nepelius.com\/maikoenig\/#primaryimage"},"image":{"@id":"https:\/\/www.nepelius.com\/maikoenig\/#primaryimage"},"thumbnailUrl":"https:\/\/www.nepelius.com\/wp-content\/uploads\/Maikoenig-1200.jpg","datePublished":"2026-04-17T21:23:10+00:00","dateModified":"2026-04-19T19:03:17+00:00","breadcrumb":{"@id":"https:\/\/www.nepelius.com\/maikoenig\/#breadcrumb"},"inLanguage":"en-GB","potentialAction":[{"@type":"ReadAction","target":["https:\/\/www.nepelius.com\/maikoenig\/"]}]},{"@type":"ImageObject","inLanguage":"en-GB","@id":"https:\/\/www.nepelius.com\/maikoenig\/#primaryimage","url":"https:\/\/www.nepelius.com\/wp-content\/uploads\/Maikoenig-1200.jpg","contentUrl":"https:\/\/www.nepelius.com\/wp-content\/uploads\/Maikoenig-1200.jpg"},{"@type":"BreadcrumbList","@id":"https:\/\/www.nepelius.com\/maikoenig\/#breadcrumb","itemListElement":[{"@type":"ListItem","position":1,"name":"Startseite","item":"https:\/\/www.nepelius.com\/"},{"@type":"ListItem","position":2,"name":"MAIK\u00d6NIG"}]},{"@type":"WebSite","@id":"https:\/\/www.nepelius.com\/#website","url":"https:\/\/www.nepelius.com\/","name":"Sigrid Nepelius","description":"Fine Art","publisher":{"@id":"https:\/\/www.nepelius.com\/#\/schema\/person\/fb48383c87e305a8d2bbad4aef3524eb"},"potentialAction":[{"@type":"SearchAction","target":{"@type":"EntryPoint","urlTemplate":"https:\/\/www.nepelius.com\/?s={search_term_string}"},"query-input":{"@type":"PropertyValueSpecification","valueRequired":true,"valueName":"search_term_string"}}],"inLanguage":"en-GB"},{"@type":["Person","Organization"],"@id":"https:\/\/www.nepelius.com\/#\/schema\/person\/fb48383c87e305a8d2bbad4aef3524eb","name":"Sigrid","image":{"@type":"ImageObject","inLanguage":"en-GB","@id":"https:\/\/www.nepelius.com\/wp-content\/uploads\/cropped-header_neu-1.jpg","url":"https:\/\/www.nepelius.com\/wp-content\/uploads\/cropped-header_neu-1.jpg","contentUrl":"https:\/\/www.nepelius.com\/wp-content\/uploads\/cropped-header_neu-1.jpg","width":1500,"height":224,"caption":"Sigrid"},"logo":{"@id":"https:\/\/www.nepelius.com\/wp-content\/uploads\/cropped-header_neu-1.jpg"},"sameAs":["https:\/\/www.facebook.com\/sigrid.nepelius.art","https:\/\/www.instagram.com\/sigridnepeliusart\/","https:\/\/www.pinterest.at\/sigridnepelius\/"]}]}},"_links":{"self":[{"href":"https:\/\/www.nepelius.com\/en\/wp-json\/wp\/v2\/pages\/5473","targetHints":{"allow":["GET"]}}],"collection":[{"href":"https:\/\/www.nepelius.com\/en\/wp-json\/wp\/v2\/pages"}],"about":[{"href":"https:\/\/www.nepelius.com\/en\/wp-json\/wp\/v2\/types\/page"}],"author":[{"embeddable":true,"href":"https:\/\/www.nepelius.com\/en\/wp-json\/wp\/v2\/users\/2"}],"replies":[{"embeddable":true,"href":"https:\/\/www.nepelius.com\/en\/wp-json\/wp\/v2\/comments?post=5473"}],"version-history":[{"count":3,"href":"https:\/\/www.nepelius.com\/en\/wp-json\/wp\/v2\/pages\/5473\/revisions"}],"predecessor-version":[{"id":5518,"href":"https:\/\/www.nepelius.com\/en\/wp-json\/wp\/v2\/pages\/5473\/revisions\/5518"}],"wp:attachment":[{"href":"https:\/\/www.nepelius.com\/en\/wp-json\/wp\/v2\/media?parent=5473"}],"curies":[{"name":"wp","href":"https:\/\/api.w.org\/{rel}","templated":true}]}}