{"id":5494,"date":"2026-04-18T17:59:56","date_gmt":"2026-04-18T15:59:56","guid":{"rendered":"https:\/\/www.nepelius.com\/?page_id=5494"},"modified":"2026-04-19T21:06:09","modified_gmt":"2026-04-19T19:06:09","slug":"cyclamen-goldfisch","status":"publish","type":"page","link":"https:\/\/www.nepelius.com\/en\/cyclamen-goldfisch\/","title":{"rendered":"CYCLAMEN GOLDFISH"},"content":{"rendered":"<div style=\"height:30px\" aria-hidden=\"true\" class=\"wp-block-spacer\"><\/div>\n\n\n\n<figure data-wp-context=\"{&quot;imageId&quot;:&quot;69ed0a4c4f0c0&quot;}\" data-wp-interactive=\"core\/image\" data-wp-key=\"69ed0a4c4f0c0\" class=\"wp-block-image size-full wp-lightbox-container\"><img loading=\"lazy\" decoding=\"async\" width=\"800\" height=\"627\" data-wp-class--hide=\"state.isContentHidden\" data-wp-class--show=\"state.isContentVisible\" data-wp-init=\"callbacks.setButtonStyles\" data-wp-on--click=\"actions.showLightbox\" data-wp-on--load=\"callbacks.setButtonStyles\" data-wp-on-window--resize=\"callbacks.setButtonStyles\" src=\"https:\/\/www.nepelius.com\/wp-content\/uploads\/Cyclamen-Goldfisch.jpeg\" alt=\"\" class=\"wp-image-1831\" srcset=\"https:\/\/www.nepelius.com\/wp-content\/uploads\/Cyclamen-Goldfisch.jpeg 800w, https:\/\/www.nepelius.com\/wp-content\/uploads\/Cyclamen-Goldfisch-300x235.jpeg 300w, https:\/\/www.nepelius.com\/wp-content\/uploads\/Cyclamen-Goldfisch-768x602.jpeg 768w, https:\/\/www.nepelius.com\/wp-content\/uploads\/Cyclamen-Goldfisch-766x600.jpeg 766w, https:\/\/www.nepelius.com\/wp-content\/uploads\/Cyclamen-Goldfisch-15x12.jpeg 15w, https:\/\/www.nepelius.com\/wp-content\/uploads\/Cyclamen-Goldfisch-600x470.jpeg 600w, https:\/\/www.nepelius.com\/wp-content\/uploads\/Cyclamen-Goldfisch-250x196.jpeg 250w\" sizes=\"auto, (max-width: 800px) 100vw, 800px\" \/><button\n\t\t\tclass=\"lightbox-trigger\"\n\t\t\ttype=\"button\"\n\t\t\taria-haspopup=\"dialog\"\n\t\t\taria-label=\"Enlarge\"\n\t\t\tdata-wp-init=\"callbacks.initTriggerButton\"\n\t\t\tdata-wp-on--click=\"actions.showLightbox\"\n\t\t\tdata-wp-style--right=\"state.imageButtonRight\"\n\t\t\tdata-wp-style--top=\"state.imageButtonTop\"\n\t\t>\n\t\t\t<svg xmlns=\"http:\/\/www.w3.org\/2000\/svg\" width=\"12\" height=\"12\" fill=\"none\" viewbox=\"0 0 12 12\">\n\t\t\t\t<path fill=\"#fff\" d=\"M2 0a2 2 0 0 0-2 2v2h1.5V2a.5.5 0 0 1 .5-.5h2V0H2Zm2 10.5H2a.5.5 0 0 1-.5-.5V8H0v2a2 2 0 0 0 2 2h2v-1.5ZM8 12v-1.5h2a.5.5 0 0 0 .5-.5V8H12v2a2 2 0 0 1-2 2H8Zm2-12a2 2 0 0 1 2 2v2h-1.5V2a.5.5 0 0 0-.5-.5H8V0h2Z\" \/>\n\t\t\t<\/svg>\n\t\t<\/button><\/figure>\n\n\n\n<figure class=\"wp-block-gallery has-nested-images columns-default is-cropped wp-block-gallery-1 is-layout-flex wp-block-gallery-is-layout-flex\">\n<figure data-wp-context=\"{&quot;imageId&quot;:&quot;69ed0a4c4f89c&quot;}\" data-wp-interactive=\"core\/image\" data-wp-key=\"69ed0a4c4f89c\" class=\"wp-block-image size-full wp-lightbox-container\"><img loading=\"lazy\" decoding=\"async\" width=\"1000\" height=\"667\" data-wp-class--hide=\"state.isContentHidden\" data-wp-class--show=\"state.isContentVisible\" data-wp-init=\"callbacks.setButtonStyles\" data-wp-on--click=\"actions.showLightbox\" data-wp-on--load=\"callbacks.setButtonStyles\" data-wp-on-window--resize=\"callbacks.setButtonStyles\" data-id=\"5069\" src=\"https:\/\/www.nepelius.com\/wp-content\/uploads\/cyclamengoldfisch-mockup.jpg\" alt=\"\" class=\"wp-image-5069\" srcset=\"https:\/\/www.nepelius.com\/wp-content\/uploads\/cyclamengoldfisch-mockup.jpg 1000w, https:\/\/www.nepelius.com\/wp-content\/uploads\/cyclamengoldfisch-mockup-300x200.jpg 300w, https:\/\/www.nepelius.com\/wp-content\/uploads\/cyclamengoldfisch-mockup-768x512.jpg 768w, https:\/\/www.nepelius.com\/wp-content\/uploads\/cyclamengoldfisch-mockup-900x600.jpg 900w, https:\/\/www.nepelius.com\/wp-content\/uploads\/cyclamengoldfisch-mockup-18x12.jpg 18w, https:\/\/www.nepelius.com\/wp-content\/uploads\/cyclamengoldfisch-mockup-600x400.jpg 600w, https:\/\/www.nepelius.com\/wp-content\/uploads\/cyclamengoldfisch-mockup-250x167.jpg 250w\" sizes=\"auto, (max-width: 1000px) 100vw, 1000px\" \/><button\n\t\t\tclass=\"lightbox-trigger\"\n\t\t\ttype=\"button\"\n\t\t\taria-haspopup=\"dialog\"\n\t\t\taria-label=\"Enlarge\"\n\t\t\tdata-wp-init=\"callbacks.initTriggerButton\"\n\t\t\tdata-wp-on--click=\"actions.showLightbox\"\n\t\t\tdata-wp-style--right=\"state.imageButtonRight\"\n\t\t\tdata-wp-style--top=\"state.imageButtonTop\"\n\t\t>\n\t\t\t<svg xmlns=\"http:\/\/www.w3.org\/2000\/svg\" width=\"12\" height=\"12\" fill=\"none\" viewbox=\"0 0 12 12\">\n\t\t\t\t<path fill=\"#fff\" d=\"M2 0a2 2 0 0 0-2 2v2h1.5V2a.5.5 0 0 1 .5-.5h2V0H2Zm2 10.5H2a.5.5 0 0 1-.5-.5V8H0v2a2 2 0 0 0 2 2h2v-1.5ZM8 12v-1.5h2a.5.5 0 0 0 .5-.5V8H12v2a2 2 0 0 1-2 2H8Zm2-12a2 2 0 0 1 2 2v2h-1.5V2a.5.5 0 0 0-.5-.5H8V0h2Z\" \/>\n\t\t\t<\/svg>\n\t\t<\/button><\/figure>\n\n\n\n<figure data-wp-context=\"{&quot;imageId&quot;:&quot;69ed0a4c4feac&quot;}\" data-wp-interactive=\"core\/image\" data-wp-key=\"69ed0a4c4feac\" class=\"wp-block-image size-full wp-lightbox-container\"><img loading=\"lazy\" decoding=\"async\" width=\"800\" height=\"600\" data-wp-class--hide=\"state.isContentHidden\" data-wp-class--show=\"state.isContentVisible\" data-wp-init=\"callbacks.setButtonStyles\" data-wp-on--click=\"actions.showLightbox\" data-wp-on--load=\"callbacks.setButtonStyles\" data-wp-on-window--resize=\"callbacks.setButtonStyles\" data-id=\"4322\" src=\"https:\/\/www.nepelius.com\/wp-content\/uploads\/o_cyclamengoldfisch.jpg\" alt=\"\" class=\"wp-image-4322\" srcset=\"https:\/\/www.nepelius.com\/wp-content\/uploads\/o_cyclamengoldfisch.jpg 800w, https:\/\/www.nepelius.com\/wp-content\/uploads\/o_cyclamengoldfisch-300x225.jpg 300w, https:\/\/www.nepelius.com\/wp-content\/uploads\/o_cyclamengoldfisch-16x12.jpg 16w, https:\/\/www.nepelius.com\/wp-content\/uploads\/o_cyclamengoldfisch-768x576.jpg 768w, https:\/\/www.nepelius.com\/wp-content\/uploads\/o_cyclamengoldfisch-600x450.jpg 600w, https:\/\/www.nepelius.com\/wp-content\/uploads\/o_cyclamengoldfisch-250x188.jpg 250w\" sizes=\"auto, (max-width: 800px) 100vw, 800px\" \/><button\n\t\t\tclass=\"lightbox-trigger\"\n\t\t\ttype=\"button\"\n\t\t\taria-haspopup=\"dialog\"\n\t\t\taria-label=\"Enlarge\"\n\t\t\tdata-wp-init=\"callbacks.initTriggerButton\"\n\t\t\tdata-wp-on--click=\"actions.showLightbox\"\n\t\t\tdata-wp-style--right=\"state.imageButtonRight\"\n\t\t\tdata-wp-style--top=\"state.imageButtonTop\"\n\t\t>\n\t\t\t<svg xmlns=\"http:\/\/www.w3.org\/2000\/svg\" width=\"12\" height=\"12\" fill=\"none\" viewbox=\"0 0 12 12\">\n\t\t\t\t<path fill=\"#fff\" d=\"M2 0a2 2 0 0 0-2 2v2h1.5V2a.5.5 0 0 1 .5-.5h2V0H2Zm2 10.5H2a.5.5 0 0 1-.5-.5V8H0v2a2 2 0 0 0 2 2h2v-1.5ZM8 12v-1.5h2a.5.5 0 0 0 .5-.5V8H12v2a2 2 0 0 1-2 2H8Zm2-12a2 2 0 0 1 2 2v2h-1.5V2a.5.5 0 0 0-.5-.5H8V0h2Z\" \/>\n\t\t\t<\/svg>\n\t\t<\/button><\/figure>\n<\/figure>\n\n\n\n<div style=\"height:30px\" aria-hidden=\"true\" class=\"wp-block-spacer\"><\/div>\n\n\n\n<p>Title: CYCLAMEN GOLDFISH<br>Series: LEAF AND FLOWER ANIMALS<br>Medium: Colored pencil on paper<br>Size: 13.5 x 19 cm, including double mat (30 x 40 cm)<br>Price: \u20ac 270<\/p>\n\n\n\n<p>Great\u2026 now, as I stroll through the garden, I feel like I\u2019m swimming in the ocean. Everywhere there should be flowers, I suddenly see nothing but fish.<\/p>\n\n\n\n<p>If you'd like to welcome this creature into your home, <a href=\"mailto:atelier@nepelius.com\">feel free to send me an email<\/a>!<\/p>","protected":false},"excerpt":{"rendered":"<p>Titel: CYCLAMEN-GOLDFISCHSerie: BLATT- UND BL\u00dcTENTIEREMedium: Farbstift auf PapierGr\u00f6\u00dfe: 13,5 x 19 cm, inkl. Doppel-Passepartout 30 x 40 cmPreis: \u20ac 270,- Na toll \u2026 jetzt komme ich mir beim Schlendern durch den Garten vor, als w\u00fcrde ich im Ozean schwimmen. \u00dcberall dort, wo Bl\u00fcten sein sollten, sehe ich pl\u00f6tzlich nur noch Fische. Wenn du dieses Wesen [&hellip;]<\/p>\n","protected":false},"author":2,"featured_media":0,"parent":0,"menu_order":0,"comment_status":"closed","ping_status":"closed","template":"","meta":{"zakra_page_container_layout":"customizer","zakra_page_sidebar_layout":"customizer","zakra_remove_content_margin":false,"zakra_sidebar":"customizer","zakra_transparent_header":"customizer","zakra_logo":0,"zakra_main_header_style":"default","zakra_menu_item_color":"","zakra_menu_item_hover_color":"","zakra_menu_item_active_color":"","zakra_menu_active_style":"","zakra_page_header":true,"footnotes":""},"class_list":["post-5494","page","type-page","status-publish","hentry"],"yoast_head":"<!-- This site is optimized with the Yoast SEO plugin v27.4 - https:\/\/yoast.com\/product\/yoast-seo-wordpress\/ -->\n<title>CYCLAMEN-GOLDFISCH - Sigrid Nepelius<\/title>\n<meta name=\"robots\" content=\"index, follow, max-snippet:-1, max-image-preview:large, max-video-preview:-1\" \/>\n<link rel=\"canonical\" href=\"https:\/\/www.nepelius.com\/en\/cyclamen-goldfisch\/\" \/>\n<meta property=\"og:locale\" content=\"en_GB\" \/>\n<meta property=\"og:type\" content=\"article\" \/>\n<meta property=\"og:title\" content=\"CYCLAMEN-GOLDFISCH - Sigrid Nepelius\" \/>\n<meta property=\"og:description\" content=\"Titel: CYCLAMEN-GOLDFISCHSerie: BLATT- UND BL\u00dcTENTIEREMedium: Farbstift auf PapierGr\u00f6\u00dfe: 13,5 x 19 cm, inkl. Doppel-Passepartout 30 x 40 cmPreis: \u20ac 270,- Na toll \u2026 jetzt komme ich mir beim Schlendern durch den Garten vor, als w\u00fcrde ich im Ozean schwimmen. \u00dcberall dort, wo Bl\u00fcten sein sollten, sehe ich pl\u00f6tzlich nur noch Fische. Wenn du dieses Wesen [&hellip;]\" \/>\n<meta property=\"og:url\" content=\"https:\/\/www.nepelius.com\/en\/cyclamen-goldfisch\/\" \/>\n<meta property=\"og:site_name\" content=\"Sigrid Nepelius\" \/>\n<meta property=\"article:publisher\" content=\"https:\/\/www.facebook.com\/sigrid.nepelius.art\" \/>\n<meta property=\"article:modified_time\" content=\"2026-04-19T19:06:09+00:00\" \/>\n<meta property=\"og:image\" content=\"https:\/\/www.nepelius.com\/wp-content\/uploads\/Cyclamen-Goldfisch.jpeg\" \/>\n\t<meta property=\"og:image:width\" content=\"800\" \/>\n\t<meta property=\"og:image:height\" content=\"627\" \/>\n\t<meta property=\"og:image:type\" content=\"image\/jpeg\" \/>\n<meta name=\"twitter:card\" content=\"summary_large_image\" \/>\n<meta name=\"twitter:label1\" content=\"Estimated reading time\" \/>\n\t<meta name=\"twitter:data1\" content=\"1 minute\" \/>\n<script type=\"application\/ld+json\" class=\"yoast-schema-graph\">{\"@context\":\"https:\\\/\\\/schema.org\",\"@graph\":[{\"@type\":\"WebPage\",\"@id\":\"https:\\\/\\\/www.nepelius.com\\\/cyclamen-goldfisch\\\/\",\"url\":\"https:\\\/\\\/www.nepelius.com\\\/cyclamen-goldfisch\\\/\",\"name\":\"CYCLAMEN-GOLDFISCH - Sigrid Nepelius\",\"isPartOf\":{\"@id\":\"https:\\\/\\\/www.nepelius.com\\\/#website\"},\"primaryImageOfPage\":{\"@id\":\"https:\\\/\\\/www.nepelius.com\\\/cyclamen-goldfisch\\\/#primaryimage\"},\"image\":{\"@id\":\"https:\\\/\\\/www.nepelius.com\\\/cyclamen-goldfisch\\\/#primaryimage\"},\"thumbnailUrl\":\"https:\\\/\\\/www.nepelius.com\\\/wp-content\\\/uploads\\\/Cyclamen-Goldfisch.jpeg\",\"datePublished\":\"2026-04-18T15:59:56+00:00\",\"dateModified\":\"2026-04-19T19:06:09+00:00\",\"breadcrumb\":{\"@id\":\"https:\\\/\\\/www.nepelius.com\\\/cyclamen-goldfisch\\\/#breadcrumb\"},\"inLanguage\":\"en-GB\",\"potentialAction\":[{\"@type\":\"ReadAction\",\"target\":[\"https:\\\/\\\/www.nepelius.com\\\/cyclamen-goldfisch\\\/\"]}]},{\"@type\":\"ImageObject\",\"inLanguage\":\"en-GB\",\"@id\":\"https:\\\/\\\/www.nepelius.com\\\/cyclamen-goldfisch\\\/#primaryimage\",\"url\":\"https:\\\/\\\/www.nepelius.com\\\/wp-content\\\/uploads\\\/Cyclamen-Goldfisch.jpeg\",\"contentUrl\":\"https:\\\/\\\/www.nepelius.com\\\/wp-content\\\/uploads\\\/Cyclamen-Goldfisch.jpeg\"},{\"@type\":\"BreadcrumbList\",\"@id\":\"https:\\\/\\\/www.nepelius.com\\\/cyclamen-goldfisch\\\/#breadcrumb\",\"itemListElement\":[{\"@type\":\"ListItem\",\"position\":1,\"name\":\"Startseite\",\"item\":\"https:\\\/\\\/www.nepelius.com\\\/\"},{\"@type\":\"ListItem\",\"position\":2,\"name\":\"CYCLAMEN-GOLDFISCH\"}]},{\"@type\":\"WebSite\",\"@id\":\"https:\\\/\\\/www.nepelius.com\\\/#website\",\"url\":\"https:\\\/\\\/www.nepelius.com\\\/\",\"name\":\"Sigrid Nepelius\",\"description\":\"Fine Art\",\"publisher\":{\"@id\":\"https:\\\/\\\/www.nepelius.com\\\/#\\\/schema\\\/person\\\/fb48383c87e305a8d2bbad4aef3524eb\"},\"potentialAction\":[{\"@type\":\"SearchAction\",\"target\":{\"@type\":\"EntryPoint\",\"urlTemplate\":\"https:\\\/\\\/www.nepelius.com\\\/?s={search_term_string}\"},\"query-input\":{\"@type\":\"PropertyValueSpecification\",\"valueRequired\":true,\"valueName\":\"search_term_string\"}}],\"inLanguage\":\"en-GB\"},{\"@type\":[\"Person\",\"Organization\"],\"@id\":\"https:\\\/\\\/www.nepelius.com\\\/#\\\/schema\\\/person\\\/fb48383c87e305a8d2bbad4aef3524eb\",\"name\":\"Sigrid\",\"image\":{\"@type\":\"ImageObject\",\"inLanguage\":\"en-GB\",\"@id\":\"https:\\\/\\\/www.nepelius.com\\\/wp-content\\\/uploads\\\/cropped-header_neu-1.jpg\",\"url\":\"https:\\\/\\\/www.nepelius.com\\\/wp-content\\\/uploads\\\/cropped-header_neu-1.jpg\",\"contentUrl\":\"https:\\\/\\\/www.nepelius.com\\\/wp-content\\\/uploads\\\/cropped-header_neu-1.jpg\",\"width\":1500,\"height\":224,\"caption\":\"Sigrid\"},\"logo\":{\"@id\":\"https:\\\/\\\/www.nepelius.com\\\/wp-content\\\/uploads\\\/cropped-header_neu-1.jpg\"},\"sameAs\":[\"https:\\\/\\\/www.facebook.com\\\/sigrid.nepelius.art\",\"https:\\\/\\\/www.instagram.com\\\/sigridnepeliusart\\\/\",\"https:\\\/\\\/www.pinterest.at\\\/sigridnepelius\\\/\"]}]}<\/script>\n<!-- \/ Yoast SEO plugin. -->","yoast_head_json":{"title":"CYCLAMEN-GOLDFISCH - Sigrid Nepelius","robots":{"index":"index","follow":"follow","max-snippet":"max-snippet:-1","max-image-preview":"max-image-preview:large","max-video-preview":"max-video-preview:-1"},"canonical":"https:\/\/www.nepelius.com\/en\/cyclamen-goldfisch\/","og_locale":"en_GB","og_type":"article","og_title":"CYCLAMEN-GOLDFISCH - Sigrid Nepelius","og_description":"Titel: CYCLAMEN-GOLDFISCHSerie: BLATT- UND BL\u00dcTENTIEREMedium: Farbstift auf PapierGr\u00f6\u00dfe: 13,5 x 19 cm, inkl. Doppel-Passepartout 30 x 40 cmPreis: \u20ac 270,- Na toll \u2026 jetzt komme ich mir beim Schlendern durch den Garten vor, als w\u00fcrde ich im Ozean schwimmen. \u00dcberall dort, wo Bl\u00fcten sein sollten, sehe ich pl\u00f6tzlich nur noch Fische. Wenn du dieses Wesen [&hellip;]","og_url":"https:\/\/www.nepelius.com\/en\/cyclamen-goldfisch\/","og_site_name":"Sigrid Nepelius","article_publisher":"https:\/\/www.facebook.com\/sigrid.nepelius.art","article_modified_time":"2026-04-19T19:06:09+00:00","og_image":[{"width":800,"height":627,"url":"https:\/\/www.nepelius.com\/wp-content\/uploads\/Cyclamen-Goldfisch.jpeg","type":"image\/jpeg"}],"twitter_card":"summary_large_image","twitter_misc":{"Estimated reading time":"1 minute"},"schema":{"@context":"https:\/\/schema.org","@graph":[{"@type":"WebPage","@id":"https:\/\/www.nepelius.com\/cyclamen-goldfisch\/","url":"https:\/\/www.nepelius.com\/cyclamen-goldfisch\/","name":"CYCLAMEN-GOLDFISCH - Sigrid Nepelius","isPartOf":{"@id":"https:\/\/www.nepelius.com\/#website"},"primaryImageOfPage":{"@id":"https:\/\/www.nepelius.com\/cyclamen-goldfisch\/#primaryimage"},"image":{"@id":"https:\/\/www.nepelius.com\/cyclamen-goldfisch\/#primaryimage"},"thumbnailUrl":"https:\/\/www.nepelius.com\/wp-content\/uploads\/Cyclamen-Goldfisch.jpeg","datePublished":"2026-04-18T15:59:56+00:00","dateModified":"2026-04-19T19:06:09+00:00","breadcrumb":{"@id":"https:\/\/www.nepelius.com\/cyclamen-goldfisch\/#breadcrumb"},"inLanguage":"en-GB","potentialAction":[{"@type":"ReadAction","target":["https:\/\/www.nepelius.com\/cyclamen-goldfisch\/"]}]},{"@type":"ImageObject","inLanguage":"en-GB","@id":"https:\/\/www.nepelius.com\/cyclamen-goldfisch\/#primaryimage","url":"https:\/\/www.nepelius.com\/wp-content\/uploads\/Cyclamen-Goldfisch.jpeg","contentUrl":"https:\/\/www.nepelius.com\/wp-content\/uploads\/Cyclamen-Goldfisch.jpeg"},{"@type":"BreadcrumbList","@id":"https:\/\/www.nepelius.com\/cyclamen-goldfisch\/#breadcrumb","itemListElement":[{"@type":"ListItem","position":1,"name":"Startseite","item":"https:\/\/www.nepelius.com\/"},{"@type":"ListItem","position":2,"name":"CYCLAMEN-GOLDFISCH"}]},{"@type":"WebSite","@id":"https:\/\/www.nepelius.com\/#website","url":"https:\/\/www.nepelius.com\/","name":"Sigrid Nepelius","description":"Fine Art","publisher":{"@id":"https:\/\/www.nepelius.com\/#\/schema\/person\/fb48383c87e305a8d2bbad4aef3524eb"},"potentialAction":[{"@type":"SearchAction","target":{"@type":"EntryPoint","urlTemplate":"https:\/\/www.nepelius.com\/?s={search_term_string}"},"query-input":{"@type":"PropertyValueSpecification","valueRequired":true,"valueName":"search_term_string"}}],"inLanguage":"en-GB"},{"@type":["Person","Organization"],"@id":"https:\/\/www.nepelius.com\/#\/schema\/person\/fb48383c87e305a8d2bbad4aef3524eb","name":"Sigrid","image":{"@type":"ImageObject","inLanguage":"en-GB","@id":"https:\/\/www.nepelius.com\/wp-content\/uploads\/cropped-header_neu-1.jpg","url":"https:\/\/www.nepelius.com\/wp-content\/uploads\/cropped-header_neu-1.jpg","contentUrl":"https:\/\/www.nepelius.com\/wp-content\/uploads\/cropped-header_neu-1.jpg","width":1500,"height":224,"caption":"Sigrid"},"logo":{"@id":"https:\/\/www.nepelius.com\/wp-content\/uploads\/cropped-header_neu-1.jpg"},"sameAs":["https:\/\/www.facebook.com\/sigrid.nepelius.art","https:\/\/www.instagram.com\/sigridnepeliusart\/","https:\/\/www.pinterest.at\/sigridnepelius\/"]}]}},"_links":{"self":[{"href":"https:\/\/www.nepelius.com\/en\/wp-json\/wp\/v2\/pages\/5494","targetHints":{"allow":["GET"]}}],"collection":[{"href":"https:\/\/www.nepelius.com\/en\/wp-json\/wp\/v2\/pages"}],"about":[{"href":"https:\/\/www.nepelius.com\/en\/wp-json\/wp\/v2\/types\/page"}],"author":[{"embeddable":true,"href":"https:\/\/www.nepelius.com\/en\/wp-json\/wp\/v2\/users\/2"}],"replies":[{"embeddable":true,"href":"https:\/\/www.nepelius.com\/en\/wp-json\/wp\/v2\/comments?post=5494"}],"version-history":[{"count":2,"href":"https:\/\/www.nepelius.com\/en\/wp-json\/wp\/v2\/pages\/5494\/revisions"}],"predecessor-version":[{"id":5521,"href":"https:\/\/www.nepelius.com\/en\/wp-json\/wp\/v2\/pages\/5494\/revisions\/5521"}],"wp:attachment":[{"href":"https:\/\/www.nepelius.com\/en\/wp-json\/wp\/v2\/media?parent=5494"}],"curies":[{"name":"wp","href":"https:\/\/api.w.org\/{rel}","templated":true}]}}