{"id":5502,"date":"2026-04-18T18:16:03","date_gmt":"2026-04-18T16:16:03","guid":{"rendered":"https:\/\/www.nepelius.com\/?page_id=5502"},"modified":"2026-04-19T21:07:39","modified_gmt":"2026-04-19T19:07:39","slug":"krokusblueten-azurjungfer","status":"publish","type":"page","link":"https:\/\/www.nepelius.com\/en\/krokusblueten-azurjungfer\/","title":{"rendered":"CROCUS BLOSSOM AZURE DAMSELFLY"},"content":{"rendered":"<div style=\"height:30px\" aria-hidden=\"true\" class=\"wp-block-spacer\"><\/div>\n\n\n\n<figure data-wp-context=\"{&quot;imageId&quot;:&quot;69ed09c16ac0d&quot;}\" data-wp-interactive=\"core\/image\" data-wp-key=\"69ed09c16ac0d\" class=\"wp-block-image size-full wp-lightbox-container\"><img loading=\"lazy\" decoding=\"async\" width=\"1229\" height=\"813\" data-wp-class--hide=\"state.isContentHidden\" data-wp-class--show=\"state.isContentVisible\" data-wp-init=\"callbacks.setButtonStyles\" data-wp-on--click=\"actions.showLightbox\" data-wp-on--load=\"callbacks.setButtonStyles\" data-wp-on-window--resize=\"callbacks.setButtonStyles\" src=\"https:\/\/www.nepelius.com\/wp-content\/uploads\/o_krokosbluetenazurjungfer2.jpg\" alt=\"\" class=\"wp-image-4327\" srcset=\"https:\/\/www.nepelius.com\/wp-content\/uploads\/o_krokosbluetenazurjungfer2.jpg 1229w, https:\/\/www.nepelius.com\/wp-content\/uploads\/o_krokosbluetenazurjungfer2-300x198.jpg 300w, https:\/\/www.nepelius.com\/wp-content\/uploads\/o_krokosbluetenazurjungfer2-18x12.jpg 18w, https:\/\/www.nepelius.com\/wp-content\/uploads\/o_krokosbluetenazurjungfer2-768x508.jpg 768w, https:\/\/www.nepelius.com\/wp-content\/uploads\/o_krokosbluetenazurjungfer2-907x600.jpg 907w, https:\/\/www.nepelius.com\/wp-content\/uploads\/o_krokosbluetenazurjungfer2-600x397.jpg 600w, https:\/\/www.nepelius.com\/wp-content\/uploads\/o_krokosbluetenazurjungfer2-250x165.jpg 250w\" sizes=\"auto, (max-width: 1229px) 100vw, 1229px\" \/><button\n\t\t\tclass=\"lightbox-trigger\"\n\t\t\ttype=\"button\"\n\t\t\taria-haspopup=\"dialog\"\n\t\t\taria-label=\"Enlarge\"\n\t\t\tdata-wp-init=\"callbacks.initTriggerButton\"\n\t\t\tdata-wp-on--click=\"actions.showLightbox\"\n\t\t\tdata-wp-style--right=\"state.imageButtonRight\"\n\t\t\tdata-wp-style--top=\"state.imageButtonTop\"\n\t\t>\n\t\t\t<svg xmlns=\"http:\/\/www.w3.org\/2000\/svg\" width=\"12\" height=\"12\" fill=\"none\" viewbox=\"0 0 12 12\">\n\t\t\t\t<path fill=\"#fff\" d=\"M2 0a2 2 0 0 0-2 2v2h1.5V2a.5.5 0 0 1 .5-.5h2V0H2Zm2 10.5H2a.5.5 0 0 1-.5-.5V8H0v2a2 2 0 0 0 2 2h2v-1.5ZM8 12v-1.5h2a.5.5 0 0 0 .5-.5V8H12v2a2 2 0 0 1-2 2H8Zm2-12a2 2 0 0 1 2 2v2h-1.5V2a.5.5 0 0 0-.5-.5H8V0h2Z\" \/>\n\t\t\t<\/svg>\n\t\t<\/button><\/figure>\n\n\n\n<figure class=\"wp-block-gallery has-nested-images columns-default is-cropped wp-block-gallery-1 is-layout-flex wp-block-gallery-is-layout-flex\">\n<figure data-wp-context=\"{&quot;imageId&quot;:&quot;69ed09c16b1e4&quot;}\" data-wp-interactive=\"core\/image\" data-wp-key=\"69ed09c16b1e4\" class=\"wp-block-image size-full wp-lightbox-container\"><img loading=\"lazy\" decoding=\"async\" width=\"1000\" height=\"667\" data-wp-class--hide=\"state.isContentHidden\" data-wp-class--show=\"state.isContentVisible\" data-wp-init=\"callbacks.setButtonStyles\" data-wp-on--click=\"actions.showLightbox\" data-wp-on--load=\"callbacks.setButtonStyles\" data-wp-on-window--resize=\"callbacks.setButtonStyles\" data-id=\"5071\" src=\"https:\/\/www.nepelius.com\/wp-content\/uploads\/krokosbluetenazurj-mockup.jpg\" alt=\"\" class=\"wp-image-5071\" srcset=\"https:\/\/www.nepelius.com\/wp-content\/uploads\/krokosbluetenazurj-mockup.jpg 1000w, https:\/\/www.nepelius.com\/wp-content\/uploads\/krokosbluetenazurj-mockup-300x200.jpg 300w, https:\/\/www.nepelius.com\/wp-content\/uploads\/krokosbluetenazurj-mockup-768x512.jpg 768w, https:\/\/www.nepelius.com\/wp-content\/uploads\/krokosbluetenazurj-mockup-900x600.jpg 900w, https:\/\/www.nepelius.com\/wp-content\/uploads\/krokosbluetenazurj-mockup-18x12.jpg 18w, https:\/\/www.nepelius.com\/wp-content\/uploads\/krokosbluetenazurj-mockup-600x400.jpg 600w, https:\/\/www.nepelius.com\/wp-content\/uploads\/krokosbluetenazurj-mockup-250x167.jpg 250w\" sizes=\"auto, (max-width: 1000px) 100vw, 1000px\" \/><button\n\t\t\tclass=\"lightbox-trigger\"\n\t\t\ttype=\"button\"\n\t\t\taria-haspopup=\"dialog\"\n\t\t\taria-label=\"Enlarge\"\n\t\t\tdata-wp-init=\"callbacks.initTriggerButton\"\n\t\t\tdata-wp-on--click=\"actions.showLightbox\"\n\t\t\tdata-wp-style--right=\"state.imageButtonRight\"\n\t\t\tdata-wp-style--top=\"state.imageButtonTop\"\n\t\t>\n\t\t\t<svg xmlns=\"http:\/\/www.w3.org\/2000\/svg\" width=\"12\" height=\"12\" fill=\"none\" viewbox=\"0 0 12 12\">\n\t\t\t\t<path fill=\"#fff\" d=\"M2 0a2 2 0 0 0-2 2v2h1.5V2a.5.5 0 0 1 .5-.5h2V0H2Zm2 10.5H2a.5.5 0 0 1-.5-.5V8H0v2a2 2 0 0 0 2 2h2v-1.5ZM8 12v-1.5h2a.5.5 0 0 0 .5-.5V8H12v2a2 2 0 0 1-2 2H8Zm2-12a2 2 0 0 1 2 2v2h-1.5V2a.5.5 0 0 0-.5-.5H8V0h2Z\" \/>\n\t\t\t<\/svg>\n\t\t<\/button><\/figure>\n\n\n\n<figure data-wp-context=\"{&quot;imageId&quot;:&quot;69ed09c16b66c&quot;}\" data-wp-interactive=\"core\/image\" data-wp-key=\"69ed09c16b66c\" class=\"wp-block-image size-full wp-lightbox-container\"><img loading=\"lazy\" decoding=\"async\" width=\"800\" height=\"600\" data-wp-class--hide=\"state.isContentHidden\" data-wp-class--show=\"state.isContentVisible\" data-wp-init=\"callbacks.setButtonStyles\" data-wp-on--click=\"actions.showLightbox\" data-wp-on--load=\"callbacks.setButtonStyles\" data-wp-on-window--resize=\"callbacks.setButtonStyles\" data-id=\"4325\" src=\"https:\/\/www.nepelius.com\/wp-content\/uploads\/o_krokosbluetenazurjungfer1.jpg\" alt=\"\" class=\"wp-image-4325\" srcset=\"https:\/\/www.nepelius.com\/wp-content\/uploads\/o_krokosbluetenazurjungfer1.jpg 800w, https:\/\/www.nepelius.com\/wp-content\/uploads\/o_krokosbluetenazurjungfer1-300x225.jpg 300w, https:\/\/www.nepelius.com\/wp-content\/uploads\/o_krokosbluetenazurjungfer1-16x12.jpg 16w, https:\/\/www.nepelius.com\/wp-content\/uploads\/o_krokosbluetenazurjungfer1-768x576.jpg 768w, https:\/\/www.nepelius.com\/wp-content\/uploads\/o_krokosbluetenazurjungfer1-600x450.jpg 600w, https:\/\/www.nepelius.com\/wp-content\/uploads\/o_krokosbluetenazurjungfer1-250x188.jpg 250w\" sizes=\"auto, (max-width: 800px) 100vw, 800px\" \/><button\n\t\t\tclass=\"lightbox-trigger\"\n\t\t\ttype=\"button\"\n\t\t\taria-haspopup=\"dialog\"\n\t\t\taria-label=\"Enlarge\"\n\t\t\tdata-wp-init=\"callbacks.initTriggerButton\"\n\t\t\tdata-wp-on--click=\"actions.showLightbox\"\n\t\t\tdata-wp-style--right=\"state.imageButtonRight\"\n\t\t\tdata-wp-style--top=\"state.imageButtonTop\"\n\t\t>\n\t\t\t<svg xmlns=\"http:\/\/www.w3.org\/2000\/svg\" width=\"12\" height=\"12\" fill=\"none\" viewbox=\"0 0 12 12\">\n\t\t\t\t<path fill=\"#fff\" d=\"M2 0a2 2 0 0 0-2 2v2h1.5V2a.5.5 0 0 1 .5-.5h2V0H2Zm2 10.5H2a.5.5 0 0 1-.5-.5V8H0v2a2 2 0 0 0 2 2h2v-1.5ZM8 12v-1.5h2a.5.5 0 0 0 .5-.5V8H12v2a2 2 0 0 1-2 2H8Zm2-12a2 2 0 0 1 2 2v2h-1.5V2a.5.5 0 0 0-.5-.5H8V0h2Z\" \/>\n\t\t\t<\/svg>\n\t\t<\/button><\/figure>\n<\/figure>\n\n\n\n<div style=\"height:30px\" aria-hidden=\"true\" class=\"wp-block-spacer\"><\/div>\n\n\n\n<p>Title: CROCUS BLOSSOM AZURE DAMSELFLY<br>Series: LEAF AND FLOWER ANIMALS<br>Medium: Colored pencil on paper<br>Size: 13.5 x 19 cm, including double mat (30 x 40 cm)<br>Price: \u20ac 270<\/p>\n\n\n\n<p>Dragonflies are dangerous hunters capable of performing daring aerial manoeuvres. There are various species of blue-tailed skimmers \u2013 though this one exists only in my imagination.<\/p>\n\n\n\n<p>If you'd like to welcome this creature into your home, <a href=\"mailto:atelier@nepelius.com\">feel free to send me an email<\/a>!<\/p>","protected":false},"excerpt":{"rendered":"<p>Titel: KROKUSBL\u00dcTEN-AZURJUNGFERSerie: BLATT- UND BL\u00dcTENTIEREMedium: Farbstift auf PapierGr\u00f6\u00dfe: 13,5 x 19 cm, inkl. Doppel-Passepartout 30 x 40 cmPreis: \u20ac 270,- Libellen sind gef\u00e4hrliche J\u00e4ger mit halsbrecherischen Flugman\u00f6vern. Von den Azurjungfern gibt es verschiedene Arten \u2013 diese hier allerdings nur in meiner Welt. Wenn du dieses Wesen zu dir nach Hause holen m\u00f6chtest, schreib mir gerne [&hellip;]<\/p>\n","protected":false},"author":2,"featured_media":0,"parent":0,"menu_order":0,"comment_status":"closed","ping_status":"closed","template":"","meta":{"zakra_page_container_layout":"customizer","zakra_page_sidebar_layout":"customizer","zakra_remove_content_margin":false,"zakra_sidebar":"customizer","zakra_transparent_header":"customizer","zakra_logo":0,"zakra_main_header_style":"default","zakra_menu_item_color":"","zakra_menu_item_hover_color":"","zakra_menu_item_active_color":"","zakra_menu_active_style":"","zakra_page_header":true,"footnotes":""},"class_list":["post-5502","page","type-page","status-publish","hentry"],"yoast_head":"<!-- This site is optimized with the Yoast SEO plugin v27.4 - https:\/\/yoast.com\/product\/yoast-seo-wordpress\/ -->\n<title>KROKUSBL\u00dcTEN-AZURJUNGFER - Sigrid Nepelius<\/title>\n<meta name=\"robots\" content=\"index, follow, max-snippet:-1, max-image-preview:large, max-video-preview:-1\" \/>\n<link rel=\"canonical\" href=\"https:\/\/www.nepelius.com\/en\/krokusblueten-azurjungfer\/\" \/>\n<meta property=\"og:locale\" content=\"en_GB\" \/>\n<meta property=\"og:type\" content=\"article\" \/>\n<meta property=\"og:title\" content=\"KROKUSBL\u00dcTEN-AZURJUNGFER - Sigrid Nepelius\" \/>\n<meta property=\"og:description\" content=\"Titel: KROKUSBL\u00dcTEN-AZURJUNGFERSerie: BLATT- UND BL\u00dcTENTIEREMedium: Farbstift auf PapierGr\u00f6\u00dfe: 13,5 x 19 cm, inkl. Doppel-Passepartout 30 x 40 cmPreis: \u20ac 270,- Libellen sind gef\u00e4hrliche J\u00e4ger mit halsbrecherischen Flugman\u00f6vern. Von den Azurjungfern gibt es verschiedene Arten \u2013 diese hier allerdings nur in meiner Welt. Wenn du dieses Wesen zu dir nach Hause holen m\u00f6chtest, schreib mir gerne [&hellip;]\" \/>\n<meta property=\"og:url\" content=\"https:\/\/www.nepelius.com\/en\/krokusblueten-azurjungfer\/\" \/>\n<meta property=\"og:site_name\" content=\"Sigrid Nepelius\" \/>\n<meta property=\"article:publisher\" content=\"https:\/\/www.facebook.com\/sigrid.nepelius.art\" \/>\n<meta property=\"article:modified_time\" content=\"2026-04-19T19:07:39+00:00\" \/>\n<meta property=\"og:image\" content=\"https:\/\/www.nepelius.com\/wp-content\/uploads\/o_krokosbluetenazurjungfer2.jpg\" \/>\n\t<meta property=\"og:image:width\" content=\"1229\" \/>\n\t<meta property=\"og:image:height\" content=\"813\" \/>\n\t<meta property=\"og:image:type\" content=\"image\/jpeg\" \/>\n<meta name=\"twitter:card\" content=\"summary_large_image\" \/>\n<meta name=\"twitter:label1\" content=\"Estimated reading time\" \/>\n\t<meta name=\"twitter:data1\" content=\"1 minute\" \/>\n<script type=\"application\/ld+json\" class=\"yoast-schema-graph\">{\"@context\":\"https:\\\/\\\/schema.org\",\"@graph\":[{\"@type\":\"WebPage\",\"@id\":\"https:\\\/\\\/www.nepelius.com\\\/krokusblueten-azurjungfer\\\/\",\"url\":\"https:\\\/\\\/www.nepelius.com\\\/krokusblueten-azurjungfer\\\/\",\"name\":\"KROKUSBL\u00dcTEN-AZURJUNGFER - Sigrid Nepelius\",\"isPartOf\":{\"@id\":\"https:\\\/\\\/www.nepelius.com\\\/#website\"},\"primaryImageOfPage\":{\"@id\":\"https:\\\/\\\/www.nepelius.com\\\/krokusblueten-azurjungfer\\\/#primaryimage\"},\"image\":{\"@id\":\"https:\\\/\\\/www.nepelius.com\\\/krokusblueten-azurjungfer\\\/#primaryimage\"},\"thumbnailUrl\":\"https:\\\/\\\/www.nepelius.com\\\/wp-content\\\/uploads\\\/o_krokosbluetenazurjungfer2.jpg\",\"datePublished\":\"2026-04-18T16:16:03+00:00\",\"dateModified\":\"2026-04-19T19:07:39+00:00\",\"breadcrumb\":{\"@id\":\"https:\\\/\\\/www.nepelius.com\\\/krokusblueten-azurjungfer\\\/#breadcrumb\"},\"inLanguage\":\"en-GB\",\"potentialAction\":[{\"@type\":\"ReadAction\",\"target\":[\"https:\\\/\\\/www.nepelius.com\\\/krokusblueten-azurjungfer\\\/\"]}]},{\"@type\":\"ImageObject\",\"inLanguage\":\"en-GB\",\"@id\":\"https:\\\/\\\/www.nepelius.com\\\/krokusblueten-azurjungfer\\\/#primaryimage\",\"url\":\"https:\\\/\\\/www.nepelius.com\\\/wp-content\\\/uploads\\\/o_krokosbluetenazurjungfer2.jpg\",\"contentUrl\":\"https:\\\/\\\/www.nepelius.com\\\/wp-content\\\/uploads\\\/o_krokosbluetenazurjungfer2.jpg\"},{\"@type\":\"BreadcrumbList\",\"@id\":\"https:\\\/\\\/www.nepelius.com\\\/krokusblueten-azurjungfer\\\/#breadcrumb\",\"itemListElement\":[{\"@type\":\"ListItem\",\"position\":1,\"name\":\"Startseite\",\"item\":\"https:\\\/\\\/www.nepelius.com\\\/\"},{\"@type\":\"ListItem\",\"position\":2,\"name\":\"KROKUSBL\u00dcTEN-AZURJUNGFER\"}]},{\"@type\":\"WebSite\",\"@id\":\"https:\\\/\\\/www.nepelius.com\\\/#website\",\"url\":\"https:\\\/\\\/www.nepelius.com\\\/\",\"name\":\"Sigrid Nepelius\",\"description\":\"Fine Art\",\"publisher\":{\"@id\":\"https:\\\/\\\/www.nepelius.com\\\/#\\\/schema\\\/person\\\/fb48383c87e305a8d2bbad4aef3524eb\"},\"potentialAction\":[{\"@type\":\"SearchAction\",\"target\":{\"@type\":\"EntryPoint\",\"urlTemplate\":\"https:\\\/\\\/www.nepelius.com\\\/?s={search_term_string}\"},\"query-input\":{\"@type\":\"PropertyValueSpecification\",\"valueRequired\":true,\"valueName\":\"search_term_string\"}}],\"inLanguage\":\"en-GB\"},{\"@type\":[\"Person\",\"Organization\"],\"@id\":\"https:\\\/\\\/www.nepelius.com\\\/#\\\/schema\\\/person\\\/fb48383c87e305a8d2bbad4aef3524eb\",\"name\":\"Sigrid\",\"image\":{\"@type\":\"ImageObject\",\"inLanguage\":\"en-GB\",\"@id\":\"https:\\\/\\\/www.nepelius.com\\\/wp-content\\\/uploads\\\/cropped-header_neu-1.jpg\",\"url\":\"https:\\\/\\\/www.nepelius.com\\\/wp-content\\\/uploads\\\/cropped-header_neu-1.jpg\",\"contentUrl\":\"https:\\\/\\\/www.nepelius.com\\\/wp-content\\\/uploads\\\/cropped-header_neu-1.jpg\",\"width\":1500,\"height\":224,\"caption\":\"Sigrid\"},\"logo\":{\"@id\":\"https:\\\/\\\/www.nepelius.com\\\/wp-content\\\/uploads\\\/cropped-header_neu-1.jpg\"},\"sameAs\":[\"https:\\\/\\\/www.facebook.com\\\/sigrid.nepelius.art\",\"https:\\\/\\\/www.instagram.com\\\/sigridnepeliusart\\\/\",\"https:\\\/\\\/www.pinterest.at\\\/sigridnepelius\\\/\"]}]}<\/script>\n<!-- \/ Yoast SEO plugin. -->","yoast_head_json":{"title":"KROKUSBL\u00dcTEN-AZURJUNGFER - Sigrid Nepelius","robots":{"index":"index","follow":"follow","max-snippet":"max-snippet:-1","max-image-preview":"max-image-preview:large","max-video-preview":"max-video-preview:-1"},"canonical":"https:\/\/www.nepelius.com\/en\/krokusblueten-azurjungfer\/","og_locale":"en_GB","og_type":"article","og_title":"KROKUSBL\u00dcTEN-AZURJUNGFER - Sigrid Nepelius","og_description":"Titel: KROKUSBL\u00dcTEN-AZURJUNGFERSerie: BLATT- UND BL\u00dcTENTIEREMedium: Farbstift auf PapierGr\u00f6\u00dfe: 13,5 x 19 cm, inkl. Doppel-Passepartout 30 x 40 cmPreis: \u20ac 270,- Libellen sind gef\u00e4hrliche J\u00e4ger mit halsbrecherischen Flugman\u00f6vern. Von den Azurjungfern gibt es verschiedene Arten \u2013 diese hier allerdings nur in meiner Welt. Wenn du dieses Wesen zu dir nach Hause holen m\u00f6chtest, schreib mir gerne [&hellip;]","og_url":"https:\/\/www.nepelius.com\/en\/krokusblueten-azurjungfer\/","og_site_name":"Sigrid Nepelius","article_publisher":"https:\/\/www.facebook.com\/sigrid.nepelius.art","article_modified_time":"2026-04-19T19:07:39+00:00","og_image":[{"width":1229,"height":813,"url":"https:\/\/www.nepelius.com\/wp-content\/uploads\/o_krokosbluetenazurjungfer2.jpg","type":"image\/jpeg"}],"twitter_card":"summary_large_image","twitter_misc":{"Estimated reading time":"1 minute"},"schema":{"@context":"https:\/\/schema.org","@graph":[{"@type":"WebPage","@id":"https:\/\/www.nepelius.com\/krokusblueten-azurjungfer\/","url":"https:\/\/www.nepelius.com\/krokusblueten-azurjungfer\/","name":"KROKUSBL\u00dcTEN-AZURJUNGFER - Sigrid Nepelius","isPartOf":{"@id":"https:\/\/www.nepelius.com\/#website"},"primaryImageOfPage":{"@id":"https:\/\/www.nepelius.com\/krokusblueten-azurjungfer\/#primaryimage"},"image":{"@id":"https:\/\/www.nepelius.com\/krokusblueten-azurjungfer\/#primaryimage"},"thumbnailUrl":"https:\/\/www.nepelius.com\/wp-content\/uploads\/o_krokosbluetenazurjungfer2.jpg","datePublished":"2026-04-18T16:16:03+00:00","dateModified":"2026-04-19T19:07:39+00:00","breadcrumb":{"@id":"https:\/\/www.nepelius.com\/krokusblueten-azurjungfer\/#breadcrumb"},"inLanguage":"en-GB","potentialAction":[{"@type":"ReadAction","target":["https:\/\/www.nepelius.com\/krokusblueten-azurjungfer\/"]}]},{"@type":"ImageObject","inLanguage":"en-GB","@id":"https:\/\/www.nepelius.com\/krokusblueten-azurjungfer\/#primaryimage","url":"https:\/\/www.nepelius.com\/wp-content\/uploads\/o_krokosbluetenazurjungfer2.jpg","contentUrl":"https:\/\/www.nepelius.com\/wp-content\/uploads\/o_krokosbluetenazurjungfer2.jpg"},{"@type":"BreadcrumbList","@id":"https:\/\/www.nepelius.com\/krokusblueten-azurjungfer\/#breadcrumb","itemListElement":[{"@type":"ListItem","position":1,"name":"Startseite","item":"https:\/\/www.nepelius.com\/"},{"@type":"ListItem","position":2,"name":"KROKUSBL\u00dcTEN-AZURJUNGFER"}]},{"@type":"WebSite","@id":"https:\/\/www.nepelius.com\/#website","url":"https:\/\/www.nepelius.com\/","name":"Sigrid Nepelius","description":"Fine Art","publisher":{"@id":"https:\/\/www.nepelius.com\/#\/schema\/person\/fb48383c87e305a8d2bbad4aef3524eb"},"potentialAction":[{"@type":"SearchAction","target":{"@type":"EntryPoint","urlTemplate":"https:\/\/www.nepelius.com\/?s={search_term_string}"},"query-input":{"@type":"PropertyValueSpecification","valueRequired":true,"valueName":"search_term_string"}}],"inLanguage":"en-GB"},{"@type":["Person","Organization"],"@id":"https:\/\/www.nepelius.com\/#\/schema\/person\/fb48383c87e305a8d2bbad4aef3524eb","name":"Sigrid","image":{"@type":"ImageObject","inLanguage":"en-GB","@id":"https:\/\/www.nepelius.com\/wp-content\/uploads\/cropped-header_neu-1.jpg","url":"https:\/\/www.nepelius.com\/wp-content\/uploads\/cropped-header_neu-1.jpg","contentUrl":"https:\/\/www.nepelius.com\/wp-content\/uploads\/cropped-header_neu-1.jpg","width":1500,"height":224,"caption":"Sigrid"},"logo":{"@id":"https:\/\/www.nepelius.com\/wp-content\/uploads\/cropped-header_neu-1.jpg"},"sameAs":["https:\/\/www.facebook.com\/sigrid.nepelius.art","https:\/\/www.instagram.com\/sigridnepeliusart\/","https:\/\/www.pinterest.at\/sigridnepelius\/"]}]}},"_links":{"self":[{"href":"https:\/\/www.nepelius.com\/en\/wp-json\/wp\/v2\/pages\/5502","targetHints":{"allow":["GET"]}}],"collection":[{"href":"https:\/\/www.nepelius.com\/en\/wp-json\/wp\/v2\/pages"}],"about":[{"href":"https:\/\/www.nepelius.com\/en\/wp-json\/wp\/v2\/types\/page"}],"author":[{"embeddable":true,"href":"https:\/\/www.nepelius.com\/en\/wp-json\/wp\/v2\/users\/2"}],"replies":[{"embeddable":true,"href":"https:\/\/www.nepelius.com\/en\/wp-json\/wp\/v2\/comments?post=5502"}],"version-history":[{"count":2,"href":"https:\/\/www.nepelius.com\/en\/wp-json\/wp\/v2\/pages\/5502\/revisions"}],"predecessor-version":[{"id":5522,"href":"https:\/\/www.nepelius.com\/en\/wp-json\/wp\/v2\/pages\/5502\/revisions\/5522"}],"wp:attachment":[{"href":"https:\/\/www.nepelius.com\/en\/wp-json\/wp\/v2\/media?parent=5502"}],"curies":[{"name":"wp","href":"https:\/\/api.w.org\/{rel}","templated":true}]}}