{"id":5509,"date":"2026-04-19T20:35:43","date_gmt":"2026-04-19T18:35:43","guid":{"rendered":"https:\/\/www.nepelius.com\/?page_id=5509"},"modified":"2026-04-19T21:14:07","modified_gmt":"2026-04-19T19:14:07","slug":"oranger-luftfisch-2","status":"publish","type":"page","link":"https:\/\/www.nepelius.com\/en\/oranger-luftfisch-2\/","title":{"rendered":"ORANGE AIR FISH"},"content":{"rendered":"<div style=\"height:30px\" aria-hidden=\"true\" class=\"wp-block-spacer\"><\/div>\n\n\n\n<figure data-wp-context=\"{&quot;imageId&quot;:&quot;69f5f5eb7d32c&quot;}\" data-wp-interactive=\"core\/image\" data-wp-key=\"69f5f5eb7d32c\" class=\"wp-block-image size-full wp-lightbox-container\"><img loading=\"lazy\" decoding=\"async\" width=\"1200\" height=\"854\" data-wp-class--hide=\"state.isContentHidden\" data-wp-class--show=\"state.isContentVisible\" data-wp-init=\"callbacks.setButtonStyles\" data-wp-on--click=\"actions.showLightbox\" data-wp-on--load=\"callbacks.setButtonStyles\" data-wp-on-window--resize=\"callbacks.setButtonStyles\" src=\"https:\/\/www.nepelius.com\/wp-content\/uploads\/Oranger-Luftfisch-1200.jpg\" alt=\"\" class=\"wp-image-4846\" srcset=\"https:\/\/www.nepelius.com\/wp-content\/uploads\/Oranger-Luftfisch-1200.jpg 1200w, https:\/\/www.nepelius.com\/wp-content\/uploads\/Oranger-Luftfisch-1200-300x214.jpg 300w, https:\/\/www.nepelius.com\/wp-content\/uploads\/Oranger-Luftfisch-1200-768x547.jpg 768w, https:\/\/www.nepelius.com\/wp-content\/uploads\/Oranger-Luftfisch-1200-843x600.jpg 843w, https:\/\/www.nepelius.com\/wp-content\/uploads\/Oranger-Luftfisch-1200-18x12.jpg 18w, https:\/\/www.nepelius.com\/wp-content\/uploads\/Oranger-Luftfisch-1200-600x427.jpg 600w, https:\/\/www.nepelius.com\/wp-content\/uploads\/Oranger-Luftfisch-1200-250x178.jpg 250w\" sizes=\"auto, (max-width: 1200px) 100vw, 1200px\" \/><button\n\t\t\tclass=\"lightbox-trigger\"\n\t\t\ttype=\"button\"\n\t\t\taria-haspopup=\"dialog\"\n\t\t\taria-label=\"Enlarge\"\n\t\t\tdata-wp-init=\"callbacks.initTriggerButton\"\n\t\t\tdata-wp-on--click=\"actions.showLightbox\"\n\t\t\tdata-wp-style--right=\"state.imageButtonRight\"\n\t\t\tdata-wp-style--top=\"state.imageButtonTop\"\n\t\t>\n\t\t\t<svg xmlns=\"http:\/\/www.w3.org\/2000\/svg\" width=\"12\" height=\"12\" fill=\"none\" viewbox=\"0 0 12 12\">\n\t\t\t\t<path fill=\"#fff\" d=\"M2 0a2 2 0 0 0-2 2v2h1.5V2a.5.5 0 0 1 .5-.5h2V0H2Zm2 10.5H2a.5.5 0 0 1-.5-.5V8H0v2a2 2 0 0 0 2 2h2v-1.5ZM8 12v-1.5h2a.5.5 0 0 0 .5-.5V8H12v2a2 2 0 0 1-2 2H8Zm2-12a2 2 0 0 1 2 2v2h-1.5V2a.5.5 0 0 0-.5-.5H8V0h2Z\" \/>\n\t\t\t<\/svg>\n\t\t<\/button><\/figure>\n\n\n\n<figure class=\"wp-block-gallery has-nested-images columns-default wp-block-gallery-1 is-layout-flex wp-block-gallery-is-layout-flex\">\n<figure data-wp-context=\"{&quot;imageId&quot;:&quot;69f5f5eb7da97&quot;}\" data-wp-interactive=\"core\/image\" data-wp-key=\"69f5f5eb7da97\" class=\"wp-block-image size-full wp-lightbox-container\"><img loading=\"lazy\" decoding=\"async\" width=\"2000\" height=\"1449\" data-wp-class--hide=\"state.isContentHidden\" data-wp-class--show=\"state.isContentVisible\" data-wp-init=\"callbacks.setButtonStyles\" data-wp-on--click=\"actions.showLightbox\" data-wp-on--load=\"callbacks.setButtonStyles\" data-wp-on-window--resize=\"callbacks.setButtonStyles\" data-id=\"4984\" src=\"https:\/\/www.nepelius.com\/wp-content\/uploads\/Oranger-Luftfisch-mitRahmen.jpg\" alt=\"\" class=\"wp-image-4984\" srcset=\"https:\/\/www.nepelius.com\/wp-content\/uploads\/Oranger-Luftfisch-mitRahmen.jpg 2000w, https:\/\/www.nepelius.com\/wp-content\/uploads\/Oranger-Luftfisch-mitRahmen-300x217.jpg 300w, https:\/\/www.nepelius.com\/wp-content\/uploads\/Oranger-Luftfisch-mitRahmen-768x556.jpg 768w, https:\/\/www.nepelius.com\/wp-content\/uploads\/Oranger-Luftfisch-mitRahmen-828x600.jpg 828w, https:\/\/www.nepelius.com\/wp-content\/uploads\/Oranger-Luftfisch-mitRahmen-1536x1113.jpg 1536w, https:\/\/www.nepelius.com\/wp-content\/uploads\/Oranger-Luftfisch-mitRahmen-18x12.jpg 18w, https:\/\/www.nepelius.com\/wp-content\/uploads\/Oranger-Luftfisch-mitRahmen-600x435.jpg 600w, https:\/\/www.nepelius.com\/wp-content\/uploads\/Oranger-Luftfisch-mitRahmen-250x181.jpg 250w\" sizes=\"auto, (max-width: 2000px) 100vw, 2000px\" \/><button\n\t\t\tclass=\"lightbox-trigger\"\n\t\t\ttype=\"button\"\n\t\t\taria-haspopup=\"dialog\"\n\t\t\taria-label=\"Enlarge\"\n\t\t\tdata-wp-init=\"callbacks.initTriggerButton\"\n\t\t\tdata-wp-on--click=\"actions.showLightbox\"\n\t\t\tdata-wp-style--right=\"state.imageButtonRight\"\n\t\t\tdata-wp-style--top=\"state.imageButtonTop\"\n\t\t>\n\t\t\t<svg xmlns=\"http:\/\/www.w3.org\/2000\/svg\" width=\"12\" height=\"12\" fill=\"none\" viewbox=\"0 0 12 12\">\n\t\t\t\t<path fill=\"#fff\" d=\"M2 0a2 2 0 0 0-2 2v2h1.5V2a.5.5 0 0 1 .5-.5h2V0H2Zm2 10.5H2a.5.5 0 0 1-.5-.5V8H0v2a2 2 0 0 0 2 2h2v-1.5ZM8 12v-1.5h2a.5.5 0 0 0 .5-.5V8H12v2a2 2 0 0 1-2 2H8Zm2-12a2 2 0 0 1 2 2v2h-1.5V2a.5.5 0 0 0-.5-.5H8V0h2Z\" \/>\n\t\t\t<\/svg>\n\t\t<\/button><\/figure>\n\n\n\n<figure data-wp-context=\"{&quot;imageId&quot;:&quot;69f5f5eb7e1d9&quot;}\" data-wp-interactive=\"core\/image\" data-wp-key=\"69f5f5eb7e1d9\" class=\"wp-block-image size-full wp-lightbox-container\"><img loading=\"lazy\" decoding=\"async\" width=\"2000\" height=\"1449\" data-wp-class--hide=\"state.isContentHidden\" data-wp-class--show=\"state.isContentVisible\" data-wp-init=\"callbacks.setButtonStyles\" data-wp-on--click=\"actions.showLightbox\" data-wp-on--load=\"callbacks.setButtonStyles\" data-wp-on-window--resize=\"callbacks.setButtonStyles\" data-id=\"4985\" src=\"https:\/\/www.nepelius.com\/wp-content\/uploads\/Oranger-Luftfisch-mockup-quer.jpg\" alt=\"\" class=\"wp-image-4985\" srcset=\"https:\/\/www.nepelius.com\/wp-content\/uploads\/Oranger-Luftfisch-mockup-quer.jpg 2000w, https:\/\/www.nepelius.com\/wp-content\/uploads\/Oranger-Luftfisch-mockup-quer-300x217.jpg 300w, https:\/\/www.nepelius.com\/wp-content\/uploads\/Oranger-Luftfisch-mockup-quer-768x556.jpg 768w, https:\/\/www.nepelius.com\/wp-content\/uploads\/Oranger-Luftfisch-mockup-quer-828x600.jpg 828w, https:\/\/www.nepelius.com\/wp-content\/uploads\/Oranger-Luftfisch-mockup-quer-1536x1113.jpg 1536w, https:\/\/www.nepelius.com\/wp-content\/uploads\/Oranger-Luftfisch-mockup-quer-18x12.jpg 18w, https:\/\/www.nepelius.com\/wp-content\/uploads\/Oranger-Luftfisch-mockup-quer-600x435.jpg 600w, https:\/\/www.nepelius.com\/wp-content\/uploads\/Oranger-Luftfisch-mockup-quer-250x181.jpg 250w\" sizes=\"auto, (max-width: 2000px) 100vw, 2000px\" \/><button\n\t\t\tclass=\"lightbox-trigger\"\n\t\t\ttype=\"button\"\n\t\t\taria-haspopup=\"dialog\"\n\t\t\taria-label=\"Enlarge\"\n\t\t\tdata-wp-init=\"callbacks.initTriggerButton\"\n\t\t\tdata-wp-on--click=\"actions.showLightbox\"\n\t\t\tdata-wp-style--right=\"state.imageButtonRight\"\n\t\t\tdata-wp-style--top=\"state.imageButtonTop\"\n\t\t>\n\t\t\t<svg xmlns=\"http:\/\/www.w3.org\/2000\/svg\" width=\"12\" height=\"12\" fill=\"none\" viewbox=\"0 0 12 12\">\n\t\t\t\t<path fill=\"#fff\" d=\"M2 0a2 2 0 0 0-2 2v2h1.5V2a.5.5 0 0 1 .5-.5h2V0H2Zm2 10.5H2a.5.5 0 0 1-.5-.5V8H0v2a2 2 0 0 0 2 2h2v-1.5ZM8 12v-1.5h2a.5.5 0 0 0 .5-.5V8H12v2a2 2 0 0 1-2 2H8Zm2-12a2 2 0 0 1 2 2v2h-1.5V2a.5.5 0 0 0-.5-.5H8V0h2Z\" \/>\n\t\t\t<\/svg>\n\t\t<\/button><\/figure>\n<\/figure>\n\n\n\n<div style=\"height:30px\" aria-hidden=\"true\" class=\"wp-block-spacer\"><\/div>\n\n\n\n<p>Title: ORANGE AIR FISH<br>Medium: Acrylic\/oil on canvas<br>Size: 50 x 70 cm<br>Price: \u20ac 1,100 including floater frame white<\/p>\n\n\n\n<p>The Orange Air Fish is a cheerful contemporary and its entire appearance emphasises this sunny disposition.<br>The orange and yellow colours alone are hard to beat in terms of cheerfulness. And when you see it fluttering carefree through the airy heights, you can't help but be infected by its joie de vivre.<\/p>\n\n\n\n<p>If you'd like to welcome this creature into your home, <a href=\"mailto:atelier@nepelius.com\">feel free to send me an email<\/a>!<\/p>","protected":false},"excerpt":{"rendered":"<p>Titel: ORANGER LUFTFISCHMedium: Acryl\/\u00d6l auf LeinwandGr\u00f6\u00dfe: 50 x 70 cmPreis: \u20ac 1.100,- inkl. Schattenfugenrahmen wei\u00df Der orange Luftfisch ist ein fr\u00f6hlicher Zeitgenosse und seine gesamte Erscheinung unterstreicht dieses sonnige Gem\u00fct.Schon die Farben Orange und Gelb sind an Heiterkeit kaum zu \u00fcberbieten. Und wenn man ihn so unbeschwert durch luftige H\u00f6hen flattern sieht, kann man gar [&hellip;]<\/p>\n","protected":false},"author":2,"featured_media":0,"parent":0,"menu_order":0,"comment_status":"closed","ping_status":"closed","template":"","meta":{"zakra_page_container_layout":"customizer","zakra_page_sidebar_layout":"customizer","zakra_remove_content_margin":false,"zakra_sidebar":"customizer","zakra_transparent_header":"customizer","zakra_logo":0,"zakra_main_header_style":"default","zakra_menu_item_color":"","zakra_menu_item_hover_color":"","zakra_menu_item_active_color":"","zakra_menu_active_style":"","zakra_page_header":true,"footnotes":""},"class_list":["post-5509","page","type-page","status-publish","hentry"],"yoast_head":"<!-- This site is optimized with the Yoast SEO plugin v27.4 - https:\/\/yoast.com\/product\/yoast-seo-wordpress\/ -->\n<title>ORANGER LUFTFISCH - Sigrid Nepelius<\/title>\n<meta name=\"robots\" content=\"index, follow, max-snippet:-1, max-image-preview:large, max-video-preview:-1\" \/>\n<link rel=\"canonical\" href=\"https:\/\/www.nepelius.com\/en\/oranger-luftfisch-2\/\" \/>\n<meta property=\"og:locale\" content=\"en_GB\" \/>\n<meta property=\"og:type\" content=\"article\" \/>\n<meta property=\"og:title\" content=\"ORANGER LUFTFISCH - Sigrid Nepelius\" \/>\n<meta property=\"og:description\" content=\"Titel: ORANGER LUFTFISCHMedium: Acryl\/\u00d6l auf LeinwandGr\u00f6\u00dfe: 50 x 70 cmPreis: \u20ac 1.100,- inkl. Schattenfugenrahmen wei\u00df Der orange Luftfisch ist ein fr\u00f6hlicher Zeitgenosse und seine gesamte Erscheinung unterstreicht dieses sonnige Gem\u00fct.Schon die Farben Orange und Gelb sind an Heiterkeit kaum zu \u00fcberbieten. Und wenn man ihn so unbeschwert durch luftige H\u00f6hen flattern sieht, kann man gar [&hellip;]\" \/>\n<meta property=\"og:url\" content=\"https:\/\/www.nepelius.com\/en\/oranger-luftfisch-2\/\" \/>\n<meta property=\"og:site_name\" content=\"Sigrid Nepelius\" \/>\n<meta property=\"article:publisher\" content=\"https:\/\/www.facebook.com\/sigrid.nepelius.art\" \/>\n<meta property=\"article:modified_time\" content=\"2026-04-19T19:14:07+00:00\" \/>\n<meta property=\"og:image\" content=\"https:\/\/www.nepelius.com\/wp-content\/uploads\/Oranger-Luftfisch-1200.jpg\" \/>\n\t<meta property=\"og:image:width\" content=\"1200\" \/>\n\t<meta property=\"og:image:height\" content=\"854\" \/>\n\t<meta property=\"og:image:type\" content=\"image\/jpeg\" \/>\n<meta name=\"twitter:card\" content=\"summary_large_image\" \/>\n<meta name=\"twitter:label1\" content=\"Estimated reading time\" \/>\n\t<meta name=\"twitter:data1\" content=\"2 minutes\" \/>\n<script type=\"application\/ld+json\" class=\"yoast-schema-graph\">{\"@context\":\"https:\\\/\\\/schema.org\",\"@graph\":[{\"@type\":\"WebPage\",\"@id\":\"https:\\\/\\\/www.nepelius.com\\\/oranger-luftfisch-2\\\/\",\"url\":\"https:\\\/\\\/www.nepelius.com\\\/oranger-luftfisch-2\\\/\",\"name\":\"ORANGER LUFTFISCH - Sigrid Nepelius\",\"isPartOf\":{\"@id\":\"https:\\\/\\\/www.nepelius.com\\\/#website\"},\"primaryImageOfPage\":{\"@id\":\"https:\\\/\\\/www.nepelius.com\\\/oranger-luftfisch-2\\\/#primaryimage\"},\"image\":{\"@id\":\"https:\\\/\\\/www.nepelius.com\\\/oranger-luftfisch-2\\\/#primaryimage\"},\"thumbnailUrl\":\"https:\\\/\\\/www.nepelius.com\\\/wp-content\\\/uploads\\\/Oranger-Luftfisch-1200.jpg\",\"datePublished\":\"2026-04-19T18:35:43+00:00\",\"dateModified\":\"2026-04-19T19:14:07+00:00\",\"breadcrumb\":{\"@id\":\"https:\\\/\\\/www.nepelius.com\\\/oranger-luftfisch-2\\\/#breadcrumb\"},\"inLanguage\":\"en-GB\",\"potentialAction\":[{\"@type\":\"ReadAction\",\"target\":[\"https:\\\/\\\/www.nepelius.com\\\/oranger-luftfisch-2\\\/\"]}]},{\"@type\":\"ImageObject\",\"inLanguage\":\"en-GB\",\"@id\":\"https:\\\/\\\/www.nepelius.com\\\/oranger-luftfisch-2\\\/#primaryimage\",\"url\":\"https:\\\/\\\/www.nepelius.com\\\/wp-content\\\/uploads\\\/Oranger-Luftfisch-1200.jpg\",\"contentUrl\":\"https:\\\/\\\/www.nepelius.com\\\/wp-content\\\/uploads\\\/Oranger-Luftfisch-1200.jpg\"},{\"@type\":\"BreadcrumbList\",\"@id\":\"https:\\\/\\\/www.nepelius.com\\\/oranger-luftfisch-2\\\/#breadcrumb\",\"itemListElement\":[{\"@type\":\"ListItem\",\"position\":1,\"name\":\"Startseite\",\"item\":\"https:\\\/\\\/www.nepelius.com\\\/\"},{\"@type\":\"ListItem\",\"position\":2,\"name\":\"ORANGER LUFTFISCH\"}]},{\"@type\":\"WebSite\",\"@id\":\"https:\\\/\\\/www.nepelius.com\\\/#website\",\"url\":\"https:\\\/\\\/www.nepelius.com\\\/\",\"name\":\"Sigrid Nepelius\",\"description\":\"Fine Art\",\"publisher\":{\"@id\":\"https:\\\/\\\/www.nepelius.com\\\/#\\\/schema\\\/person\\\/fb48383c87e305a8d2bbad4aef3524eb\"},\"potentialAction\":[{\"@type\":\"SearchAction\",\"target\":{\"@type\":\"EntryPoint\",\"urlTemplate\":\"https:\\\/\\\/www.nepelius.com\\\/?s={search_term_string}\"},\"query-input\":{\"@type\":\"PropertyValueSpecification\",\"valueRequired\":true,\"valueName\":\"search_term_string\"}}],\"inLanguage\":\"en-GB\"},{\"@type\":[\"Person\",\"Organization\"],\"@id\":\"https:\\\/\\\/www.nepelius.com\\\/#\\\/schema\\\/person\\\/fb48383c87e305a8d2bbad4aef3524eb\",\"name\":\"Sigrid\",\"image\":{\"@type\":\"ImageObject\",\"inLanguage\":\"en-GB\",\"@id\":\"https:\\\/\\\/www.nepelius.com\\\/wp-content\\\/uploads\\\/cropped-header_neu-1.jpg\",\"url\":\"https:\\\/\\\/www.nepelius.com\\\/wp-content\\\/uploads\\\/cropped-header_neu-1.jpg\",\"contentUrl\":\"https:\\\/\\\/www.nepelius.com\\\/wp-content\\\/uploads\\\/cropped-header_neu-1.jpg\",\"width\":1500,\"height\":224,\"caption\":\"Sigrid\"},\"logo\":{\"@id\":\"https:\\\/\\\/www.nepelius.com\\\/wp-content\\\/uploads\\\/cropped-header_neu-1.jpg\"},\"sameAs\":[\"https:\\\/\\\/www.facebook.com\\\/sigrid.nepelius.art\",\"https:\\\/\\\/www.instagram.com\\\/sigridnepeliusart\\\/\",\"https:\\\/\\\/www.pinterest.at\\\/sigridnepelius\\\/\"]}]}<\/script>\n<!-- \/ Yoast SEO plugin. -->","yoast_head_json":{"title":"ORANGER LUFTFISCH - Sigrid Nepelius","robots":{"index":"index","follow":"follow","max-snippet":"max-snippet:-1","max-image-preview":"max-image-preview:large","max-video-preview":"max-video-preview:-1"},"canonical":"https:\/\/www.nepelius.com\/en\/oranger-luftfisch-2\/","og_locale":"en_GB","og_type":"article","og_title":"ORANGER LUFTFISCH - Sigrid Nepelius","og_description":"Titel: ORANGER LUFTFISCHMedium: Acryl\/\u00d6l auf LeinwandGr\u00f6\u00dfe: 50 x 70 cmPreis: \u20ac 1.100,- inkl. Schattenfugenrahmen wei\u00df Der orange Luftfisch ist ein fr\u00f6hlicher Zeitgenosse und seine gesamte Erscheinung unterstreicht dieses sonnige Gem\u00fct.Schon die Farben Orange und Gelb sind an Heiterkeit kaum zu \u00fcberbieten. Und wenn man ihn so unbeschwert durch luftige H\u00f6hen flattern sieht, kann man gar [&hellip;]","og_url":"https:\/\/www.nepelius.com\/en\/oranger-luftfisch-2\/","og_site_name":"Sigrid Nepelius","article_publisher":"https:\/\/www.facebook.com\/sigrid.nepelius.art","article_modified_time":"2026-04-19T19:14:07+00:00","og_image":[{"width":1200,"height":854,"url":"https:\/\/www.nepelius.com\/wp-content\/uploads\/Oranger-Luftfisch-1200.jpg","type":"image\/jpeg"}],"twitter_card":"summary_large_image","twitter_misc":{"Estimated reading time":"2 minutes"},"schema":{"@context":"https:\/\/schema.org","@graph":[{"@type":"WebPage","@id":"https:\/\/www.nepelius.com\/oranger-luftfisch-2\/","url":"https:\/\/www.nepelius.com\/oranger-luftfisch-2\/","name":"ORANGER LUFTFISCH - Sigrid Nepelius","isPartOf":{"@id":"https:\/\/www.nepelius.com\/#website"},"primaryImageOfPage":{"@id":"https:\/\/www.nepelius.com\/oranger-luftfisch-2\/#primaryimage"},"image":{"@id":"https:\/\/www.nepelius.com\/oranger-luftfisch-2\/#primaryimage"},"thumbnailUrl":"https:\/\/www.nepelius.com\/wp-content\/uploads\/Oranger-Luftfisch-1200.jpg","datePublished":"2026-04-19T18:35:43+00:00","dateModified":"2026-04-19T19:14:07+00:00","breadcrumb":{"@id":"https:\/\/www.nepelius.com\/oranger-luftfisch-2\/#breadcrumb"},"inLanguage":"en-GB","potentialAction":[{"@type":"ReadAction","target":["https:\/\/www.nepelius.com\/oranger-luftfisch-2\/"]}]},{"@type":"ImageObject","inLanguage":"en-GB","@id":"https:\/\/www.nepelius.com\/oranger-luftfisch-2\/#primaryimage","url":"https:\/\/www.nepelius.com\/wp-content\/uploads\/Oranger-Luftfisch-1200.jpg","contentUrl":"https:\/\/www.nepelius.com\/wp-content\/uploads\/Oranger-Luftfisch-1200.jpg"},{"@type":"BreadcrumbList","@id":"https:\/\/www.nepelius.com\/oranger-luftfisch-2\/#breadcrumb","itemListElement":[{"@type":"ListItem","position":1,"name":"Startseite","item":"https:\/\/www.nepelius.com\/"},{"@type":"ListItem","position":2,"name":"ORANGER LUFTFISCH"}]},{"@type":"WebSite","@id":"https:\/\/www.nepelius.com\/#website","url":"https:\/\/www.nepelius.com\/","name":"Sigrid Nepelius","description":"Fine Art","publisher":{"@id":"https:\/\/www.nepelius.com\/#\/schema\/person\/fb48383c87e305a8d2bbad4aef3524eb"},"potentialAction":[{"@type":"SearchAction","target":{"@type":"EntryPoint","urlTemplate":"https:\/\/www.nepelius.com\/?s={search_term_string}"},"query-input":{"@type":"PropertyValueSpecification","valueRequired":true,"valueName":"search_term_string"}}],"inLanguage":"en-GB"},{"@type":["Person","Organization"],"@id":"https:\/\/www.nepelius.com\/#\/schema\/person\/fb48383c87e305a8d2bbad4aef3524eb","name":"Sigrid","image":{"@type":"ImageObject","inLanguage":"en-GB","@id":"https:\/\/www.nepelius.com\/wp-content\/uploads\/cropped-header_neu-1.jpg","url":"https:\/\/www.nepelius.com\/wp-content\/uploads\/cropped-header_neu-1.jpg","contentUrl":"https:\/\/www.nepelius.com\/wp-content\/uploads\/cropped-header_neu-1.jpg","width":1500,"height":224,"caption":"Sigrid"},"logo":{"@id":"https:\/\/www.nepelius.com\/wp-content\/uploads\/cropped-header_neu-1.jpg"},"sameAs":["https:\/\/www.facebook.com\/sigrid.nepelius.art","https:\/\/www.instagram.com\/sigridnepeliusart\/","https:\/\/www.pinterest.at\/sigridnepelius\/"]}]}},"_links":{"self":[{"href":"https:\/\/www.nepelius.com\/en\/wp-json\/wp\/v2\/pages\/5509","targetHints":{"allow":["GET"]}}],"collection":[{"href":"https:\/\/www.nepelius.com\/en\/wp-json\/wp\/v2\/pages"}],"about":[{"href":"https:\/\/www.nepelius.com\/en\/wp-json\/wp\/v2\/types\/page"}],"author":[{"embeddable":true,"href":"https:\/\/www.nepelius.com\/en\/wp-json\/wp\/v2\/users\/2"}],"replies":[{"embeddable":true,"href":"https:\/\/www.nepelius.com\/en\/wp-json\/wp\/v2\/comments?post=5509"}],"version-history":[{"count":2,"href":"https:\/\/www.nepelius.com\/en\/wp-json\/wp\/v2\/pages\/5509\/revisions"}],"predecessor-version":[{"id":5524,"href":"https:\/\/www.nepelius.com\/en\/wp-json\/wp\/v2\/pages\/5509\/revisions\/5524"}],"wp:attachment":[{"href":"https:\/\/www.nepelius.com\/en\/wp-json\/wp\/v2\/media?parent=5509"}],"curies":[{"name":"wp","href":"https:\/\/api.w.org\/{rel}","templated":true}]}}