{"id":5529,"date":"2026-04-19T21:28:13","date_gmt":"2026-04-19T19:28:13","guid":{"rendered":"https:\/\/www.nepelius.com\/?page_id=5529"},"modified":"2026-04-19T21:28:15","modified_gmt":"2026-04-19T19:28:15","slug":"eichen-blaetterling-2","status":"publish","type":"page","link":"https:\/\/www.nepelius.com\/en\/eichen-blaetterling-2\/","title":{"rendered":"OAK LEAFLING"},"content":{"rendered":"<div style=\"height:30px\" aria-hidden=\"true\" class=\"wp-block-spacer\"><\/div>\n\n\n\n<figure data-wp-context=\"{&quot;imageId&quot;:&quot;69ecf28dcff27&quot;}\" data-wp-interactive=\"core\/image\" data-wp-key=\"69ecf28dcff27\" class=\"wp-block-image size-full wp-lightbox-container\"><img loading=\"lazy\" decoding=\"async\" width=\"1300\" height=\"870\" data-wp-class--hide=\"state.isContentHidden\" data-wp-class--show=\"state.isContentVisible\" data-wp-init=\"callbacks.setButtonStyles\" data-wp-on--click=\"actions.showLightbox\" data-wp-on--load=\"callbacks.setButtonStyles\" data-wp-on-window--resize=\"callbacks.setButtonStyles\" src=\"https:\/\/www.nepelius.com\/wp-content\/uploads\/Eichen-Blaetterling-1300-1.jpg\" alt=\"\" class=\"wp-image-5008\" srcset=\"https:\/\/www.nepelius.com\/wp-content\/uploads\/Eichen-Blaetterling-1300-1.jpg 1300w, https:\/\/www.nepelius.com\/wp-content\/uploads\/Eichen-Blaetterling-1300-1-300x201.jpg 300w, https:\/\/www.nepelius.com\/wp-content\/uploads\/Eichen-Blaetterling-1300-1-768x514.jpg 768w, https:\/\/www.nepelius.com\/wp-content\/uploads\/Eichen-Blaetterling-1300-1-897x600.jpg 897w, https:\/\/www.nepelius.com\/wp-content\/uploads\/Eichen-Blaetterling-1300-1-18x12.jpg 18w, https:\/\/www.nepelius.com\/wp-content\/uploads\/Eichen-Blaetterling-1300-1-600x402.jpg 600w, https:\/\/www.nepelius.com\/wp-content\/uploads\/Eichen-Blaetterling-1300-1-250x167.jpg 250w\" sizes=\"auto, (max-width: 1300px) 100vw, 1300px\" \/><button\n\t\t\tclass=\"lightbox-trigger\"\n\t\t\ttype=\"button\"\n\t\t\taria-haspopup=\"dialog\"\n\t\t\taria-label=\"Enlarge\"\n\t\t\tdata-wp-init=\"callbacks.initTriggerButton\"\n\t\t\tdata-wp-on--click=\"actions.showLightbox\"\n\t\t\tdata-wp-style--right=\"state.imageButtonRight\"\n\t\t\tdata-wp-style--top=\"state.imageButtonTop\"\n\t\t>\n\t\t\t<svg xmlns=\"http:\/\/www.w3.org\/2000\/svg\" width=\"12\" height=\"12\" fill=\"none\" viewbox=\"0 0 12 12\">\n\t\t\t\t<path fill=\"#fff\" d=\"M2 0a2 2 0 0 0-2 2v2h1.5V2a.5.5 0 0 1 .5-.5h2V0H2Zm2 10.5H2a.5.5 0 0 1-.5-.5V8H0v2a2 2 0 0 0 2 2h2v-1.5ZM8 12v-1.5h2a.5.5 0 0 0 .5-.5V8H12v2a2 2 0 0 1-2 2H8Zm2-12a2 2 0 0 1 2 2v2h-1.5V2a.5.5 0 0 0-.5-.5H8V0h2Z\" \/>\n\t\t\t<\/svg>\n\t\t<\/button><\/figure>\n\n\n\n<div style=\"height:30px\" aria-hidden=\"true\" class=\"wp-block-spacer\"><\/div>\n\n\n\n<p>Title: OAK LEAFLING<br>Series: LEAFLINGS<br>Medium: Acrylic on magnetic canvas<br>Size: 7 x 7 cm<br>Price: \u20ac80<\/p>\n\n\n\n<p>You're innocently walking along the edge of the forest and suddenly an interestingly shaped leaf comes sailing along. And while I was still playing with the idea of taking it with me and pressing it, it suddenly doubled back. It was only then that I realized that the leaf was not a leaf, but a beautiful Leafling.<\/p>\n\n\n\n<p>If you'd like to welcome this creature into your home, <a href=\"mailto:atelier@nepelius.com\">feel free to send me an email<\/a>!<\/p>","protected":false},"excerpt":{"rendered":"<p>Titel: EICHEN-BL\u00c4TTERLINGSerie: BL\u00c4TTERLINGEMedium: Acryl auf magnetischer LeinwandGr\u00f6\u00dfe: 7 x 7 cmPreis: \u20ac 80,- Da l\u00e4uft man ganz unschuldig am Waldrand entlang und schwupp! segelt so ein interessant geformtes Blatt daher. Und noch w\u00e4hrend ich mit dem Gedanken gespielt habe, es mitzunehmen und zu pressen, hat es vor mir pl\u00f6tzlich einen Haken geschlagen. Da habe ich [&hellip;]<\/p>\n","protected":false},"author":2,"featured_media":0,"parent":0,"menu_order":0,"comment_status":"closed","ping_status":"closed","template":"","meta":{"zakra_page_container_layout":"customizer","zakra_page_sidebar_layout":"customizer","zakra_remove_content_margin":false,"zakra_sidebar":"customizer","zakra_transparent_header":"customizer","zakra_logo":0,"zakra_main_header_style":"default","zakra_menu_item_color":"","zakra_menu_item_hover_color":"","zakra_menu_item_active_color":"","zakra_menu_active_style":"","zakra_page_header":true,"footnotes":""},"class_list":["post-5529","page","type-page","status-publish","hentry"],"yoast_head":"<!-- This site is optimized with the Yoast SEO plugin v27.4 - https:\/\/yoast.com\/product\/yoast-seo-wordpress\/ -->\n<title>EICHEN-BL\u00c4TTERLING - Sigrid Nepelius<\/title>\n<meta name=\"robots\" content=\"index, follow, max-snippet:-1, max-image-preview:large, max-video-preview:-1\" \/>\n<link rel=\"canonical\" href=\"https:\/\/www.nepelius.com\/en\/eichen-blaetterling-2\/\" \/>\n<meta property=\"og:locale\" content=\"en_GB\" \/>\n<meta property=\"og:type\" content=\"article\" \/>\n<meta property=\"og:title\" content=\"EICHEN-BL\u00c4TTERLING - Sigrid Nepelius\" \/>\n<meta property=\"og:description\" content=\"Titel: EICHEN-BL\u00c4TTERLINGSerie: BL\u00c4TTERLINGEMedium: Acryl auf magnetischer LeinwandGr\u00f6\u00dfe: 7 x 7 cmPreis: \u20ac 80,- Da l\u00e4uft man ganz unschuldig am Waldrand entlang und schwupp! segelt so ein interessant geformtes Blatt daher. Und noch w\u00e4hrend ich mit dem Gedanken gespielt habe, es mitzunehmen und zu pressen, hat es vor mir pl\u00f6tzlich einen Haken geschlagen. Da habe ich [&hellip;]\" \/>\n<meta property=\"og:url\" content=\"https:\/\/www.nepelius.com\/en\/eichen-blaetterling-2\/\" \/>\n<meta property=\"og:site_name\" content=\"Sigrid Nepelius\" \/>\n<meta property=\"article:publisher\" content=\"https:\/\/www.facebook.com\/sigrid.nepelius.art\" \/>\n<meta property=\"article:modified_time\" content=\"2026-04-19T19:28:15+00:00\" \/>\n<meta property=\"og:image\" content=\"https:\/\/www.nepelius.com\/wp-content\/uploads\/Eichen-Blaetterling-1300-1.jpg\" \/>\n\t<meta property=\"og:image:width\" content=\"1300\" \/>\n\t<meta property=\"og:image:height\" content=\"870\" \/>\n\t<meta property=\"og:image:type\" content=\"image\/jpeg\" \/>\n<meta name=\"twitter:card\" content=\"summary_large_image\" \/>\n<meta name=\"twitter:label1\" content=\"Estimated reading time\" \/>\n\t<meta name=\"twitter:data1\" content=\"1 minute\" \/>\n<script type=\"application\/ld+json\" class=\"yoast-schema-graph\">{\"@context\":\"https:\\\/\\\/schema.org\",\"@graph\":[{\"@type\":\"WebPage\",\"@id\":\"https:\\\/\\\/www.nepelius.com\\\/eichen-blaetterling-2\\\/\",\"url\":\"https:\\\/\\\/www.nepelius.com\\\/eichen-blaetterling-2\\\/\",\"name\":\"EICHEN-BL\u00c4TTERLING - Sigrid Nepelius\",\"isPartOf\":{\"@id\":\"https:\\\/\\\/www.nepelius.com\\\/#website\"},\"primaryImageOfPage\":{\"@id\":\"https:\\\/\\\/www.nepelius.com\\\/eichen-blaetterling-2\\\/#primaryimage\"},\"image\":{\"@id\":\"https:\\\/\\\/www.nepelius.com\\\/eichen-blaetterling-2\\\/#primaryimage\"},\"thumbnailUrl\":\"https:\\\/\\\/www.nepelius.com\\\/wp-content\\\/uploads\\\/Eichen-Blaetterling-1300-1.jpg\",\"datePublished\":\"2026-04-19T19:28:13+00:00\",\"dateModified\":\"2026-04-19T19:28:15+00:00\",\"breadcrumb\":{\"@id\":\"https:\\\/\\\/www.nepelius.com\\\/eichen-blaetterling-2\\\/#breadcrumb\"},\"inLanguage\":\"en-GB\",\"potentialAction\":[{\"@type\":\"ReadAction\",\"target\":[\"https:\\\/\\\/www.nepelius.com\\\/eichen-blaetterling-2\\\/\"]}]},{\"@type\":\"ImageObject\",\"inLanguage\":\"en-GB\",\"@id\":\"https:\\\/\\\/www.nepelius.com\\\/eichen-blaetterling-2\\\/#primaryimage\",\"url\":\"https:\\\/\\\/www.nepelius.com\\\/wp-content\\\/uploads\\\/Eichen-Blaetterling-1300-1.jpg\",\"contentUrl\":\"https:\\\/\\\/www.nepelius.com\\\/wp-content\\\/uploads\\\/Eichen-Blaetterling-1300-1.jpg\"},{\"@type\":\"BreadcrumbList\",\"@id\":\"https:\\\/\\\/www.nepelius.com\\\/eichen-blaetterling-2\\\/#breadcrumb\",\"itemListElement\":[{\"@type\":\"ListItem\",\"position\":1,\"name\":\"Startseite\",\"item\":\"https:\\\/\\\/www.nepelius.com\\\/\"},{\"@type\":\"ListItem\",\"position\":2,\"name\":\"EICHEN-BL\u00c4TTERLING\"}]},{\"@type\":\"WebSite\",\"@id\":\"https:\\\/\\\/www.nepelius.com\\\/#website\",\"url\":\"https:\\\/\\\/www.nepelius.com\\\/\",\"name\":\"Sigrid Nepelius\",\"description\":\"Fine Art\",\"publisher\":{\"@id\":\"https:\\\/\\\/www.nepelius.com\\\/#\\\/schema\\\/person\\\/fb48383c87e305a8d2bbad4aef3524eb\"},\"potentialAction\":[{\"@type\":\"SearchAction\",\"target\":{\"@type\":\"EntryPoint\",\"urlTemplate\":\"https:\\\/\\\/www.nepelius.com\\\/?s={search_term_string}\"},\"query-input\":{\"@type\":\"PropertyValueSpecification\",\"valueRequired\":true,\"valueName\":\"search_term_string\"}}],\"inLanguage\":\"en-GB\"},{\"@type\":[\"Person\",\"Organization\"],\"@id\":\"https:\\\/\\\/www.nepelius.com\\\/#\\\/schema\\\/person\\\/fb48383c87e305a8d2bbad4aef3524eb\",\"name\":\"Sigrid\",\"image\":{\"@type\":\"ImageObject\",\"inLanguage\":\"en-GB\",\"@id\":\"https:\\\/\\\/www.nepelius.com\\\/wp-content\\\/uploads\\\/cropped-header_neu-1.jpg\",\"url\":\"https:\\\/\\\/www.nepelius.com\\\/wp-content\\\/uploads\\\/cropped-header_neu-1.jpg\",\"contentUrl\":\"https:\\\/\\\/www.nepelius.com\\\/wp-content\\\/uploads\\\/cropped-header_neu-1.jpg\",\"width\":1500,\"height\":224,\"caption\":\"Sigrid\"},\"logo\":{\"@id\":\"https:\\\/\\\/www.nepelius.com\\\/wp-content\\\/uploads\\\/cropped-header_neu-1.jpg\"},\"sameAs\":[\"https:\\\/\\\/www.facebook.com\\\/sigrid.nepelius.art\",\"https:\\\/\\\/www.instagram.com\\\/sigridnepeliusart\\\/\",\"https:\\\/\\\/www.pinterest.at\\\/sigridnepelius\\\/\"]}]}<\/script>\n<!-- \/ Yoast SEO plugin. -->","yoast_head_json":{"title":"EICHEN-BL\u00c4TTERLING - Sigrid Nepelius","robots":{"index":"index","follow":"follow","max-snippet":"max-snippet:-1","max-image-preview":"max-image-preview:large","max-video-preview":"max-video-preview:-1"},"canonical":"https:\/\/www.nepelius.com\/en\/eichen-blaetterling-2\/","og_locale":"en_GB","og_type":"article","og_title":"EICHEN-BL\u00c4TTERLING - Sigrid Nepelius","og_description":"Titel: EICHEN-BL\u00c4TTERLINGSerie: BL\u00c4TTERLINGEMedium: Acryl auf magnetischer LeinwandGr\u00f6\u00dfe: 7 x 7 cmPreis: \u20ac 80,- Da l\u00e4uft man ganz unschuldig am Waldrand entlang und schwupp! segelt so ein interessant geformtes Blatt daher. Und noch w\u00e4hrend ich mit dem Gedanken gespielt habe, es mitzunehmen und zu pressen, hat es vor mir pl\u00f6tzlich einen Haken geschlagen. Da habe ich [&hellip;]","og_url":"https:\/\/www.nepelius.com\/en\/eichen-blaetterling-2\/","og_site_name":"Sigrid Nepelius","article_publisher":"https:\/\/www.facebook.com\/sigrid.nepelius.art","article_modified_time":"2026-04-19T19:28:15+00:00","og_image":[{"width":1300,"height":870,"url":"https:\/\/www.nepelius.com\/wp-content\/uploads\/Eichen-Blaetterling-1300-1.jpg","type":"image\/jpeg"}],"twitter_card":"summary_large_image","twitter_misc":{"Estimated reading time":"1 minute"},"schema":{"@context":"https:\/\/schema.org","@graph":[{"@type":"WebPage","@id":"https:\/\/www.nepelius.com\/eichen-blaetterling-2\/","url":"https:\/\/www.nepelius.com\/eichen-blaetterling-2\/","name":"EICHEN-BL\u00c4TTERLING - Sigrid Nepelius","isPartOf":{"@id":"https:\/\/www.nepelius.com\/#website"},"primaryImageOfPage":{"@id":"https:\/\/www.nepelius.com\/eichen-blaetterling-2\/#primaryimage"},"image":{"@id":"https:\/\/www.nepelius.com\/eichen-blaetterling-2\/#primaryimage"},"thumbnailUrl":"https:\/\/www.nepelius.com\/wp-content\/uploads\/Eichen-Blaetterling-1300-1.jpg","datePublished":"2026-04-19T19:28:13+00:00","dateModified":"2026-04-19T19:28:15+00:00","breadcrumb":{"@id":"https:\/\/www.nepelius.com\/eichen-blaetterling-2\/#breadcrumb"},"inLanguage":"en-GB","potentialAction":[{"@type":"ReadAction","target":["https:\/\/www.nepelius.com\/eichen-blaetterling-2\/"]}]},{"@type":"ImageObject","inLanguage":"en-GB","@id":"https:\/\/www.nepelius.com\/eichen-blaetterling-2\/#primaryimage","url":"https:\/\/www.nepelius.com\/wp-content\/uploads\/Eichen-Blaetterling-1300-1.jpg","contentUrl":"https:\/\/www.nepelius.com\/wp-content\/uploads\/Eichen-Blaetterling-1300-1.jpg"},{"@type":"BreadcrumbList","@id":"https:\/\/www.nepelius.com\/eichen-blaetterling-2\/#breadcrumb","itemListElement":[{"@type":"ListItem","position":1,"name":"Startseite","item":"https:\/\/www.nepelius.com\/"},{"@type":"ListItem","position":2,"name":"EICHEN-BL\u00c4TTERLING"}]},{"@type":"WebSite","@id":"https:\/\/www.nepelius.com\/#website","url":"https:\/\/www.nepelius.com\/","name":"Sigrid Nepelius","description":"Fine Art","publisher":{"@id":"https:\/\/www.nepelius.com\/#\/schema\/person\/fb48383c87e305a8d2bbad4aef3524eb"},"potentialAction":[{"@type":"SearchAction","target":{"@type":"EntryPoint","urlTemplate":"https:\/\/www.nepelius.com\/?s={search_term_string}"},"query-input":{"@type":"PropertyValueSpecification","valueRequired":true,"valueName":"search_term_string"}}],"inLanguage":"en-GB"},{"@type":["Person","Organization"],"@id":"https:\/\/www.nepelius.com\/#\/schema\/person\/fb48383c87e305a8d2bbad4aef3524eb","name":"Sigrid","image":{"@type":"ImageObject","inLanguage":"en-GB","@id":"https:\/\/www.nepelius.com\/wp-content\/uploads\/cropped-header_neu-1.jpg","url":"https:\/\/www.nepelius.com\/wp-content\/uploads\/cropped-header_neu-1.jpg","contentUrl":"https:\/\/www.nepelius.com\/wp-content\/uploads\/cropped-header_neu-1.jpg","width":1500,"height":224,"caption":"Sigrid"},"logo":{"@id":"https:\/\/www.nepelius.com\/wp-content\/uploads\/cropped-header_neu-1.jpg"},"sameAs":["https:\/\/www.facebook.com\/sigrid.nepelius.art","https:\/\/www.instagram.com\/sigridnepeliusart\/","https:\/\/www.pinterest.at\/sigridnepelius\/"]}]}},"_links":{"self":[{"href":"https:\/\/www.nepelius.com\/en\/wp-json\/wp\/v2\/pages\/5529","targetHints":{"allow":["GET"]}}],"collection":[{"href":"https:\/\/www.nepelius.com\/en\/wp-json\/wp\/v2\/pages"}],"about":[{"href":"https:\/\/www.nepelius.com\/en\/wp-json\/wp\/v2\/types\/page"}],"author":[{"embeddable":true,"href":"https:\/\/www.nepelius.com\/en\/wp-json\/wp\/v2\/users\/2"}],"replies":[{"embeddable":true,"href":"https:\/\/www.nepelius.com\/en\/wp-json\/wp\/v2\/comments?post=5529"}],"version-history":[{"count":1,"href":"https:\/\/www.nepelius.com\/en\/wp-json\/wp\/v2\/pages\/5529\/revisions"}],"predecessor-version":[{"id":5530,"href":"https:\/\/www.nepelius.com\/en\/wp-json\/wp\/v2\/pages\/5529\/revisions\/5530"}],"wp:attachment":[{"href":"https:\/\/www.nepelius.com\/en\/wp-json\/wp\/v2\/media?parent=5529"}],"curies":[{"name":"wp","href":"https:\/\/api.w.org\/{rel}","templated":true}]}}