{"id":5531,"date":"2026-04-19T21:32:38","date_gmt":"2026-04-19T19:32:38","guid":{"rendered":"https:\/\/www.nepelius.com\/?page_id=5531"},"modified":"2026-04-19T21:32:40","modified_gmt":"2026-04-19T19:32:40","slug":"eschen-blaetterling-2","status":"publish","type":"page","link":"https:\/\/www.nepelius.com\/en\/eschen-blaetterling-2\/","title":{"rendered":"ASH LEAFLING"},"content":{"rendered":"<div style=\"height:30px\" aria-hidden=\"true\" class=\"wp-block-spacer\"><\/div>\n\n\n\n<figure class=\"wp-block-image size-large\" id=\"block-8ac89919-bf82-4172-8581-7c911482a0e0\"><img loading=\"lazy\" decoding=\"async\" width=\"897\" height=\"600\" src=\"https:\/\/www.nepelius.com\/wp-content\/uploads\/Eschen-Blaetterling-1300-1-897x600.jpg\" alt=\"\" class=\"wp-image-5009\" srcset=\"https:\/\/www.nepelius.com\/wp-content\/uploads\/Eschen-Blaetterling-1300-1-897x600.jpg 897w, https:\/\/www.nepelius.com\/wp-content\/uploads\/Eschen-Blaetterling-1300-1-300x201.jpg 300w, https:\/\/www.nepelius.com\/wp-content\/uploads\/Eschen-Blaetterling-1300-1-768x514.jpg 768w, https:\/\/www.nepelius.com\/wp-content\/uploads\/Eschen-Blaetterling-1300-1-18x12.jpg 18w, https:\/\/www.nepelius.com\/wp-content\/uploads\/Eschen-Blaetterling-1300-1-600x402.jpg 600w, https:\/\/www.nepelius.com\/wp-content\/uploads\/Eschen-Blaetterling-1300-1-250x167.jpg 250w, https:\/\/www.nepelius.com\/wp-content\/uploads\/Eschen-Blaetterling-1300-1.jpg 1300w\" sizes=\"auto, (max-width: 897px) 100vw, 897px\" \/><figcaption class=\"wp-element-caption\">SONY DSC<\/figcaption><\/figure>\n\n\n\n<div style=\"height:30px\" aria-hidden=\"true\" class=\"wp-block-spacer\"><\/div>\n\n\n\n<p id=\"block-44a00ac9-1848-4594-8206-e829e11c1a4b\">Title: ASH LEAFLING<br>Series: LEAFLINGS<br>Medium: Acrylic on magnetic canvas<br>Size: 7 x 7 cm<br>Price: \u20ac80<\/p>\n\n\n\n<p id=\"block-d423025c-92f7-4342-b549-904d7b7e2cd0\">Yesterday, when I was standing under our ash tree in the front garden during a break in the rain, I suddenly had dots in my sight. It was only at second glance that I recognised this unusual Leafling, which, with its stylish dotted pattern, is certainly not just attracting my attention.<\/p>\n\n\n\n<p id=\"block-7ae8984c-7692-423c-ae49-200dba3388c6\">If you'd like to welcome this creature into your home, <a href=\"mailto:atelier@nepelius.com\">feel free to send me an email<\/a>!<\/p>","protected":false},"excerpt":{"rendered":"<p>Titel: ESCHEN-BL\u00c4TTERLINGSerie: BL\u00c4TTERLINGEMedium: Acryl auf magnetischer LeinwandGr\u00f6\u00dfe: 7 x 7 cmPreis: \u20ac 80,- Als ich gestern in einer Regenpause unter unserer Esche im Vorgarten stand, hatte ich pl\u00f6tzlich Punkte vor den Augen. Erst auf den zweiten Blick habe ich diesen ungew\u00f6hnlichen Bl\u00e4tterling erkannt, der mit seinem stylischen P\u00fcnktchen-Muster bestimmt nicht nur meine Blicke auf sich [&hellip;]<\/p>\n","protected":false},"author":2,"featured_media":0,"parent":0,"menu_order":0,"comment_status":"closed","ping_status":"closed","template":"","meta":{"zakra_page_container_layout":"customizer","zakra_page_sidebar_layout":"customizer","zakra_remove_content_margin":false,"zakra_sidebar":"customizer","zakra_transparent_header":"customizer","zakra_logo":0,"zakra_main_header_style":"default","zakra_menu_item_color":"","zakra_menu_item_hover_color":"","zakra_menu_item_active_color":"","zakra_menu_active_style":"","zakra_page_header":true,"footnotes":""},"class_list":["post-5531","page","type-page","status-publish","hentry"],"yoast_head":"<!-- This site is optimized with the Yoast SEO plugin v27.4 - https:\/\/yoast.com\/product\/yoast-seo-wordpress\/ -->\n<title>ESCHEN-BL\u00c4TTERLING - Sigrid Nepelius<\/title>\n<meta name=\"robots\" content=\"index, follow, max-snippet:-1, max-image-preview:large, max-video-preview:-1\" \/>\n<link rel=\"canonical\" href=\"https:\/\/www.nepelius.com\/en\/eschen-blaetterling-2\/\" \/>\n<meta property=\"og:locale\" content=\"en_GB\" \/>\n<meta property=\"og:type\" content=\"article\" \/>\n<meta property=\"og:title\" content=\"ESCHEN-BL\u00c4TTERLING - Sigrid Nepelius\" \/>\n<meta property=\"og:description\" content=\"Titel: ESCHEN-BL\u00c4TTERLINGSerie: BL\u00c4TTERLINGEMedium: Acryl auf magnetischer LeinwandGr\u00f6\u00dfe: 7 x 7 cmPreis: \u20ac 80,- Als ich gestern in einer Regenpause unter unserer Esche im Vorgarten stand, hatte ich pl\u00f6tzlich Punkte vor den Augen. Erst auf den zweiten Blick habe ich diesen ungew\u00f6hnlichen Bl\u00e4tterling erkannt, der mit seinem stylischen P\u00fcnktchen-Muster bestimmt nicht nur meine Blicke auf sich [&hellip;]\" \/>\n<meta property=\"og:url\" content=\"https:\/\/www.nepelius.com\/en\/eschen-blaetterling-2\/\" \/>\n<meta property=\"og:site_name\" content=\"Sigrid Nepelius\" \/>\n<meta property=\"article:publisher\" content=\"https:\/\/www.facebook.com\/sigrid.nepelius.art\" \/>\n<meta property=\"article:modified_time\" content=\"2026-04-19T19:32:40+00:00\" \/>\n<meta property=\"og:image\" content=\"https:\/\/www.nepelius.com\/wp-content\/uploads\/Eschen-Blaetterling-1300-1.jpg\" \/>\n\t<meta property=\"og:image:width\" content=\"1300\" \/>\n\t<meta property=\"og:image:height\" content=\"870\" \/>\n\t<meta property=\"og:image:type\" content=\"image\/jpeg\" \/>\n<meta name=\"twitter:card\" content=\"summary_large_image\" \/>\n<meta name=\"twitter:label1\" content=\"Estimated reading time\" \/>\n\t<meta name=\"twitter:data1\" content=\"1 minute\" \/>\n<script type=\"application\/ld+json\" class=\"yoast-schema-graph\">{\"@context\":\"https:\\\/\\\/schema.org\",\"@graph\":[{\"@type\":\"WebPage\",\"@id\":\"https:\\\/\\\/www.nepelius.com\\\/eschen-blaetterling-2\\\/\",\"url\":\"https:\\\/\\\/www.nepelius.com\\\/eschen-blaetterling-2\\\/\",\"name\":\"ESCHEN-BL\u00c4TTERLING - Sigrid Nepelius\",\"isPartOf\":{\"@id\":\"https:\\\/\\\/www.nepelius.com\\\/#website\"},\"primaryImageOfPage\":{\"@id\":\"https:\\\/\\\/www.nepelius.com\\\/eschen-blaetterling-2\\\/#primaryimage\"},\"image\":{\"@id\":\"https:\\\/\\\/www.nepelius.com\\\/eschen-blaetterling-2\\\/#primaryimage\"},\"thumbnailUrl\":\"https:\\\/\\\/www.nepelius.com\\\/wp-content\\\/uploads\\\/Eschen-Blaetterling-1300-1-897x600.jpg\",\"datePublished\":\"2026-04-19T19:32:38+00:00\",\"dateModified\":\"2026-04-19T19:32:40+00:00\",\"breadcrumb\":{\"@id\":\"https:\\\/\\\/www.nepelius.com\\\/eschen-blaetterling-2\\\/#breadcrumb\"},\"inLanguage\":\"en-GB\",\"potentialAction\":[{\"@type\":\"ReadAction\",\"target\":[\"https:\\\/\\\/www.nepelius.com\\\/eschen-blaetterling-2\\\/\"]}]},{\"@type\":\"ImageObject\",\"inLanguage\":\"en-GB\",\"@id\":\"https:\\\/\\\/www.nepelius.com\\\/eschen-blaetterling-2\\\/#primaryimage\",\"url\":\"https:\\\/\\\/www.nepelius.com\\\/wp-content\\\/uploads\\\/Eschen-Blaetterling-1300-1-897x600.jpg\",\"contentUrl\":\"https:\\\/\\\/www.nepelius.com\\\/wp-content\\\/uploads\\\/Eschen-Blaetterling-1300-1-897x600.jpg\"},{\"@type\":\"BreadcrumbList\",\"@id\":\"https:\\\/\\\/www.nepelius.com\\\/eschen-blaetterling-2\\\/#breadcrumb\",\"itemListElement\":[{\"@type\":\"ListItem\",\"position\":1,\"name\":\"Startseite\",\"item\":\"https:\\\/\\\/www.nepelius.com\\\/\"},{\"@type\":\"ListItem\",\"position\":2,\"name\":\"ESCHEN-BL\u00c4TTERLING\"}]},{\"@type\":\"WebSite\",\"@id\":\"https:\\\/\\\/www.nepelius.com\\\/#website\",\"url\":\"https:\\\/\\\/www.nepelius.com\\\/\",\"name\":\"Sigrid Nepelius\",\"description\":\"Fine Art\",\"publisher\":{\"@id\":\"https:\\\/\\\/www.nepelius.com\\\/#\\\/schema\\\/person\\\/fb48383c87e305a8d2bbad4aef3524eb\"},\"potentialAction\":[{\"@type\":\"SearchAction\",\"target\":{\"@type\":\"EntryPoint\",\"urlTemplate\":\"https:\\\/\\\/www.nepelius.com\\\/?s={search_term_string}\"},\"query-input\":{\"@type\":\"PropertyValueSpecification\",\"valueRequired\":true,\"valueName\":\"search_term_string\"}}],\"inLanguage\":\"en-GB\"},{\"@type\":[\"Person\",\"Organization\"],\"@id\":\"https:\\\/\\\/www.nepelius.com\\\/#\\\/schema\\\/person\\\/fb48383c87e305a8d2bbad4aef3524eb\",\"name\":\"Sigrid\",\"image\":{\"@type\":\"ImageObject\",\"inLanguage\":\"en-GB\",\"@id\":\"https:\\\/\\\/www.nepelius.com\\\/wp-content\\\/uploads\\\/cropped-header_neu-1.jpg\",\"url\":\"https:\\\/\\\/www.nepelius.com\\\/wp-content\\\/uploads\\\/cropped-header_neu-1.jpg\",\"contentUrl\":\"https:\\\/\\\/www.nepelius.com\\\/wp-content\\\/uploads\\\/cropped-header_neu-1.jpg\",\"width\":1500,\"height\":224,\"caption\":\"Sigrid\"},\"logo\":{\"@id\":\"https:\\\/\\\/www.nepelius.com\\\/wp-content\\\/uploads\\\/cropped-header_neu-1.jpg\"},\"sameAs\":[\"https:\\\/\\\/www.facebook.com\\\/sigrid.nepelius.art\",\"https:\\\/\\\/www.instagram.com\\\/sigridnepeliusart\\\/\",\"https:\\\/\\\/www.pinterest.at\\\/sigridnepelius\\\/\"]}]}<\/script>\n<!-- \/ Yoast SEO plugin. -->","yoast_head_json":{"title":"ESCHEN-BL\u00c4TTERLING - Sigrid Nepelius","robots":{"index":"index","follow":"follow","max-snippet":"max-snippet:-1","max-image-preview":"max-image-preview:large","max-video-preview":"max-video-preview:-1"},"canonical":"https:\/\/www.nepelius.com\/en\/eschen-blaetterling-2\/","og_locale":"en_GB","og_type":"article","og_title":"ESCHEN-BL\u00c4TTERLING - Sigrid Nepelius","og_description":"Titel: ESCHEN-BL\u00c4TTERLINGSerie: BL\u00c4TTERLINGEMedium: Acryl auf magnetischer LeinwandGr\u00f6\u00dfe: 7 x 7 cmPreis: \u20ac 80,- Als ich gestern in einer Regenpause unter unserer Esche im Vorgarten stand, hatte ich pl\u00f6tzlich Punkte vor den Augen. Erst auf den zweiten Blick habe ich diesen ungew\u00f6hnlichen Bl\u00e4tterling erkannt, der mit seinem stylischen P\u00fcnktchen-Muster bestimmt nicht nur meine Blicke auf sich [&hellip;]","og_url":"https:\/\/www.nepelius.com\/en\/eschen-blaetterling-2\/","og_site_name":"Sigrid Nepelius","article_publisher":"https:\/\/www.facebook.com\/sigrid.nepelius.art","article_modified_time":"2026-04-19T19:32:40+00:00","og_image":[{"width":1300,"height":870,"url":"https:\/\/www.nepelius.com\/wp-content\/uploads\/Eschen-Blaetterling-1300-1.jpg","type":"image\/jpeg"}],"twitter_card":"summary_large_image","twitter_misc":{"Estimated reading time":"1 minute"},"schema":{"@context":"https:\/\/schema.org","@graph":[{"@type":"WebPage","@id":"https:\/\/www.nepelius.com\/eschen-blaetterling-2\/","url":"https:\/\/www.nepelius.com\/eschen-blaetterling-2\/","name":"ESCHEN-BL\u00c4TTERLING - Sigrid Nepelius","isPartOf":{"@id":"https:\/\/www.nepelius.com\/#website"},"primaryImageOfPage":{"@id":"https:\/\/www.nepelius.com\/eschen-blaetterling-2\/#primaryimage"},"image":{"@id":"https:\/\/www.nepelius.com\/eschen-blaetterling-2\/#primaryimage"},"thumbnailUrl":"https:\/\/www.nepelius.com\/wp-content\/uploads\/Eschen-Blaetterling-1300-1-897x600.jpg","datePublished":"2026-04-19T19:32:38+00:00","dateModified":"2026-04-19T19:32:40+00:00","breadcrumb":{"@id":"https:\/\/www.nepelius.com\/eschen-blaetterling-2\/#breadcrumb"},"inLanguage":"en-GB","potentialAction":[{"@type":"ReadAction","target":["https:\/\/www.nepelius.com\/eschen-blaetterling-2\/"]}]},{"@type":"ImageObject","inLanguage":"en-GB","@id":"https:\/\/www.nepelius.com\/eschen-blaetterling-2\/#primaryimage","url":"https:\/\/www.nepelius.com\/wp-content\/uploads\/Eschen-Blaetterling-1300-1-897x600.jpg","contentUrl":"https:\/\/www.nepelius.com\/wp-content\/uploads\/Eschen-Blaetterling-1300-1-897x600.jpg"},{"@type":"BreadcrumbList","@id":"https:\/\/www.nepelius.com\/eschen-blaetterling-2\/#breadcrumb","itemListElement":[{"@type":"ListItem","position":1,"name":"Startseite","item":"https:\/\/www.nepelius.com\/"},{"@type":"ListItem","position":2,"name":"ESCHEN-BL\u00c4TTERLING"}]},{"@type":"WebSite","@id":"https:\/\/www.nepelius.com\/#website","url":"https:\/\/www.nepelius.com\/","name":"Sigrid Nepelius","description":"Fine Art","publisher":{"@id":"https:\/\/www.nepelius.com\/#\/schema\/person\/fb48383c87e305a8d2bbad4aef3524eb"},"potentialAction":[{"@type":"SearchAction","target":{"@type":"EntryPoint","urlTemplate":"https:\/\/www.nepelius.com\/?s={search_term_string}"},"query-input":{"@type":"PropertyValueSpecification","valueRequired":true,"valueName":"search_term_string"}}],"inLanguage":"en-GB"},{"@type":["Person","Organization"],"@id":"https:\/\/www.nepelius.com\/#\/schema\/person\/fb48383c87e305a8d2bbad4aef3524eb","name":"Sigrid","image":{"@type":"ImageObject","inLanguage":"en-GB","@id":"https:\/\/www.nepelius.com\/wp-content\/uploads\/cropped-header_neu-1.jpg","url":"https:\/\/www.nepelius.com\/wp-content\/uploads\/cropped-header_neu-1.jpg","contentUrl":"https:\/\/www.nepelius.com\/wp-content\/uploads\/cropped-header_neu-1.jpg","width":1500,"height":224,"caption":"Sigrid"},"logo":{"@id":"https:\/\/www.nepelius.com\/wp-content\/uploads\/cropped-header_neu-1.jpg"},"sameAs":["https:\/\/www.facebook.com\/sigrid.nepelius.art","https:\/\/www.instagram.com\/sigridnepeliusart\/","https:\/\/www.pinterest.at\/sigridnepelius\/"]}]}},"_links":{"self":[{"href":"https:\/\/www.nepelius.com\/en\/wp-json\/wp\/v2\/pages\/5531","targetHints":{"allow":["GET"]}}],"collection":[{"href":"https:\/\/www.nepelius.com\/en\/wp-json\/wp\/v2\/pages"}],"about":[{"href":"https:\/\/www.nepelius.com\/en\/wp-json\/wp\/v2\/types\/page"}],"author":[{"embeddable":true,"href":"https:\/\/www.nepelius.com\/en\/wp-json\/wp\/v2\/users\/2"}],"replies":[{"embeddable":true,"href":"https:\/\/www.nepelius.com\/en\/wp-json\/wp\/v2\/comments?post=5531"}],"version-history":[{"count":1,"href":"https:\/\/www.nepelius.com\/en\/wp-json\/wp\/v2\/pages\/5531\/revisions"}],"predecessor-version":[{"id":5532,"href":"https:\/\/www.nepelius.com\/en\/wp-json\/wp\/v2\/pages\/5531\/revisions\/5532"}],"wp:attachment":[{"href":"https:\/\/www.nepelius.com\/en\/wp-json\/wp\/v2\/media?parent=5531"}],"curies":[{"name":"wp","href":"https:\/\/api.w.org\/{rel}","templated":true}]}}