{"id":5547,"date":"2026-05-06T19:22:44","date_gmt":"2026-05-06T17:22:44","guid":{"rendered":"https:\/\/www.nepelius.com\/?page_id=5547"},"modified":"2026-05-06T19:22:44","modified_gmt":"2026-05-06T17:22:44","slug":"dicke-freunde","status":"publish","type":"page","link":"https:\/\/www.nepelius.com\/en\/dicke-freunde\/","title":{"rendered":"CLOSE FRIENDS"},"content":{"rendered":"<figure class=\"wp-block-gallery has-nested-images columns-default is-cropped wp-block-gallery-1 is-layout-flex wp-block-gallery-is-layout-flex\">\n<figure class=\"wp-block-image size-large\"><img loading=\"lazy\" decoding=\"async\" width=\"475\" height=\"600\" data-id=\"5548\" src=\"https:\/\/www.nepelius.com\/wp-content\/uploads\/DickeFreunde-kl-475x600.jpg\" alt=\"\" class=\"wp-image-5548\" srcset=\"https:\/\/www.nepelius.com\/wp-content\/uploads\/DickeFreunde-kl-475x600.jpg 475w, https:\/\/www.nepelius.com\/wp-content\/uploads\/DickeFreunde-kl-237x300.jpg 237w, https:\/\/www.nepelius.com\/wp-content\/uploads\/DickeFreunde-kl-768x971.jpg 768w, https:\/\/www.nepelius.com\/wp-content\/uploads\/DickeFreunde-kl-9x12.jpg 9w, https:\/\/www.nepelius.com\/wp-content\/uploads\/DickeFreunde-kl-600x759.jpg 600w, https:\/\/www.nepelius.com\/wp-content\/uploads\/DickeFreunde-kl.jpg 949w\" sizes=\"auto, (max-width: 475px) 100vw, 475px\" \/><\/figure>\n\n\n\n<figure class=\"wp-block-image size-large\"><img loading=\"lazy\" decoding=\"async\" width=\"600\" height=\"600\" data-id=\"5549\" src=\"https:\/\/www.nepelius.com\/wp-content\/uploads\/DickeFreunde-1080x1080-1-1-600x600.jpg\" alt=\"\" class=\"wp-image-5549\" srcset=\"https:\/\/www.nepelius.com\/wp-content\/uploads\/DickeFreunde-1080x1080-1-1-600x600.jpg 600w, https:\/\/www.nepelius.com\/wp-content\/uploads\/DickeFreunde-1080x1080-1-1-300x300.jpg 300w, https:\/\/www.nepelius.com\/wp-content\/uploads\/DickeFreunde-1080x1080-1-1-768x768.jpg 768w, https:\/\/www.nepelius.com\/wp-content\/uploads\/DickeFreunde-1080x1080-1-1-12x12.jpg 12w, https:\/\/www.nepelius.com\/wp-content\/uploads\/DickeFreunde-1080x1080-1-1-100x100.jpg 100w, https:\/\/www.nepelius.com\/wp-content\/uploads\/DickeFreunde-1080x1080-1-1.jpg 1080w\" sizes=\"auto, (max-width: 600px) 100vw, 600px\" \/><\/figure>\n<\/figure>\n\n\n\n<p>Title: CLOSE FRIENDS<br>Series: A JOYFUL HARVEST SEASON<br>Medium: Acrylic\/oil on canvas<br>Size: 30 x 24 cm<br>Price: \u20ac600<\/p>\n\n\n\n<p>What the universe has brought together, man should not tear apart. And quite honestly: who could be angry with this sweet little creature, even if it has just nicked the crispest apple of them all? That blissful gaze and happy expression speak for themselves. Here are two who have found each other, and whose paths will only part again when the one with the innocent button eyes can no longer ignore his hunger. Until then, the pair are a fine example of how the most unusual friendships are often the best.<\/p>\n\n\n\n<p>If you'd like to welcome this creature into your home, <a href=\"mailto:atelier@nepelius.com\">feel free to send me an email<\/a>!<\/p>","protected":false},"excerpt":{"rendered":"<p>Titel: DICKE FREUNDESerie: FR\u00d6HLICHE ERNTEZEITMedium: Acryl\/\u00d6l auf LeinwandGr\u00f6\u00dfe: 30 x 24 cmPreis: \u20ac 600,- Was das Universum zusammengef\u00fchrt hat, soll der Mensch nicht trennen. Und ganz ehrlich: Wer k\u00f6nnte diesem s\u00fc\u00dfen Wesen b\u00f6se sein, selbst wenn es sich gerade den knackigsten Apfel von allen stibitzt hat? Der selige Blick und der gl\u00fcckliche Gesichtsausdruck sprechen f\u00fcr [&hellip;]<\/p>\n","protected":false},"author":2,"featured_media":0,"parent":0,"menu_order":0,"comment_status":"closed","ping_status":"closed","template":"","meta":{"zakra_page_container_layout":"customizer","zakra_page_sidebar_layout":"customizer","zakra_remove_content_margin":false,"zakra_sidebar":"customizer","zakra_transparent_header":"customizer","zakra_logo":0,"zakra_main_header_style":"default","zakra_menu_item_color":"","zakra_menu_item_hover_color":"","zakra_menu_item_active_color":"","zakra_menu_active_style":"","zakra_page_header":true,"footnotes":""},"class_list":["post-5547","page","type-page","status-publish","hentry"],"yoast_head":"<!-- This site is optimized with the Yoast SEO plugin v27.4 - https:\/\/yoast.com\/product\/yoast-seo-wordpress\/ -->\n<title>DICKE FREUNDE - Sigrid Nepelius<\/title>\n<meta name=\"robots\" content=\"index, follow, max-snippet:-1, max-image-preview:large, max-video-preview:-1\" \/>\n<link rel=\"canonical\" href=\"https:\/\/www.nepelius.com\/en\/dicke-freunde\/\" \/>\n<meta property=\"og:locale\" content=\"en_GB\" \/>\n<meta property=\"og:type\" content=\"article\" \/>\n<meta property=\"og:title\" content=\"DICKE FREUNDE - Sigrid Nepelius\" \/>\n<meta property=\"og:description\" content=\"Titel: DICKE FREUNDESerie: FR\u00d6HLICHE ERNTEZEITMedium: Acryl\/\u00d6l auf LeinwandGr\u00f6\u00dfe: 30 x 24 cmPreis: \u20ac 600,- Was das Universum zusammengef\u00fchrt hat, soll der Mensch nicht trennen. Und ganz ehrlich: Wer k\u00f6nnte diesem s\u00fc\u00dfen Wesen b\u00f6se sein, selbst wenn es sich gerade den knackigsten Apfel von allen stibitzt hat? Der selige Blick und der gl\u00fcckliche Gesichtsausdruck sprechen f\u00fcr [&hellip;]\" \/>\n<meta property=\"og:url\" content=\"https:\/\/www.nepelius.com\/en\/dicke-freunde\/\" \/>\n<meta property=\"og:site_name\" content=\"Sigrid Nepelius\" \/>\n<meta property=\"article:publisher\" content=\"https:\/\/www.facebook.com\/sigrid.nepelius.art\" \/>\n<meta property=\"og:image\" content=\"https:\/\/www.nepelius.com\/wp-content\/uploads\/DickeFreunde-kl.jpg\" \/>\n\t<meta property=\"og:image:width\" content=\"949\" \/>\n\t<meta property=\"og:image:height\" content=\"1200\" \/>\n\t<meta property=\"og:image:type\" content=\"image\/jpeg\" \/>\n<meta name=\"twitter:card\" content=\"summary_large_image\" \/>\n<meta name=\"twitter:label1\" content=\"Estimated reading time\" \/>\n\t<meta name=\"twitter:data1\" content=\"2 minutes\" \/>\n<script type=\"application\/ld+json\" class=\"yoast-schema-graph\">{\"@context\":\"https:\\\/\\\/schema.org\",\"@graph\":[{\"@type\":\"WebPage\",\"@id\":\"https:\\\/\\\/www.nepelius.com\\\/dicke-freunde\\\/\",\"url\":\"https:\\\/\\\/www.nepelius.com\\\/dicke-freunde\\\/\",\"name\":\"DICKE FREUNDE - Sigrid Nepelius\",\"isPartOf\":{\"@id\":\"https:\\\/\\\/www.nepelius.com\\\/#website\"},\"primaryImageOfPage\":{\"@id\":\"https:\\\/\\\/www.nepelius.com\\\/dicke-freunde\\\/#primaryimage\"},\"image\":{\"@id\":\"https:\\\/\\\/www.nepelius.com\\\/dicke-freunde\\\/#primaryimage\"},\"thumbnailUrl\":\"https:\\\/\\\/www.nepelius.com\\\/wp-content\\\/uploads\\\/DickeFreunde-kl-475x600.jpg\",\"datePublished\":\"2026-05-06T17:22:44+00:00\",\"breadcrumb\":{\"@id\":\"https:\\\/\\\/www.nepelius.com\\\/dicke-freunde\\\/#breadcrumb\"},\"inLanguage\":\"en-GB\",\"potentialAction\":[{\"@type\":\"ReadAction\",\"target\":[\"https:\\\/\\\/www.nepelius.com\\\/dicke-freunde\\\/\"]}]},{\"@type\":\"ImageObject\",\"inLanguage\":\"en-GB\",\"@id\":\"https:\\\/\\\/www.nepelius.com\\\/dicke-freunde\\\/#primaryimage\",\"url\":\"https:\\\/\\\/www.nepelius.com\\\/wp-content\\\/uploads\\\/DickeFreunde-kl-475x600.jpg\",\"contentUrl\":\"https:\\\/\\\/www.nepelius.com\\\/wp-content\\\/uploads\\\/DickeFreunde-kl-475x600.jpg\"},{\"@type\":\"BreadcrumbList\",\"@id\":\"https:\\\/\\\/www.nepelius.com\\\/dicke-freunde\\\/#breadcrumb\",\"itemListElement\":[{\"@type\":\"ListItem\",\"position\":1,\"name\":\"Startseite\",\"item\":\"https:\\\/\\\/www.nepelius.com\\\/\"},{\"@type\":\"ListItem\",\"position\":2,\"name\":\"DICKE FREUNDE\"}]},{\"@type\":\"WebSite\",\"@id\":\"https:\\\/\\\/www.nepelius.com\\\/#website\",\"url\":\"https:\\\/\\\/www.nepelius.com\\\/\",\"name\":\"Sigrid Nepelius\",\"description\":\"Fine Art\",\"publisher\":{\"@id\":\"https:\\\/\\\/www.nepelius.com\\\/#\\\/schema\\\/person\\\/fb48383c87e305a8d2bbad4aef3524eb\"},\"potentialAction\":[{\"@type\":\"SearchAction\",\"target\":{\"@type\":\"EntryPoint\",\"urlTemplate\":\"https:\\\/\\\/www.nepelius.com\\\/?s={search_term_string}\"},\"query-input\":{\"@type\":\"PropertyValueSpecification\",\"valueRequired\":true,\"valueName\":\"search_term_string\"}}],\"inLanguage\":\"en-GB\"},{\"@type\":[\"Person\",\"Organization\"],\"@id\":\"https:\\\/\\\/www.nepelius.com\\\/#\\\/schema\\\/person\\\/fb48383c87e305a8d2bbad4aef3524eb\",\"name\":\"Sigrid\",\"image\":{\"@type\":\"ImageObject\",\"inLanguage\":\"en-GB\",\"@id\":\"https:\\\/\\\/www.nepelius.com\\\/wp-content\\\/uploads\\\/cropped-header_neu-1.jpg\",\"url\":\"https:\\\/\\\/www.nepelius.com\\\/wp-content\\\/uploads\\\/cropped-header_neu-1.jpg\",\"contentUrl\":\"https:\\\/\\\/www.nepelius.com\\\/wp-content\\\/uploads\\\/cropped-header_neu-1.jpg\",\"width\":1500,\"height\":224,\"caption\":\"Sigrid\"},\"logo\":{\"@id\":\"https:\\\/\\\/www.nepelius.com\\\/wp-content\\\/uploads\\\/cropped-header_neu-1.jpg\"},\"sameAs\":[\"https:\\\/\\\/www.facebook.com\\\/sigrid.nepelius.art\",\"https:\\\/\\\/www.instagram.com\\\/sigridnepeliusart\\\/\",\"https:\\\/\\\/www.pinterest.at\\\/sigridnepelius\\\/\"]}]}<\/script>\n<!-- \/ Yoast SEO plugin. -->","yoast_head_json":{"title":"DICKE FREUNDE - Sigrid Nepelius","robots":{"index":"index","follow":"follow","max-snippet":"max-snippet:-1","max-image-preview":"max-image-preview:large","max-video-preview":"max-video-preview:-1"},"canonical":"https:\/\/www.nepelius.com\/en\/dicke-freunde\/","og_locale":"en_GB","og_type":"article","og_title":"DICKE FREUNDE - Sigrid Nepelius","og_description":"Titel: DICKE FREUNDESerie: FR\u00d6HLICHE ERNTEZEITMedium: Acryl\/\u00d6l auf LeinwandGr\u00f6\u00dfe: 30 x 24 cmPreis: \u20ac 600,- Was das Universum zusammengef\u00fchrt hat, soll der Mensch nicht trennen. Und ganz ehrlich: Wer k\u00f6nnte diesem s\u00fc\u00dfen Wesen b\u00f6se sein, selbst wenn es sich gerade den knackigsten Apfel von allen stibitzt hat? Der selige Blick und der gl\u00fcckliche Gesichtsausdruck sprechen f\u00fcr [&hellip;]","og_url":"https:\/\/www.nepelius.com\/en\/dicke-freunde\/","og_site_name":"Sigrid Nepelius","article_publisher":"https:\/\/www.facebook.com\/sigrid.nepelius.art","og_image":[{"width":949,"height":1200,"url":"https:\/\/www.nepelius.com\/wp-content\/uploads\/DickeFreunde-kl.jpg","type":"image\/jpeg"}],"twitter_card":"summary_large_image","twitter_misc":{"Estimated reading time":"2 minutes"},"schema":{"@context":"https:\/\/schema.org","@graph":[{"@type":"WebPage","@id":"https:\/\/www.nepelius.com\/dicke-freunde\/","url":"https:\/\/www.nepelius.com\/dicke-freunde\/","name":"DICKE FREUNDE - Sigrid Nepelius","isPartOf":{"@id":"https:\/\/www.nepelius.com\/#website"},"primaryImageOfPage":{"@id":"https:\/\/www.nepelius.com\/dicke-freunde\/#primaryimage"},"image":{"@id":"https:\/\/www.nepelius.com\/dicke-freunde\/#primaryimage"},"thumbnailUrl":"https:\/\/www.nepelius.com\/wp-content\/uploads\/DickeFreunde-kl-475x600.jpg","datePublished":"2026-05-06T17:22:44+00:00","breadcrumb":{"@id":"https:\/\/www.nepelius.com\/dicke-freunde\/#breadcrumb"},"inLanguage":"en-GB","potentialAction":[{"@type":"ReadAction","target":["https:\/\/www.nepelius.com\/dicke-freunde\/"]}]},{"@type":"ImageObject","inLanguage":"en-GB","@id":"https:\/\/www.nepelius.com\/dicke-freunde\/#primaryimage","url":"https:\/\/www.nepelius.com\/wp-content\/uploads\/DickeFreunde-kl-475x600.jpg","contentUrl":"https:\/\/www.nepelius.com\/wp-content\/uploads\/DickeFreunde-kl-475x600.jpg"},{"@type":"BreadcrumbList","@id":"https:\/\/www.nepelius.com\/dicke-freunde\/#breadcrumb","itemListElement":[{"@type":"ListItem","position":1,"name":"Startseite","item":"https:\/\/www.nepelius.com\/"},{"@type":"ListItem","position":2,"name":"DICKE FREUNDE"}]},{"@type":"WebSite","@id":"https:\/\/www.nepelius.com\/#website","url":"https:\/\/www.nepelius.com\/","name":"Sigrid Nepelius","description":"Fine Art","publisher":{"@id":"https:\/\/www.nepelius.com\/#\/schema\/person\/fb48383c87e305a8d2bbad4aef3524eb"},"potentialAction":[{"@type":"SearchAction","target":{"@type":"EntryPoint","urlTemplate":"https:\/\/www.nepelius.com\/?s={search_term_string}"},"query-input":{"@type":"PropertyValueSpecification","valueRequired":true,"valueName":"search_term_string"}}],"inLanguage":"en-GB"},{"@type":["Person","Organization"],"@id":"https:\/\/www.nepelius.com\/#\/schema\/person\/fb48383c87e305a8d2bbad4aef3524eb","name":"Sigrid","image":{"@type":"ImageObject","inLanguage":"en-GB","@id":"https:\/\/www.nepelius.com\/wp-content\/uploads\/cropped-header_neu-1.jpg","url":"https:\/\/www.nepelius.com\/wp-content\/uploads\/cropped-header_neu-1.jpg","contentUrl":"https:\/\/www.nepelius.com\/wp-content\/uploads\/cropped-header_neu-1.jpg","width":1500,"height":224,"caption":"Sigrid"},"logo":{"@id":"https:\/\/www.nepelius.com\/wp-content\/uploads\/cropped-header_neu-1.jpg"},"sameAs":["https:\/\/www.facebook.com\/sigrid.nepelius.art","https:\/\/www.instagram.com\/sigridnepeliusart\/","https:\/\/www.pinterest.at\/sigridnepelius\/"]}]}},"_links":{"self":[{"href":"https:\/\/www.nepelius.com\/en\/wp-json\/wp\/v2\/pages\/5547","targetHints":{"allow":["GET"]}}],"collection":[{"href":"https:\/\/www.nepelius.com\/en\/wp-json\/wp\/v2\/pages"}],"about":[{"href":"https:\/\/www.nepelius.com\/en\/wp-json\/wp\/v2\/types\/page"}],"author":[{"embeddable":true,"href":"https:\/\/www.nepelius.com\/en\/wp-json\/wp\/v2\/users\/2"}],"replies":[{"embeddable":true,"href":"https:\/\/www.nepelius.com\/en\/wp-json\/wp\/v2\/comments?post=5547"}],"version-history":[{"count":1,"href":"https:\/\/www.nepelius.com\/en\/wp-json\/wp\/v2\/pages\/5547\/revisions"}],"predecessor-version":[{"id":5550,"href":"https:\/\/www.nepelius.com\/en\/wp-json\/wp\/v2\/pages\/5547\/revisions\/5550"}],"wp:attachment":[{"href":"https:\/\/www.nepelius.com\/en\/wp-json\/wp\/v2\/media?parent=5547"}],"curies":[{"name":"wp","href":"https:\/\/api.w.org\/{rel}","templated":true}]}}