{"id":5552,"date":"2026-05-06T19:23:43","date_gmt":"2026-05-06T17:23:43","guid":{"rendered":"https:\/\/www.nepelius.com\/?page_id=5552"},"modified":"2026-05-06T19:23:45","modified_gmt":"2026-05-06T17:23:45","slug":"froehliche-erntezeit-2","status":"publish","type":"page","link":"https:\/\/www.nepelius.com\/en\/froehliche-erntezeit-2\/","title":{"rendered":"Happy harvest season"},"content":{"rendered":"<p>HAPPY HARVEST SEASON is inspired by our own orchard meadows, by everything that grows, ripens and is eventually harvested there year after year \u2026 by us, but not only by us.<br>Because whilst we might still be wondering whether an apple is perfect, others are already tucking in, as if it were the most natural thing in the world \u2026 and without a shred of guilt. As if helping themselves were the most natural thing in the world. And to be honest \u2026 perhaps it is.<\/p>\n\n\n\n<p>Watching them, one might almost think they have grasped something that we humans sometimes spend a surprisingly long time pondering: the delicate balance between giving and taking, between wanting to possess and sharing, between abundance and that moment when there is suddenly less than expected, yet it is still enough.<\/p>\n\n\n\n<p>This series is about that sense of togetherness that needs no explanation and doesn\u2019t care whether we think it\u2019s fair \u2026 because everything is interconnected and has its place within it. Even when we\u2019re briefly tempted to think: \u201cHey, that was actually mine.\u201d<\/p>\n\n\n\n<p>Perhaps, as you look at this, you\u2019ll start to feel that sense of trust again: that abundance often begins where we stop trying to hold on to it.<\/p>\n\n\n\n<p>These charming harvest helpers are painted in acrylic and oil on canvas.<\/p>\n\n\n\n<p>Click on a work that is still available to view all the details. <\/p>\n\n\n\n<figure class=\"wp-block-gallery has-nested-images columns-default is-cropped wp-block-gallery-1 is-layout-flex wp-block-gallery-is-layout-flex\" style=\"border-style:none;border-width:0px\">\n<figure class=\"wp-block-image size-full has-custom-border\"><a href=\"https:\/\/www.nepelius.com\/wp-content\/uploads\/MeinSchaaatz-kl-1.jpg\"><img loading=\"lazy\" decoding=\"async\" width=\"995\" height=\"1200\" data-id=\"5553\" src=\"https:\/\/www.nepelius.com\/wp-content\/uploads\/MeinSchaaatz-kl-1.jpg\" alt=\"\" class=\"has-border-color has-zakra-color-3-border-color wp-image-5553\" style=\"border-width:1px\" srcset=\"https:\/\/www.nepelius.com\/wp-content\/uploads\/MeinSchaaatz-kl-1.jpg 995w, https:\/\/www.nepelius.com\/wp-content\/uploads\/MeinSchaaatz-kl-1-249x300.jpg 249w, https:\/\/www.nepelius.com\/wp-content\/uploads\/MeinSchaaatz-kl-1-498x600.jpg 498w, https:\/\/www.nepelius.com\/wp-content\/uploads\/MeinSchaaatz-kl-1-768x926.jpg 768w, https:\/\/www.nepelius.com\/wp-content\/uploads\/MeinSchaaatz-kl-1-10x12.jpg 10w, https:\/\/www.nepelius.com\/wp-content\/uploads\/MeinSchaaatz-kl-1-600x724.jpg 600w\" sizes=\"auto, (max-width: 995px) 100vw, 995px\" \/><\/a><figcaption class=\"wp-element-caption\">My Preciousss! (SOLD)<\/figcaption><\/figure>\n\n\n\n<figure class=\"wp-block-image size-full has-custom-border\"><img loading=\"lazy\" decoding=\"async\" width=\"1000\" height=\"1200\" data-id=\"5554\" src=\"https:\/\/www.nepelius.com\/wp-content\/uploads\/FetteBeute-kl-1.jpg\" alt=\"\" class=\"has-border-color has-zakra-color-3-border-color wp-image-5554\" style=\"border-width:1px\" srcset=\"https:\/\/www.nepelius.com\/wp-content\/uploads\/FetteBeute-kl-1.jpg 1000w, https:\/\/www.nepelius.com\/wp-content\/uploads\/FetteBeute-kl-1-250x300.jpg 250w, https:\/\/www.nepelius.com\/wp-content\/uploads\/FetteBeute-kl-1-500x600.jpg 500w, https:\/\/www.nepelius.com\/wp-content\/uploads\/FetteBeute-kl-1-768x922.jpg 768w, https:\/\/www.nepelius.com\/wp-content\/uploads\/FetteBeute-kl-1-10x12.jpg 10w, https:\/\/www.nepelius.com\/wp-content\/uploads\/FetteBeute-kl-1-600x720.jpg 600w\" sizes=\"auto, (max-width: 1000px) 100vw, 1000px\" \/><figcaption class=\"wp-element-caption\">Fat Prey (SOLD)<\/figcaption><\/figure>\n\n\n\n<figure class=\"wp-block-image size-full has-custom-border\"><a href=\"https:\/\/www.nepelius.com\/en\/dicke-freunde\/\"><img loading=\"lazy\" decoding=\"async\" width=\"949\" height=\"1200\" data-id=\"5548\" src=\"https:\/\/www.nepelius.com\/wp-content\/uploads\/DickeFreunde-kl.jpg\" alt=\"\" class=\"has-border-color has-zakra-color-3-border-color wp-image-5548\" style=\"border-width:1px\" srcset=\"https:\/\/www.nepelius.com\/wp-content\/uploads\/DickeFreunde-kl.jpg 949w, https:\/\/www.nepelius.com\/wp-content\/uploads\/DickeFreunde-kl-237x300.jpg 237w, https:\/\/www.nepelius.com\/wp-content\/uploads\/DickeFreunde-kl-475x600.jpg 475w, https:\/\/www.nepelius.com\/wp-content\/uploads\/DickeFreunde-kl-768x971.jpg 768w, https:\/\/www.nepelius.com\/wp-content\/uploads\/DickeFreunde-kl-9x12.jpg 9w, https:\/\/www.nepelius.com\/wp-content\/uploads\/DickeFreunde-kl-600x759.jpg 600w\" sizes=\"auto, (max-width: 949px) 100vw, 949px\" \/><\/a><figcaption class=\"wp-element-caption\">Close Friends<\/figcaption><\/figure>\n<\/figure>\n\n\n\n<p><\/p>","protected":false},"excerpt":{"rendered":"<p>FR\u00d6HLICHE ERNTEZEIT ist inspiriert von unseren eigenen Streuobstwiesen, von all dem, was dort Jahr f\u00fcr Jahr w\u00e4chst, reift und irgendwann geerntet wird \u2026 von uns, aber eben nicht nur.Denn w\u00e4hrend wir vielleicht noch \u00fcberlegen, ob ein Apfel schon perfekt ist, sind andere l\u00e4ngst mittendrin, ganz selbstverst\u00e4ndlich &#8230; und ohne schlechtes Gewissen. Als w\u00e4re es das [&hellip;]<\/p>\n","protected":false},"author":2,"featured_media":0,"parent":0,"menu_order":0,"comment_status":"closed","ping_status":"closed","template":"","meta":{"zakra_page_container_layout":"customizer","zakra_page_sidebar_layout":"customizer","zakra_remove_content_margin":false,"zakra_sidebar":"customizer","zakra_transparent_header":"customizer","zakra_logo":0,"zakra_main_header_style":"default","zakra_menu_item_color":"","zakra_menu_item_hover_color":"","zakra_menu_item_active_color":"","zakra_menu_active_style":"","zakra_page_header":true,"footnotes":""},"class_list":["post-5552","page","type-page","status-publish","hentry"],"yoast_head":"<!-- This site is optimized with the Yoast SEO plugin v27.4 - https:\/\/yoast.com\/product\/yoast-seo-wordpress\/ -->\n<title>Fr\u00f6hliche Erntezeit - Sigrid Nepelius<\/title>\n<meta name=\"robots\" content=\"index, follow, max-snippet:-1, max-image-preview:large, max-video-preview:-1\" \/>\n<link rel=\"canonical\" href=\"https:\/\/www.nepelius.com\/en\/froehliche-erntezeit-2\/\" \/>\n<meta property=\"og:locale\" content=\"en_GB\" \/>\n<meta property=\"og:type\" content=\"article\" \/>\n<meta property=\"og:title\" content=\"Fr\u00f6hliche Erntezeit - Sigrid Nepelius\" \/>\n<meta property=\"og:description\" content=\"FR\u00d6HLICHE ERNTEZEIT ist inspiriert von unseren eigenen Streuobstwiesen, von all dem, was dort Jahr f\u00fcr Jahr w\u00e4chst, reift und irgendwann geerntet wird \u2026 von uns, aber eben nicht nur.Denn w\u00e4hrend wir vielleicht noch \u00fcberlegen, ob ein Apfel schon perfekt ist, sind andere l\u00e4ngst mittendrin, ganz selbstverst\u00e4ndlich &#8230; und ohne schlechtes Gewissen. Als w\u00e4re es das [&hellip;]\" \/>\n<meta property=\"og:url\" content=\"https:\/\/www.nepelius.com\/en\/froehliche-erntezeit-2\/\" \/>\n<meta property=\"og:site_name\" content=\"Sigrid Nepelius\" \/>\n<meta property=\"article:publisher\" content=\"https:\/\/www.facebook.com\/sigrid.nepelius.art\" \/>\n<meta property=\"article:modified_time\" content=\"2026-05-06T17:23:45+00:00\" \/>\n<meta property=\"og:image\" content=\"https:\/\/www.nepelius.com\/wp-content\/uploads\/MeinSchaaatz-kl-1.jpg\" \/>\n\t<meta property=\"og:image:width\" content=\"995\" \/>\n\t<meta property=\"og:image:height\" content=\"1200\" \/>\n\t<meta property=\"og:image:type\" content=\"image\/jpeg\" \/>\n<meta name=\"twitter:card\" content=\"summary_large_image\" \/>\n<meta name=\"twitter:label1\" content=\"Estimated reading time\" \/>\n\t<meta name=\"twitter:data1\" content=\"2 minutes\" \/>\n<script type=\"application\/ld+json\" class=\"yoast-schema-graph\">{\"@context\":\"https:\\\/\\\/schema.org\",\"@graph\":[{\"@type\":\"WebPage\",\"@id\":\"https:\\\/\\\/www.nepelius.com\\\/froehliche-erntezeit-2\\\/\",\"url\":\"https:\\\/\\\/www.nepelius.com\\\/froehliche-erntezeit-2\\\/\",\"name\":\"Fr\u00f6hliche Erntezeit - Sigrid Nepelius\",\"isPartOf\":{\"@id\":\"https:\\\/\\\/www.nepelius.com\\\/#website\"},\"primaryImageOfPage\":{\"@id\":\"https:\\\/\\\/www.nepelius.com\\\/froehliche-erntezeit-2\\\/#primaryimage\"},\"image\":{\"@id\":\"https:\\\/\\\/www.nepelius.com\\\/froehliche-erntezeit-2\\\/#primaryimage\"},\"thumbnailUrl\":\"https:\\\/\\\/www.nepelius.com\\\/wp-content\\\/uploads\\\/MeinSchaaatz-kl-1.jpg\",\"datePublished\":\"2026-05-06T17:23:43+00:00\",\"dateModified\":\"2026-05-06T17:23:45+00:00\",\"breadcrumb\":{\"@id\":\"https:\\\/\\\/www.nepelius.com\\\/froehliche-erntezeit-2\\\/#breadcrumb\"},\"inLanguage\":\"en-GB\",\"potentialAction\":[{\"@type\":\"ReadAction\",\"target\":[\"https:\\\/\\\/www.nepelius.com\\\/froehliche-erntezeit-2\\\/\"]}]},{\"@type\":\"ImageObject\",\"inLanguage\":\"en-GB\",\"@id\":\"https:\\\/\\\/www.nepelius.com\\\/froehliche-erntezeit-2\\\/#primaryimage\",\"url\":\"https:\\\/\\\/www.nepelius.com\\\/wp-content\\\/uploads\\\/MeinSchaaatz-kl-1.jpg\",\"contentUrl\":\"https:\\\/\\\/www.nepelius.com\\\/wp-content\\\/uploads\\\/MeinSchaaatz-kl-1.jpg\"},{\"@type\":\"BreadcrumbList\",\"@id\":\"https:\\\/\\\/www.nepelius.com\\\/froehliche-erntezeit-2\\\/#breadcrumb\",\"itemListElement\":[{\"@type\":\"ListItem\",\"position\":1,\"name\":\"Startseite\",\"item\":\"https:\\\/\\\/www.nepelius.com\\\/\"},{\"@type\":\"ListItem\",\"position\":2,\"name\":\"Fr\u00f6hliche Erntezeit\"}]},{\"@type\":\"WebSite\",\"@id\":\"https:\\\/\\\/www.nepelius.com\\\/#website\",\"url\":\"https:\\\/\\\/www.nepelius.com\\\/\",\"name\":\"Sigrid Nepelius\",\"description\":\"Fine Art\",\"publisher\":{\"@id\":\"https:\\\/\\\/www.nepelius.com\\\/#\\\/schema\\\/person\\\/fb48383c87e305a8d2bbad4aef3524eb\"},\"potentialAction\":[{\"@type\":\"SearchAction\",\"target\":{\"@type\":\"EntryPoint\",\"urlTemplate\":\"https:\\\/\\\/www.nepelius.com\\\/?s={search_term_string}\"},\"query-input\":{\"@type\":\"PropertyValueSpecification\",\"valueRequired\":true,\"valueName\":\"search_term_string\"}}],\"inLanguage\":\"en-GB\"},{\"@type\":[\"Person\",\"Organization\"],\"@id\":\"https:\\\/\\\/www.nepelius.com\\\/#\\\/schema\\\/person\\\/fb48383c87e305a8d2bbad4aef3524eb\",\"name\":\"Sigrid\",\"image\":{\"@type\":\"ImageObject\",\"inLanguage\":\"en-GB\",\"@id\":\"https:\\\/\\\/www.nepelius.com\\\/wp-content\\\/uploads\\\/cropped-header_neu-1.jpg\",\"url\":\"https:\\\/\\\/www.nepelius.com\\\/wp-content\\\/uploads\\\/cropped-header_neu-1.jpg\",\"contentUrl\":\"https:\\\/\\\/www.nepelius.com\\\/wp-content\\\/uploads\\\/cropped-header_neu-1.jpg\",\"width\":1500,\"height\":224,\"caption\":\"Sigrid\"},\"logo\":{\"@id\":\"https:\\\/\\\/www.nepelius.com\\\/wp-content\\\/uploads\\\/cropped-header_neu-1.jpg\"},\"sameAs\":[\"https:\\\/\\\/www.facebook.com\\\/sigrid.nepelius.art\",\"https:\\\/\\\/www.instagram.com\\\/sigridnepeliusart\\\/\",\"https:\\\/\\\/www.pinterest.at\\\/sigridnepelius\\\/\"]}]}<\/script>\n<!-- \/ Yoast SEO plugin. -->","yoast_head_json":{"title":"Fr\u00f6hliche Erntezeit - Sigrid Nepelius","robots":{"index":"index","follow":"follow","max-snippet":"max-snippet:-1","max-image-preview":"max-image-preview:large","max-video-preview":"max-video-preview:-1"},"canonical":"https:\/\/www.nepelius.com\/en\/froehliche-erntezeit-2\/","og_locale":"en_GB","og_type":"article","og_title":"Fr\u00f6hliche Erntezeit - Sigrid Nepelius","og_description":"FR\u00d6HLICHE ERNTEZEIT ist inspiriert von unseren eigenen Streuobstwiesen, von all dem, was dort Jahr f\u00fcr Jahr w\u00e4chst, reift und irgendwann geerntet wird \u2026 von uns, aber eben nicht nur.Denn w\u00e4hrend wir vielleicht noch \u00fcberlegen, ob ein Apfel schon perfekt ist, sind andere l\u00e4ngst mittendrin, ganz selbstverst\u00e4ndlich &#8230; und ohne schlechtes Gewissen. Als w\u00e4re es das [&hellip;]","og_url":"https:\/\/www.nepelius.com\/en\/froehliche-erntezeit-2\/","og_site_name":"Sigrid Nepelius","article_publisher":"https:\/\/www.facebook.com\/sigrid.nepelius.art","article_modified_time":"2026-05-06T17:23:45+00:00","og_image":[{"width":995,"height":1200,"url":"https:\/\/www.nepelius.com\/wp-content\/uploads\/MeinSchaaatz-kl-1.jpg","type":"image\/jpeg"}],"twitter_card":"summary_large_image","twitter_misc":{"Estimated reading time":"2 minutes"},"schema":{"@context":"https:\/\/schema.org","@graph":[{"@type":"WebPage","@id":"https:\/\/www.nepelius.com\/froehliche-erntezeit-2\/","url":"https:\/\/www.nepelius.com\/froehliche-erntezeit-2\/","name":"Fr\u00f6hliche Erntezeit - Sigrid Nepelius","isPartOf":{"@id":"https:\/\/www.nepelius.com\/#website"},"primaryImageOfPage":{"@id":"https:\/\/www.nepelius.com\/froehliche-erntezeit-2\/#primaryimage"},"image":{"@id":"https:\/\/www.nepelius.com\/froehliche-erntezeit-2\/#primaryimage"},"thumbnailUrl":"https:\/\/www.nepelius.com\/wp-content\/uploads\/MeinSchaaatz-kl-1.jpg","datePublished":"2026-05-06T17:23:43+00:00","dateModified":"2026-05-06T17:23:45+00:00","breadcrumb":{"@id":"https:\/\/www.nepelius.com\/froehliche-erntezeit-2\/#breadcrumb"},"inLanguage":"en-GB","potentialAction":[{"@type":"ReadAction","target":["https:\/\/www.nepelius.com\/froehliche-erntezeit-2\/"]}]},{"@type":"ImageObject","inLanguage":"en-GB","@id":"https:\/\/www.nepelius.com\/froehliche-erntezeit-2\/#primaryimage","url":"https:\/\/www.nepelius.com\/wp-content\/uploads\/MeinSchaaatz-kl-1.jpg","contentUrl":"https:\/\/www.nepelius.com\/wp-content\/uploads\/MeinSchaaatz-kl-1.jpg"},{"@type":"BreadcrumbList","@id":"https:\/\/www.nepelius.com\/froehliche-erntezeit-2\/#breadcrumb","itemListElement":[{"@type":"ListItem","position":1,"name":"Startseite","item":"https:\/\/www.nepelius.com\/"},{"@type":"ListItem","position":2,"name":"Fr\u00f6hliche Erntezeit"}]},{"@type":"WebSite","@id":"https:\/\/www.nepelius.com\/#website","url":"https:\/\/www.nepelius.com\/","name":"Sigrid Nepelius","description":"Fine Art","publisher":{"@id":"https:\/\/www.nepelius.com\/#\/schema\/person\/fb48383c87e305a8d2bbad4aef3524eb"},"potentialAction":[{"@type":"SearchAction","target":{"@type":"EntryPoint","urlTemplate":"https:\/\/www.nepelius.com\/?s={search_term_string}"},"query-input":{"@type":"PropertyValueSpecification","valueRequired":true,"valueName":"search_term_string"}}],"inLanguage":"en-GB"},{"@type":["Person","Organization"],"@id":"https:\/\/www.nepelius.com\/#\/schema\/person\/fb48383c87e305a8d2bbad4aef3524eb","name":"Sigrid","image":{"@type":"ImageObject","inLanguage":"en-GB","@id":"https:\/\/www.nepelius.com\/wp-content\/uploads\/cropped-header_neu-1.jpg","url":"https:\/\/www.nepelius.com\/wp-content\/uploads\/cropped-header_neu-1.jpg","contentUrl":"https:\/\/www.nepelius.com\/wp-content\/uploads\/cropped-header_neu-1.jpg","width":1500,"height":224,"caption":"Sigrid"},"logo":{"@id":"https:\/\/www.nepelius.com\/wp-content\/uploads\/cropped-header_neu-1.jpg"},"sameAs":["https:\/\/www.facebook.com\/sigrid.nepelius.art","https:\/\/www.instagram.com\/sigridnepeliusart\/","https:\/\/www.pinterest.at\/sigridnepelius\/"]}]}},"_links":{"self":[{"href":"https:\/\/www.nepelius.com\/en\/wp-json\/wp\/v2\/pages\/5552","targetHints":{"allow":["GET"]}}],"collection":[{"href":"https:\/\/www.nepelius.com\/en\/wp-json\/wp\/v2\/pages"}],"about":[{"href":"https:\/\/www.nepelius.com\/en\/wp-json\/wp\/v2\/types\/page"}],"author":[{"embeddable":true,"href":"https:\/\/www.nepelius.com\/en\/wp-json\/wp\/v2\/users\/2"}],"replies":[{"embeddable":true,"href":"https:\/\/www.nepelius.com\/en\/wp-json\/wp\/v2\/comments?post=5552"}],"version-history":[{"count":2,"href":"https:\/\/www.nepelius.com\/en\/wp-json\/wp\/v2\/pages\/5552\/revisions"}],"predecessor-version":[{"id":5556,"href":"https:\/\/www.nepelius.com\/en\/wp-json\/wp\/v2\/pages\/5552\/revisions\/5556"}],"wp:attachment":[{"href":"https:\/\/www.nepelius.com\/en\/wp-json\/wp\/v2\/media?parent=5552"}],"curies":[{"name":"wp","href":"https:\/\/api.w.org\/{rel}","templated":true}]}}