{"id":926,"date":"2013-11-23T20:32:15","date_gmt":"2013-11-23T19:32:15","guid":{"rendered":"https:\/\/www.nepelius.com\/?page_id=926"},"modified":"2021-11-13T19:25:22","modified_gmt":"2021-11-13T18:25:22","slug":"ausstellungen","status":"publish","type":"page","link":"https:\/\/www.nepelius.com\/en\/ausstellungen\/","title":{"rendered":"Exhibitions"},"content":{"rendered":"<p><a href=\"https:\/\/www.nepelius.com\/en\/nass-in-der-kiam-galerie-amstetten-at\/\">&#8220;nass&#8221;<\/a>, Amstetten (AT), 2021<br>&#8220;Sommerausstellung Palette Kunstforum O\u00d6&#8221;, Marchtrenk (AT), 2021<br><a href=\"https:\/\/www.nepelius.com\/en\/ars-insectum-in-der-4614-galerie-marchtrenk-at\/\">&#8220;Ars Insectum&#8221;<\/a>, Marchtrenk (AT), 2021<br><a href=\"https:\/\/www.nepelius.com\/en\/vervielfaeltigung-in-der-kiam-galerie-amstetten-at\/\">&#8220;Vervielf\u00e4ltigung&#8221;<\/a>, Amstetten (AT), 2021<\/p>\n\n\n\n<p><a href=\"https:\/\/www.nepelius.com\/en\/jahresausstellung-aea-in-steyrermuehl-at\/\">&#8220;Jahresausstellung Europ\u00e4ischer Kunstkreis&#8221;<\/a>, Steyrerm\u00fchl (AT), 2020<br><a href=\"https:\/\/www.nepelius.com\/en\/sommerausstellung-in-marchtrenk-at\/\">&#8220;Sommerausstellung Palette Kunstforum O\u00d6&#8221;<\/a>, Marchtrenk (AT), 2020<br><a href=\"https:\/\/www.nepelius.com\/en\/bunt-gezeichnet-in-marchtrenk-at\/\">&#8220;Bunt gezeichnet&#8221;<\/a>, Marchtrenk (AT), 2020<br><a href=\"https:\/\/www.nepelius.com\/en\/grand-salon-colours-bad-saeckingen-de\/\">&#8220;Grand Salon &#8211; Colors&#8221;<\/a>, Bad S\u00e4ckingen (DE), 2020<\/p>\n\n\n\n<p><a href=\"https:\/\/www.nepelius.com\/en\/labyrinth-der-wirklichkeiten-in-fornach-at\/\">&#8220;Labyrinth der Wirklichkeiten&#8221;<\/a>, Fornach (AT), 2019<br><a href=\"https:\/\/www.nepelius.com\/en\/alles-fuer-die-katz-in-marchtrenk-at\/\">&#8220;Alles f\u00fcr die Katz&#8221;<\/a>, Marchtrenk (AT), 2019<br><a href=\"https:\/\/www.nepelius.com\/en\/jahresausstellung-aea-in-scharnstein-at\/\">Annual Exhibition Europ\u00e4ischer Kunstkreis<\/a> (AT), 2019<br><a href=\"https:\/\/www.nepelius.com\/en\/winterwonderland-in-marchtrenk-at\/\">&#8220;Winterwonderland&#8221;<\/a>, Marchtrenk (AT), 2019<\/p>\n\n\n\n<p>&#8220;Querschnitt&#8221;, Amstetten (AT), 2018<br><a href=\"https:\/\/www.nepelius.com\/en\/bilder-einer-ausstellung-in-fischlham-at\/\">&#8220;Bilder einer Ausstellung&#8221;<\/a>, Fischlham (AT), 2018<br><a href=\"https:\/\/www.nepelius.com\/en\/bluetentraeume-in-marchtrenk-at\/\">&#8220;Bl\u00fctentr\u00e4ume&#8221;<\/a>, Marchtrenk (AT), 2018<br><a href=\"https:\/\/www.nepelius.com\/en\/realistisch-phantastisch-in-traun-at\/\">&#8220;Realistisch \u2013 Phantastisch&#8221;<\/a>, Traun (AT), 2018<br><a href=\"https:\/\/www.nepelius.com\/en\/english-traum-und-zeit-in-aichach-d\/\">&#8220;Traum und Zeit&#8221;<\/a>, Aichach (DE), 2018<br><a href=\"https:\/\/www.nepelius.com\/en\/welt-der-traeume-in-rastatt-d\/\">&#8220;Welt der Tr\u00e4ume&#8221;<\/a>, Rastatt (DE), 2018<br><a href=\"https:\/\/www.nepelius.com\/en\/labyrinth-der-wirklichkeiten-in-wels-a\/\">&#8220;Labyrinth der Wirklichkeiten&#8221;<\/a>, Wels (AT), 2018<\/p>\n\n\n\n<p><a title=\"Permanent Link to Jahresausstellung AEA, Ansfelden (A)\" href=\"https:\/\/www.nepelius.com\/en\/jahresausstellung-aea-ansfelden-a\/\" rel=\"bookmark\">Annual exhibition AEA<\/a>, Ansfelden (AT), 2017<br><a href=\"https:\/\/www.nepelius.com\/en\/ausstellung-papiermachermuseum-steyrermuehl-a\/\">Papiermachermuseum Steyrerm\u00fchl<\/a>, Steyrerm\u00fchl (AT), 2017<br><a href=\"https:\/\/www.nepelius.com\/en\/4-art-genossen-in-weinburg-a\/\">&#8220;4 Art-Genossen&#8221;<\/a>, Weinburg (AT), 2017<br><a href=\"https:\/\/www.nepelius.com\/en\/das-unbekannte-land-in-braunau-a\/\">&#8220;Das unbekannte Land &#8220;<\/a>, Braunau (AT), 2017<br><a href=\"https:\/\/www.nepelius.com\/en\/real-surreal-irreal\/\">&#8220;real &#8211; surreal &#8211; irreal &#8211; ?&#8221;<\/a>, Bad S\u00e4ckingen (DE), 2017<br><a href=\"https:\/\/www.nepelius.com\/en\/ausstellung-camarillo-friends\/\">&#8220;Camarillo and friends&#8221;<\/a>, Bremen (DE), 2017<\/p>\n\n\n\n<p><a href=\"https:\/\/www.nepelius.com\/en\/malerische-welten\/\">&#8220;Malerische Welten&#8221;<\/a>, Marchtrenk (AT), 2016<br><a href=\"https:\/\/www.nepelius.com\/en\/jahresausstellung-europaeischer-kunstkreis-in-linz-a-2\/\">Annual Exhibition Europ\u00e4ischer Kunstkreis<\/a>, Linz (AT), 2016<br><a href=\"https:\/\/www.nepelius.com\/en\/austrian-dreamscapes\/\">&#8220;Austrian Dreamscapes&#8221;<\/a>, Bremen (DE), 2016<\/p>\n\n\n\n<p><a title=\"Jahresausstellung Europ\u00e4ischer Kunstkreis in Linz (A)\" href=\"https:\/\/www.nepelius.com\/en\/event\/jahresausstellung-europaeischer-kunstkreis-in-gmunden-a\/\">annual exhibition Europ\u00e4ischer Kunstkreis<\/a>, Gmunden (AT), 2015<br><a href=\"https:\/\/www.nepelius.com\/en\/intermezzo-ii-phantastisches-in-saxen-a\/\">Intermezzo II \u2013 Phantastisches<\/a>, Saxen (AT), 2015<br><a href=\"https:\/\/www.nepelius.com\/en\/labyrinth-der-wirklichkeiten\/\">Labyrinth der Wirklichkeiten<\/a>, Linz (AT), 2015<\/p>\n\n\n\n<p><a title=\"\u201creal \u2013 surreal \u2013 irreal?\u201d, Bremen (D)\" href=\"https:\/\/www.nepelius.com\/en\/real-surreal-irreal-bremen-d\/\">&#8220;Real-Irreal-Surreal?&#8221;<\/a>,&nbsp;Bremen&nbsp;(DE), 2014<br><a title=\"Jahresausstellung Europ\u00e4ischer Kunstkreis in Linz (A)\" href=\"https:\/\/www.nepelius.com\/en\/jahresausstellung-europaeischer-kunstkreis-in-linz-a\/\">Annual Exhibition Europ\u00e4ischer Kunstkreis<\/a>, Linz (AT), 2014<br><a title=\"callas art-affair 2014\" href=\"https:\/\/www.nepelius.com\/en\/callas-art-affair-2014\/\">callas art-affair 2014<\/a>, Bremen (DE), 2014<\/p>\n\n\n\n<p><a title=\"\u201cDreams and Divinities\u201d, Toledo (E)\" href=\"https:\/\/www.nepelius.com\/en\/internationale-gruppenausstellung-dreams-and-divinities\/\">&#8220;Dreams and Divinities&#8221;<\/a>, Travelling Show, Toledo (ES) &#8211; Granada (ES), 2013<br><a title=\"Internationale Sonderausstellung 2013 im Barockschloss Riegersburg\" href=\"https:\/\/www.nepelius.com\/en\/dollar-schatze-und-kunst-im-barockschloss-riegersburg\/\">&#8220;Dollar, Sch\u00e4tze und Kunst. Ist die Uhr schon abgelaufen?&#8221;<\/a>, Barockschloss Riegersburg (AT), 2013<br><a title=\"art imagin\u00e4r 2013\" href=\"https:\/\/www.nepelius.com\/en\/art-imaginaer-2013\/\">art imagin\u00e4r 2013<\/a>, Phantastic in the box &#8211; collection Westermann, Neustadt-Mu\u00dfbach (DE), 2013<br><a title=\"Arte Fantastica in Drena (I)\" href=\"https:\/\/www.nepelius.com\/en\/arte-fantastica-in-drena-i\/\">Arte Fantastica<\/a>, Castello di Drena (IT), 2013<\/p>\n\n\n\n<p>\u201cPhantastenmuseum Wien in Berlin\u201d, Galerie Dikmayer, Berlin (DE), 2012<br><a title=\"\u00d6sterreichische Phantasten in Moskau\" href=\"https:\/\/www.nepelius.com\/en\/osterreichische-phantasten-in-moskau\/\">&#8220;Phantastenmuseum Wien presents contemporary austrian artists&#8221;<\/a>, A.A. Bachruschin Theater Museum, Moscow (RU), 2012<\/p>\n\n\n\n<p><a title=\"Vernissage \u201cThe Light Fantastic\u201d\" href=\"https:\/\/www.nepelius.com\/en\/vernissage-the-light-fantastic\/\">\u201cThe Light Fantastic\u201d<\/a>, Galerie Nova Belgica, Sint-Truiden (BE), 2011<br>\u201cMystic and surreal worlds\u201d, Galerie Offenes Atelier D.U. Design, Villach (AT), 2011<\/p>\n\n\n\n<p><\/p>","protected":false},"excerpt":{"rendered":"<p>&#8220;nass&#8221;, Amstetten (AT), 2021&#8220;Sommerausstellung Palette Kunstforum O\u00d6&#8221;, Marchtrenk (AT), 2021&#8220;Ars Insectum&#8221;, Marchtrenk (AT), 2021&#8220;Vervielf\u00e4ltigung&#8221;, Amstetten (AT), 2021 &#8220;Jahresausstellung Europ\u00e4ischer Kunstkreis&#8221;, Steyrerm\u00fchl (AT), 2020&#8220;Sommerausstellung Palette Kunstforum O\u00d6&#8221;, Marchtrenk (AT), 2020&#8220;Bunt gezeichnet&#8221;, Marchtrenk (AT), 2020&#8220;Grand Salon &#8211; Colors&#8221;, Bad S\u00e4ckingen (DE), 2020 &#8220;Labyrinth der Wirklichkeiten&#8221;, Fornach (AT), 2019&#8220;Alles f\u00fcr die Katz&#8221;, Marchtrenk (AT), 2019Jahresausstellung Europ\u00e4ischer Kunstkreis (AT), [&hellip;]<\/p>\n","protected":false},"author":2,"featured_media":0,"parent":0,"menu_order":0,"comment_status":"closed","ping_status":"closed","template":"","meta":{"zakra_page_container_layout":"customizer","zakra_page_sidebar_layout":"customizer","zakra_remove_content_margin":false,"zakra_sidebar":"customizer","zakra_transparent_header":"customizer","zakra_logo":0,"zakra_main_header_style":"default","zakra_menu_item_color":"","zakra_menu_item_hover_color":"","zakra_menu_item_active_color":"","zakra_menu_active_style":"","zakra_page_header":true,"footnotes":""},"class_list":["post-926","page","type-page","status-publish","hentry"],"yoast_head":"<!-- This site is optimized with the Yoast SEO plugin v27.2 - https:\/\/yoast.com\/product\/yoast-seo-wordpress\/ -->\n<title>Ausstellungen - Sigrid Nepelius<\/title>\n<meta name=\"robots\" content=\"index, follow, max-snippet:-1, max-image-preview:large, max-video-preview:-1\" \/>\n<link rel=\"canonical\" href=\"https:\/\/www.nepelius.com\/en\/ausstellungen\/\" \/>\n<meta property=\"og:locale\" content=\"en_GB\" \/>\n<meta property=\"og:type\" content=\"article\" \/>\n<meta property=\"og:title\" content=\"Ausstellungen - Sigrid Nepelius\" \/>\n<meta property=\"og:description\" content=\"&#8220;nass&#8221;, Amstetten (AT), 2021&#8220;Sommerausstellung Palette Kunstforum O\u00d6&#8221;, Marchtrenk (AT), 2021&#8220;Ars Insectum&#8221;, Marchtrenk (AT), 2021&#8220;Vervielf\u00e4ltigung&#8221;, Amstetten (AT), 2021 &#8220;Jahresausstellung Europ\u00e4ischer Kunstkreis&#8221;, Steyrerm\u00fchl (AT), 2020&#8220;Sommerausstellung Palette Kunstforum O\u00d6&#8221;, Marchtrenk (AT), 2020&#8220;Bunt gezeichnet&#8221;, Marchtrenk (AT), 2020&#8220;Grand Salon &#8211; Colors&#8221;, Bad S\u00e4ckingen (DE), 2020 &#8220;Labyrinth der Wirklichkeiten&#8221;, Fornach (AT), 2019&#8220;Alles f\u00fcr die Katz&#8221;, Marchtrenk (AT), 2019Jahresausstellung Europ\u00e4ischer Kunstkreis (AT), [&hellip;]\" \/>\n<meta property=\"og:url\" content=\"https:\/\/www.nepelius.com\/en\/ausstellungen\/\" \/>\n<meta property=\"og:site_name\" content=\"Sigrid Nepelius\" \/>\n<meta property=\"article:publisher\" content=\"https:\/\/www.facebook.com\/sigrid.nepelius.art\" \/>\n<meta property=\"article:modified_time\" content=\"2021-11-13T18:25:22+00:00\" \/>\n<meta name=\"twitter:card\" content=\"summary_large_image\" \/>\n<meta name=\"twitter:label1\" content=\"Estimated reading time\" \/>\n\t<meta name=\"twitter:data1\" content=\"1 minute\" \/>\n<script type=\"application\/ld+json\" class=\"yoast-schema-graph\">{\"@context\":\"https:\/\/schema.org\",\"@graph\":[{\"@type\":\"WebPage\",\"@id\":\"https:\/\/www.nepelius.com\/ausstellungen\/\",\"url\":\"https:\/\/www.nepelius.com\/ausstellungen\/\",\"name\":\"Ausstellungen - Sigrid Nepelius\",\"isPartOf\":{\"@id\":\"https:\/\/www.nepelius.com\/#website\"},\"datePublished\":\"2013-11-23T19:32:15+00:00\",\"dateModified\":\"2021-11-13T18:25:22+00:00\",\"breadcrumb\":{\"@id\":\"https:\/\/www.nepelius.com\/ausstellungen\/#breadcrumb\"},\"inLanguage\":\"en-GB\",\"potentialAction\":[{\"@type\":\"ReadAction\",\"target\":[\"https:\/\/www.nepelius.com\/ausstellungen\/\"]}]},{\"@type\":\"BreadcrumbList\",\"@id\":\"https:\/\/www.nepelius.com\/ausstellungen\/#breadcrumb\",\"itemListElement\":[{\"@type\":\"ListItem\",\"position\":1,\"name\":\"Startseite\",\"item\":\"https:\/\/www.nepelius.com\/\"},{\"@type\":\"ListItem\",\"position\":2,\"name\":\"Ausstellungen\"}]},{\"@type\":\"WebSite\",\"@id\":\"https:\/\/www.nepelius.com\/#website\",\"url\":\"https:\/\/www.nepelius.com\/\",\"name\":\"Sigrid Nepelius\",\"description\":\"Fine Art\",\"publisher\":{\"@id\":\"https:\/\/www.nepelius.com\/#\/schema\/person\/fb48383c87e305a8d2bbad4aef3524eb\"},\"potentialAction\":[{\"@type\":\"SearchAction\",\"target\":{\"@type\":\"EntryPoint\",\"urlTemplate\":\"https:\/\/www.nepelius.com\/?s={search_term_string}\"},\"query-input\":{\"@type\":\"PropertyValueSpecification\",\"valueRequired\":true,\"valueName\":\"search_term_string\"}}],\"inLanguage\":\"en-GB\"},{\"@type\":[\"Person\",\"Organization\"],\"@id\":\"https:\/\/www.nepelius.com\/#\/schema\/person\/fb48383c87e305a8d2bbad4aef3524eb\",\"name\":\"Sigrid\",\"image\":{\"@type\":\"ImageObject\",\"inLanguage\":\"en-GB\",\"@id\":\"https:\/\/www.nepelius.com\/wp-content\/uploads\/cropped-header_neu-1.jpg\",\"url\":\"https:\/\/www.nepelius.com\/wp-content\/uploads\/cropped-header_neu-1.jpg\",\"contentUrl\":\"https:\/\/www.nepelius.com\/wp-content\/uploads\/cropped-header_neu-1.jpg\",\"width\":1500,\"height\":224,\"caption\":\"Sigrid\"},\"logo\":{\"@id\":\"https:\/\/www.nepelius.com\/wp-content\/uploads\/cropped-header_neu-1.jpg\"},\"sameAs\":[\"https:\/\/www.facebook.com\/sigrid.nepelius.art\",\"https:\/\/www.instagram.com\/sigridnepeliusart\/\",\"https:\/\/www.pinterest.at\/sigridnepelius\/\"]}]}<\/script>\n<!-- \/ Yoast SEO plugin. -->","yoast_head_json":{"title":"Ausstellungen - Sigrid Nepelius","robots":{"index":"index","follow":"follow","max-snippet":"max-snippet:-1","max-image-preview":"max-image-preview:large","max-video-preview":"max-video-preview:-1"},"canonical":"https:\/\/www.nepelius.com\/en\/ausstellungen\/","og_locale":"en_GB","og_type":"article","og_title":"Ausstellungen - Sigrid Nepelius","og_description":"&#8220;nass&#8221;, Amstetten (AT), 2021&#8220;Sommerausstellung Palette Kunstforum O\u00d6&#8221;, Marchtrenk (AT), 2021&#8220;Ars Insectum&#8221;, Marchtrenk (AT), 2021&#8220;Vervielf\u00e4ltigung&#8221;, Amstetten (AT), 2021 &#8220;Jahresausstellung Europ\u00e4ischer Kunstkreis&#8221;, Steyrerm\u00fchl (AT), 2020&#8220;Sommerausstellung Palette Kunstforum O\u00d6&#8221;, Marchtrenk (AT), 2020&#8220;Bunt gezeichnet&#8221;, Marchtrenk (AT), 2020&#8220;Grand Salon &#8211; Colors&#8221;, Bad S\u00e4ckingen (DE), 2020 &#8220;Labyrinth der Wirklichkeiten&#8221;, Fornach (AT), 2019&#8220;Alles f\u00fcr die Katz&#8221;, Marchtrenk (AT), 2019Jahresausstellung Europ\u00e4ischer Kunstkreis (AT), [&hellip;]","og_url":"https:\/\/www.nepelius.com\/en\/ausstellungen\/","og_site_name":"Sigrid Nepelius","article_publisher":"https:\/\/www.facebook.com\/sigrid.nepelius.art","article_modified_time":"2021-11-13T18:25:22+00:00","twitter_card":"summary_large_image","twitter_misc":{"Estimated reading time":"1 minute"},"schema":{"@context":"https:\/\/schema.org","@graph":[{"@type":"WebPage","@id":"https:\/\/www.nepelius.com\/ausstellungen\/","url":"https:\/\/www.nepelius.com\/ausstellungen\/","name":"Ausstellungen - Sigrid Nepelius","isPartOf":{"@id":"https:\/\/www.nepelius.com\/#website"},"datePublished":"2013-11-23T19:32:15+00:00","dateModified":"2021-11-13T18:25:22+00:00","breadcrumb":{"@id":"https:\/\/www.nepelius.com\/ausstellungen\/#breadcrumb"},"inLanguage":"en-GB","potentialAction":[{"@type":"ReadAction","target":["https:\/\/www.nepelius.com\/ausstellungen\/"]}]},{"@type":"BreadcrumbList","@id":"https:\/\/www.nepelius.com\/ausstellungen\/#breadcrumb","itemListElement":[{"@type":"ListItem","position":1,"name":"Startseite","item":"https:\/\/www.nepelius.com\/"},{"@type":"ListItem","position":2,"name":"Ausstellungen"}]},{"@type":"WebSite","@id":"https:\/\/www.nepelius.com\/#website","url":"https:\/\/www.nepelius.com\/","name":"Sigrid Nepelius","description":"Fine Art","publisher":{"@id":"https:\/\/www.nepelius.com\/#\/schema\/person\/fb48383c87e305a8d2bbad4aef3524eb"},"potentialAction":[{"@type":"SearchAction","target":{"@type":"EntryPoint","urlTemplate":"https:\/\/www.nepelius.com\/?s={search_term_string}"},"query-input":{"@type":"PropertyValueSpecification","valueRequired":true,"valueName":"search_term_string"}}],"inLanguage":"en-GB"},{"@type":["Person","Organization"],"@id":"https:\/\/www.nepelius.com\/#\/schema\/person\/fb48383c87e305a8d2bbad4aef3524eb","name":"Sigrid","image":{"@type":"ImageObject","inLanguage":"en-GB","@id":"https:\/\/www.nepelius.com\/wp-content\/uploads\/cropped-header_neu-1.jpg","url":"https:\/\/www.nepelius.com\/wp-content\/uploads\/cropped-header_neu-1.jpg","contentUrl":"https:\/\/www.nepelius.com\/wp-content\/uploads\/cropped-header_neu-1.jpg","width":1500,"height":224,"caption":"Sigrid"},"logo":{"@id":"https:\/\/www.nepelius.com\/wp-content\/uploads\/cropped-header_neu-1.jpg"},"sameAs":["https:\/\/www.facebook.com\/sigrid.nepelius.art","https:\/\/www.instagram.com\/sigridnepeliusart\/","https:\/\/www.pinterest.at\/sigridnepelius\/"]}]}},"_links":{"self":[{"href":"https:\/\/www.nepelius.com\/en\/wp-json\/wp\/v2\/pages\/926","targetHints":{"allow":["GET"]}}],"collection":[{"href":"https:\/\/www.nepelius.com\/en\/wp-json\/wp\/v2\/pages"}],"about":[{"href":"https:\/\/www.nepelius.com\/en\/wp-json\/wp\/v2\/types\/page"}],"author":[{"embeddable":true,"href":"https:\/\/www.nepelius.com\/en\/wp-json\/wp\/v2\/users\/2"}],"replies":[{"embeddable":true,"href":"https:\/\/www.nepelius.com\/en\/wp-json\/wp\/v2\/comments?post=926"}],"version-history":[{"count":42,"href":"https:\/\/www.nepelius.com\/en\/wp-json\/wp\/v2\/pages\/926\/revisions"}],"predecessor-version":[{"id":4434,"href":"https:\/\/www.nepelius.com\/en\/wp-json\/wp\/v2\/pages\/926\/revisions\/4434"}],"wp:attachment":[{"href":"https:\/\/www.nepelius.com\/en\/wp-json\/wp\/v2\/media?parent=926"}],"curies":[{"name":"wp","href":"https:\/\/api.w.org\/{rel}","templated":true}]}}