{"id":4982,"date":"2024-10-16T11:57:43","date_gmt":"2024-10-16T09:57:43","guid":{"rendered":"https:\/\/www.nepelius.com\/?post_type=product&#038;p=4982"},"modified":"2026-04-19T20:57:02","modified_gmt":"2026-04-19T18:57:02","slug":"oranger-luftfisch-original","status":"publish","type":"product","link":"https:\/\/www.nepelius.com\/en\/shop\/oranger-luftfisch-original\/","title":{"rendered":"Orange Air Fish"},"content":{"rendered":"<p>Original oilpainting \"Orange Air Fish\", signed.<br \/>\nWith certificate of authenticity.<\/p>\n<p class=\"cvGsUA direction-ltr align-start para-style-body\"><span class=\"OYPEnA font-feature-liga-off font-feature-clig-off font-feature-calt-off text-decoration-none text-strikethrough-none\">Acrylics\/oil on canvas, 50 x 70 cm, <\/span><span class=\"OYPEnA font-feature-liga-off font-feature-clig-off font-feature-calt-off text-decoration-none text-strikethrough-none\">incl. floater frame white.<\/span><\/p>\n<p class=\"cvGsUA direction-ltr align-start para-style-body\"><span class=\"OYPEnA font-feature-liga-off font-feature-clig-off font-feature-calt-off text-decoration-none text-strikethrough-none\">The Orange Air Fish is a cheerful contemporary and its entire appearance emphasises this sunny disposition.<br \/>\n<\/span><span class=\"OYPEnA font-feature-liga-off font-feature-clig-off font-feature-calt-off text-decoration-none text-strikethrough-none\">The orange and yellow colours alone are hard to beat in terms of cheerfulness. And when you see it fluttering carefree through the airy heights, you can't help but be infected by its joie de vivre.<\/span><\/p>\n<p><span class=\"OYPEnA font-feature-liga-off font-feature-clig-off font-feature-calt-off text-decoration-none text-strikethrough-none\">\u00a0<\/span><\/p>","protected":false},"excerpt":{"rendered":"<p>Original \u00d6lbild &#8220;Oranger Luftfisch&#8221;, signiert. Mit Echtheitszertifikat. Acryl\/\u00d6l auf Leinwand, 50 x 70 cm, inkl. Schattenfugenrahmen wei\u00df. Der orange Luftfisch ist ein fr\u00f6hlicher Zeitgenosse und seine gesamte Erscheinung unterstreicht dieses sonnige Gem\u00fct. Schon die Farben Orange und Gelb sind an Heiterkeit kaum zu \u00fcberbieten. Und wenn man ihn so unbeschwert durch luftige H\u00f6hen flattern sieht, [&hellip;]<\/p>\n","protected":false},"featured_media":4846,"template":"","meta":{"zakra_page_container_layout":"customizer","zakra_page_sidebar_layout":"customizer","zakra_remove_content_margin":false,"zakra_sidebar":"customizer","zakra_transparent_header":"customizer","zakra_logo":0,"zakra_main_header_style":"default","zakra_menu_item_color":"","zakra_menu_item_hover_color":"","zakra_menu_item_active_color":"","zakra_menu_active_style":"","zakra_page_header":true},"product_brand":[],"product_cat":[],"product_tag":[394,401,403,400,404,399,276,402],"class_list":{"0":"post-4982","1":"product","2":"type-product","3":"status-publish","4":"has-post-thumbnail","6":"product_tag-acryl","7":"product_tag-fisch","8":"product_tag-himmel","9":"product_tag-lebensfreude","10":"product_tag-oel","11":"product_tag-oranger-luftfisch","12":"product_tag-original","13":"product_tag-wolken","14":"product_shipping_class-kostenlos","16":"first","17":"instock","18":"sold-individually","19":"shipping-taxable","20":"purchasable","21":"product-type-simple"},"yoast_head":"<!-- This site is optimized with the Yoast SEO plugin v27.4 - https:\/\/yoast.com\/product\/yoast-seo-wordpress\/ -->\n<title>Oranger Luftfisch - Sigrid Nepelius<\/title>\n<meta name=\"description\" content=\"Der orange Luftfisch der \u00f6sterreichischen K\u00fcnstlerin Sigrid Nepelius ist ein fr\u00f6hlicher Zeitgenosse und seine gesamte Erscheinung unterstreicht dieses sonnige Gem\u00fct.Schon die Farben Orange und Gelb sind an Heiterkeit kaum zu \u00fcberbieten. Und wenn man ihn so unbeschwert durch luftige H\u00f6hen flattern sieht, kann man gar nicht anders, als sich von seiner Lebensfreude anstecken zu lassen.\" \/>\n<meta name=\"robots\" content=\"index, follow, max-snippet:-1, max-image-preview:large, max-video-preview:-1\" \/>\n<link rel=\"canonical\" href=\"https:\/\/www.nepelius.com\/en\/shop\/oranger-luftfisch-original\/\" \/>\n<meta property=\"og:locale\" content=\"en_GB\" \/>\n<meta property=\"og:type\" content=\"article\" \/>\n<meta property=\"og:title\" content=\"Oranger Luftfisch - Sigrid Nepelius\" \/>\n<meta property=\"og:description\" content=\"Der orange Luftfisch der \u00f6sterreichischen K\u00fcnstlerin Sigrid Nepelius ist ein fr\u00f6hlicher Zeitgenosse und seine gesamte Erscheinung unterstreicht dieses sonnige Gem\u00fct.Schon die Farben Orange und Gelb sind an Heiterkeit kaum zu \u00fcberbieten. Und wenn man ihn so unbeschwert durch luftige H\u00f6hen flattern sieht, kann man gar nicht anders, als sich von seiner Lebensfreude anstecken zu lassen.\" \/>\n<meta property=\"og:url\" content=\"https:\/\/www.nepelius.com\/en\/shop\/oranger-luftfisch-original\/\" \/>\n<meta property=\"og:site_name\" content=\"Sigrid Nepelius\" \/>\n<meta property=\"article:publisher\" content=\"https:\/\/www.facebook.com\/sigrid.nepelius.art\" \/>\n<meta property=\"article:modified_time\" content=\"2026-04-19T18:57:02+00:00\" \/>\n<meta property=\"og:image\" content=\"https:\/\/www.nepelius.com\/wp-content\/uploads\/Oranger-Luftfisch-1200.jpg\" \/>\n\t<meta property=\"og:image:width\" content=\"1200\" \/>\n\t<meta property=\"og:image:height\" content=\"854\" \/>\n\t<meta property=\"og:image:type\" content=\"image\/jpeg\" \/>\n<meta name=\"twitter:card\" content=\"summary_large_image\" \/>\n<meta name=\"twitter:label1\" content=\"Estimated reading time\" \/>\n\t<meta name=\"twitter:data1\" content=\"1 minute\" \/>\n<script type=\"application\/ld+json\" class=\"yoast-schema-graph\">{\"@context\":\"https:\\\/\\\/schema.org\",\"@graph\":[{\"@type\":\"WebPage\",\"@id\":\"https:\\\/\\\/www.nepelius.com\\\/shop\\\/oranger-luftfisch-original\\\/\",\"url\":\"https:\\\/\\\/www.nepelius.com\\\/shop\\\/oranger-luftfisch-original\\\/\",\"name\":\"Oranger Luftfisch - Sigrid Nepelius\",\"isPartOf\":{\"@id\":\"https:\\\/\\\/www.nepelius.com\\\/#website\"},\"primaryImageOfPage\":{\"@id\":\"https:\\\/\\\/www.nepelius.com\\\/shop\\\/oranger-luftfisch-original\\\/#primaryimage\"},\"image\":{\"@id\":\"https:\\\/\\\/www.nepelius.com\\\/shop\\\/oranger-luftfisch-original\\\/#primaryimage\"},\"thumbnailUrl\":\"https:\\\/\\\/www.nepelius.com\\\/wp-content\\\/uploads\\\/Oranger-Luftfisch-1200.jpg\",\"datePublished\":\"2024-10-16T09:57:43+00:00\",\"dateModified\":\"2026-04-19T18:57:02+00:00\",\"description\":\"Der orange Luftfisch der \u00f6sterreichischen K\u00fcnstlerin Sigrid Nepelius ist ein fr\u00f6hlicher Zeitgenosse und seine gesamte Erscheinung unterstreicht dieses sonnige Gem\u00fct.Schon die Farben Orange und Gelb sind an Heiterkeit kaum zu \u00fcberbieten. Und wenn man ihn so unbeschwert durch luftige H\u00f6hen flattern sieht, kann man gar nicht anders, als sich von seiner Lebensfreude anstecken zu lassen.\",\"breadcrumb\":{\"@id\":\"https:\\\/\\\/www.nepelius.com\\\/shop\\\/oranger-luftfisch-original\\\/#breadcrumb\"},\"inLanguage\":\"en-GB\",\"potentialAction\":[{\"@type\":\"ReadAction\",\"target\":[\"https:\\\/\\\/www.nepelius.com\\\/shop\\\/oranger-luftfisch-original\\\/\"]}]},{\"@type\":\"ImageObject\",\"inLanguage\":\"en-GB\",\"@id\":\"https:\\\/\\\/www.nepelius.com\\\/shop\\\/oranger-luftfisch-original\\\/#primaryimage\",\"url\":\"https:\\\/\\\/www.nepelius.com\\\/wp-content\\\/uploads\\\/Oranger-Luftfisch-1200.jpg\",\"contentUrl\":\"https:\\\/\\\/www.nepelius.com\\\/wp-content\\\/uploads\\\/Oranger-Luftfisch-1200.jpg\",\"width\":1200,\"height\":854,\"caption\":\"\\\"Oranger Luftfisch\\\", Acryl\\\/\u00d6l auf Leinwand\"},{\"@type\":\"BreadcrumbList\",\"@id\":\"https:\\\/\\\/www.nepelius.com\\\/shop\\\/oranger-luftfisch-original\\\/#breadcrumb\",\"itemListElement\":[{\"@type\":\"ListItem\",\"position\":1,\"name\":\"Startseite\",\"item\":\"https:\\\/\\\/www.nepelius.com\\\/\"},{\"@type\":\"ListItem\",\"position\":2,\"name\":\"Shop\",\"item\":\"https:\\\/\\\/www.nepelius.com\\\/webshop\\\/\"},{\"@type\":\"ListItem\",\"position\":3,\"name\":\"Oranger Luftfisch\"}]},{\"@type\":\"WebSite\",\"@id\":\"https:\\\/\\\/www.nepelius.com\\\/#website\",\"url\":\"https:\\\/\\\/www.nepelius.com\\\/\",\"name\":\"Sigrid Nepelius\",\"description\":\"Fine Art\",\"publisher\":{\"@id\":\"https:\\\/\\\/www.nepelius.com\\\/#\\\/schema\\\/person\\\/fb48383c87e305a8d2bbad4aef3524eb\"},\"potentialAction\":[{\"@type\":\"SearchAction\",\"target\":{\"@type\":\"EntryPoint\",\"urlTemplate\":\"https:\\\/\\\/www.nepelius.com\\\/?s={search_term_string}\"},\"query-input\":{\"@type\":\"PropertyValueSpecification\",\"valueRequired\":true,\"valueName\":\"search_term_string\"}}],\"inLanguage\":\"en-GB\"},{\"@type\":[\"Person\",\"Organization\"],\"@id\":\"https:\\\/\\\/www.nepelius.com\\\/#\\\/schema\\\/person\\\/fb48383c87e305a8d2bbad4aef3524eb\",\"name\":\"Sigrid\",\"image\":{\"@type\":\"ImageObject\",\"inLanguage\":\"en-GB\",\"@id\":\"https:\\\/\\\/www.nepelius.com\\\/wp-content\\\/uploads\\\/cropped-header_neu-1.jpg\",\"url\":\"https:\\\/\\\/www.nepelius.com\\\/wp-content\\\/uploads\\\/cropped-header_neu-1.jpg\",\"contentUrl\":\"https:\\\/\\\/www.nepelius.com\\\/wp-content\\\/uploads\\\/cropped-header_neu-1.jpg\",\"width\":1500,\"height\":224,\"caption\":\"Sigrid\"},\"logo\":{\"@id\":\"https:\\\/\\\/www.nepelius.com\\\/wp-content\\\/uploads\\\/cropped-header_neu-1.jpg\"},\"sameAs\":[\"https:\\\/\\\/www.facebook.com\\\/sigrid.nepelius.art\",\"https:\\\/\\\/www.instagram.com\\\/sigridnepeliusart\\\/\",\"https:\\\/\\\/www.pinterest.at\\\/sigridnepelius\\\/\"]}]}<\/script>\n<!-- \/ Yoast SEO plugin. -->","yoast_head_json":{"title":"Oranger Luftfisch - Sigrid Nepelius","description":"Der orange Luftfisch der \u00f6sterreichischen K\u00fcnstlerin Sigrid Nepelius ist ein fr\u00f6hlicher Zeitgenosse und seine gesamte Erscheinung unterstreicht dieses sonnige Gem\u00fct.Schon die Farben Orange und Gelb sind an Heiterkeit kaum zu \u00fcberbieten. Und wenn man ihn so unbeschwert durch luftige H\u00f6hen flattern sieht, kann man gar nicht anders, als sich von seiner Lebensfreude anstecken zu lassen.","robots":{"index":"index","follow":"follow","max-snippet":"max-snippet:-1","max-image-preview":"max-image-preview:large","max-video-preview":"max-video-preview:-1"},"canonical":"https:\/\/www.nepelius.com\/en\/shop\/oranger-luftfisch-original\/","og_locale":"en_GB","og_type":"article","og_title":"Oranger Luftfisch - Sigrid Nepelius","og_description":"Der orange Luftfisch der \u00f6sterreichischen K\u00fcnstlerin Sigrid Nepelius ist ein fr\u00f6hlicher Zeitgenosse und seine gesamte Erscheinung unterstreicht dieses sonnige Gem\u00fct.Schon die Farben Orange und Gelb sind an Heiterkeit kaum zu \u00fcberbieten. Und wenn man ihn so unbeschwert durch luftige H\u00f6hen flattern sieht, kann man gar nicht anders, als sich von seiner Lebensfreude anstecken zu lassen.","og_url":"https:\/\/www.nepelius.com\/en\/shop\/oranger-luftfisch-original\/","og_site_name":"Sigrid Nepelius","article_publisher":"https:\/\/www.facebook.com\/sigrid.nepelius.art","article_modified_time":"2026-04-19T18:57:02+00:00","og_image":[{"width":1200,"height":854,"url":"https:\/\/www.nepelius.com\/wp-content\/uploads\/Oranger-Luftfisch-1200.jpg","type":"image\/jpeg"}],"twitter_card":"summary_large_image","twitter_misc":{"Estimated reading time":"1 minute"},"schema":{"@context":"https:\/\/schema.org","@graph":[{"@type":"WebPage","@id":"https:\/\/www.nepelius.com\/shop\/oranger-luftfisch-original\/","url":"https:\/\/www.nepelius.com\/shop\/oranger-luftfisch-original\/","name":"Oranger Luftfisch - Sigrid Nepelius","isPartOf":{"@id":"https:\/\/www.nepelius.com\/#website"},"primaryImageOfPage":{"@id":"https:\/\/www.nepelius.com\/shop\/oranger-luftfisch-original\/#primaryimage"},"image":{"@id":"https:\/\/www.nepelius.com\/shop\/oranger-luftfisch-original\/#primaryimage"},"thumbnailUrl":"https:\/\/www.nepelius.com\/wp-content\/uploads\/Oranger-Luftfisch-1200.jpg","datePublished":"2024-10-16T09:57:43+00:00","dateModified":"2026-04-19T18:57:02+00:00","description":"Der orange Luftfisch der \u00f6sterreichischen K\u00fcnstlerin Sigrid Nepelius ist ein fr\u00f6hlicher Zeitgenosse und seine gesamte Erscheinung unterstreicht dieses sonnige Gem\u00fct.Schon die Farben Orange und Gelb sind an Heiterkeit kaum zu \u00fcberbieten. Und wenn man ihn so unbeschwert durch luftige H\u00f6hen flattern sieht, kann man gar nicht anders, als sich von seiner Lebensfreude anstecken zu lassen.","breadcrumb":{"@id":"https:\/\/www.nepelius.com\/shop\/oranger-luftfisch-original\/#breadcrumb"},"inLanguage":"en-GB","potentialAction":[{"@type":"ReadAction","target":["https:\/\/www.nepelius.com\/shop\/oranger-luftfisch-original\/"]}]},{"@type":"ImageObject","inLanguage":"en-GB","@id":"https:\/\/www.nepelius.com\/shop\/oranger-luftfisch-original\/#primaryimage","url":"https:\/\/www.nepelius.com\/wp-content\/uploads\/Oranger-Luftfisch-1200.jpg","contentUrl":"https:\/\/www.nepelius.com\/wp-content\/uploads\/Oranger-Luftfisch-1200.jpg","width":1200,"height":854,"caption":"\"Oranger Luftfisch\", Acryl\/\u00d6l auf Leinwand"},{"@type":"BreadcrumbList","@id":"https:\/\/www.nepelius.com\/shop\/oranger-luftfisch-original\/#breadcrumb","itemListElement":[{"@type":"ListItem","position":1,"name":"Startseite","item":"https:\/\/www.nepelius.com\/"},{"@type":"ListItem","position":2,"name":"Shop","item":"https:\/\/www.nepelius.com\/webshop\/"},{"@type":"ListItem","position":3,"name":"Oranger Luftfisch"}]},{"@type":"WebSite","@id":"https:\/\/www.nepelius.com\/#website","url":"https:\/\/www.nepelius.com\/","name":"Sigrid Nepelius","description":"Fine Art","publisher":{"@id":"https:\/\/www.nepelius.com\/#\/schema\/person\/fb48383c87e305a8d2bbad4aef3524eb"},"potentialAction":[{"@type":"SearchAction","target":{"@type":"EntryPoint","urlTemplate":"https:\/\/www.nepelius.com\/?s={search_term_string}"},"query-input":{"@type":"PropertyValueSpecification","valueRequired":true,"valueName":"search_term_string"}}],"inLanguage":"en-GB"},{"@type":["Person","Organization"],"@id":"https:\/\/www.nepelius.com\/#\/schema\/person\/fb48383c87e305a8d2bbad4aef3524eb","name":"Sigrid","image":{"@type":"ImageObject","inLanguage":"en-GB","@id":"https:\/\/www.nepelius.com\/wp-content\/uploads\/cropped-header_neu-1.jpg","url":"https:\/\/www.nepelius.com\/wp-content\/uploads\/cropped-header_neu-1.jpg","contentUrl":"https:\/\/www.nepelius.com\/wp-content\/uploads\/cropped-header_neu-1.jpg","width":1500,"height":224,"caption":"Sigrid"},"logo":{"@id":"https:\/\/www.nepelius.com\/wp-content\/uploads\/cropped-header_neu-1.jpg"},"sameAs":["https:\/\/www.facebook.com\/sigrid.nepelius.art","https:\/\/www.instagram.com\/sigridnepeliusart\/","https:\/\/www.pinterest.at\/sigridnepelius\/"]}]}},"_links":{"self":[{"href":"https:\/\/www.nepelius.com\/en\/wp-json\/wp\/v2\/product\/4982","targetHints":{"allow":["GET"]}}],"collection":[{"href":"https:\/\/www.nepelius.com\/en\/wp-json\/wp\/v2\/product"}],"about":[{"href":"https:\/\/www.nepelius.com\/en\/wp-json\/wp\/v2\/types\/product"}],"wp:featuredmedia":[{"embeddable":true,"href":"https:\/\/www.nepelius.com\/en\/wp-json\/wp\/v2\/media\/4846"}],"wp:attachment":[{"href":"https:\/\/www.nepelius.com\/en\/wp-json\/wp\/v2\/media?parent=4982"}],"wp:term":[{"taxonomy":"product_brand","embeddable":true,"href":"https:\/\/www.nepelius.com\/en\/wp-json\/wp\/v2\/product_brand?post=4982"},{"taxonomy":"product_cat","embeddable":true,"href":"https:\/\/www.nepelius.com\/en\/wp-json\/wp\/v2\/product_cat?post=4982"},{"taxonomy":"product_tag","embeddable":true,"href":"https:\/\/www.nepelius.com\/en\/wp-json\/wp\/v2\/product_tag?post=4982"}],"curies":[{"name":"wp","href":"https:\/\/api.w.org\/{rel}","templated":true}]}}