{"id":5063,"date":"2024-10-18T17:16:02","date_gmt":"2024-10-18T15:16:02","guid":{"rendered":"https:\/\/www.nepelius.com\/?post_type=product&#038;p=5063"},"modified":"2025-08-27T23:02:53","modified_gmt":"2025-08-27T21:02:53","slug":"holunder-blaetterling-original","status":"publish","type":"product","link":"https:\/\/www.nepelius.com\/en\/shop\/holunder-blaetterling-original\/","title":{"rendered":"Elderberry Leafling"},"content":{"rendered":"<p>Original acrylic painting \"Elderberry Leafling\", signed.<br \/>\nWith certificate of authenticity.<\/p>\n<p class=\"cvGsUA direction-ltr align-start para-style-body\"><span class=\"OYPEnA font-feature-liga-off font-feature-clig-off font-feature-calt-off text-decoration-none text-strikethrough-none\">Acrylics on magnetic canvas, 7 x 7 cm<\/span><\/p>\n<p class=\"cvGsUA direction-ltr align-start para-style-body\"><span class=\"OYPEnA font-feature-liga-off font-feature-clig-off font-feature-calt-off text-decoration-none text-strikethrough-none\">During one of my garden rounds, I was admiring the beautifully veined leaves of an elderberry. And then this little guy flutters in front of my nose, eyes me briefly, then turns his reddish-purple backside towards me and leaves me standing there in amazement.<\/span><\/p>\n<p><span class=\"OYPEnA font-feature-liga-off font-feature-clig-off font-feature-calt-off text-decoration-none text-strikethrough-none\">\u00a0<\/span><\/p>","protected":false},"excerpt":{"rendered":"<p>Original Acrylbild &#8220;Holunder-Bl\u00e4tterling&#8221;, signiert. Mit Echtheitszertifikat. Acryl auf magnetischer Leinwand, 7 x 7 cm Bei einer meiner Gartenrunden habe ich die sch\u00f6n geaderten Bl\u00e4tter eines Holunders bewundert. Da flattert mir doch glatt dieser kleine Kerl vor die Nase, be\u00e4ugt mich kurz, dreht mir dann sein rotlila Hinterteil zu und l\u00e4sst mich verdutzt staunend stehen. \u00a0<\/p>","protected":false},"featured_media":4989,"template":"","meta":{"zakra_page_container_layout":"customizer","zakra_page_sidebar_layout":"customizer","zakra_remove_content_margin":false,"zakra_sidebar":"customizer","zakra_transparent_header":"customizer","zakra_logo":0,"zakra_main_header_style":"default","zakra_menu_item_color":"","zakra_menu_item_hover_color":"","zakra_menu_item_active_color":"","zakra_menu_active_style":"","zakra_page_header":true},"product_brand":[],"product_cat":[],"product_tag":[394,407,397,414,415,276],"class_list":{"0":"post-5063","1":"product","2":"type-product","3":"status-publish","4":"has-post-thumbnail","6":"product_tag-acryl","7":"product_tag-blaetterling","8":"product_tag-froehlich","9":"product_tag-holunder","10":"product_tag-holunder-blaetterling","11":"product_tag-original","12":"product_shipping_class-kostenlos","14":"first","15":"instock","16":"sold-individually","17":"shipping-taxable","18":"purchasable","19":"product-type-simple"},"yoast_head":"<!-- This site is optimized with the Yoast SEO plugin v27.4 - https:\/\/yoast.com\/product\/yoast-seo-wordpress\/ -->\n<title>Holunder-Bl\u00e4tterling - Sigrid Nepelius<\/title>\n<meta name=\"description\" content=\"Original-Acrylbild &quot;Holunder-Bl\u00e4tterling&quot; der \u00f6sterreichischen K\u00fcnstlerin Sigrid Nepelius, signiert. Bei einer meiner Gartenrunden habe ich die sch\u00f6n geaderten Bl\u00e4tter eines Holunders bewundert. Da flattert mir doch glatt dieser kleine Kerl vor die Nase, be\u00e4ugt mich kurz, dreht mir dann sein rotlila Hinterteil zu und l\u00e4sst mich verdutzt staunend stehen.\" \/>\n<meta name=\"robots\" content=\"index, follow, max-snippet:-1, max-image-preview:large, max-video-preview:-1\" \/>\n<link rel=\"canonical\" href=\"https:\/\/www.nepelius.com\/en\/shop\/holunder-blaetterling-original\/\" \/>\n<meta property=\"og:locale\" content=\"en_GB\" \/>\n<meta property=\"og:type\" content=\"article\" \/>\n<meta property=\"og:title\" content=\"Holunder-Bl\u00e4tterling - Sigrid Nepelius\" \/>\n<meta property=\"og:description\" content=\"Original-Acrylbild &quot;Holunder-Bl\u00e4tterling&quot; der \u00f6sterreichischen K\u00fcnstlerin Sigrid Nepelius, signiert. Bei einer meiner Gartenrunden habe ich die sch\u00f6n geaderten Bl\u00e4tter eines Holunders bewundert. Da flattert mir doch glatt dieser kleine Kerl vor die Nase, be\u00e4ugt mich kurz, dreht mir dann sein rotlila Hinterteil zu und l\u00e4sst mich verdutzt staunend stehen.\" \/>\n<meta property=\"og:url\" content=\"https:\/\/www.nepelius.com\/en\/shop\/holunder-blaetterling-original\/\" \/>\n<meta property=\"og:site_name\" content=\"Sigrid Nepelius\" \/>\n<meta property=\"article:publisher\" content=\"https:\/\/www.facebook.com\/sigrid.nepelius.art\" \/>\n<meta property=\"article:modified_time\" content=\"2025-08-27T21:02:53+00:00\" \/>\n<meta property=\"og:image\" content=\"https:\/\/www.nepelius.com\/wp-content\/uploads\/holunder-blaetterling.jpg\" \/>\n\t<meta property=\"og:image:width\" content=\"1736\" \/>\n\t<meta property=\"og:image:height\" content=\"1710\" \/>\n\t<meta property=\"og:image:type\" content=\"image\/jpeg\" \/>\n<meta name=\"twitter:card\" content=\"summary_large_image\" \/>\n<meta name=\"twitter:label1\" content=\"Estimated reading time\" \/>\n\t<meta name=\"twitter:data1\" content=\"1 minute\" \/>\n<script type=\"application\/ld+json\" class=\"yoast-schema-graph\">{\"@context\":\"https:\\\/\\\/schema.org\",\"@graph\":[{\"@type\":\"WebPage\",\"@id\":\"https:\\\/\\\/www.nepelius.com\\\/shop\\\/holunder-blaetterling-original\\\/\",\"url\":\"https:\\\/\\\/www.nepelius.com\\\/shop\\\/holunder-blaetterling-original\\\/\",\"name\":\"Holunder-Bl\u00e4tterling - Sigrid Nepelius\",\"isPartOf\":{\"@id\":\"https:\\\/\\\/www.nepelius.com\\\/#website\"},\"primaryImageOfPage\":{\"@id\":\"https:\\\/\\\/www.nepelius.com\\\/shop\\\/holunder-blaetterling-original\\\/#primaryimage\"},\"image\":{\"@id\":\"https:\\\/\\\/www.nepelius.com\\\/shop\\\/holunder-blaetterling-original\\\/#primaryimage\"},\"thumbnailUrl\":\"https:\\\/\\\/www.nepelius.com\\\/wp-content\\\/uploads\\\/holunder-blaetterling.jpg\",\"datePublished\":\"2024-10-18T15:16:02+00:00\",\"dateModified\":\"2025-08-27T21:02:53+00:00\",\"description\":\"Original-Acrylbild \\\"Holunder-Bl\u00e4tterling\\\" der \u00f6sterreichischen K\u00fcnstlerin Sigrid Nepelius, signiert. Bei einer meiner Gartenrunden habe ich die sch\u00f6n geaderten Bl\u00e4tter eines Holunders bewundert. Da flattert mir doch glatt dieser kleine Kerl vor die Nase, be\u00e4ugt mich kurz, dreht mir dann sein rotlila Hinterteil zu und l\u00e4sst mich verdutzt staunend stehen.\",\"breadcrumb\":{\"@id\":\"https:\\\/\\\/www.nepelius.com\\\/shop\\\/holunder-blaetterling-original\\\/#breadcrumb\"},\"inLanguage\":\"en-GB\",\"potentialAction\":[{\"@type\":\"ReadAction\",\"target\":[\"https:\\\/\\\/www.nepelius.com\\\/shop\\\/holunder-blaetterling-original\\\/\"]}]},{\"@type\":\"ImageObject\",\"inLanguage\":\"en-GB\",\"@id\":\"https:\\\/\\\/www.nepelius.com\\\/shop\\\/holunder-blaetterling-original\\\/#primaryimage\",\"url\":\"https:\\\/\\\/www.nepelius.com\\\/wp-content\\\/uploads\\\/holunder-blaetterling.jpg\",\"contentUrl\":\"https:\\\/\\\/www.nepelius.com\\\/wp-content\\\/uploads\\\/holunder-blaetterling.jpg\",\"width\":1736,\"height\":1710},{\"@type\":\"BreadcrumbList\",\"@id\":\"https:\\\/\\\/www.nepelius.com\\\/shop\\\/holunder-blaetterling-original\\\/#breadcrumb\",\"itemListElement\":[{\"@type\":\"ListItem\",\"position\":1,\"name\":\"Startseite\",\"item\":\"https:\\\/\\\/www.nepelius.com\\\/\"},{\"@type\":\"ListItem\",\"position\":2,\"name\":\"Shop\",\"item\":\"https:\\\/\\\/www.nepelius.com\\\/webshop\\\/\"},{\"@type\":\"ListItem\",\"position\":3,\"name\":\"Holunder-Bl\u00e4tterling\"}]},{\"@type\":\"WebSite\",\"@id\":\"https:\\\/\\\/www.nepelius.com\\\/#website\",\"url\":\"https:\\\/\\\/www.nepelius.com\\\/\",\"name\":\"Sigrid Nepelius\",\"description\":\"Fine Art\",\"publisher\":{\"@id\":\"https:\\\/\\\/www.nepelius.com\\\/#\\\/schema\\\/person\\\/fb48383c87e305a8d2bbad4aef3524eb\"},\"potentialAction\":[{\"@type\":\"SearchAction\",\"target\":{\"@type\":\"EntryPoint\",\"urlTemplate\":\"https:\\\/\\\/www.nepelius.com\\\/?s={search_term_string}\"},\"query-input\":{\"@type\":\"PropertyValueSpecification\",\"valueRequired\":true,\"valueName\":\"search_term_string\"}}],\"inLanguage\":\"en-GB\"},{\"@type\":[\"Person\",\"Organization\"],\"@id\":\"https:\\\/\\\/www.nepelius.com\\\/#\\\/schema\\\/person\\\/fb48383c87e305a8d2bbad4aef3524eb\",\"name\":\"Sigrid\",\"image\":{\"@type\":\"ImageObject\",\"inLanguage\":\"en-GB\",\"@id\":\"https:\\\/\\\/www.nepelius.com\\\/wp-content\\\/uploads\\\/cropped-header_neu-1.jpg\",\"url\":\"https:\\\/\\\/www.nepelius.com\\\/wp-content\\\/uploads\\\/cropped-header_neu-1.jpg\",\"contentUrl\":\"https:\\\/\\\/www.nepelius.com\\\/wp-content\\\/uploads\\\/cropped-header_neu-1.jpg\",\"width\":1500,\"height\":224,\"caption\":\"Sigrid\"},\"logo\":{\"@id\":\"https:\\\/\\\/www.nepelius.com\\\/wp-content\\\/uploads\\\/cropped-header_neu-1.jpg\"},\"sameAs\":[\"https:\\\/\\\/www.facebook.com\\\/sigrid.nepelius.art\",\"https:\\\/\\\/www.instagram.com\\\/sigridnepeliusart\\\/\",\"https:\\\/\\\/www.pinterest.at\\\/sigridnepelius\\\/\"]}]}<\/script>\n<!-- \/ Yoast SEO plugin. -->","yoast_head_json":{"title":"Holunder-Bl\u00e4tterling - Sigrid Nepelius","description":"Original-Acrylbild \"Holunder-Bl\u00e4tterling\" der \u00f6sterreichischen K\u00fcnstlerin Sigrid Nepelius, signiert. Bei einer meiner Gartenrunden habe ich die sch\u00f6n geaderten Bl\u00e4tter eines Holunders bewundert. Da flattert mir doch glatt dieser kleine Kerl vor die Nase, be\u00e4ugt mich kurz, dreht mir dann sein rotlila Hinterteil zu und l\u00e4sst mich verdutzt staunend stehen.","robots":{"index":"index","follow":"follow","max-snippet":"max-snippet:-1","max-image-preview":"max-image-preview:large","max-video-preview":"max-video-preview:-1"},"canonical":"https:\/\/www.nepelius.com\/en\/shop\/holunder-blaetterling-original\/","og_locale":"en_GB","og_type":"article","og_title":"Holunder-Bl\u00e4tterling - Sigrid Nepelius","og_description":"Original-Acrylbild \"Holunder-Bl\u00e4tterling\" der \u00f6sterreichischen K\u00fcnstlerin Sigrid Nepelius, signiert. Bei einer meiner Gartenrunden habe ich die sch\u00f6n geaderten Bl\u00e4tter eines Holunders bewundert. Da flattert mir doch glatt dieser kleine Kerl vor die Nase, be\u00e4ugt mich kurz, dreht mir dann sein rotlila Hinterteil zu und l\u00e4sst mich verdutzt staunend stehen.","og_url":"https:\/\/www.nepelius.com\/en\/shop\/holunder-blaetterling-original\/","og_site_name":"Sigrid Nepelius","article_publisher":"https:\/\/www.facebook.com\/sigrid.nepelius.art","article_modified_time":"2025-08-27T21:02:53+00:00","og_image":[{"width":1736,"height":1710,"url":"https:\/\/www.nepelius.com\/wp-content\/uploads\/holunder-blaetterling.jpg","type":"image\/jpeg"}],"twitter_card":"summary_large_image","twitter_misc":{"Estimated reading time":"1 minute"},"schema":{"@context":"https:\/\/schema.org","@graph":[{"@type":"WebPage","@id":"https:\/\/www.nepelius.com\/shop\/holunder-blaetterling-original\/","url":"https:\/\/www.nepelius.com\/shop\/holunder-blaetterling-original\/","name":"Holunder-Bl\u00e4tterling - Sigrid Nepelius","isPartOf":{"@id":"https:\/\/www.nepelius.com\/#website"},"primaryImageOfPage":{"@id":"https:\/\/www.nepelius.com\/shop\/holunder-blaetterling-original\/#primaryimage"},"image":{"@id":"https:\/\/www.nepelius.com\/shop\/holunder-blaetterling-original\/#primaryimage"},"thumbnailUrl":"https:\/\/www.nepelius.com\/wp-content\/uploads\/holunder-blaetterling.jpg","datePublished":"2024-10-18T15:16:02+00:00","dateModified":"2025-08-27T21:02:53+00:00","description":"Original-Acrylbild \"Holunder-Bl\u00e4tterling\" der \u00f6sterreichischen K\u00fcnstlerin Sigrid Nepelius, signiert. Bei einer meiner Gartenrunden habe ich die sch\u00f6n geaderten Bl\u00e4tter eines Holunders bewundert. Da flattert mir doch glatt dieser kleine Kerl vor die Nase, be\u00e4ugt mich kurz, dreht mir dann sein rotlila Hinterteil zu und l\u00e4sst mich verdutzt staunend stehen.","breadcrumb":{"@id":"https:\/\/www.nepelius.com\/shop\/holunder-blaetterling-original\/#breadcrumb"},"inLanguage":"en-GB","potentialAction":[{"@type":"ReadAction","target":["https:\/\/www.nepelius.com\/shop\/holunder-blaetterling-original\/"]}]},{"@type":"ImageObject","inLanguage":"en-GB","@id":"https:\/\/www.nepelius.com\/shop\/holunder-blaetterling-original\/#primaryimage","url":"https:\/\/www.nepelius.com\/wp-content\/uploads\/holunder-blaetterling.jpg","contentUrl":"https:\/\/www.nepelius.com\/wp-content\/uploads\/holunder-blaetterling.jpg","width":1736,"height":1710},{"@type":"BreadcrumbList","@id":"https:\/\/www.nepelius.com\/shop\/holunder-blaetterling-original\/#breadcrumb","itemListElement":[{"@type":"ListItem","position":1,"name":"Startseite","item":"https:\/\/www.nepelius.com\/"},{"@type":"ListItem","position":2,"name":"Shop","item":"https:\/\/www.nepelius.com\/webshop\/"},{"@type":"ListItem","position":3,"name":"Holunder-Bl\u00e4tterling"}]},{"@type":"WebSite","@id":"https:\/\/www.nepelius.com\/#website","url":"https:\/\/www.nepelius.com\/","name":"Sigrid Nepelius","description":"Fine Art","publisher":{"@id":"https:\/\/www.nepelius.com\/#\/schema\/person\/fb48383c87e305a8d2bbad4aef3524eb"},"potentialAction":[{"@type":"SearchAction","target":{"@type":"EntryPoint","urlTemplate":"https:\/\/www.nepelius.com\/?s={search_term_string}"},"query-input":{"@type":"PropertyValueSpecification","valueRequired":true,"valueName":"search_term_string"}}],"inLanguage":"en-GB"},{"@type":["Person","Organization"],"@id":"https:\/\/www.nepelius.com\/#\/schema\/person\/fb48383c87e305a8d2bbad4aef3524eb","name":"Sigrid","image":{"@type":"ImageObject","inLanguage":"en-GB","@id":"https:\/\/www.nepelius.com\/wp-content\/uploads\/cropped-header_neu-1.jpg","url":"https:\/\/www.nepelius.com\/wp-content\/uploads\/cropped-header_neu-1.jpg","contentUrl":"https:\/\/www.nepelius.com\/wp-content\/uploads\/cropped-header_neu-1.jpg","width":1500,"height":224,"caption":"Sigrid"},"logo":{"@id":"https:\/\/www.nepelius.com\/wp-content\/uploads\/cropped-header_neu-1.jpg"},"sameAs":["https:\/\/www.facebook.com\/sigrid.nepelius.art","https:\/\/www.instagram.com\/sigridnepeliusart\/","https:\/\/www.pinterest.at\/sigridnepelius\/"]}]}},"_links":{"self":[{"href":"https:\/\/www.nepelius.com\/en\/wp-json\/wp\/v2\/product\/5063","targetHints":{"allow":["GET"]}}],"collection":[{"href":"https:\/\/www.nepelius.com\/en\/wp-json\/wp\/v2\/product"}],"about":[{"href":"https:\/\/www.nepelius.com\/en\/wp-json\/wp\/v2\/types\/product"}],"wp:featuredmedia":[{"embeddable":true,"href":"https:\/\/www.nepelius.com\/en\/wp-json\/wp\/v2\/media\/4989"}],"wp:attachment":[{"href":"https:\/\/www.nepelius.com\/en\/wp-json\/wp\/v2\/media?parent=5063"}],"wp:term":[{"taxonomy":"product_brand","embeddable":true,"href":"https:\/\/www.nepelius.com\/en\/wp-json\/wp\/v2\/product_brand?post=5063"},{"taxonomy":"product_cat","embeddable":true,"href":"https:\/\/www.nepelius.com\/en\/wp-json\/wp\/v2\/product_cat?post=5063"},{"taxonomy":"product_tag","embeddable":true,"href":"https:\/\/www.nepelius.com\/en\/wp-json\/wp\/v2\/product_tag?post=5063"}],"curies":[{"name":"wp","href":"https:\/\/api.w.org\/{rel}","templated":true}]}}