{"id":5066,"date":"2024-10-18T17:38:50","date_gmt":"2024-10-18T15:38:50","guid":{"rendered":"https:\/\/www.nepelius.com\/?post_type=product&#038;p=5066"},"modified":"2025-08-27T23:02:32","modified_gmt":"2025-08-27T21:02:32","slug":"poseidons-felsen-original","status":"publish","type":"product","link":"https:\/\/www.nepelius.com\/en\/shop\/poseidons-felsen-original\/","title":{"rendered":"Poseidons Rocks"},"content":{"rendered":"<p>Original oil painting \u201cPoseidons Felsen\u201d, signed.<br \/>\nWith certificate of authenticity.<\/p>\n<p class=\"cvGsUA direction-ltr align-start para-style-body\"><span class=\"OYPEnA font-feature-liga-off font-feature-clig-off font-feature-calt-off text-decoration-none text-strikethrough-none\">Oils on cardboard, 24 x 30 cm, <\/span><span class=\"OYPEnA font-feature-liga-off font-feature-clig-off font-feature-calt-off text-decoration-none text-strikethrough-none\">incl. mat and wooden frame silver-coloured 33 x 43 cm<\/span><\/p>\n<p><span class=\"OYPEnA font-feature-liga-off font-feature-clig-off font-feature-calt-off text-decoration-none text-strikethrough-none\">In the past, my paintings were dominated by motifs with surreal landscapes. This picture shows the development of my work towards motifs with animals.<\/span><\/p>","protected":false},"excerpt":{"rendered":"<p>Original \u00d6lbild &#8220;Poseidons Felsen&#8221;, signiert. Mit Echtheitszertifikat. \u00d6l auf Malkarton, 24 x 30 cm, inkl. Passepartout und Holzrahmen silberfarben 33 x 43 cm Fr\u00fcher haben in meinen Bildern Motive mit surrealen Landschaften dominiert. An diesem Bild erkennt man die Entwicklung meiner Arbeiten hin zu Motiven mit Tieren.<\/p>","protected":false},"featured_media":995,"template":"","meta":{"zakra_page_container_layout":"customizer","zakra_page_sidebar_layout":"customizer","zakra_remove_content_margin":false,"zakra_sidebar":"customizer","zakra_transparent_header":"customizer","zakra_logo":0,"zakra_main_header_style":"default","zakra_menu_item_color":"","zakra_menu_item_hover_color":"","zakra_menu_item_active_color":"","zakra_menu_active_style":"","zakra_page_header":true},"product_brand":[],"product_cat":[],"product_tag":[404,276,252],"class_list":{"0":"post-5066","1":"product","2":"type-product","3":"status-publish","4":"has-post-thumbnail","6":"product_tag-oel","7":"product_tag-original","8":"product_tag-poseidons-felsen","9":"product_shipping_class-kostenlos","11":"first","12":"instock","13":"sold-individually","14":"shipping-taxable","15":"purchasable","16":"product-type-simple"},"yoast_head":"<!-- This site is optimized with the Yoast SEO plugin v27.4 - https:\/\/yoast.com\/product\/yoast-seo-wordpress\/ -->\n<title>Poseidons Felsen - Sigrid Nepelius<\/title>\n<meta name=\"description\" content=\"Original-\u00d6lbild &quot;Poseidons Felsen&quot; der \u00f6sterreichischen K\u00fcnstlerin Sigrid Nepelius, signiert.\" \/>\n<meta name=\"robots\" content=\"index, follow, max-snippet:-1, max-image-preview:large, max-video-preview:-1\" \/>\n<link rel=\"canonical\" href=\"https:\/\/www.nepelius.com\/en\/shop\/poseidons-felsen-original\/\" \/>\n<meta property=\"og:locale\" content=\"en_GB\" \/>\n<meta property=\"og:type\" content=\"article\" \/>\n<meta property=\"og:title\" content=\"Poseidons Felsen - Sigrid Nepelius\" \/>\n<meta property=\"og:description\" content=\"Original-\u00d6lbild &quot;Poseidons Felsen&quot; der \u00f6sterreichischen K\u00fcnstlerin Sigrid Nepelius, signiert.\" \/>\n<meta property=\"og:url\" content=\"https:\/\/www.nepelius.com\/en\/shop\/poseidons-felsen-original\/\" \/>\n<meta property=\"og:site_name\" content=\"Sigrid Nepelius\" \/>\n<meta property=\"article:publisher\" content=\"https:\/\/www.facebook.com\/sigrid.nepelius.art\" \/>\n<meta property=\"article:modified_time\" content=\"2025-08-27T21:02:32+00:00\" \/>\n<meta property=\"og:image\" content=\"https:\/\/www.nepelius.com\/wp-content\/uploads\/2014\/02\/poseidons_felsen7001.jpg\" \/>\n\t<meta property=\"og:image:width\" content=\"700\" \/>\n\t<meta property=\"og:image:height\" content=\"555\" \/>\n\t<meta property=\"og:image:type\" content=\"image\/jpeg\" \/>\n<meta name=\"twitter:card\" content=\"summary_large_image\" \/>\n<meta name=\"twitter:label1\" content=\"Estimated reading time\" \/>\n\t<meta name=\"twitter:data1\" content=\"1 minute\" \/>\n<script type=\"application\/ld+json\" class=\"yoast-schema-graph\">{\"@context\":\"https:\\\/\\\/schema.org\",\"@graph\":[{\"@type\":\"WebPage\",\"@id\":\"https:\\\/\\\/www.nepelius.com\\\/shop\\\/poseidons-felsen-original\\\/\",\"url\":\"https:\\\/\\\/www.nepelius.com\\\/shop\\\/poseidons-felsen-original\\\/\",\"name\":\"Poseidons Felsen - Sigrid Nepelius\",\"isPartOf\":{\"@id\":\"https:\\\/\\\/www.nepelius.com\\\/#website\"},\"primaryImageOfPage\":{\"@id\":\"https:\\\/\\\/www.nepelius.com\\\/shop\\\/poseidons-felsen-original\\\/#primaryimage\"},\"image\":{\"@id\":\"https:\\\/\\\/www.nepelius.com\\\/shop\\\/poseidons-felsen-original\\\/#primaryimage\"},\"thumbnailUrl\":\"https:\\\/\\\/www.nepelius.com\\\/wp-content\\\/uploads\\\/2014\\\/02\\\/poseidons_felsen7001.jpg\",\"datePublished\":\"2024-10-18T15:38:50+00:00\",\"dateModified\":\"2025-08-27T21:02:32+00:00\",\"description\":\"Original-\u00d6lbild \\\"Poseidons Felsen\\\" der \u00f6sterreichischen K\u00fcnstlerin Sigrid Nepelius, signiert.\",\"breadcrumb\":{\"@id\":\"https:\\\/\\\/www.nepelius.com\\\/shop\\\/poseidons-felsen-original\\\/#breadcrumb\"},\"inLanguage\":\"en-GB\",\"potentialAction\":[{\"@type\":\"ReadAction\",\"target\":[\"https:\\\/\\\/www.nepelius.com\\\/shop\\\/poseidons-felsen-original\\\/\"]}]},{\"@type\":\"ImageObject\",\"inLanguage\":\"en-GB\",\"@id\":\"https:\\\/\\\/www.nepelius.com\\\/shop\\\/poseidons-felsen-original\\\/#primaryimage\",\"url\":\"https:\\\/\\\/www.nepelius.com\\\/wp-content\\\/uploads\\\/2014\\\/02\\\/poseidons_felsen7001.jpg\",\"contentUrl\":\"https:\\\/\\\/www.nepelius.com\\\/wp-content\\\/uploads\\\/2014\\\/02\\\/poseidons_felsen7001.jpg\",\"width\":700,\"height\":555,\"caption\":\"\u2022 \\\"Poseidons Felsen\\\", \u00d6l auf Malkarton\"},{\"@type\":\"BreadcrumbList\",\"@id\":\"https:\\\/\\\/www.nepelius.com\\\/shop\\\/poseidons-felsen-original\\\/#breadcrumb\",\"itemListElement\":[{\"@type\":\"ListItem\",\"position\":1,\"name\":\"Startseite\",\"item\":\"https:\\\/\\\/www.nepelius.com\\\/\"},{\"@type\":\"ListItem\",\"position\":2,\"name\":\"Shop\",\"item\":\"https:\\\/\\\/www.nepelius.com\\\/webshop\\\/\"},{\"@type\":\"ListItem\",\"position\":3,\"name\":\"Poseidons Felsen\"}]},{\"@type\":\"WebSite\",\"@id\":\"https:\\\/\\\/www.nepelius.com\\\/#website\",\"url\":\"https:\\\/\\\/www.nepelius.com\\\/\",\"name\":\"Sigrid Nepelius\",\"description\":\"Fine Art\",\"publisher\":{\"@id\":\"https:\\\/\\\/www.nepelius.com\\\/#\\\/schema\\\/person\\\/fb48383c87e305a8d2bbad4aef3524eb\"},\"potentialAction\":[{\"@type\":\"SearchAction\",\"target\":{\"@type\":\"EntryPoint\",\"urlTemplate\":\"https:\\\/\\\/www.nepelius.com\\\/?s={search_term_string}\"},\"query-input\":{\"@type\":\"PropertyValueSpecification\",\"valueRequired\":true,\"valueName\":\"search_term_string\"}}],\"inLanguage\":\"en-GB\"},{\"@type\":[\"Person\",\"Organization\"],\"@id\":\"https:\\\/\\\/www.nepelius.com\\\/#\\\/schema\\\/person\\\/fb48383c87e305a8d2bbad4aef3524eb\",\"name\":\"Sigrid\",\"image\":{\"@type\":\"ImageObject\",\"inLanguage\":\"en-GB\",\"@id\":\"https:\\\/\\\/www.nepelius.com\\\/wp-content\\\/uploads\\\/cropped-header_neu-1.jpg\",\"url\":\"https:\\\/\\\/www.nepelius.com\\\/wp-content\\\/uploads\\\/cropped-header_neu-1.jpg\",\"contentUrl\":\"https:\\\/\\\/www.nepelius.com\\\/wp-content\\\/uploads\\\/cropped-header_neu-1.jpg\",\"width\":1500,\"height\":224,\"caption\":\"Sigrid\"},\"logo\":{\"@id\":\"https:\\\/\\\/www.nepelius.com\\\/wp-content\\\/uploads\\\/cropped-header_neu-1.jpg\"},\"sameAs\":[\"https:\\\/\\\/www.facebook.com\\\/sigrid.nepelius.art\",\"https:\\\/\\\/www.instagram.com\\\/sigridnepeliusart\\\/\",\"https:\\\/\\\/www.pinterest.at\\\/sigridnepelius\\\/\"]}]}<\/script>\n<!-- \/ Yoast SEO plugin. -->","yoast_head_json":{"title":"Poseidons Felsen - Sigrid Nepelius","description":"Original-\u00d6lbild \"Poseidons Felsen\" der \u00f6sterreichischen K\u00fcnstlerin Sigrid Nepelius, signiert.","robots":{"index":"index","follow":"follow","max-snippet":"max-snippet:-1","max-image-preview":"max-image-preview:large","max-video-preview":"max-video-preview:-1"},"canonical":"https:\/\/www.nepelius.com\/en\/shop\/poseidons-felsen-original\/","og_locale":"en_GB","og_type":"article","og_title":"Poseidons Felsen - Sigrid Nepelius","og_description":"Original-\u00d6lbild \"Poseidons Felsen\" der \u00f6sterreichischen K\u00fcnstlerin Sigrid Nepelius, signiert.","og_url":"https:\/\/www.nepelius.com\/en\/shop\/poseidons-felsen-original\/","og_site_name":"Sigrid Nepelius","article_publisher":"https:\/\/www.facebook.com\/sigrid.nepelius.art","article_modified_time":"2025-08-27T21:02:32+00:00","og_image":[{"width":700,"height":555,"url":"https:\/\/www.nepelius.com\/wp-content\/uploads\/2014\/02\/poseidons_felsen7001.jpg","type":"image\/jpeg"}],"twitter_card":"summary_large_image","twitter_misc":{"Estimated reading time":"1 minute"},"schema":{"@context":"https:\/\/schema.org","@graph":[{"@type":"WebPage","@id":"https:\/\/www.nepelius.com\/shop\/poseidons-felsen-original\/","url":"https:\/\/www.nepelius.com\/shop\/poseidons-felsen-original\/","name":"Poseidons Felsen - Sigrid Nepelius","isPartOf":{"@id":"https:\/\/www.nepelius.com\/#website"},"primaryImageOfPage":{"@id":"https:\/\/www.nepelius.com\/shop\/poseidons-felsen-original\/#primaryimage"},"image":{"@id":"https:\/\/www.nepelius.com\/shop\/poseidons-felsen-original\/#primaryimage"},"thumbnailUrl":"https:\/\/www.nepelius.com\/wp-content\/uploads\/2014\/02\/poseidons_felsen7001.jpg","datePublished":"2024-10-18T15:38:50+00:00","dateModified":"2025-08-27T21:02:32+00:00","description":"Original-\u00d6lbild \"Poseidons Felsen\" der \u00f6sterreichischen K\u00fcnstlerin Sigrid Nepelius, signiert.","breadcrumb":{"@id":"https:\/\/www.nepelius.com\/shop\/poseidons-felsen-original\/#breadcrumb"},"inLanguage":"en-GB","potentialAction":[{"@type":"ReadAction","target":["https:\/\/www.nepelius.com\/shop\/poseidons-felsen-original\/"]}]},{"@type":"ImageObject","inLanguage":"en-GB","@id":"https:\/\/www.nepelius.com\/shop\/poseidons-felsen-original\/#primaryimage","url":"https:\/\/www.nepelius.com\/wp-content\/uploads\/2014\/02\/poseidons_felsen7001.jpg","contentUrl":"https:\/\/www.nepelius.com\/wp-content\/uploads\/2014\/02\/poseidons_felsen7001.jpg","width":700,"height":555,"caption":"\u2022 \"Poseidons Felsen\", \u00d6l auf Malkarton"},{"@type":"BreadcrumbList","@id":"https:\/\/www.nepelius.com\/shop\/poseidons-felsen-original\/#breadcrumb","itemListElement":[{"@type":"ListItem","position":1,"name":"Startseite","item":"https:\/\/www.nepelius.com\/"},{"@type":"ListItem","position":2,"name":"Shop","item":"https:\/\/www.nepelius.com\/webshop\/"},{"@type":"ListItem","position":3,"name":"Poseidons Felsen"}]},{"@type":"WebSite","@id":"https:\/\/www.nepelius.com\/#website","url":"https:\/\/www.nepelius.com\/","name":"Sigrid Nepelius","description":"Fine Art","publisher":{"@id":"https:\/\/www.nepelius.com\/#\/schema\/person\/fb48383c87e305a8d2bbad4aef3524eb"},"potentialAction":[{"@type":"SearchAction","target":{"@type":"EntryPoint","urlTemplate":"https:\/\/www.nepelius.com\/?s={search_term_string}"},"query-input":{"@type":"PropertyValueSpecification","valueRequired":true,"valueName":"search_term_string"}}],"inLanguage":"en-GB"},{"@type":["Person","Organization"],"@id":"https:\/\/www.nepelius.com\/#\/schema\/person\/fb48383c87e305a8d2bbad4aef3524eb","name":"Sigrid","image":{"@type":"ImageObject","inLanguage":"en-GB","@id":"https:\/\/www.nepelius.com\/wp-content\/uploads\/cropped-header_neu-1.jpg","url":"https:\/\/www.nepelius.com\/wp-content\/uploads\/cropped-header_neu-1.jpg","contentUrl":"https:\/\/www.nepelius.com\/wp-content\/uploads\/cropped-header_neu-1.jpg","width":1500,"height":224,"caption":"Sigrid"},"logo":{"@id":"https:\/\/www.nepelius.com\/wp-content\/uploads\/cropped-header_neu-1.jpg"},"sameAs":["https:\/\/www.facebook.com\/sigrid.nepelius.art","https:\/\/www.instagram.com\/sigridnepeliusart\/","https:\/\/www.pinterest.at\/sigridnepelius\/"]}]}},"_links":{"self":[{"href":"https:\/\/www.nepelius.com\/en\/wp-json\/wp\/v2\/product\/5066","targetHints":{"allow":["GET"]}}],"collection":[{"href":"https:\/\/www.nepelius.com\/en\/wp-json\/wp\/v2\/product"}],"about":[{"href":"https:\/\/www.nepelius.com\/en\/wp-json\/wp\/v2\/types\/product"}],"wp:featuredmedia":[{"embeddable":true,"href":"https:\/\/www.nepelius.com\/en\/wp-json\/wp\/v2\/media\/995"}],"wp:attachment":[{"href":"https:\/\/www.nepelius.com\/en\/wp-json\/wp\/v2\/media?parent=5066"}],"wp:term":[{"taxonomy":"product_brand","embeddable":true,"href":"https:\/\/www.nepelius.com\/en\/wp-json\/wp\/v2\/product_brand?post=5066"},{"taxonomy":"product_cat","embeddable":true,"href":"https:\/\/www.nepelius.com\/en\/wp-json\/wp\/v2\/product_cat?post=5066"},{"taxonomy":"product_tag","embeddable":true,"href":"https:\/\/www.nepelius.com\/en\/wp-json\/wp\/v2\/product_tag?post=5066"}],"curies":[{"name":"wp","href":"https:\/\/api.w.org\/{rel}","templated":true}]}}