{"id":5067,"date":"2024-10-18T17:50:44","date_gmt":"2024-10-18T15:50:44","guid":{"rendered":"https:\/\/www.nepelius.com\/?post_type=product&#038;p=5067"},"modified":"2026-04-18T18:24:11","modified_gmt":"2026-04-18T16:24:11","slug":"cyclamen-goldfisch-original","status":"publish","type":"product","link":"https:\/\/www.nepelius.com\/en\/shop\/cyclamen-goldfisch-original\/","title":{"rendered":"Cyclamen Goldfish"},"content":{"rendered":"<p>Original coloured pencils drawing \u201cCyclamen-Goldfisch\u201d, signed.<br \/>\nWith certificate of authenticity.<\/p>\n<p class=\"cvGsUA direction-ltr align-start para-style-body\"><span class=\"OYPEnA font-feature-liga-off font-feature-clig-off font-feature-calt-off text-decoration-none text-strikethrough-none\">Coloured pencils on paper, 13.5 x 19 cm, <\/span><span class=\"OYPEnA font-feature-liga-off font-feature-clig-off font-feature-calt-off text-decoration-none text-strikethrough-none\">incl. double mat 30 x 40 cm<\/span><\/p>\n<p><span class=\"OYPEnA font-feature-liga-off font-feature-clig-off font-feature-calt-off text-decoration-none text-strikethrough-none\">Great ... now I feel like I'm swimming in the ocean as I stroll through the garden. Wherever there should be flowers, I suddenly only see fish.<\/span><\/p>\n<p>Picture frames in the standard 30 x 40 size are available everywhere for this mat size.<br \/>\nThe lettering in the image serves as protection against copyright infringement and is not present on the print!<\/p>","protected":false},"excerpt":{"rendered":"<p>Original Farbstift-Zeichnung &#8220;Cyclamen-Goldfisch&#8221;, signiert. Mit Echtheitszertifikat. Farbstift auf Papier, 13,5 x 19 cm, inkl. Doppel-Passepartout 30 x 40 cm Na toll &#8230; jetzt komme ich mir beim Schlendern durch den Garten vor, als w\u00fcrde ich im Ozean schwimmen. \u00dcberall dort, wo Bl\u00fcten sein sollten, sehe ich pl\u00f6tzlich nur noch Fische. F\u00fcr diese Passepartoutgr\u00f6\u00dfe sind Bilderrahmen [&hellip;]<\/p>\n","protected":false},"featured_media":1831,"template":"","meta":{"zakra_page_container_layout":"customizer","zakra_page_sidebar_layout":"customizer","zakra_remove_content_margin":false,"zakra_sidebar":"customizer","zakra_transparent_header":"customizer","zakra_logo":0,"zakra_main_header_style":"default","zakra_menu_item_color":"","zakra_menu_item_hover_color":"","zakra_menu_item_active_color":"","zakra_menu_active_style":"","zakra_page_header":true},"product_brand":[],"product_cat":[],"product_tag":[420,298,300,401,276],"class_list":{"0":"post-5067","1":"product","2":"type-product","3":"status-publish","4":"has-post-thumbnail","6":"product_tag-cyclame","7":"product_tag-cyclamen-goldfisch","8":"product_tag-farbstift","9":"product_tag-fisch","10":"product_tag-original","11":"product_shipping_class-kostenlos","13":"first","14":"instock","15":"sold-individually","16":"shipping-taxable","17":"purchasable","18":"product-type-simple"},"yoast_head":"<!-- This site is optimized with the Yoast SEO plugin v27.4 - https:\/\/yoast.com\/product\/yoast-seo-wordpress\/ -->\n<title>Cyclamen-Goldfisch - Sigrid Nepelius<\/title>\n<meta name=\"description\" content=\"Original-Farbstift-Zeichnung &quot;Cyclamen-Goldfisch&quot; der \u00f6sterreichischen K\u00fcnstlerin Sigrid Nepelius, signiert. Na toll ... jetzt komme ich mir beim Schlendern durch den Garten vor, als w\u00fcrde ich im Ozean schwimmen. \u00dcberall dort, wo Bl\u00fcten sein sollten, sehe ich pl\u00f6tzlich nur noch Fische.\" \/>\n<meta name=\"robots\" content=\"index, follow, max-snippet:-1, max-image-preview:large, max-video-preview:-1\" \/>\n<link rel=\"canonical\" href=\"https:\/\/www.nepelius.com\/en\/shop\/cyclamen-goldfisch-original\/\" \/>\n<meta property=\"og:locale\" content=\"en_GB\" \/>\n<meta property=\"og:type\" content=\"article\" \/>\n<meta property=\"og:title\" content=\"Cyclamen-Goldfisch - Sigrid Nepelius\" \/>\n<meta property=\"og:description\" content=\"Original-Farbstift-Zeichnung &quot;Cyclamen-Goldfisch&quot; der \u00f6sterreichischen K\u00fcnstlerin Sigrid Nepelius, signiert. Na toll ... jetzt komme ich mir beim Schlendern durch den Garten vor, als w\u00fcrde ich im Ozean schwimmen. \u00dcberall dort, wo Bl\u00fcten sein sollten, sehe ich pl\u00f6tzlich nur noch Fische.\" \/>\n<meta property=\"og:url\" content=\"https:\/\/www.nepelius.com\/en\/shop\/cyclamen-goldfisch-original\/\" \/>\n<meta property=\"og:site_name\" content=\"Sigrid Nepelius\" \/>\n<meta property=\"article:publisher\" content=\"https:\/\/www.facebook.com\/sigrid.nepelius.art\" \/>\n<meta property=\"article:modified_time\" content=\"2026-04-18T16:24:11+00:00\" \/>\n<meta property=\"og:image\" content=\"https:\/\/www.nepelius.com\/wp-content\/uploads\/Cyclamen-Goldfisch.jpeg\" \/>\n\t<meta property=\"og:image:width\" content=\"800\" \/>\n\t<meta property=\"og:image:height\" content=\"627\" \/>\n\t<meta property=\"og:image:type\" content=\"image\/jpeg\" \/>\n<meta name=\"twitter:card\" content=\"summary_large_image\" \/>\n<meta name=\"twitter:label1\" content=\"Estimated reading time\" \/>\n\t<meta name=\"twitter:data1\" content=\"1 minute\" \/>\n<script type=\"application\/ld+json\" class=\"yoast-schema-graph\">{\"@context\":\"https:\\\/\\\/schema.org\",\"@graph\":[{\"@type\":\"WebPage\",\"@id\":\"https:\\\/\\\/www.nepelius.com\\\/shop\\\/cyclamen-goldfisch-original\\\/\",\"url\":\"https:\\\/\\\/www.nepelius.com\\\/shop\\\/cyclamen-goldfisch-original\\\/\",\"name\":\"Cyclamen-Goldfisch - Sigrid Nepelius\",\"isPartOf\":{\"@id\":\"https:\\\/\\\/www.nepelius.com\\\/#website\"},\"primaryImageOfPage\":{\"@id\":\"https:\\\/\\\/www.nepelius.com\\\/shop\\\/cyclamen-goldfisch-original\\\/#primaryimage\"},\"image\":{\"@id\":\"https:\\\/\\\/www.nepelius.com\\\/shop\\\/cyclamen-goldfisch-original\\\/#primaryimage\"},\"thumbnailUrl\":\"https:\\\/\\\/www.nepelius.com\\\/wp-content\\\/uploads\\\/Cyclamen-Goldfisch.jpeg\",\"datePublished\":\"2024-10-18T15:50:44+00:00\",\"dateModified\":\"2026-04-18T16:24:11+00:00\",\"description\":\"Original-Farbstift-Zeichnung \\\"Cyclamen-Goldfisch\\\" der \u00f6sterreichischen K\u00fcnstlerin Sigrid Nepelius, signiert. Na toll ... jetzt komme ich mir beim Schlendern durch den Garten vor, als w\u00fcrde ich im Ozean schwimmen. \u00dcberall dort, wo Bl\u00fcten sein sollten, sehe ich pl\u00f6tzlich nur noch Fische.\",\"breadcrumb\":{\"@id\":\"https:\\\/\\\/www.nepelius.com\\\/shop\\\/cyclamen-goldfisch-original\\\/#breadcrumb\"},\"inLanguage\":\"en-GB\",\"potentialAction\":[{\"@type\":\"ReadAction\",\"target\":[\"https:\\\/\\\/www.nepelius.com\\\/shop\\\/cyclamen-goldfisch-original\\\/\"]}]},{\"@type\":\"ImageObject\",\"inLanguage\":\"en-GB\",\"@id\":\"https:\\\/\\\/www.nepelius.com\\\/shop\\\/cyclamen-goldfisch-original\\\/#primaryimage\",\"url\":\"https:\\\/\\\/www.nepelius.com\\\/wp-content\\\/uploads\\\/Cyclamen-Goldfisch.jpeg\",\"contentUrl\":\"https:\\\/\\\/www.nepelius.com\\\/wp-content\\\/uploads\\\/Cyclamen-Goldfisch.jpeg\",\"width\":800,\"height\":627,\"caption\":\"\\\"Cyclamen-Goldfisch\\\", Farbstift, Pastell\"},{\"@type\":\"BreadcrumbList\",\"@id\":\"https:\\\/\\\/www.nepelius.com\\\/shop\\\/cyclamen-goldfisch-original\\\/#breadcrumb\",\"itemListElement\":[{\"@type\":\"ListItem\",\"position\":1,\"name\":\"Startseite\",\"item\":\"https:\\\/\\\/www.nepelius.com\\\/\"},{\"@type\":\"ListItem\",\"position\":2,\"name\":\"Shop\",\"item\":\"https:\\\/\\\/www.nepelius.com\\\/webshop\\\/\"},{\"@type\":\"ListItem\",\"position\":3,\"name\":\"Cyclamen-Goldfisch\"}]},{\"@type\":\"WebSite\",\"@id\":\"https:\\\/\\\/www.nepelius.com\\\/#website\",\"url\":\"https:\\\/\\\/www.nepelius.com\\\/\",\"name\":\"Sigrid Nepelius\",\"description\":\"Fine Art\",\"publisher\":{\"@id\":\"https:\\\/\\\/www.nepelius.com\\\/#\\\/schema\\\/person\\\/fb48383c87e305a8d2bbad4aef3524eb\"},\"potentialAction\":[{\"@type\":\"SearchAction\",\"target\":{\"@type\":\"EntryPoint\",\"urlTemplate\":\"https:\\\/\\\/www.nepelius.com\\\/?s={search_term_string}\"},\"query-input\":{\"@type\":\"PropertyValueSpecification\",\"valueRequired\":true,\"valueName\":\"search_term_string\"}}],\"inLanguage\":\"en-GB\"},{\"@type\":[\"Person\",\"Organization\"],\"@id\":\"https:\\\/\\\/www.nepelius.com\\\/#\\\/schema\\\/person\\\/fb48383c87e305a8d2bbad4aef3524eb\",\"name\":\"Sigrid\",\"image\":{\"@type\":\"ImageObject\",\"inLanguage\":\"en-GB\",\"@id\":\"https:\\\/\\\/www.nepelius.com\\\/wp-content\\\/uploads\\\/cropped-header_neu-1.jpg\",\"url\":\"https:\\\/\\\/www.nepelius.com\\\/wp-content\\\/uploads\\\/cropped-header_neu-1.jpg\",\"contentUrl\":\"https:\\\/\\\/www.nepelius.com\\\/wp-content\\\/uploads\\\/cropped-header_neu-1.jpg\",\"width\":1500,\"height\":224,\"caption\":\"Sigrid\"},\"logo\":{\"@id\":\"https:\\\/\\\/www.nepelius.com\\\/wp-content\\\/uploads\\\/cropped-header_neu-1.jpg\"},\"sameAs\":[\"https:\\\/\\\/www.facebook.com\\\/sigrid.nepelius.art\",\"https:\\\/\\\/www.instagram.com\\\/sigridnepeliusart\\\/\",\"https:\\\/\\\/www.pinterest.at\\\/sigridnepelius\\\/\"]}]}<\/script>\n<!-- \/ Yoast SEO plugin. -->","yoast_head_json":{"title":"Cyclamen-Goldfisch - Sigrid Nepelius","description":"Original-Farbstift-Zeichnung \"Cyclamen-Goldfisch\" der \u00f6sterreichischen K\u00fcnstlerin Sigrid Nepelius, signiert. Na toll ... jetzt komme ich mir beim Schlendern durch den Garten vor, als w\u00fcrde ich im Ozean schwimmen. \u00dcberall dort, wo Bl\u00fcten sein sollten, sehe ich pl\u00f6tzlich nur noch Fische.","robots":{"index":"index","follow":"follow","max-snippet":"max-snippet:-1","max-image-preview":"max-image-preview:large","max-video-preview":"max-video-preview:-1"},"canonical":"https:\/\/www.nepelius.com\/en\/shop\/cyclamen-goldfisch-original\/","og_locale":"en_GB","og_type":"article","og_title":"Cyclamen-Goldfisch - Sigrid Nepelius","og_description":"Original-Farbstift-Zeichnung \"Cyclamen-Goldfisch\" der \u00f6sterreichischen K\u00fcnstlerin Sigrid Nepelius, signiert. Na toll ... jetzt komme ich mir beim Schlendern durch den Garten vor, als w\u00fcrde ich im Ozean schwimmen. \u00dcberall dort, wo Bl\u00fcten sein sollten, sehe ich pl\u00f6tzlich nur noch Fische.","og_url":"https:\/\/www.nepelius.com\/en\/shop\/cyclamen-goldfisch-original\/","og_site_name":"Sigrid Nepelius","article_publisher":"https:\/\/www.facebook.com\/sigrid.nepelius.art","article_modified_time":"2026-04-18T16:24:11+00:00","og_image":[{"width":800,"height":627,"url":"https:\/\/www.nepelius.com\/wp-content\/uploads\/Cyclamen-Goldfisch.jpeg","type":"image\/jpeg"}],"twitter_card":"summary_large_image","twitter_misc":{"Estimated reading time":"1 minute"},"schema":{"@context":"https:\/\/schema.org","@graph":[{"@type":"WebPage","@id":"https:\/\/www.nepelius.com\/shop\/cyclamen-goldfisch-original\/","url":"https:\/\/www.nepelius.com\/shop\/cyclamen-goldfisch-original\/","name":"Cyclamen-Goldfisch - Sigrid Nepelius","isPartOf":{"@id":"https:\/\/www.nepelius.com\/#website"},"primaryImageOfPage":{"@id":"https:\/\/www.nepelius.com\/shop\/cyclamen-goldfisch-original\/#primaryimage"},"image":{"@id":"https:\/\/www.nepelius.com\/shop\/cyclamen-goldfisch-original\/#primaryimage"},"thumbnailUrl":"https:\/\/www.nepelius.com\/wp-content\/uploads\/Cyclamen-Goldfisch.jpeg","datePublished":"2024-10-18T15:50:44+00:00","dateModified":"2026-04-18T16:24:11+00:00","description":"Original-Farbstift-Zeichnung \"Cyclamen-Goldfisch\" der \u00f6sterreichischen K\u00fcnstlerin Sigrid Nepelius, signiert. Na toll ... jetzt komme ich mir beim Schlendern durch den Garten vor, als w\u00fcrde ich im Ozean schwimmen. \u00dcberall dort, wo Bl\u00fcten sein sollten, sehe ich pl\u00f6tzlich nur noch Fische.","breadcrumb":{"@id":"https:\/\/www.nepelius.com\/shop\/cyclamen-goldfisch-original\/#breadcrumb"},"inLanguage":"en-GB","potentialAction":[{"@type":"ReadAction","target":["https:\/\/www.nepelius.com\/shop\/cyclamen-goldfisch-original\/"]}]},{"@type":"ImageObject","inLanguage":"en-GB","@id":"https:\/\/www.nepelius.com\/shop\/cyclamen-goldfisch-original\/#primaryimage","url":"https:\/\/www.nepelius.com\/wp-content\/uploads\/Cyclamen-Goldfisch.jpeg","contentUrl":"https:\/\/www.nepelius.com\/wp-content\/uploads\/Cyclamen-Goldfisch.jpeg","width":800,"height":627,"caption":"\"Cyclamen-Goldfisch\", Farbstift, Pastell"},{"@type":"BreadcrumbList","@id":"https:\/\/www.nepelius.com\/shop\/cyclamen-goldfisch-original\/#breadcrumb","itemListElement":[{"@type":"ListItem","position":1,"name":"Startseite","item":"https:\/\/www.nepelius.com\/"},{"@type":"ListItem","position":2,"name":"Shop","item":"https:\/\/www.nepelius.com\/webshop\/"},{"@type":"ListItem","position":3,"name":"Cyclamen-Goldfisch"}]},{"@type":"WebSite","@id":"https:\/\/www.nepelius.com\/#website","url":"https:\/\/www.nepelius.com\/","name":"Sigrid Nepelius","description":"Fine Art","publisher":{"@id":"https:\/\/www.nepelius.com\/#\/schema\/person\/fb48383c87e305a8d2bbad4aef3524eb"},"potentialAction":[{"@type":"SearchAction","target":{"@type":"EntryPoint","urlTemplate":"https:\/\/www.nepelius.com\/?s={search_term_string}"},"query-input":{"@type":"PropertyValueSpecification","valueRequired":true,"valueName":"search_term_string"}}],"inLanguage":"en-GB"},{"@type":["Person","Organization"],"@id":"https:\/\/www.nepelius.com\/#\/schema\/person\/fb48383c87e305a8d2bbad4aef3524eb","name":"Sigrid","image":{"@type":"ImageObject","inLanguage":"en-GB","@id":"https:\/\/www.nepelius.com\/wp-content\/uploads\/cropped-header_neu-1.jpg","url":"https:\/\/www.nepelius.com\/wp-content\/uploads\/cropped-header_neu-1.jpg","contentUrl":"https:\/\/www.nepelius.com\/wp-content\/uploads\/cropped-header_neu-1.jpg","width":1500,"height":224,"caption":"Sigrid"},"logo":{"@id":"https:\/\/www.nepelius.com\/wp-content\/uploads\/cropped-header_neu-1.jpg"},"sameAs":["https:\/\/www.facebook.com\/sigrid.nepelius.art","https:\/\/www.instagram.com\/sigridnepeliusart\/","https:\/\/www.pinterest.at\/sigridnepelius\/"]}]}},"_links":{"self":[{"href":"https:\/\/www.nepelius.com\/en\/wp-json\/wp\/v2\/product\/5067","targetHints":{"allow":["GET"]}}],"collection":[{"href":"https:\/\/www.nepelius.com\/en\/wp-json\/wp\/v2\/product"}],"about":[{"href":"https:\/\/www.nepelius.com\/en\/wp-json\/wp\/v2\/types\/product"}],"wp:featuredmedia":[{"embeddable":true,"href":"https:\/\/www.nepelius.com\/en\/wp-json\/wp\/v2\/media\/1831"}],"wp:attachment":[{"href":"https:\/\/www.nepelius.com\/en\/wp-json\/wp\/v2\/media?parent=5067"}],"wp:term":[{"taxonomy":"product_brand","embeddable":true,"href":"https:\/\/www.nepelius.com\/en\/wp-json\/wp\/v2\/product_brand?post=5067"},{"taxonomy":"product_cat","embeddable":true,"href":"https:\/\/www.nepelius.com\/en\/wp-json\/wp\/v2\/product_cat?post=5067"},{"taxonomy":"product_tag","embeddable":true,"href":"https:\/\/www.nepelius.com\/en\/wp-json\/wp\/v2\/product_tag?post=5067"}],"curies":[{"name":"wp","href":"https:\/\/api.w.org\/{rel}","templated":true}]}}