{"id":5070,"date":"2024-10-18T18:05:35","date_gmt":"2024-10-18T16:05:35","guid":{"rendered":"https:\/\/www.nepelius.com\/?post_type=product&#038;p=5070"},"modified":"2026-04-18T18:24:04","modified_gmt":"2026-04-18T16:24:04","slug":"krokusblueten-azurjungfer-original","status":"publish","type":"product","link":"https:\/\/www.nepelius.com\/en\/shop\/krokusblueten-azurjungfer-original\/","title":{"rendered":"Crocus Blossom Bluetail Damselfly"},"content":{"rendered":"<p>Original coloured pencils drawing \u201cCrocus Blossom Bluetail Damselfly\u201d, signed.<br \/>\nWith certificate of authenticity.<\/p>\n<p class=\"cvGsUA direction-ltr align-start para-style-body\"><span class=\"OYPEnA font-feature-liga-off font-feature-clig-off font-feature-calt-off text-decoration-none text-strikethrough-none\">Coloured pencils on paper, 13.5 x 19 cm, <\/span><span class=\"OYPEnA font-feature-liga-off font-feature-clig-off font-feature-calt-off text-decoration-none text-strikethrough-none\">incl. double mat 30 x 40 cm<\/span><\/p>\n<p><span class=\"OYPEnA font-feature-liga-off font-feature-clig-off font-feature-calt-off text-decoration-none text-strikethrough-none\">Dragonflies are dangerous hunters with breakneck flight manoeuvres. There are different species of damselflies - but this one is only found in my world.<\/span><\/p>\n<p>Picture frames in the standard 30 x 40 size are available everywhere for this mat size.<\/p>","protected":false},"excerpt":{"rendered":"<p>Original Farbstift-Zeichnung &#8220;Krokusbl\u00fcten-Azurjungfer&#8221;, signiert. Mit Echtheitszertifikat. Farbstift auf Papier, 13,5 x 19 cm, inkl. Doppel-Passepartout 30 x 40 cm Libellen sind gef\u00e4hrliche J\u00e4ger mit halsbrecherischen Flugman\u00f6vern. Von den Azurjungfern gibt es verschiedene Arten &#8211; diese hier allerdings nur in meiner Welt. F\u00fcr diese Passepartoutgr\u00f6\u00dfe sind Bilderrahmen im Standardma\u00df 30 x 40 \u00fcberall im Handel erh\u00e4ltlich.<\/p>","protected":false},"featured_media":1832,"template":"","meta":{"zakra_page_container_layout":"customizer","zakra_page_sidebar_layout":"customizer","zakra_remove_content_margin":false,"zakra_sidebar":"customizer","zakra_transparent_header":"customizer","zakra_logo":0,"zakra_main_header_style":"default","zakra_menu_item_color":"","zakra_menu_item_hover_color":"","zakra_menu_item_active_color":"","zakra_menu_active_style":"","zakra_page_header":true},"product_brand":[],"product_cat":[],"product_tag":[300,422,423,421,276],"class_list":{"0":"post-5070","1":"product","2":"type-product","3":"status-publish","4":"has-post-thumbnail","6":"product_tag-farbstift","7":"product_tag-krokus","8":"product_tag-krokusblueten-azurjungfer","9":"product_tag-libelle","10":"product_tag-original","11":"product_shipping_class-kostenlos","13":"first","14":"instock","15":"sold-individually","16":"shipping-taxable","17":"purchasable","18":"product-type-simple"},"yoast_head":"<!-- This site is optimized with the Yoast SEO plugin v27.4 - https:\/\/yoast.com\/product\/yoast-seo-wordpress\/ -->\n<title>Krokusbl\u00fcten-Azurjungfer - Sigrid Nepelius<\/title>\n<meta name=\"description\" content=\"Original-Farbstift-Zeichnung &quot;Krokusbl\u00fcten-Azurjungfer&quot; der \u00f6sterreichischen K\u00fcnstlerin Sigrid Nepelius, signiert. Libellen sind gef\u00e4hrliche J\u00e4ger mit halsbrecherischen Flugman\u00f6vern. Von den Azurjungfern gibt es verschiedene Arten - diese hier allerdings nur in meiner Welt.\" \/>\n<meta name=\"robots\" content=\"index, follow, max-snippet:-1, max-image-preview:large, max-video-preview:-1\" \/>\n<link rel=\"canonical\" href=\"https:\/\/www.nepelius.com\/en\/shop\/krokusblueten-azurjungfer-original\/\" \/>\n<meta property=\"og:locale\" content=\"en_GB\" \/>\n<meta property=\"og:type\" content=\"article\" \/>\n<meta property=\"og:title\" content=\"Krokusbl\u00fcten-Azurjungfer - Sigrid Nepelius\" \/>\n<meta property=\"og:description\" content=\"Original-Farbstift-Zeichnung &quot;Krokusbl\u00fcten-Azurjungfer&quot; der \u00f6sterreichischen K\u00fcnstlerin Sigrid Nepelius, signiert. Libellen sind gef\u00e4hrliche J\u00e4ger mit halsbrecherischen Flugman\u00f6vern. Von den Azurjungfern gibt es verschiedene Arten - diese hier allerdings nur in meiner Welt.\" \/>\n<meta property=\"og:url\" content=\"https:\/\/www.nepelius.com\/en\/shop\/krokusblueten-azurjungfer-original\/\" \/>\n<meta property=\"og:site_name\" content=\"Sigrid Nepelius\" \/>\n<meta property=\"article:publisher\" content=\"https:\/\/www.facebook.com\/sigrid.nepelius.art\" \/>\n<meta property=\"article:modified_time\" content=\"2026-04-18T16:24:04+00:00\" \/>\n<meta property=\"og:image\" content=\"https:\/\/www.nepelius.com\/wp-content\/uploads\/Krokusblu\u0308ten-Azurjungfer.jpeg\" \/>\n\t<meta property=\"og:image:width\" content=\"800\" \/>\n\t<meta property=\"og:image:height\" content=\"566\" \/>\n\t<meta property=\"og:image:type\" content=\"image\/jpeg\" \/>\n<meta name=\"twitter:card\" content=\"summary_large_image\" \/>\n<meta name=\"twitter:label1\" content=\"Estimated reading time\" \/>\n\t<meta name=\"twitter:data1\" content=\"1 minute\" \/>\n<script type=\"application\/ld+json\" class=\"yoast-schema-graph\">{\"@context\":\"https:\\\/\\\/schema.org\",\"@graph\":[{\"@type\":\"WebPage\",\"@id\":\"https:\\\/\\\/www.nepelius.com\\\/shop\\\/krokusblueten-azurjungfer-original\\\/\",\"url\":\"https:\\\/\\\/www.nepelius.com\\\/shop\\\/krokusblueten-azurjungfer-original\\\/\",\"name\":\"Krokusbl\u00fcten-Azurjungfer - Sigrid Nepelius\",\"isPartOf\":{\"@id\":\"https:\\\/\\\/www.nepelius.com\\\/#website\"},\"primaryImageOfPage\":{\"@id\":\"https:\\\/\\\/www.nepelius.com\\\/shop\\\/krokusblueten-azurjungfer-original\\\/#primaryimage\"},\"image\":{\"@id\":\"https:\\\/\\\/www.nepelius.com\\\/shop\\\/krokusblueten-azurjungfer-original\\\/#primaryimage\"},\"thumbnailUrl\":\"https:\\\/\\\/www.nepelius.com\\\/wp-content\\\/uploads\\\/Krokusblu\u0308ten-Azurjungfer.jpeg\",\"datePublished\":\"2024-10-18T16:05:35+00:00\",\"dateModified\":\"2026-04-18T16:24:04+00:00\",\"description\":\"Original-Farbstift-Zeichnung \\\"Krokusbl\u00fcten-Azurjungfer\\\" der \u00f6sterreichischen K\u00fcnstlerin Sigrid Nepelius, signiert. Libellen sind gef\u00e4hrliche J\u00e4ger mit halsbrecherischen Flugman\u00f6vern. Von den Azurjungfern gibt es verschiedene Arten - diese hier allerdings nur in meiner Welt.\",\"breadcrumb\":{\"@id\":\"https:\\\/\\\/www.nepelius.com\\\/shop\\\/krokusblueten-azurjungfer-original\\\/#breadcrumb\"},\"inLanguage\":\"en-GB\",\"potentialAction\":[{\"@type\":\"ReadAction\",\"target\":[\"https:\\\/\\\/www.nepelius.com\\\/shop\\\/krokusblueten-azurjungfer-original\\\/\"]}]},{\"@type\":\"ImageObject\",\"inLanguage\":\"en-GB\",\"@id\":\"https:\\\/\\\/www.nepelius.com\\\/shop\\\/krokusblueten-azurjungfer-original\\\/#primaryimage\",\"url\":\"https:\\\/\\\/www.nepelius.com\\\/wp-content\\\/uploads\\\/Krokusblu\u0308ten-Azurjungfer.jpeg\",\"contentUrl\":\"https:\\\/\\\/www.nepelius.com\\\/wp-content\\\/uploads\\\/Krokusblu\u0308ten-Azurjungfer.jpeg\",\"width\":800,\"height\":566,\"caption\":\"\\\"Krokusbl\u00fcten-Azurjungfer\\\", Farbstift, Pastell\"},{\"@type\":\"BreadcrumbList\",\"@id\":\"https:\\\/\\\/www.nepelius.com\\\/shop\\\/krokusblueten-azurjungfer-original\\\/#breadcrumb\",\"itemListElement\":[{\"@type\":\"ListItem\",\"position\":1,\"name\":\"Startseite\",\"item\":\"https:\\\/\\\/www.nepelius.com\\\/\"},{\"@type\":\"ListItem\",\"position\":2,\"name\":\"Shop\",\"item\":\"https:\\\/\\\/www.nepelius.com\\\/webshop\\\/\"},{\"@type\":\"ListItem\",\"position\":3,\"name\":\"Krokusbl\u00fcten-Azurjungfer\"}]},{\"@type\":\"WebSite\",\"@id\":\"https:\\\/\\\/www.nepelius.com\\\/#website\",\"url\":\"https:\\\/\\\/www.nepelius.com\\\/\",\"name\":\"Sigrid Nepelius\",\"description\":\"Fine Art\",\"publisher\":{\"@id\":\"https:\\\/\\\/www.nepelius.com\\\/#\\\/schema\\\/person\\\/fb48383c87e305a8d2bbad4aef3524eb\"},\"potentialAction\":[{\"@type\":\"SearchAction\",\"target\":{\"@type\":\"EntryPoint\",\"urlTemplate\":\"https:\\\/\\\/www.nepelius.com\\\/?s={search_term_string}\"},\"query-input\":{\"@type\":\"PropertyValueSpecification\",\"valueRequired\":true,\"valueName\":\"search_term_string\"}}],\"inLanguage\":\"en-GB\"},{\"@type\":[\"Person\",\"Organization\"],\"@id\":\"https:\\\/\\\/www.nepelius.com\\\/#\\\/schema\\\/person\\\/fb48383c87e305a8d2bbad4aef3524eb\",\"name\":\"Sigrid\",\"image\":{\"@type\":\"ImageObject\",\"inLanguage\":\"en-GB\",\"@id\":\"https:\\\/\\\/www.nepelius.com\\\/wp-content\\\/uploads\\\/cropped-header_neu-1.jpg\",\"url\":\"https:\\\/\\\/www.nepelius.com\\\/wp-content\\\/uploads\\\/cropped-header_neu-1.jpg\",\"contentUrl\":\"https:\\\/\\\/www.nepelius.com\\\/wp-content\\\/uploads\\\/cropped-header_neu-1.jpg\",\"width\":1500,\"height\":224,\"caption\":\"Sigrid\"},\"logo\":{\"@id\":\"https:\\\/\\\/www.nepelius.com\\\/wp-content\\\/uploads\\\/cropped-header_neu-1.jpg\"},\"sameAs\":[\"https:\\\/\\\/www.facebook.com\\\/sigrid.nepelius.art\",\"https:\\\/\\\/www.instagram.com\\\/sigridnepeliusart\\\/\",\"https:\\\/\\\/www.pinterest.at\\\/sigridnepelius\\\/\"]}]}<\/script>\n<!-- \/ Yoast SEO plugin. -->","yoast_head_json":{"title":"Krokusbl\u00fcten-Azurjungfer - Sigrid Nepelius","description":"Original-Farbstift-Zeichnung \"Krokusbl\u00fcten-Azurjungfer\" der \u00f6sterreichischen K\u00fcnstlerin Sigrid Nepelius, signiert. Libellen sind gef\u00e4hrliche J\u00e4ger mit halsbrecherischen Flugman\u00f6vern. Von den Azurjungfern gibt es verschiedene Arten - diese hier allerdings nur in meiner Welt.","robots":{"index":"index","follow":"follow","max-snippet":"max-snippet:-1","max-image-preview":"max-image-preview:large","max-video-preview":"max-video-preview:-1"},"canonical":"https:\/\/www.nepelius.com\/en\/shop\/krokusblueten-azurjungfer-original\/","og_locale":"en_GB","og_type":"article","og_title":"Krokusbl\u00fcten-Azurjungfer - Sigrid Nepelius","og_description":"Original-Farbstift-Zeichnung \"Krokusbl\u00fcten-Azurjungfer\" der \u00f6sterreichischen K\u00fcnstlerin Sigrid Nepelius, signiert. Libellen sind gef\u00e4hrliche J\u00e4ger mit halsbrecherischen Flugman\u00f6vern. Von den Azurjungfern gibt es verschiedene Arten - diese hier allerdings nur in meiner Welt.","og_url":"https:\/\/www.nepelius.com\/en\/shop\/krokusblueten-azurjungfer-original\/","og_site_name":"Sigrid Nepelius","article_publisher":"https:\/\/www.facebook.com\/sigrid.nepelius.art","article_modified_time":"2026-04-18T16:24:04+00:00","og_image":[{"width":800,"height":566,"url":"https:\/\/www.nepelius.com\/wp-content\/uploads\/Krokusblu\u0308ten-Azurjungfer.jpeg","type":"image\/jpeg"}],"twitter_card":"summary_large_image","twitter_misc":{"Estimated reading time":"1 minute"},"schema":{"@context":"https:\/\/schema.org","@graph":[{"@type":"WebPage","@id":"https:\/\/www.nepelius.com\/shop\/krokusblueten-azurjungfer-original\/","url":"https:\/\/www.nepelius.com\/shop\/krokusblueten-azurjungfer-original\/","name":"Krokusbl\u00fcten-Azurjungfer - Sigrid Nepelius","isPartOf":{"@id":"https:\/\/www.nepelius.com\/#website"},"primaryImageOfPage":{"@id":"https:\/\/www.nepelius.com\/shop\/krokusblueten-azurjungfer-original\/#primaryimage"},"image":{"@id":"https:\/\/www.nepelius.com\/shop\/krokusblueten-azurjungfer-original\/#primaryimage"},"thumbnailUrl":"https:\/\/www.nepelius.com\/wp-content\/uploads\/Krokusblu\u0308ten-Azurjungfer.jpeg","datePublished":"2024-10-18T16:05:35+00:00","dateModified":"2026-04-18T16:24:04+00:00","description":"Original-Farbstift-Zeichnung \"Krokusbl\u00fcten-Azurjungfer\" der \u00f6sterreichischen K\u00fcnstlerin Sigrid Nepelius, signiert. Libellen sind gef\u00e4hrliche J\u00e4ger mit halsbrecherischen Flugman\u00f6vern. Von den Azurjungfern gibt es verschiedene Arten - diese hier allerdings nur in meiner Welt.","breadcrumb":{"@id":"https:\/\/www.nepelius.com\/shop\/krokusblueten-azurjungfer-original\/#breadcrumb"},"inLanguage":"en-GB","potentialAction":[{"@type":"ReadAction","target":["https:\/\/www.nepelius.com\/shop\/krokusblueten-azurjungfer-original\/"]}]},{"@type":"ImageObject","inLanguage":"en-GB","@id":"https:\/\/www.nepelius.com\/shop\/krokusblueten-azurjungfer-original\/#primaryimage","url":"https:\/\/www.nepelius.com\/wp-content\/uploads\/Krokusblu\u0308ten-Azurjungfer.jpeg","contentUrl":"https:\/\/www.nepelius.com\/wp-content\/uploads\/Krokusblu\u0308ten-Azurjungfer.jpeg","width":800,"height":566,"caption":"\"Krokusbl\u00fcten-Azurjungfer\", Farbstift, Pastell"},{"@type":"BreadcrumbList","@id":"https:\/\/www.nepelius.com\/shop\/krokusblueten-azurjungfer-original\/#breadcrumb","itemListElement":[{"@type":"ListItem","position":1,"name":"Startseite","item":"https:\/\/www.nepelius.com\/"},{"@type":"ListItem","position":2,"name":"Shop","item":"https:\/\/www.nepelius.com\/webshop\/"},{"@type":"ListItem","position":3,"name":"Krokusbl\u00fcten-Azurjungfer"}]},{"@type":"WebSite","@id":"https:\/\/www.nepelius.com\/#website","url":"https:\/\/www.nepelius.com\/","name":"Sigrid Nepelius","description":"Fine Art","publisher":{"@id":"https:\/\/www.nepelius.com\/#\/schema\/person\/fb48383c87e305a8d2bbad4aef3524eb"},"potentialAction":[{"@type":"SearchAction","target":{"@type":"EntryPoint","urlTemplate":"https:\/\/www.nepelius.com\/?s={search_term_string}"},"query-input":{"@type":"PropertyValueSpecification","valueRequired":true,"valueName":"search_term_string"}}],"inLanguage":"en-GB"},{"@type":["Person","Organization"],"@id":"https:\/\/www.nepelius.com\/#\/schema\/person\/fb48383c87e305a8d2bbad4aef3524eb","name":"Sigrid","image":{"@type":"ImageObject","inLanguage":"en-GB","@id":"https:\/\/www.nepelius.com\/wp-content\/uploads\/cropped-header_neu-1.jpg","url":"https:\/\/www.nepelius.com\/wp-content\/uploads\/cropped-header_neu-1.jpg","contentUrl":"https:\/\/www.nepelius.com\/wp-content\/uploads\/cropped-header_neu-1.jpg","width":1500,"height":224,"caption":"Sigrid"},"logo":{"@id":"https:\/\/www.nepelius.com\/wp-content\/uploads\/cropped-header_neu-1.jpg"},"sameAs":["https:\/\/www.facebook.com\/sigrid.nepelius.art","https:\/\/www.instagram.com\/sigridnepeliusart\/","https:\/\/www.pinterest.at\/sigridnepelius\/"]}]}},"_links":{"self":[{"href":"https:\/\/www.nepelius.com\/en\/wp-json\/wp\/v2\/product\/5070","targetHints":{"allow":["GET"]}}],"collection":[{"href":"https:\/\/www.nepelius.com\/en\/wp-json\/wp\/v2\/product"}],"about":[{"href":"https:\/\/www.nepelius.com\/en\/wp-json\/wp\/v2\/types\/product"}],"wp:featuredmedia":[{"embeddable":true,"href":"https:\/\/www.nepelius.com\/en\/wp-json\/wp\/v2\/media\/1832"}],"wp:attachment":[{"href":"https:\/\/www.nepelius.com\/en\/wp-json\/wp\/v2\/media?parent=5070"}],"wp:term":[{"taxonomy":"product_brand","embeddable":true,"href":"https:\/\/www.nepelius.com\/en\/wp-json\/wp\/v2\/product_brand?post=5070"},{"taxonomy":"product_cat","embeddable":true,"href":"https:\/\/www.nepelius.com\/en\/wp-json\/wp\/v2\/product_cat?post=5070"},{"taxonomy":"product_tag","embeddable":true,"href":"https:\/\/www.nepelius.com\/en\/wp-json\/wp\/v2\/product_tag?post=5070"}],"curies":[{"name":"wp","href":"https:\/\/api.w.org\/{rel}","templated":true}]}}