{"id":5104,"date":"2024-10-28T09:45:23","date_gmt":"2024-10-28T08:45:23","guid":{"rendered":"https:\/\/www.nepelius.com\/?post_type=product&#038;p=5104"},"modified":"2025-10-19T23:20:34","modified_gmt":"2025-10-19T21:20:34","slug":"februarkoenigin-original","status":"publish","type":"product","link":"https:\/\/www.nepelius.com\/en\/shop\/februarkoenigin-original\/","title":{"rendered":"February Queen"},"content":{"rendered":"<p>Original Bleistift-Zeichnung &#8220;Februark\u00f6nigin&#8221;, aus der Serie &#8220;Majest\u00e4tische Monatsv\u00f6gel&#8221;.<br \/>\nSigned, with certificate of authenticity.<\/p>\n<p class=\"cvGsUA direction-ltr align-start para-style-body\"><span class=\"OYPEnA font-feature-liga-off font-feature-clig-off font-feature-calt-off text-decoration-none text-strikethrough-none\">Pencils on paper, A4, <\/span><span class=\"OYPEnA font-feature-liga-off font-feature-clig-off font-feature-calt-off text-decoration-none text-strikethrough-none\">incl. mat 30 x 40 cm<br \/>\nPicture frames in the standard 30 x 40 size are available everywhere for this mat size.<br \/>\n<\/span><\/p>\n<p><span class=\"OYPEnA font-feature-liga-off font-feature-clig-off font-feature-calt-off text-decoration-none text-strikethrough-none\">Her majesty Queen Robin clearly shows that winter is coming to an end. She proudly wears a magnificent daffodil crown on her head. And royal duties are calling again. A little bumblebee buzzes and asks for permission to land in the cup of the daffodil ... er crown. Even a queen can't resist so much loveliness - permission granted.<br \/>\n<\/span><\/p>","protected":false},"excerpt":{"rendered":"<p>Original Bleistift-Zeichnung &#8220;Februark\u00f6nigin&#8221;, aus der Serie &#8220;Majest\u00e4tische Monatsv\u00f6gel&#8221;. Signiert, mit Echtheitszertifikat. Bleistift auf Papier, A4, inkl. Passepartout 30 x 40 cm F\u00fcr diese Passepartoutgr\u00f6\u00dfe sind Bilderrahmen im Standardma\u00df 30 x 40 \u00fcberall im Handel erh\u00e4ltlich. Ihre Majest\u00e4t K\u00f6nigin Rotkehlchen zeigt ganz eindeutig, dass sich der Winter dem Ende zuneigt. Mit stolz geschwellter Brust tr\u00e4gt sie [&hellip;]<\/p>\n","protected":false},"featured_media":5106,"template":"","meta":{"zakra_page_container_layout":"customizer","zakra_page_sidebar_layout":"customizer","zakra_remove_content_margin":false,"zakra_sidebar":"customizer","zakra_transparent_header":"customizer","zakra_logo":0,"zakra_main_header_style":"default","zakra_menu_item_color":"","zakra_menu_item_hover_color":"","zakra_menu_item_active_color":"","zakra_menu_active_style":"","zakra_page_header":true},"product_brand":[],"product_cat":[],"product_tag":[424,429,425,276,299],"class_list":{"0":"post-5104","1":"product","2":"type-product","3":"status-publish","4":"has-post-thumbnail","6":"product_tag-bleistift","7":"product_tag-februarkoenigin","8":"product_tag-majestaetische-monatsvoegel","9":"product_tag-original","10":"product_tag-zeichnung","11":"product_shipping_class-kostenlos","13":"first","14":"outofstock","15":"sold-individually","16":"shipping-taxable","17":"purchasable","18":"product-type-simple"},"yoast_head":"<!-- This site is optimized with the Yoast SEO plugin v27.4 - https:\/\/yoast.com\/product\/yoast-seo-wordpress\/ -->\n<title>Februark\u00f6nigin - Sigrid Nepelius<\/title>\n<meta name=\"description\" content=\"Original-Bleistift-Zeichnung &quot;Februark\u00f6nigin&quot; der \u00f6sterreichischen K\u00fcnstlerin Sigrid Nepelius, signiert. Ihre Majest\u00e4t K\u00f6nigin Rotkehlchen zeigt ganz eindeutig, dass sich der Winter dem Ende zuneigt. Mit stolz geschwellter Brust tr\u00e4gt sie eine pr\u00e4chtige Narzissenkrone auf ihrem Kopf. Und schon rufen wieder k\u00f6nigliche Pflichten. Eine kleine Hummel bittet summend um Landeerlaubnis im Kelch der Narzisse ... \u00e4h Krone. So viel Liebreiz kann selbst eine K\u00f6nigin nicht widerstehen \u2013 Erlaubnis erteilt.\" \/>\n<meta name=\"robots\" content=\"index, follow, max-snippet:-1, max-image-preview:large, max-video-preview:-1\" \/>\n<link rel=\"canonical\" href=\"https:\/\/www.nepelius.com\/en\/shop\/februarkoenigin-original\/\" \/>\n<meta property=\"og:locale\" content=\"en_GB\" \/>\n<meta property=\"og:type\" content=\"article\" \/>\n<meta property=\"og:title\" content=\"Februark\u00f6nigin - Sigrid Nepelius\" \/>\n<meta property=\"og:description\" content=\"Original-Bleistift-Zeichnung &quot;Februark\u00f6nigin&quot; der \u00f6sterreichischen K\u00fcnstlerin Sigrid Nepelius, signiert. Ihre Majest\u00e4t K\u00f6nigin Rotkehlchen zeigt ganz eindeutig, dass sich der Winter dem Ende zuneigt. Mit stolz geschwellter Brust tr\u00e4gt sie eine pr\u00e4chtige Narzissenkrone auf ihrem Kopf. Und schon rufen wieder k\u00f6nigliche Pflichten. Eine kleine Hummel bittet summend um Landeerlaubnis im Kelch der Narzisse ... \u00e4h Krone. So viel Liebreiz kann selbst eine K\u00f6nigin nicht widerstehen \u2013 Erlaubnis erteilt.\" \/>\n<meta property=\"og:url\" content=\"https:\/\/www.nepelius.com\/en\/shop\/februarkoenigin-original\/\" \/>\n<meta property=\"og:site_name\" content=\"Sigrid Nepelius\" \/>\n<meta property=\"article:publisher\" content=\"https:\/\/www.facebook.com\/sigrid.nepelius.art\" \/>\n<meta property=\"article:modified_time\" content=\"2025-10-19T21:20:34+00:00\" \/>\n<meta property=\"og:image\" content=\"https:\/\/www.nepelius.com\/wp-content\/uploads\/Februarkoenigin-1000.jpg\" \/>\n\t<meta property=\"og:image:width\" content=\"1000\" \/>\n\t<meta property=\"og:image:height\" content=\"726\" \/>\n\t<meta property=\"og:image:type\" content=\"image\/jpeg\" \/>\n<meta name=\"twitter:card\" content=\"summary_large_image\" \/>\n<meta name=\"twitter:label1\" content=\"Estimated reading time\" \/>\n\t<meta name=\"twitter:data1\" content=\"1 minute\" \/>\n<script type=\"application\/ld+json\" class=\"yoast-schema-graph\">{\"@context\":\"https:\\\/\\\/schema.org\",\"@graph\":[{\"@type\":\"WebPage\",\"@id\":\"https:\\\/\\\/www.nepelius.com\\\/shop\\\/februarkoenigin-original\\\/\",\"url\":\"https:\\\/\\\/www.nepelius.com\\\/shop\\\/februarkoenigin-original\\\/\",\"name\":\"Februark\u00f6nigin - Sigrid Nepelius\",\"isPartOf\":{\"@id\":\"https:\\\/\\\/www.nepelius.com\\\/#website\"},\"primaryImageOfPage\":{\"@id\":\"https:\\\/\\\/www.nepelius.com\\\/shop\\\/februarkoenigin-original\\\/#primaryimage\"},\"image\":{\"@id\":\"https:\\\/\\\/www.nepelius.com\\\/shop\\\/februarkoenigin-original\\\/#primaryimage\"},\"thumbnailUrl\":\"https:\\\/\\\/www.nepelius.com\\\/wp-content\\\/uploads\\\/Februarkoenigin-1000.jpg\",\"datePublished\":\"2024-10-28T08:45:23+00:00\",\"dateModified\":\"2025-10-19T21:20:34+00:00\",\"description\":\"Original-Bleistift-Zeichnung \\\"Februark\u00f6nigin\\\" der \u00f6sterreichischen K\u00fcnstlerin Sigrid Nepelius, signiert. Ihre Majest\u00e4t K\u00f6nigin Rotkehlchen zeigt ganz eindeutig, dass sich der Winter dem Ende zuneigt. Mit stolz geschwellter Brust tr\u00e4gt sie eine pr\u00e4chtige Narzissenkrone auf ihrem Kopf. Und schon rufen wieder k\u00f6nigliche Pflichten. Eine kleine Hummel bittet summend um Landeerlaubnis im Kelch der Narzisse ... \u00e4h Krone. So viel Liebreiz kann selbst eine K\u00f6nigin nicht widerstehen \u2013 Erlaubnis erteilt.\",\"breadcrumb\":{\"@id\":\"https:\\\/\\\/www.nepelius.com\\\/shop\\\/februarkoenigin-original\\\/#breadcrumb\"},\"inLanguage\":\"en-GB\",\"potentialAction\":[{\"@type\":\"ReadAction\",\"target\":[\"https:\\\/\\\/www.nepelius.com\\\/shop\\\/februarkoenigin-original\\\/\"]}]},{\"@type\":\"ImageObject\",\"inLanguage\":\"en-GB\",\"@id\":\"https:\\\/\\\/www.nepelius.com\\\/shop\\\/februarkoenigin-original\\\/#primaryimage\",\"url\":\"https:\\\/\\\/www.nepelius.com\\\/wp-content\\\/uploads\\\/Februarkoenigin-1000.jpg\",\"contentUrl\":\"https:\\\/\\\/www.nepelius.com\\\/wp-content\\\/uploads\\\/Februarkoenigin-1000.jpg\",\"width\":1000,\"height\":726},{\"@type\":\"BreadcrumbList\",\"@id\":\"https:\\\/\\\/www.nepelius.com\\\/shop\\\/februarkoenigin-original\\\/#breadcrumb\",\"itemListElement\":[{\"@type\":\"ListItem\",\"position\":1,\"name\":\"Startseite\",\"item\":\"https:\\\/\\\/www.nepelius.com\\\/\"},{\"@type\":\"ListItem\",\"position\":2,\"name\":\"Shop\",\"item\":\"https:\\\/\\\/www.nepelius.com\\\/webshop\\\/\"},{\"@type\":\"ListItem\",\"position\":3,\"name\":\"Februark\u00f6nigin\"}]},{\"@type\":\"WebSite\",\"@id\":\"https:\\\/\\\/www.nepelius.com\\\/#website\",\"url\":\"https:\\\/\\\/www.nepelius.com\\\/\",\"name\":\"Sigrid Nepelius\",\"description\":\"Fine Art\",\"publisher\":{\"@id\":\"https:\\\/\\\/www.nepelius.com\\\/#\\\/schema\\\/person\\\/fb48383c87e305a8d2bbad4aef3524eb\"},\"potentialAction\":[{\"@type\":\"SearchAction\",\"target\":{\"@type\":\"EntryPoint\",\"urlTemplate\":\"https:\\\/\\\/www.nepelius.com\\\/?s={search_term_string}\"},\"query-input\":{\"@type\":\"PropertyValueSpecification\",\"valueRequired\":true,\"valueName\":\"search_term_string\"}}],\"inLanguage\":\"en-GB\"},{\"@type\":[\"Person\",\"Organization\"],\"@id\":\"https:\\\/\\\/www.nepelius.com\\\/#\\\/schema\\\/person\\\/fb48383c87e305a8d2bbad4aef3524eb\",\"name\":\"Sigrid\",\"image\":{\"@type\":\"ImageObject\",\"inLanguage\":\"en-GB\",\"@id\":\"https:\\\/\\\/www.nepelius.com\\\/wp-content\\\/uploads\\\/cropped-header_neu-1.jpg\",\"url\":\"https:\\\/\\\/www.nepelius.com\\\/wp-content\\\/uploads\\\/cropped-header_neu-1.jpg\",\"contentUrl\":\"https:\\\/\\\/www.nepelius.com\\\/wp-content\\\/uploads\\\/cropped-header_neu-1.jpg\",\"width\":1500,\"height\":224,\"caption\":\"Sigrid\"},\"logo\":{\"@id\":\"https:\\\/\\\/www.nepelius.com\\\/wp-content\\\/uploads\\\/cropped-header_neu-1.jpg\"},\"sameAs\":[\"https:\\\/\\\/www.facebook.com\\\/sigrid.nepelius.art\",\"https:\\\/\\\/www.instagram.com\\\/sigridnepeliusart\\\/\",\"https:\\\/\\\/www.pinterest.at\\\/sigridnepelius\\\/\"]}]}<\/script>\n<!-- \/ Yoast SEO plugin. -->","yoast_head_json":{"title":"Februark\u00f6nigin - Sigrid Nepelius","description":"Original-Bleistift-Zeichnung \"Februark\u00f6nigin\" der \u00f6sterreichischen K\u00fcnstlerin Sigrid Nepelius, signiert. Ihre Majest\u00e4t K\u00f6nigin Rotkehlchen zeigt ganz eindeutig, dass sich der Winter dem Ende zuneigt. Mit stolz geschwellter Brust tr\u00e4gt sie eine pr\u00e4chtige Narzissenkrone auf ihrem Kopf. Und schon rufen wieder k\u00f6nigliche Pflichten. Eine kleine Hummel bittet summend um Landeerlaubnis im Kelch der Narzisse ... \u00e4h Krone. So viel Liebreiz kann selbst eine K\u00f6nigin nicht widerstehen \u2013 Erlaubnis erteilt.","robots":{"index":"index","follow":"follow","max-snippet":"max-snippet:-1","max-image-preview":"max-image-preview:large","max-video-preview":"max-video-preview:-1"},"canonical":"https:\/\/www.nepelius.com\/en\/shop\/februarkoenigin-original\/","og_locale":"en_GB","og_type":"article","og_title":"Februark\u00f6nigin - Sigrid Nepelius","og_description":"Original-Bleistift-Zeichnung \"Februark\u00f6nigin\" der \u00f6sterreichischen K\u00fcnstlerin Sigrid Nepelius, signiert. Ihre Majest\u00e4t K\u00f6nigin Rotkehlchen zeigt ganz eindeutig, dass sich der Winter dem Ende zuneigt. Mit stolz geschwellter Brust tr\u00e4gt sie eine pr\u00e4chtige Narzissenkrone auf ihrem Kopf. Und schon rufen wieder k\u00f6nigliche Pflichten. Eine kleine Hummel bittet summend um Landeerlaubnis im Kelch der Narzisse ... \u00e4h Krone. So viel Liebreiz kann selbst eine K\u00f6nigin nicht widerstehen \u2013 Erlaubnis erteilt.","og_url":"https:\/\/www.nepelius.com\/en\/shop\/februarkoenigin-original\/","og_site_name":"Sigrid Nepelius","article_publisher":"https:\/\/www.facebook.com\/sigrid.nepelius.art","article_modified_time":"2025-10-19T21:20:34+00:00","og_image":[{"width":1000,"height":726,"url":"https:\/\/www.nepelius.com\/wp-content\/uploads\/Februarkoenigin-1000.jpg","type":"image\/jpeg"}],"twitter_card":"summary_large_image","twitter_misc":{"Estimated reading time":"1 minute"},"schema":{"@context":"https:\/\/schema.org","@graph":[{"@type":"WebPage","@id":"https:\/\/www.nepelius.com\/shop\/februarkoenigin-original\/","url":"https:\/\/www.nepelius.com\/shop\/februarkoenigin-original\/","name":"Februark\u00f6nigin - Sigrid Nepelius","isPartOf":{"@id":"https:\/\/www.nepelius.com\/#website"},"primaryImageOfPage":{"@id":"https:\/\/www.nepelius.com\/shop\/februarkoenigin-original\/#primaryimage"},"image":{"@id":"https:\/\/www.nepelius.com\/shop\/februarkoenigin-original\/#primaryimage"},"thumbnailUrl":"https:\/\/www.nepelius.com\/wp-content\/uploads\/Februarkoenigin-1000.jpg","datePublished":"2024-10-28T08:45:23+00:00","dateModified":"2025-10-19T21:20:34+00:00","description":"Original-Bleistift-Zeichnung \"Februark\u00f6nigin\" der \u00f6sterreichischen K\u00fcnstlerin Sigrid Nepelius, signiert. Ihre Majest\u00e4t K\u00f6nigin Rotkehlchen zeigt ganz eindeutig, dass sich der Winter dem Ende zuneigt. Mit stolz geschwellter Brust tr\u00e4gt sie eine pr\u00e4chtige Narzissenkrone auf ihrem Kopf. Und schon rufen wieder k\u00f6nigliche Pflichten. Eine kleine Hummel bittet summend um Landeerlaubnis im Kelch der Narzisse ... \u00e4h Krone. So viel Liebreiz kann selbst eine K\u00f6nigin nicht widerstehen \u2013 Erlaubnis erteilt.","breadcrumb":{"@id":"https:\/\/www.nepelius.com\/shop\/februarkoenigin-original\/#breadcrumb"},"inLanguage":"en-GB","potentialAction":[{"@type":"ReadAction","target":["https:\/\/www.nepelius.com\/shop\/februarkoenigin-original\/"]}]},{"@type":"ImageObject","inLanguage":"en-GB","@id":"https:\/\/www.nepelius.com\/shop\/februarkoenigin-original\/#primaryimage","url":"https:\/\/www.nepelius.com\/wp-content\/uploads\/Februarkoenigin-1000.jpg","contentUrl":"https:\/\/www.nepelius.com\/wp-content\/uploads\/Februarkoenigin-1000.jpg","width":1000,"height":726},{"@type":"BreadcrumbList","@id":"https:\/\/www.nepelius.com\/shop\/februarkoenigin-original\/#breadcrumb","itemListElement":[{"@type":"ListItem","position":1,"name":"Startseite","item":"https:\/\/www.nepelius.com\/"},{"@type":"ListItem","position":2,"name":"Shop","item":"https:\/\/www.nepelius.com\/webshop\/"},{"@type":"ListItem","position":3,"name":"Februark\u00f6nigin"}]},{"@type":"WebSite","@id":"https:\/\/www.nepelius.com\/#website","url":"https:\/\/www.nepelius.com\/","name":"Sigrid Nepelius","description":"Fine Art","publisher":{"@id":"https:\/\/www.nepelius.com\/#\/schema\/person\/fb48383c87e305a8d2bbad4aef3524eb"},"potentialAction":[{"@type":"SearchAction","target":{"@type":"EntryPoint","urlTemplate":"https:\/\/www.nepelius.com\/?s={search_term_string}"},"query-input":{"@type":"PropertyValueSpecification","valueRequired":true,"valueName":"search_term_string"}}],"inLanguage":"en-GB"},{"@type":["Person","Organization"],"@id":"https:\/\/www.nepelius.com\/#\/schema\/person\/fb48383c87e305a8d2bbad4aef3524eb","name":"Sigrid","image":{"@type":"ImageObject","inLanguage":"en-GB","@id":"https:\/\/www.nepelius.com\/wp-content\/uploads\/cropped-header_neu-1.jpg","url":"https:\/\/www.nepelius.com\/wp-content\/uploads\/cropped-header_neu-1.jpg","contentUrl":"https:\/\/www.nepelius.com\/wp-content\/uploads\/cropped-header_neu-1.jpg","width":1500,"height":224,"caption":"Sigrid"},"logo":{"@id":"https:\/\/www.nepelius.com\/wp-content\/uploads\/cropped-header_neu-1.jpg"},"sameAs":["https:\/\/www.facebook.com\/sigrid.nepelius.art","https:\/\/www.instagram.com\/sigridnepeliusart\/","https:\/\/www.pinterest.at\/sigridnepelius\/"]}]}},"_links":{"self":[{"href":"https:\/\/www.nepelius.com\/en\/wp-json\/wp\/v2\/product\/5104","targetHints":{"allow":["GET"]}}],"collection":[{"href":"https:\/\/www.nepelius.com\/en\/wp-json\/wp\/v2\/product"}],"about":[{"href":"https:\/\/www.nepelius.com\/en\/wp-json\/wp\/v2\/types\/product"}],"wp:featuredmedia":[{"embeddable":true,"href":"https:\/\/www.nepelius.com\/en\/wp-json\/wp\/v2\/media\/5106"}],"wp:attachment":[{"href":"https:\/\/www.nepelius.com\/en\/wp-json\/wp\/v2\/media?parent=5104"}],"wp:term":[{"taxonomy":"product_brand","embeddable":true,"href":"https:\/\/www.nepelius.com\/en\/wp-json\/wp\/v2\/product_brand?post=5104"},{"taxonomy":"product_cat","embeddable":true,"href":"https:\/\/www.nepelius.com\/en\/wp-json\/wp\/v2\/product_cat?post=5104"},{"taxonomy":"product_tag","embeddable":true,"href":"https:\/\/www.nepelius.com\/en\/wp-json\/wp\/v2\/product_tag?post=5104"}],"curies":[{"name":"wp","href":"https:\/\/api.w.org\/{rel}","templated":true}]}}