{"id":5138,"date":"2025-01-27T20:51:32","date_gmt":"2025-01-27T19:51:32","guid":{"rendered":"https:\/\/www.nepelius.com\/?post_type=product&#038;p=5138"},"modified":"2026-04-17T23:44:18","modified_gmt":"2026-04-17T21:44:18","slug":"maikoenig-original","status":"publish","type":"product","link":"https:\/\/www.nepelius.com\/en\/shop\/maikoenig-original\/","title":{"rendered":"May King"},"content":{"rendered":"<p>Original Bleistift-Zeichnung &#8220;Maik\u00f6nig&#8221;, aus der Serie &#8220;Majest\u00e4tische Monatsv\u00f6gel&#8221;.<br \/>\nSigned, with certificate of authenticity.<\/p>\n<p class=\"cvGsUA direction-ltr align-start para-style-body\"><span class=\"OYPEnA font-feature-liga-off font-feature-clig-off font-feature-calt-off text-decoration-none text-strikethrough-none\">Pencils on paper, A4, <\/span><span class=\"OYPEnA font-feature-liga-off font-feature-clig-off font-feature-calt-off text-decoration-none text-strikethrough-none\">incl. mat 30 x 40 cm<br \/>\nPicture frames in the standard 30 x 40 size are available everywhere for this mat size.<br \/>\n<\/span><\/p>\n<p>King Bullfinch I is known for his quiet and reserved character.<br \/>\nIt is rumored in the kingdom that this is a side effect of his vegetarian diet.<br \/>\nBut there is one thing that really does roil her majesty: snow.<br \/>\nAs soon as the first flakes fall, he packs his belongings and flees to the valley, where he even deigns to dine with the common folk at the birdhouse.<\/p>","protected":false},"excerpt":{"rendered":"<p>Original Bleistift-Zeichnung &#8220;Maik\u00f6nig&#8221;, aus der Serie &#8220;Majest\u00e4tische Monatsv\u00f6gel&#8221;. Signiert, mit Echtheitszertifikat. Bleistift auf Papier, A4, inkl. Passepartout 30 x 40 cm F\u00fcr diese Passepartoutgr\u00f6\u00dfe sind Bilderrahmen im Standardma\u00df 30 x 40 \u00fcberall im Handel erh\u00e4ltlich. K\u00f6nig Gimpel der I. ist bekannt f\u00fcr seinen ruhigen und zur\u00fcckhaltenden Charakter. Im K\u00f6nigreich wird gemunkelt, das w\u00e4re ein Nebeneffekt [&hellip;]<\/p>\n","protected":false},"featured_media":5139,"template":"","meta":{"zakra_page_container_layout":"customizer","zakra_page_sidebar_layout":"customizer","zakra_remove_content_margin":false,"zakra_sidebar":"customizer","zakra_transparent_header":"customizer","zakra_logo":0,"zakra_main_header_style":"default","zakra_menu_item_color":"","zakra_menu_item_hover_color":"","zakra_menu_item_active_color":"","zakra_menu_active_style":"","zakra_page_header":true},"product_brand":[],"product_cat":[],"product_tag":[424,432,425,276,299],"class_list":{"0":"post-5138","1":"product","2":"type-product","3":"status-publish","4":"has-post-thumbnail","6":"product_tag-bleistift","7":"product_tag-maikoenig","8":"product_tag-majestaetische-monatsvoegel","9":"product_tag-original","10":"product_tag-zeichnung","11":"product_shipping_class-kostenlos","13":"first","14":"instock","15":"sold-individually","16":"shipping-taxable","17":"purchasable","18":"product-type-simple"},"yoast_head":"<!-- This site is optimized with the Yoast SEO plugin v27.4 - https:\/\/yoast.com\/product\/yoast-seo-wordpress\/ -->\n<title>Maik\u00f6nig - Sigrid Nepelius<\/title>\n<meta name=\"description\" content=\"Original-Bleistift-Zeichnung &quot;Maik\u00f6nig&quot; der \u00f6sterreichischen K\u00fcnstlerin Sigrid Nepelius, signiert. K\u00f6nig Gimpel der I. ist bekannt f\u00fcr seinen ruhigen und zur\u00fcckhaltenden Charakter. Im K\u00f6nigreich wird gemunkelt, das w\u00e4re ein Nebeneffekt seiner vegetarischen Ern\u00e4hrung. Es gibt aber tats\u00e4chlich eine Sache, die ihre Majest\u00e4t in Aufruhr versetzt: Schnee. Sobald die ersten Flocken fallen, packt er seine sieben Sachen und fl\u00fcchtet ins Tal, wo er sich sogar dazu herabl\u00e4sst, mit dem gew\u00f6hnlichen Fu\u00dfvolk am Vogelh\u00e4uschen zu speisen.\" \/>\n<meta name=\"robots\" content=\"index, follow, max-snippet:-1, max-image-preview:large, max-video-preview:-1\" \/>\n<link rel=\"canonical\" href=\"https:\/\/www.nepelius.com\/en\/shop\/maikoenig-original\/\" \/>\n<meta property=\"og:locale\" content=\"en_GB\" \/>\n<meta property=\"og:type\" content=\"article\" \/>\n<meta property=\"og:title\" content=\"Maik\u00f6nig - Sigrid Nepelius\" \/>\n<meta property=\"og:description\" content=\"Original-Bleistift-Zeichnung &quot;Maik\u00f6nig&quot; der \u00f6sterreichischen K\u00fcnstlerin Sigrid Nepelius, signiert. K\u00f6nig Gimpel der I. ist bekannt f\u00fcr seinen ruhigen und zur\u00fcckhaltenden Charakter. Im K\u00f6nigreich wird gemunkelt, das w\u00e4re ein Nebeneffekt seiner vegetarischen Ern\u00e4hrung. Es gibt aber tats\u00e4chlich eine Sache, die ihre Majest\u00e4t in Aufruhr versetzt: Schnee. Sobald die ersten Flocken fallen, packt er seine sieben Sachen und fl\u00fcchtet ins Tal, wo er sich sogar dazu herabl\u00e4sst, mit dem gew\u00f6hnlichen Fu\u00dfvolk am Vogelh\u00e4uschen zu speisen.\" \/>\n<meta property=\"og:url\" content=\"https:\/\/www.nepelius.com\/en\/shop\/maikoenig-original\/\" \/>\n<meta property=\"og:site_name\" content=\"Sigrid Nepelius\" \/>\n<meta property=\"article:publisher\" content=\"https:\/\/www.facebook.com\/sigrid.nepelius.art\" \/>\n<meta property=\"article:modified_time\" content=\"2026-04-17T21:44:18+00:00\" \/>\n<meta property=\"og:image\" content=\"https:\/\/www.nepelius.com\/wp-content\/uploads\/Maikoenig-1200.jpg\" \/>\n\t<meta property=\"og:image:width\" content=\"1200\" \/>\n\t<meta property=\"og:image:height\" content=\"872\" \/>\n\t<meta property=\"og:image:type\" content=\"image\/jpeg\" \/>\n<meta name=\"twitter:card\" content=\"summary_large_image\" \/>\n<meta name=\"twitter:label1\" content=\"Estimated reading time\" \/>\n\t<meta name=\"twitter:data1\" content=\"1 minute\" \/>\n<script type=\"application\/ld+json\" class=\"yoast-schema-graph\">{\"@context\":\"https:\\\/\\\/schema.org\",\"@graph\":[{\"@type\":\"WebPage\",\"@id\":\"https:\\\/\\\/www.nepelius.com\\\/shop\\\/maikoenig-original\\\/\",\"url\":\"https:\\\/\\\/www.nepelius.com\\\/shop\\\/maikoenig-original\\\/\",\"name\":\"Maik\u00f6nig - Sigrid Nepelius\",\"isPartOf\":{\"@id\":\"https:\\\/\\\/www.nepelius.com\\\/#website\"},\"primaryImageOfPage\":{\"@id\":\"https:\\\/\\\/www.nepelius.com\\\/shop\\\/maikoenig-original\\\/#primaryimage\"},\"image\":{\"@id\":\"https:\\\/\\\/www.nepelius.com\\\/shop\\\/maikoenig-original\\\/#primaryimage\"},\"thumbnailUrl\":\"https:\\\/\\\/www.nepelius.com\\\/wp-content\\\/uploads\\\/Maikoenig-1200.jpg\",\"datePublished\":\"2025-01-27T19:51:32+00:00\",\"dateModified\":\"2026-04-17T21:44:18+00:00\",\"description\":\"Original-Bleistift-Zeichnung \\\"Maik\u00f6nig\\\" der \u00f6sterreichischen K\u00fcnstlerin Sigrid Nepelius, signiert. K\u00f6nig Gimpel der I. ist bekannt f\u00fcr seinen ruhigen und zur\u00fcckhaltenden Charakter. Im K\u00f6nigreich wird gemunkelt, das w\u00e4re ein Nebeneffekt seiner vegetarischen Ern\u00e4hrung. Es gibt aber tats\u00e4chlich eine Sache, die ihre Majest\u00e4t in Aufruhr versetzt: Schnee. Sobald die ersten Flocken fallen, packt er seine sieben Sachen und fl\u00fcchtet ins Tal, wo er sich sogar dazu herabl\u00e4sst, mit dem gew\u00f6hnlichen Fu\u00dfvolk am Vogelh\u00e4uschen zu speisen.\",\"breadcrumb\":{\"@id\":\"https:\\\/\\\/www.nepelius.com\\\/shop\\\/maikoenig-original\\\/#breadcrumb\"},\"inLanguage\":\"en-GB\",\"potentialAction\":[{\"@type\":\"ReadAction\",\"target\":[\"https:\\\/\\\/www.nepelius.com\\\/shop\\\/maikoenig-original\\\/\"]}]},{\"@type\":\"ImageObject\",\"inLanguage\":\"en-GB\",\"@id\":\"https:\\\/\\\/www.nepelius.com\\\/shop\\\/maikoenig-original\\\/#primaryimage\",\"url\":\"https:\\\/\\\/www.nepelius.com\\\/wp-content\\\/uploads\\\/Maikoenig-1200.jpg\",\"contentUrl\":\"https:\\\/\\\/www.nepelius.com\\\/wp-content\\\/uploads\\\/Maikoenig-1200.jpg\",\"width\":1200,\"height\":872},{\"@type\":\"BreadcrumbList\",\"@id\":\"https:\\\/\\\/www.nepelius.com\\\/shop\\\/maikoenig-original\\\/#breadcrumb\",\"itemListElement\":[{\"@type\":\"ListItem\",\"position\":1,\"name\":\"Startseite\",\"item\":\"https:\\\/\\\/www.nepelius.com\\\/\"},{\"@type\":\"ListItem\",\"position\":2,\"name\":\"Shop\",\"item\":\"https:\\\/\\\/www.nepelius.com\\\/webshop\\\/\"},{\"@type\":\"ListItem\",\"position\":3,\"name\":\"Maik\u00f6nig\"}]},{\"@type\":\"WebSite\",\"@id\":\"https:\\\/\\\/www.nepelius.com\\\/#website\",\"url\":\"https:\\\/\\\/www.nepelius.com\\\/\",\"name\":\"Sigrid Nepelius\",\"description\":\"Fine Art\",\"publisher\":{\"@id\":\"https:\\\/\\\/www.nepelius.com\\\/#\\\/schema\\\/person\\\/fb48383c87e305a8d2bbad4aef3524eb\"},\"potentialAction\":[{\"@type\":\"SearchAction\",\"target\":{\"@type\":\"EntryPoint\",\"urlTemplate\":\"https:\\\/\\\/www.nepelius.com\\\/?s={search_term_string}\"},\"query-input\":{\"@type\":\"PropertyValueSpecification\",\"valueRequired\":true,\"valueName\":\"search_term_string\"}}],\"inLanguage\":\"en-GB\"},{\"@type\":[\"Person\",\"Organization\"],\"@id\":\"https:\\\/\\\/www.nepelius.com\\\/#\\\/schema\\\/person\\\/fb48383c87e305a8d2bbad4aef3524eb\",\"name\":\"Sigrid\",\"image\":{\"@type\":\"ImageObject\",\"inLanguage\":\"en-GB\",\"@id\":\"https:\\\/\\\/www.nepelius.com\\\/wp-content\\\/uploads\\\/cropped-header_neu-1.jpg\",\"url\":\"https:\\\/\\\/www.nepelius.com\\\/wp-content\\\/uploads\\\/cropped-header_neu-1.jpg\",\"contentUrl\":\"https:\\\/\\\/www.nepelius.com\\\/wp-content\\\/uploads\\\/cropped-header_neu-1.jpg\",\"width\":1500,\"height\":224,\"caption\":\"Sigrid\"},\"logo\":{\"@id\":\"https:\\\/\\\/www.nepelius.com\\\/wp-content\\\/uploads\\\/cropped-header_neu-1.jpg\"},\"sameAs\":[\"https:\\\/\\\/www.facebook.com\\\/sigrid.nepelius.art\",\"https:\\\/\\\/www.instagram.com\\\/sigridnepeliusart\\\/\",\"https:\\\/\\\/www.pinterest.at\\\/sigridnepelius\\\/\"]}]}<\/script>\n<!-- \/ Yoast SEO plugin. -->","yoast_head_json":{"title":"Maik\u00f6nig - Sigrid Nepelius","description":"Original-Bleistift-Zeichnung \"Maik\u00f6nig\" der \u00f6sterreichischen K\u00fcnstlerin Sigrid Nepelius, signiert. K\u00f6nig Gimpel der I. ist bekannt f\u00fcr seinen ruhigen und zur\u00fcckhaltenden Charakter. Im K\u00f6nigreich wird gemunkelt, das w\u00e4re ein Nebeneffekt seiner vegetarischen Ern\u00e4hrung. Es gibt aber tats\u00e4chlich eine Sache, die ihre Majest\u00e4t in Aufruhr versetzt: Schnee. Sobald die ersten Flocken fallen, packt er seine sieben Sachen und fl\u00fcchtet ins Tal, wo er sich sogar dazu herabl\u00e4sst, mit dem gew\u00f6hnlichen Fu\u00dfvolk am Vogelh\u00e4uschen zu speisen.","robots":{"index":"index","follow":"follow","max-snippet":"max-snippet:-1","max-image-preview":"max-image-preview:large","max-video-preview":"max-video-preview:-1"},"canonical":"https:\/\/www.nepelius.com\/en\/shop\/maikoenig-original\/","og_locale":"en_GB","og_type":"article","og_title":"Maik\u00f6nig - Sigrid Nepelius","og_description":"Original-Bleistift-Zeichnung \"Maik\u00f6nig\" der \u00f6sterreichischen K\u00fcnstlerin Sigrid Nepelius, signiert. K\u00f6nig Gimpel der I. ist bekannt f\u00fcr seinen ruhigen und zur\u00fcckhaltenden Charakter. Im K\u00f6nigreich wird gemunkelt, das w\u00e4re ein Nebeneffekt seiner vegetarischen Ern\u00e4hrung. Es gibt aber tats\u00e4chlich eine Sache, die ihre Majest\u00e4t in Aufruhr versetzt: Schnee. Sobald die ersten Flocken fallen, packt er seine sieben Sachen und fl\u00fcchtet ins Tal, wo er sich sogar dazu herabl\u00e4sst, mit dem gew\u00f6hnlichen Fu\u00dfvolk am Vogelh\u00e4uschen zu speisen.","og_url":"https:\/\/www.nepelius.com\/en\/shop\/maikoenig-original\/","og_site_name":"Sigrid Nepelius","article_publisher":"https:\/\/www.facebook.com\/sigrid.nepelius.art","article_modified_time":"2026-04-17T21:44:18+00:00","og_image":[{"width":1200,"height":872,"url":"https:\/\/www.nepelius.com\/wp-content\/uploads\/Maikoenig-1200.jpg","type":"image\/jpeg"}],"twitter_card":"summary_large_image","twitter_misc":{"Estimated reading time":"1 minute"},"schema":{"@context":"https:\/\/schema.org","@graph":[{"@type":"WebPage","@id":"https:\/\/www.nepelius.com\/shop\/maikoenig-original\/","url":"https:\/\/www.nepelius.com\/shop\/maikoenig-original\/","name":"Maik\u00f6nig - Sigrid Nepelius","isPartOf":{"@id":"https:\/\/www.nepelius.com\/#website"},"primaryImageOfPage":{"@id":"https:\/\/www.nepelius.com\/shop\/maikoenig-original\/#primaryimage"},"image":{"@id":"https:\/\/www.nepelius.com\/shop\/maikoenig-original\/#primaryimage"},"thumbnailUrl":"https:\/\/www.nepelius.com\/wp-content\/uploads\/Maikoenig-1200.jpg","datePublished":"2025-01-27T19:51:32+00:00","dateModified":"2026-04-17T21:44:18+00:00","description":"Original-Bleistift-Zeichnung \"Maik\u00f6nig\" der \u00f6sterreichischen K\u00fcnstlerin Sigrid Nepelius, signiert. K\u00f6nig Gimpel der I. ist bekannt f\u00fcr seinen ruhigen und zur\u00fcckhaltenden Charakter. Im K\u00f6nigreich wird gemunkelt, das w\u00e4re ein Nebeneffekt seiner vegetarischen Ern\u00e4hrung. Es gibt aber tats\u00e4chlich eine Sache, die ihre Majest\u00e4t in Aufruhr versetzt: Schnee. Sobald die ersten Flocken fallen, packt er seine sieben Sachen und fl\u00fcchtet ins Tal, wo er sich sogar dazu herabl\u00e4sst, mit dem gew\u00f6hnlichen Fu\u00dfvolk am Vogelh\u00e4uschen zu speisen.","breadcrumb":{"@id":"https:\/\/www.nepelius.com\/shop\/maikoenig-original\/#breadcrumb"},"inLanguage":"en-GB","potentialAction":[{"@type":"ReadAction","target":["https:\/\/www.nepelius.com\/shop\/maikoenig-original\/"]}]},{"@type":"ImageObject","inLanguage":"en-GB","@id":"https:\/\/www.nepelius.com\/shop\/maikoenig-original\/#primaryimage","url":"https:\/\/www.nepelius.com\/wp-content\/uploads\/Maikoenig-1200.jpg","contentUrl":"https:\/\/www.nepelius.com\/wp-content\/uploads\/Maikoenig-1200.jpg","width":1200,"height":872},{"@type":"BreadcrumbList","@id":"https:\/\/www.nepelius.com\/shop\/maikoenig-original\/#breadcrumb","itemListElement":[{"@type":"ListItem","position":1,"name":"Startseite","item":"https:\/\/www.nepelius.com\/"},{"@type":"ListItem","position":2,"name":"Shop","item":"https:\/\/www.nepelius.com\/webshop\/"},{"@type":"ListItem","position":3,"name":"Maik\u00f6nig"}]},{"@type":"WebSite","@id":"https:\/\/www.nepelius.com\/#website","url":"https:\/\/www.nepelius.com\/","name":"Sigrid Nepelius","description":"Fine Art","publisher":{"@id":"https:\/\/www.nepelius.com\/#\/schema\/person\/fb48383c87e305a8d2bbad4aef3524eb"},"potentialAction":[{"@type":"SearchAction","target":{"@type":"EntryPoint","urlTemplate":"https:\/\/www.nepelius.com\/?s={search_term_string}"},"query-input":{"@type":"PropertyValueSpecification","valueRequired":true,"valueName":"search_term_string"}}],"inLanguage":"en-GB"},{"@type":["Person","Organization"],"@id":"https:\/\/www.nepelius.com\/#\/schema\/person\/fb48383c87e305a8d2bbad4aef3524eb","name":"Sigrid","image":{"@type":"ImageObject","inLanguage":"en-GB","@id":"https:\/\/www.nepelius.com\/wp-content\/uploads\/cropped-header_neu-1.jpg","url":"https:\/\/www.nepelius.com\/wp-content\/uploads\/cropped-header_neu-1.jpg","contentUrl":"https:\/\/www.nepelius.com\/wp-content\/uploads\/cropped-header_neu-1.jpg","width":1500,"height":224,"caption":"Sigrid"},"logo":{"@id":"https:\/\/www.nepelius.com\/wp-content\/uploads\/cropped-header_neu-1.jpg"},"sameAs":["https:\/\/www.facebook.com\/sigrid.nepelius.art","https:\/\/www.instagram.com\/sigridnepeliusart\/","https:\/\/www.pinterest.at\/sigridnepelius\/"]}]}},"_links":{"self":[{"href":"https:\/\/www.nepelius.com\/en\/wp-json\/wp\/v2\/product\/5138","targetHints":{"allow":["GET"]}}],"collection":[{"href":"https:\/\/www.nepelius.com\/en\/wp-json\/wp\/v2\/product"}],"about":[{"href":"https:\/\/www.nepelius.com\/en\/wp-json\/wp\/v2\/types\/product"}],"wp:featuredmedia":[{"embeddable":true,"href":"https:\/\/www.nepelius.com\/en\/wp-json\/wp\/v2\/media\/5139"}],"wp:attachment":[{"href":"https:\/\/www.nepelius.com\/en\/wp-json\/wp\/v2\/media?parent=5138"}],"wp:term":[{"taxonomy":"product_brand","embeddable":true,"href":"https:\/\/www.nepelius.com\/en\/wp-json\/wp\/v2\/product_brand?post=5138"},{"taxonomy":"product_cat","embeddable":true,"href":"https:\/\/www.nepelius.com\/en\/wp-json\/wp\/v2\/product_cat?post=5138"},{"taxonomy":"product_tag","embeddable":true,"href":"https:\/\/www.nepelius.com\/en\/wp-json\/wp\/v2\/product_tag?post=5138"}],"curies":[{"name":"wp","href":"https:\/\/api.w.org\/{rel}","templated":true}]}}