{"id":5258,"date":"2025-08-18T21:21:16","date_gmt":"2025-08-18T19:21:16","guid":{"rendered":"https:\/\/www.nepelius.com\/?post_type=product&#038;p=5258"},"modified":"2026-01-16T16:12:53","modified_gmt":"2026-01-16T15:12:53","slug":"wurzelhase","status":"publish","type":"product","link":"https:\/\/www.nepelius.com\/en\/shop\/wurzelhase\/","title":{"rendered":"Root Rabbit"},"content":{"rendered":"<p>He seems so gentle... until he brings movement into your life. The Root Rabbit reminds you that stability and mobility don't have to be opposites. Deeply connected and yet ready to hop away at any moment. Who says you have to choose?<\/p>\n<p>Original oil painting \u201cRoot Rabbit\u201d, from the series \u201cForest Whispers\u201d.<br \/>\nSigned, with certificate of authenticity.<\/p>\n<p class=\"cvGsUA direction-ltr align-start para-style-body\"><span class=\"OYPEnA font-feature-liga-off font-feature-clig-off font-feature-calt-off text-decoration-none text-strikethrough-none\">Acrylics\/oil on panel, 40 x 50 cm.<br \/>\nFramed in a wooden frame 60 x 70 cm with mat.<\/span><\/p>","protected":false},"excerpt":{"rendered":"<p>Er wirkt so sanft \u2026 bis er Bewegung in dein Leben bringt. Der Wurzelhase erinnert dich daran, dass Stabilit\u00e4t und Beweglichkeit keine Gegens\u00e4tze sein m\u00fcssen. Tief verbunden und gleichzeitig bereit, jederzeit loszuhoppeln. Wer sagt, dass man sich entscheiden muss? Original \u00d6lbild &#8220;Wurzelhase&#8221;, aus der Serie &#8220;Waldgefl\u00fcster&#8221;. Signiert, mit Echtheitszertifikat. Acryl\/\u00d6l auf Malplatte 40 x50 cm. [&hellip;]<\/p>\n","protected":false},"featured_media":5233,"template":"","meta":{"zakra_page_container_layout":"customizer","zakra_page_sidebar_layout":"customizer","zakra_remove_content_margin":false,"zakra_sidebar":"customizer","zakra_transparent_header":"customizer","zakra_logo":0,"zakra_main_header_style":"default","zakra_menu_item_color":"","zakra_menu_item_hover_color":"","zakra_menu_item_active_color":"","zakra_menu_active_style":"","zakra_page_header":true},"product_brand":[],"product_cat":[],"product_tag":[394,450,444,449,441,276,451,452,443,445,442],"class_list":{"0":"post-5258","1":"product","2":"type-product","3":"status-publish","4":"has-post-thumbnail","6":"product_tag-acryl","7":"product_tag-bewegung","8":"product_tag-hase","9":"product_tag-krafttier","10":"product_tag-oelbild","11":"product_tag-original","12":"product_tag-stabilitaet","13":"product_tag-verbundenheit","14":"product_tag-waldgefluester","15":"product_tag-waldtiere","16":"product_tag-wurzelhase","17":"product_shipping_class-kostenlos","19":"first","20":"outofstock","21":"sold-individually","22":"shipping-taxable","23":"purchasable","24":"product-type-simple"},"yoast_head":"<!-- This site is optimized with the Yoast SEO plugin v27.4 - https:\/\/yoast.com\/product\/yoast-seo-wordpress\/ -->\n<title>Wurzelhase - Sigrid Nepelius<\/title>\n<meta name=\"description\" content=\"Original \u00d6lbild &quot;Wurzelhase&quot; der \u00f6sterreichischen K\u00fcnstlerin Sigrid Nepelius, signiert. Er wirkt so sanft \u2026 bis er Bewegung in dein Leben bringt. Der Wurzelhase erinnert dich daran, dass Stabilit\u00e4t und Beweglichkeit keine Gegens\u00e4tze sein m\u00fcssen. Tief verbunden und gleichzeitig bereit, jederzeit loszuhoppeln. Wer sagt, dass man sich entscheiden muss?\" \/>\n<meta name=\"robots\" content=\"index, follow, max-snippet:-1, max-image-preview:large, max-video-preview:-1\" \/>\n<link rel=\"canonical\" href=\"https:\/\/www.nepelius.com\/en\/shop\/wurzelhase\/\" \/>\n<meta property=\"og:locale\" content=\"en_GB\" \/>\n<meta property=\"og:type\" content=\"article\" \/>\n<meta property=\"og:title\" content=\"Wurzelhase - Sigrid Nepelius\" \/>\n<meta property=\"og:description\" content=\"Original \u00d6lbild &quot;Wurzelhase&quot; der \u00f6sterreichischen K\u00fcnstlerin Sigrid Nepelius, signiert. Er wirkt so sanft \u2026 bis er Bewegung in dein Leben bringt. Der Wurzelhase erinnert dich daran, dass Stabilit\u00e4t und Beweglichkeit keine Gegens\u00e4tze sein m\u00fcssen. Tief verbunden und gleichzeitig bereit, jederzeit loszuhoppeln. Wer sagt, dass man sich entscheiden muss?\" \/>\n<meta property=\"og:url\" content=\"https:\/\/www.nepelius.com\/en\/shop\/wurzelhase\/\" \/>\n<meta property=\"og:site_name\" content=\"Sigrid Nepelius\" \/>\n<meta property=\"article:publisher\" content=\"https:\/\/www.facebook.com\/sigrid.nepelius.art\" \/>\n<meta property=\"article:modified_time\" content=\"2026-01-16T15:12:53+00:00\" \/>\n<meta property=\"og:image\" content=\"https:\/\/www.nepelius.com\/wp-content\/uploads\/20250705_201548.jpg\" \/>\n\t<meta property=\"og:image:width\" content=\"1679\" \/>\n\t<meta property=\"og:image:height\" content=\"1326\" \/>\n\t<meta property=\"og:image:type\" content=\"image\/jpeg\" \/>\n<meta name=\"twitter:card\" content=\"summary_large_image\" \/>\n<meta name=\"twitter:label1\" content=\"Estimated reading time\" \/>\n\t<meta name=\"twitter:data1\" content=\"1 minute\" \/>\n<script type=\"application\/ld+json\" class=\"yoast-schema-graph\">{\"@context\":\"https:\\\/\\\/schema.org\",\"@graph\":[{\"@type\":\"WebPage\",\"@id\":\"https:\\\/\\\/www.nepelius.com\\\/shop\\\/wurzelhase\\\/\",\"url\":\"https:\\\/\\\/www.nepelius.com\\\/shop\\\/wurzelhase\\\/\",\"name\":\"Wurzelhase - Sigrid Nepelius\",\"isPartOf\":{\"@id\":\"https:\\\/\\\/www.nepelius.com\\\/#website\"},\"primaryImageOfPage\":{\"@id\":\"https:\\\/\\\/www.nepelius.com\\\/shop\\\/wurzelhase\\\/#primaryimage\"},\"image\":{\"@id\":\"https:\\\/\\\/www.nepelius.com\\\/shop\\\/wurzelhase\\\/#primaryimage\"},\"thumbnailUrl\":\"https:\\\/\\\/www.nepelius.com\\\/wp-content\\\/uploads\\\/20250705_201548.jpg\",\"datePublished\":\"2025-08-18T19:21:16+00:00\",\"dateModified\":\"2026-01-16T15:12:53+00:00\",\"description\":\"Original \u00d6lbild \\\"Wurzelhase\\\" der \u00f6sterreichischen K\u00fcnstlerin Sigrid Nepelius, signiert. Er wirkt so sanft \u2026 bis er Bewegung in dein Leben bringt. Der Wurzelhase erinnert dich daran, dass Stabilit\u00e4t und Beweglichkeit keine Gegens\u00e4tze sein m\u00fcssen. Tief verbunden und gleichzeitig bereit, jederzeit loszuhoppeln. Wer sagt, dass man sich entscheiden muss?\",\"breadcrumb\":{\"@id\":\"https:\\\/\\\/www.nepelius.com\\\/shop\\\/wurzelhase\\\/#breadcrumb\"},\"inLanguage\":\"en-GB\",\"potentialAction\":[{\"@type\":\"ReadAction\",\"target\":[\"https:\\\/\\\/www.nepelius.com\\\/shop\\\/wurzelhase\\\/\"]}]},{\"@type\":\"ImageObject\",\"inLanguage\":\"en-GB\",\"@id\":\"https:\\\/\\\/www.nepelius.com\\\/shop\\\/wurzelhase\\\/#primaryimage\",\"url\":\"https:\\\/\\\/www.nepelius.com\\\/wp-content\\\/uploads\\\/20250705_201548.jpg\",\"contentUrl\":\"https:\\\/\\\/www.nepelius.com\\\/wp-content\\\/uploads\\\/20250705_201548.jpg\",\"width\":1679,\"height\":1326,\"caption\":\"Wurzelhase\"},{\"@type\":\"BreadcrumbList\",\"@id\":\"https:\\\/\\\/www.nepelius.com\\\/shop\\\/wurzelhase\\\/#breadcrumb\",\"itemListElement\":[{\"@type\":\"ListItem\",\"position\":1,\"name\":\"Startseite\",\"item\":\"https:\\\/\\\/www.nepelius.com\\\/\"},{\"@type\":\"ListItem\",\"position\":2,\"name\":\"Shop\",\"item\":\"https:\\\/\\\/www.nepelius.com\\\/webshop\\\/\"},{\"@type\":\"ListItem\",\"position\":3,\"name\":\"Wurzelhase\"}]},{\"@type\":\"WebSite\",\"@id\":\"https:\\\/\\\/www.nepelius.com\\\/#website\",\"url\":\"https:\\\/\\\/www.nepelius.com\\\/\",\"name\":\"Sigrid Nepelius\",\"description\":\"Fine Art\",\"publisher\":{\"@id\":\"https:\\\/\\\/www.nepelius.com\\\/#\\\/schema\\\/person\\\/fb48383c87e305a8d2bbad4aef3524eb\"},\"potentialAction\":[{\"@type\":\"SearchAction\",\"target\":{\"@type\":\"EntryPoint\",\"urlTemplate\":\"https:\\\/\\\/www.nepelius.com\\\/?s={search_term_string}\"},\"query-input\":{\"@type\":\"PropertyValueSpecification\",\"valueRequired\":true,\"valueName\":\"search_term_string\"}}],\"inLanguage\":\"en-GB\"},{\"@type\":[\"Person\",\"Organization\"],\"@id\":\"https:\\\/\\\/www.nepelius.com\\\/#\\\/schema\\\/person\\\/fb48383c87e305a8d2bbad4aef3524eb\",\"name\":\"Sigrid\",\"image\":{\"@type\":\"ImageObject\",\"inLanguage\":\"en-GB\",\"@id\":\"https:\\\/\\\/www.nepelius.com\\\/wp-content\\\/uploads\\\/cropped-header_neu-1.jpg\",\"url\":\"https:\\\/\\\/www.nepelius.com\\\/wp-content\\\/uploads\\\/cropped-header_neu-1.jpg\",\"contentUrl\":\"https:\\\/\\\/www.nepelius.com\\\/wp-content\\\/uploads\\\/cropped-header_neu-1.jpg\",\"width\":1500,\"height\":224,\"caption\":\"Sigrid\"},\"logo\":{\"@id\":\"https:\\\/\\\/www.nepelius.com\\\/wp-content\\\/uploads\\\/cropped-header_neu-1.jpg\"},\"sameAs\":[\"https:\\\/\\\/www.facebook.com\\\/sigrid.nepelius.art\",\"https:\\\/\\\/www.instagram.com\\\/sigridnepeliusart\\\/\",\"https:\\\/\\\/www.pinterest.at\\\/sigridnepelius\\\/\"]}]}<\/script>\n<!-- \/ Yoast SEO plugin. -->","yoast_head_json":{"title":"Wurzelhase - Sigrid Nepelius","description":"Original \u00d6lbild \"Wurzelhase\" der \u00f6sterreichischen K\u00fcnstlerin Sigrid Nepelius, signiert. Er wirkt so sanft \u2026 bis er Bewegung in dein Leben bringt. Der Wurzelhase erinnert dich daran, dass Stabilit\u00e4t und Beweglichkeit keine Gegens\u00e4tze sein m\u00fcssen. Tief verbunden und gleichzeitig bereit, jederzeit loszuhoppeln. Wer sagt, dass man sich entscheiden muss?","robots":{"index":"index","follow":"follow","max-snippet":"max-snippet:-1","max-image-preview":"max-image-preview:large","max-video-preview":"max-video-preview:-1"},"canonical":"https:\/\/www.nepelius.com\/en\/shop\/wurzelhase\/","og_locale":"en_GB","og_type":"article","og_title":"Wurzelhase - Sigrid Nepelius","og_description":"Original \u00d6lbild \"Wurzelhase\" der \u00f6sterreichischen K\u00fcnstlerin Sigrid Nepelius, signiert. Er wirkt so sanft \u2026 bis er Bewegung in dein Leben bringt. Der Wurzelhase erinnert dich daran, dass Stabilit\u00e4t und Beweglichkeit keine Gegens\u00e4tze sein m\u00fcssen. Tief verbunden und gleichzeitig bereit, jederzeit loszuhoppeln. Wer sagt, dass man sich entscheiden muss?","og_url":"https:\/\/www.nepelius.com\/en\/shop\/wurzelhase\/","og_site_name":"Sigrid Nepelius","article_publisher":"https:\/\/www.facebook.com\/sigrid.nepelius.art","article_modified_time":"2026-01-16T15:12:53+00:00","og_image":[{"width":1679,"height":1326,"url":"https:\/\/www.nepelius.com\/wp-content\/uploads\/20250705_201548.jpg","type":"image\/jpeg"}],"twitter_card":"summary_large_image","twitter_misc":{"Estimated reading time":"1 minute"},"schema":{"@context":"https:\/\/schema.org","@graph":[{"@type":"WebPage","@id":"https:\/\/www.nepelius.com\/shop\/wurzelhase\/","url":"https:\/\/www.nepelius.com\/shop\/wurzelhase\/","name":"Wurzelhase - Sigrid Nepelius","isPartOf":{"@id":"https:\/\/www.nepelius.com\/#website"},"primaryImageOfPage":{"@id":"https:\/\/www.nepelius.com\/shop\/wurzelhase\/#primaryimage"},"image":{"@id":"https:\/\/www.nepelius.com\/shop\/wurzelhase\/#primaryimage"},"thumbnailUrl":"https:\/\/www.nepelius.com\/wp-content\/uploads\/20250705_201548.jpg","datePublished":"2025-08-18T19:21:16+00:00","dateModified":"2026-01-16T15:12:53+00:00","description":"Original \u00d6lbild \"Wurzelhase\" der \u00f6sterreichischen K\u00fcnstlerin Sigrid Nepelius, signiert. Er wirkt so sanft \u2026 bis er Bewegung in dein Leben bringt. Der Wurzelhase erinnert dich daran, dass Stabilit\u00e4t und Beweglichkeit keine Gegens\u00e4tze sein m\u00fcssen. Tief verbunden und gleichzeitig bereit, jederzeit loszuhoppeln. Wer sagt, dass man sich entscheiden muss?","breadcrumb":{"@id":"https:\/\/www.nepelius.com\/shop\/wurzelhase\/#breadcrumb"},"inLanguage":"en-GB","potentialAction":[{"@type":"ReadAction","target":["https:\/\/www.nepelius.com\/shop\/wurzelhase\/"]}]},{"@type":"ImageObject","inLanguage":"en-GB","@id":"https:\/\/www.nepelius.com\/shop\/wurzelhase\/#primaryimage","url":"https:\/\/www.nepelius.com\/wp-content\/uploads\/20250705_201548.jpg","contentUrl":"https:\/\/www.nepelius.com\/wp-content\/uploads\/20250705_201548.jpg","width":1679,"height":1326,"caption":"Wurzelhase"},{"@type":"BreadcrumbList","@id":"https:\/\/www.nepelius.com\/shop\/wurzelhase\/#breadcrumb","itemListElement":[{"@type":"ListItem","position":1,"name":"Startseite","item":"https:\/\/www.nepelius.com\/"},{"@type":"ListItem","position":2,"name":"Shop","item":"https:\/\/www.nepelius.com\/webshop\/"},{"@type":"ListItem","position":3,"name":"Wurzelhase"}]},{"@type":"WebSite","@id":"https:\/\/www.nepelius.com\/#website","url":"https:\/\/www.nepelius.com\/","name":"Sigrid Nepelius","description":"Fine Art","publisher":{"@id":"https:\/\/www.nepelius.com\/#\/schema\/person\/fb48383c87e305a8d2bbad4aef3524eb"},"potentialAction":[{"@type":"SearchAction","target":{"@type":"EntryPoint","urlTemplate":"https:\/\/www.nepelius.com\/?s={search_term_string}"},"query-input":{"@type":"PropertyValueSpecification","valueRequired":true,"valueName":"search_term_string"}}],"inLanguage":"en-GB"},{"@type":["Person","Organization"],"@id":"https:\/\/www.nepelius.com\/#\/schema\/person\/fb48383c87e305a8d2bbad4aef3524eb","name":"Sigrid","image":{"@type":"ImageObject","inLanguage":"en-GB","@id":"https:\/\/www.nepelius.com\/wp-content\/uploads\/cropped-header_neu-1.jpg","url":"https:\/\/www.nepelius.com\/wp-content\/uploads\/cropped-header_neu-1.jpg","contentUrl":"https:\/\/www.nepelius.com\/wp-content\/uploads\/cropped-header_neu-1.jpg","width":1500,"height":224,"caption":"Sigrid"},"logo":{"@id":"https:\/\/www.nepelius.com\/wp-content\/uploads\/cropped-header_neu-1.jpg"},"sameAs":["https:\/\/www.facebook.com\/sigrid.nepelius.art","https:\/\/www.instagram.com\/sigridnepeliusart\/","https:\/\/www.pinterest.at\/sigridnepelius\/"]}]}},"_links":{"self":[{"href":"https:\/\/www.nepelius.com\/en\/wp-json\/wp\/v2\/product\/5258","targetHints":{"allow":["GET"]}}],"collection":[{"href":"https:\/\/www.nepelius.com\/en\/wp-json\/wp\/v2\/product"}],"about":[{"href":"https:\/\/www.nepelius.com\/en\/wp-json\/wp\/v2\/types\/product"}],"wp:featuredmedia":[{"embeddable":true,"href":"https:\/\/www.nepelius.com\/en\/wp-json\/wp\/v2\/media\/5233"}],"wp:attachment":[{"href":"https:\/\/www.nepelius.com\/en\/wp-json\/wp\/v2\/media?parent=5258"}],"wp:term":[{"taxonomy":"product_brand","embeddable":true,"href":"https:\/\/www.nepelius.com\/en\/wp-json\/wp\/v2\/product_brand?post=5258"},{"taxonomy":"product_cat","embeddable":true,"href":"https:\/\/www.nepelius.com\/en\/wp-json\/wp\/v2\/product_cat?post=5258"},{"taxonomy":"product_tag","embeddable":true,"href":"https:\/\/www.nepelius.com\/en\/wp-json\/wp\/v2\/product_tag?post=5258"}],"curies":[{"name":"wp","href":"https:\/\/api.w.org\/{rel}","templated":true}]}}