{"id":5259,"date":"2025-08-18T21:32:54","date_gmt":"2025-08-18T19:32:54","guid":{"rendered":"https:\/\/www.nepelius.com\/?post_type=product&#038;p=5259"},"modified":"2026-01-16T16:12:53","modified_gmt":"2026-01-16T15:12:53","slug":"astkauz","status":"publish","type":"product","link":"https:\/\/www.nepelius.com\/en\/shop\/astkauz\/","title":{"rendered":"Branch Owl"},"content":{"rendered":"<p>It sits high up among the gnarled branches and sees you before you even arrive. The Branch Owl recognises connections that remain hidden to others. No wonder, given its overview. And when you don't know what to do next, it strengthens you with its quiet wisdom and a soft \u2018hoo-hoo\u2019.<\/p>\n<p>Original acrylic painting \u201cBranch Owl\u201d, from the series \u201cForest Whispers\u201d.<br \/>\nSigned, with certificate of authenticity.<\/p>\n<p class=\"cvGsUA direction-ltr align-start para-style-body\">Acrylics on panel, 30 x 24 cm.<br \/>\nFramed in a wooden frame 42 x 32 cm with mat.<\/p>","protected":false},"excerpt":{"rendered":"<p>Er sitzt hoch oben zwischen den knorrigen \u00c4sten und sieht dich schon, bevor du \u00fcberhaupt da bist. Der Astkauz erkennt Zusammenh\u00e4nge, die anderen verborgen bleiben. Kein Wunder, bei dem \u00dcberblick. Und wenn du mal nicht weiter wei\u00dft, st\u00e4rkt er dich mit seiner stillen Weisheit und einem leisen \u201cHuhuu\u201d. Original Acrylbild &#8220;Astkauz&#8221;, aus der Serie &#8220;Waldgefl\u00fcster&#8221;. [&hellip;]<\/p>\n","protected":false},"featured_media":5232,"template":"","meta":{"zakra_page_container_layout":"customizer","zakra_page_sidebar_layout":"customizer","zakra_remove_content_margin":false,"zakra_sidebar":"customizer","zakra_transparent_header":"customizer","zakra_logo":0,"zakra_main_header_style":"default","zakra_menu_item_color":"","zakra_menu_item_hover_color":"","zakra_menu_item_active_color":"","zakra_menu_active_style":"","zakra_page_header":true},"product_brand":[],"product_cat":[],"product_tag":[394,446,449,276,448,453,443,445,447],"class_list":{"0":"post-5259","1":"product","2":"type-product","3":"status-publish","4":"has-post-thumbnail","6":"product_tag-acryl","7":"product_tag-kauz","8":"product_tag-krafttier","9":"product_tag-original","10":"product_tag-stille","11":"product_tag-ueberblick","12":"product_tag-waldgefluester","13":"product_tag-waldtiere","14":"product_tag-weisheit","15":"product_shipping_class-kostenlos","17":"first","18":"outofstock","19":"sold-individually","20":"shipping-taxable","21":"purchasable","22":"product-type-simple"},"yoast_head":"<!-- This site is optimized with the Yoast SEO plugin v27.4 - https:\/\/yoast.com\/product\/yoast-seo-wordpress\/ -->\n<title>Astkauz - Sigrid Nepelius<\/title>\n<meta name=\"description\" content=\"Original Acrylbild &quot;Astkauz&quot; der \u00f6sterreichischen K\u00fcnstlerin Sigrid Nepelius, signiert. Er wirkt so sanft \u2026 bis er Bewegung in dein Leben bringt. Er sitzt hoch oben zwischen den knorrigen \u00c4sten und sieht dich schon, bevor du \u00fcberhaupt da bist. Der Astkauz erkennt Zusammenh\u00e4nge, die anderen verborgen bleiben. Kein Wunder, bei dem \u00dcberblick. Und wenn du mal nicht weiter wei\u00dft, st\u00e4rkt er dich mit seiner stillen Weisheit und einem leisen \u201cHuhuu\u201d.\" \/>\n<meta name=\"robots\" content=\"index, follow, max-snippet:-1, max-image-preview:large, max-video-preview:-1\" \/>\n<link rel=\"canonical\" href=\"https:\/\/www.nepelius.com\/en\/shop\/astkauz\/\" \/>\n<meta property=\"og:locale\" content=\"en_GB\" \/>\n<meta property=\"og:type\" content=\"article\" \/>\n<meta property=\"og:title\" content=\"Astkauz - Sigrid Nepelius\" \/>\n<meta property=\"og:description\" content=\"Original Acrylbild &quot;Astkauz&quot; der \u00f6sterreichischen K\u00fcnstlerin Sigrid Nepelius, signiert. Er wirkt so sanft \u2026 bis er Bewegung in dein Leben bringt. Er sitzt hoch oben zwischen den knorrigen \u00c4sten und sieht dich schon, bevor du \u00fcberhaupt da bist. Der Astkauz erkennt Zusammenh\u00e4nge, die anderen verborgen bleiben. Kein Wunder, bei dem \u00dcberblick. Und wenn du mal nicht weiter wei\u00dft, st\u00e4rkt er dich mit seiner stillen Weisheit und einem leisen \u201cHuhuu\u201d.\" \/>\n<meta property=\"og:url\" content=\"https:\/\/www.nepelius.com\/en\/shop\/astkauz\/\" \/>\n<meta property=\"og:site_name\" content=\"Sigrid Nepelius\" \/>\n<meta property=\"article:publisher\" content=\"https:\/\/www.facebook.com\/sigrid.nepelius.art\" \/>\n<meta property=\"article:modified_time\" content=\"2026-01-16T15:12:53+00:00\" \/>\n<meta property=\"og:image\" content=\"https:\/\/www.nepelius.com\/wp-content\/uploads\/20250705_201655.jpg\" \/>\n\t<meta property=\"og:image:width\" content=\"1406\" \/>\n\t<meta property=\"og:image:height\" content=\"1797\" \/>\n\t<meta property=\"og:image:type\" content=\"image\/jpeg\" \/>\n<meta name=\"twitter:card\" content=\"summary_large_image\" \/>\n<meta name=\"twitter:label1\" content=\"Estimated reading time\" \/>\n\t<meta name=\"twitter:data1\" content=\"1 minute\" \/>\n<script type=\"application\/ld+json\" class=\"yoast-schema-graph\">{\"@context\":\"https:\\\/\\\/schema.org\",\"@graph\":[{\"@type\":\"WebPage\",\"@id\":\"https:\\\/\\\/www.nepelius.com\\\/shop\\\/astkauz\\\/\",\"url\":\"https:\\\/\\\/www.nepelius.com\\\/shop\\\/astkauz\\\/\",\"name\":\"Astkauz - Sigrid Nepelius\",\"isPartOf\":{\"@id\":\"https:\\\/\\\/www.nepelius.com\\\/#website\"},\"primaryImageOfPage\":{\"@id\":\"https:\\\/\\\/www.nepelius.com\\\/shop\\\/astkauz\\\/#primaryimage\"},\"image\":{\"@id\":\"https:\\\/\\\/www.nepelius.com\\\/shop\\\/astkauz\\\/#primaryimage\"},\"thumbnailUrl\":\"https:\\\/\\\/www.nepelius.com\\\/wp-content\\\/uploads\\\/20250705_201655.jpg\",\"datePublished\":\"2025-08-18T19:32:54+00:00\",\"dateModified\":\"2026-01-16T15:12:53+00:00\",\"description\":\"Original Acrylbild \\\"Astkauz\\\" der \u00f6sterreichischen K\u00fcnstlerin Sigrid Nepelius, signiert. Er wirkt so sanft \u2026 bis er Bewegung in dein Leben bringt. Er sitzt hoch oben zwischen den knorrigen \u00c4sten und sieht dich schon, bevor du \u00fcberhaupt da bist. Der Astkauz erkennt Zusammenh\u00e4nge, die anderen verborgen bleiben. Kein Wunder, bei dem \u00dcberblick. Und wenn du mal nicht weiter wei\u00dft, st\u00e4rkt er dich mit seiner stillen Weisheit und einem leisen \u201cHuhuu\u201d.\",\"breadcrumb\":{\"@id\":\"https:\\\/\\\/www.nepelius.com\\\/shop\\\/astkauz\\\/#breadcrumb\"},\"inLanguage\":\"en-GB\",\"potentialAction\":[{\"@type\":\"ReadAction\",\"target\":[\"https:\\\/\\\/www.nepelius.com\\\/shop\\\/astkauz\\\/\"]}]},{\"@type\":\"ImageObject\",\"inLanguage\":\"en-GB\",\"@id\":\"https:\\\/\\\/www.nepelius.com\\\/shop\\\/astkauz\\\/#primaryimage\",\"url\":\"https:\\\/\\\/www.nepelius.com\\\/wp-content\\\/uploads\\\/20250705_201655.jpg\",\"contentUrl\":\"https:\\\/\\\/www.nepelius.com\\\/wp-content\\\/uploads\\\/20250705_201655.jpg\",\"width\":1406,\"height\":1797,\"caption\":\"Astkauz\"},{\"@type\":\"BreadcrumbList\",\"@id\":\"https:\\\/\\\/www.nepelius.com\\\/shop\\\/astkauz\\\/#breadcrumb\",\"itemListElement\":[{\"@type\":\"ListItem\",\"position\":1,\"name\":\"Startseite\",\"item\":\"https:\\\/\\\/www.nepelius.com\\\/\"},{\"@type\":\"ListItem\",\"position\":2,\"name\":\"Shop\",\"item\":\"https:\\\/\\\/www.nepelius.com\\\/webshop\\\/\"},{\"@type\":\"ListItem\",\"position\":3,\"name\":\"Astkauz\"}]},{\"@type\":\"WebSite\",\"@id\":\"https:\\\/\\\/www.nepelius.com\\\/#website\",\"url\":\"https:\\\/\\\/www.nepelius.com\\\/\",\"name\":\"Sigrid Nepelius\",\"description\":\"Fine Art\",\"publisher\":{\"@id\":\"https:\\\/\\\/www.nepelius.com\\\/#\\\/schema\\\/person\\\/fb48383c87e305a8d2bbad4aef3524eb\"},\"potentialAction\":[{\"@type\":\"SearchAction\",\"target\":{\"@type\":\"EntryPoint\",\"urlTemplate\":\"https:\\\/\\\/www.nepelius.com\\\/?s={search_term_string}\"},\"query-input\":{\"@type\":\"PropertyValueSpecification\",\"valueRequired\":true,\"valueName\":\"search_term_string\"}}],\"inLanguage\":\"en-GB\"},{\"@type\":[\"Person\",\"Organization\"],\"@id\":\"https:\\\/\\\/www.nepelius.com\\\/#\\\/schema\\\/person\\\/fb48383c87e305a8d2bbad4aef3524eb\",\"name\":\"Sigrid\",\"image\":{\"@type\":\"ImageObject\",\"inLanguage\":\"en-GB\",\"@id\":\"https:\\\/\\\/www.nepelius.com\\\/wp-content\\\/uploads\\\/cropped-header_neu-1.jpg\",\"url\":\"https:\\\/\\\/www.nepelius.com\\\/wp-content\\\/uploads\\\/cropped-header_neu-1.jpg\",\"contentUrl\":\"https:\\\/\\\/www.nepelius.com\\\/wp-content\\\/uploads\\\/cropped-header_neu-1.jpg\",\"width\":1500,\"height\":224,\"caption\":\"Sigrid\"},\"logo\":{\"@id\":\"https:\\\/\\\/www.nepelius.com\\\/wp-content\\\/uploads\\\/cropped-header_neu-1.jpg\"},\"sameAs\":[\"https:\\\/\\\/www.facebook.com\\\/sigrid.nepelius.art\",\"https:\\\/\\\/www.instagram.com\\\/sigridnepeliusart\\\/\",\"https:\\\/\\\/www.pinterest.at\\\/sigridnepelius\\\/\"]}]}<\/script>\n<!-- \/ Yoast SEO plugin. -->","yoast_head_json":{"title":"Astkauz - Sigrid Nepelius","description":"Original Acrylbild \"Astkauz\" der \u00f6sterreichischen K\u00fcnstlerin Sigrid Nepelius, signiert. Er wirkt so sanft \u2026 bis er Bewegung in dein Leben bringt. Er sitzt hoch oben zwischen den knorrigen \u00c4sten und sieht dich schon, bevor du \u00fcberhaupt da bist. Der Astkauz erkennt Zusammenh\u00e4nge, die anderen verborgen bleiben. Kein Wunder, bei dem \u00dcberblick. Und wenn du mal nicht weiter wei\u00dft, st\u00e4rkt er dich mit seiner stillen Weisheit und einem leisen \u201cHuhuu\u201d.","robots":{"index":"index","follow":"follow","max-snippet":"max-snippet:-1","max-image-preview":"max-image-preview:large","max-video-preview":"max-video-preview:-1"},"canonical":"https:\/\/www.nepelius.com\/en\/shop\/astkauz\/","og_locale":"en_GB","og_type":"article","og_title":"Astkauz - Sigrid Nepelius","og_description":"Original Acrylbild \"Astkauz\" der \u00f6sterreichischen K\u00fcnstlerin Sigrid Nepelius, signiert. Er wirkt so sanft \u2026 bis er Bewegung in dein Leben bringt. Er sitzt hoch oben zwischen den knorrigen \u00c4sten und sieht dich schon, bevor du \u00fcberhaupt da bist. Der Astkauz erkennt Zusammenh\u00e4nge, die anderen verborgen bleiben. Kein Wunder, bei dem \u00dcberblick. Und wenn du mal nicht weiter wei\u00dft, st\u00e4rkt er dich mit seiner stillen Weisheit und einem leisen \u201cHuhuu\u201d.","og_url":"https:\/\/www.nepelius.com\/en\/shop\/astkauz\/","og_site_name":"Sigrid Nepelius","article_publisher":"https:\/\/www.facebook.com\/sigrid.nepelius.art","article_modified_time":"2026-01-16T15:12:53+00:00","og_image":[{"width":1406,"height":1797,"url":"https:\/\/www.nepelius.com\/wp-content\/uploads\/20250705_201655.jpg","type":"image\/jpeg"}],"twitter_card":"summary_large_image","twitter_misc":{"Estimated reading time":"1 minute"},"schema":{"@context":"https:\/\/schema.org","@graph":[{"@type":"WebPage","@id":"https:\/\/www.nepelius.com\/shop\/astkauz\/","url":"https:\/\/www.nepelius.com\/shop\/astkauz\/","name":"Astkauz - Sigrid Nepelius","isPartOf":{"@id":"https:\/\/www.nepelius.com\/#website"},"primaryImageOfPage":{"@id":"https:\/\/www.nepelius.com\/shop\/astkauz\/#primaryimage"},"image":{"@id":"https:\/\/www.nepelius.com\/shop\/astkauz\/#primaryimage"},"thumbnailUrl":"https:\/\/www.nepelius.com\/wp-content\/uploads\/20250705_201655.jpg","datePublished":"2025-08-18T19:32:54+00:00","dateModified":"2026-01-16T15:12:53+00:00","description":"Original Acrylbild \"Astkauz\" der \u00f6sterreichischen K\u00fcnstlerin Sigrid Nepelius, signiert. Er wirkt so sanft \u2026 bis er Bewegung in dein Leben bringt. Er sitzt hoch oben zwischen den knorrigen \u00c4sten und sieht dich schon, bevor du \u00fcberhaupt da bist. Der Astkauz erkennt Zusammenh\u00e4nge, die anderen verborgen bleiben. Kein Wunder, bei dem \u00dcberblick. Und wenn du mal nicht weiter wei\u00dft, st\u00e4rkt er dich mit seiner stillen Weisheit und einem leisen \u201cHuhuu\u201d.","breadcrumb":{"@id":"https:\/\/www.nepelius.com\/shop\/astkauz\/#breadcrumb"},"inLanguage":"en-GB","potentialAction":[{"@type":"ReadAction","target":["https:\/\/www.nepelius.com\/shop\/astkauz\/"]}]},{"@type":"ImageObject","inLanguage":"en-GB","@id":"https:\/\/www.nepelius.com\/shop\/astkauz\/#primaryimage","url":"https:\/\/www.nepelius.com\/wp-content\/uploads\/20250705_201655.jpg","contentUrl":"https:\/\/www.nepelius.com\/wp-content\/uploads\/20250705_201655.jpg","width":1406,"height":1797,"caption":"Astkauz"},{"@type":"BreadcrumbList","@id":"https:\/\/www.nepelius.com\/shop\/astkauz\/#breadcrumb","itemListElement":[{"@type":"ListItem","position":1,"name":"Startseite","item":"https:\/\/www.nepelius.com\/"},{"@type":"ListItem","position":2,"name":"Shop","item":"https:\/\/www.nepelius.com\/webshop\/"},{"@type":"ListItem","position":3,"name":"Astkauz"}]},{"@type":"WebSite","@id":"https:\/\/www.nepelius.com\/#website","url":"https:\/\/www.nepelius.com\/","name":"Sigrid Nepelius","description":"Fine Art","publisher":{"@id":"https:\/\/www.nepelius.com\/#\/schema\/person\/fb48383c87e305a8d2bbad4aef3524eb"},"potentialAction":[{"@type":"SearchAction","target":{"@type":"EntryPoint","urlTemplate":"https:\/\/www.nepelius.com\/?s={search_term_string}"},"query-input":{"@type":"PropertyValueSpecification","valueRequired":true,"valueName":"search_term_string"}}],"inLanguage":"en-GB"},{"@type":["Person","Organization"],"@id":"https:\/\/www.nepelius.com\/#\/schema\/person\/fb48383c87e305a8d2bbad4aef3524eb","name":"Sigrid","image":{"@type":"ImageObject","inLanguage":"en-GB","@id":"https:\/\/www.nepelius.com\/wp-content\/uploads\/cropped-header_neu-1.jpg","url":"https:\/\/www.nepelius.com\/wp-content\/uploads\/cropped-header_neu-1.jpg","contentUrl":"https:\/\/www.nepelius.com\/wp-content\/uploads\/cropped-header_neu-1.jpg","width":1500,"height":224,"caption":"Sigrid"},"logo":{"@id":"https:\/\/www.nepelius.com\/wp-content\/uploads\/cropped-header_neu-1.jpg"},"sameAs":["https:\/\/www.facebook.com\/sigrid.nepelius.art","https:\/\/www.instagram.com\/sigridnepeliusart\/","https:\/\/www.pinterest.at\/sigridnepelius\/"]}]}},"_links":{"self":[{"href":"https:\/\/www.nepelius.com\/en\/wp-json\/wp\/v2\/product\/5259","targetHints":{"allow":["GET"]}}],"collection":[{"href":"https:\/\/www.nepelius.com\/en\/wp-json\/wp\/v2\/product"}],"about":[{"href":"https:\/\/www.nepelius.com\/en\/wp-json\/wp\/v2\/types\/product"}],"wp:featuredmedia":[{"embeddable":true,"href":"https:\/\/www.nepelius.com\/en\/wp-json\/wp\/v2\/media\/5232"}],"wp:attachment":[{"href":"https:\/\/www.nepelius.com\/en\/wp-json\/wp\/v2\/media?parent=5259"}],"wp:term":[{"taxonomy":"product_brand","embeddable":true,"href":"https:\/\/www.nepelius.com\/en\/wp-json\/wp\/v2\/product_brand?post=5259"},{"taxonomy":"product_cat","embeddable":true,"href":"https:\/\/www.nepelius.com\/en\/wp-json\/wp\/v2\/product_cat?post=5259"},{"taxonomy":"product_tag","embeddable":true,"href":"https:\/\/www.nepelius.com\/en\/wp-json\/wp\/v2\/product_tag?post=5259"}],"curies":[{"name":"wp","href":"https:\/\/api.w.org\/{rel}","templated":true}]}}