{"id":5264,"date":"2025-08-18T22:22:15","date_gmt":"2025-08-18T20:22:15","guid":{"rendered":"https:\/\/www.nepelius.com\/?post_type=product&#038;p=5264"},"modified":"2026-01-16T16:12:53","modified_gmt":"2026-01-16T15:12:53","slug":"wurzelfuchs","status":"publish","type":"product","link":"https:\/\/www.nepelius.com\/en\/shop\/wurzelfuchs\/","title":{"rendered":"Root Fox"},"content":{"rendered":"<p>The Root Fox does not dig holes, it opens new approaches. With a heart full of curiosity, it leads you down trails you had long forgotten. It knows the quiet paths and understands that the best things are often not sought, but found... if you are willing to listen.<\/p>\n<p>Original oil painting \u201cRoot Fox\u201d, from the series \u201cForest Whispers\u201d.<br \/>\nSigned, with certificate of authenticity.<\/p>\n<p class=\"cvGsUA direction-ltr align-start para-style-body\"><span class=\"OYPEnA font-feature-liga-off font-feature-clig-off font-feature-calt-off text-decoration-none text-strikethrough-none\">Acrylics\/oil on panel, 40 x 50 cm.<br \/>\nFramed in a wooden frame 60 x 70 cm with mat.<\/span><\/p>","protected":false},"excerpt":{"rendered":"<p>Der Wurzelfuchs gr\u00e4bt keine L\u00f6cher, er \u00f6ffnet neue Zug\u00e4nge. Mit einem Herz voller Neugier bringt er dich auf F\u00e4hrten, die du l\u00e4ngst vergessen hast. Er kennt die stillen Pfade und wei\u00df, dass man das Beste oft nicht sucht, sondern findet \u2026 wenn man bereit ist zu lauschen. Original \u00d6lbild &#8220;Wurzelfuchs&#8221;, aus der Serie &#8220;Waldgefl\u00fcster&#8221;. Signiert, [&hellip;]<\/p>\n","protected":false},"featured_media":5231,"template":"","meta":{"zakra_page_container_layout":"customizer","zakra_page_sidebar_layout":"customizer","zakra_remove_content_margin":false,"zakra_sidebar":"customizer","zakra_transparent_header":"customizer","zakra_logo":0,"zakra_main_header_style":"default","zakra_menu_item_color":"","zakra_menu_item_hover_color":"","zakra_menu_item_active_color":"","zakra_menu_active_style":"","zakra_page_header":true},"product_brand":[],"product_cat":[],"product_tag":[394,449,462,460,459,441,276,461,452,443,445,458],"class_list":{"0":"post-5264","1":"product","2":"type-product","3":"status-publish","4":"has-post-thumbnail","6":"product_tag-acryl","7":"product_tag-krafttier","8":"product_tag-naturverbundenheit","9":"product_tag-neue-wege","10":"product_tag-neugier","11":"product_tag-oelbild","12":"product_tag-original","13":"product_tag-stille-pfade","14":"product_tag-verbundenheit","15":"product_tag-waldgefluester","16":"product_tag-waldtiere","17":"product_tag-wurzelfuchs","18":"product_shipping_class-kostenlos","20":"first","21":"outofstock","22":"sold-individually","23":"shipping-taxable","24":"purchasable","25":"product-type-simple"},"yoast_head":"<!-- This site is optimized with the Yoast SEO plugin v27.4 - https:\/\/yoast.com\/product\/yoast-seo-wordpress\/ -->\n<title>Wurzelfuchs - Sigrid Nepelius<\/title>\n<meta name=\"description\" content=\"Original \u00d6lbild &quot;Wurzelfuchs&quot; der \u00f6sterreichischen K\u00fcnstlerin Sigrid Nepelius, signiert. Der Wurzelfuchs gr\u00e4bt keine L\u00f6cher, er \u00f6ffnet neue Zug\u00e4nge. Mit einem Herz voller Neugier bringt er dich auf F\u00e4hrten, die du l\u00e4ngst vergessen hast. Er kennt die stillen Pfade und wei\u00df, dass man das Beste oft nicht sucht, sondern findet \u2026 wenn man bereit ist zu lauschen.\" \/>\n<meta name=\"robots\" content=\"index, follow, max-snippet:-1, max-image-preview:large, max-video-preview:-1\" \/>\n<link rel=\"canonical\" href=\"https:\/\/www.nepelius.com\/en\/shop\/wurzelfuchs\/\" \/>\n<meta property=\"og:locale\" content=\"en_GB\" \/>\n<meta property=\"og:type\" content=\"article\" \/>\n<meta property=\"og:title\" content=\"Wurzelfuchs - Sigrid Nepelius\" \/>\n<meta property=\"og:description\" content=\"Original \u00d6lbild &quot;Wurzelfuchs&quot; der \u00f6sterreichischen K\u00fcnstlerin Sigrid Nepelius, signiert. Der Wurzelfuchs gr\u00e4bt keine L\u00f6cher, er \u00f6ffnet neue Zug\u00e4nge. Mit einem Herz voller Neugier bringt er dich auf F\u00e4hrten, die du l\u00e4ngst vergessen hast. Er kennt die stillen Pfade und wei\u00df, dass man das Beste oft nicht sucht, sondern findet \u2026 wenn man bereit ist zu lauschen.\" \/>\n<meta property=\"og:url\" content=\"https:\/\/www.nepelius.com\/en\/shop\/wurzelfuchs\/\" \/>\n<meta property=\"og:site_name\" content=\"Sigrid Nepelius\" \/>\n<meta property=\"article:publisher\" content=\"https:\/\/www.facebook.com\/sigrid.nepelius.art\" \/>\n<meta property=\"article:modified_time\" content=\"2026-01-16T15:12:53+00:00\" \/>\n<meta property=\"og:image\" content=\"https:\/\/www.nepelius.com\/wp-content\/uploads\/20250615_130940-1.jpg\" \/>\n\t<meta property=\"og:image:width\" content=\"2381\" \/>\n\t<meta property=\"og:image:height\" content=\"1912\" \/>\n\t<meta property=\"og:image:type\" content=\"image\/jpeg\" \/>\n<meta name=\"twitter:card\" content=\"summary_large_image\" \/>\n<meta name=\"twitter:label1\" content=\"Estimated reading time\" \/>\n\t<meta name=\"twitter:data1\" content=\"1 minute\" \/>\n<script type=\"application\/ld+json\" class=\"yoast-schema-graph\">{\"@context\":\"https:\\\/\\\/schema.org\",\"@graph\":[{\"@type\":\"WebPage\",\"@id\":\"https:\\\/\\\/www.nepelius.com\\\/shop\\\/wurzelfuchs\\\/\",\"url\":\"https:\\\/\\\/www.nepelius.com\\\/shop\\\/wurzelfuchs\\\/\",\"name\":\"Wurzelfuchs - Sigrid Nepelius\",\"isPartOf\":{\"@id\":\"https:\\\/\\\/www.nepelius.com\\\/#website\"},\"primaryImageOfPage\":{\"@id\":\"https:\\\/\\\/www.nepelius.com\\\/shop\\\/wurzelfuchs\\\/#primaryimage\"},\"image\":{\"@id\":\"https:\\\/\\\/www.nepelius.com\\\/shop\\\/wurzelfuchs\\\/#primaryimage\"},\"thumbnailUrl\":\"https:\\\/\\\/www.nepelius.com\\\/wp-content\\\/uploads\\\/20250615_130940-1.jpg\",\"datePublished\":\"2025-08-18T20:22:15+00:00\",\"dateModified\":\"2026-01-16T15:12:53+00:00\",\"description\":\"Original \u00d6lbild \\\"Wurzelfuchs\\\" der \u00f6sterreichischen K\u00fcnstlerin Sigrid Nepelius, signiert. Der Wurzelfuchs gr\u00e4bt keine L\u00f6cher, er \u00f6ffnet neue Zug\u00e4nge. Mit einem Herz voller Neugier bringt er dich auf F\u00e4hrten, die du l\u00e4ngst vergessen hast. Er kennt die stillen Pfade und wei\u00df, dass man das Beste oft nicht sucht, sondern findet \u2026 wenn man bereit ist zu lauschen.\",\"breadcrumb\":{\"@id\":\"https:\\\/\\\/www.nepelius.com\\\/shop\\\/wurzelfuchs\\\/#breadcrumb\"},\"inLanguage\":\"en-GB\",\"potentialAction\":[{\"@type\":\"ReadAction\",\"target\":[\"https:\\\/\\\/www.nepelius.com\\\/shop\\\/wurzelfuchs\\\/\"]}]},{\"@type\":\"ImageObject\",\"inLanguage\":\"en-GB\",\"@id\":\"https:\\\/\\\/www.nepelius.com\\\/shop\\\/wurzelfuchs\\\/#primaryimage\",\"url\":\"https:\\\/\\\/www.nepelius.com\\\/wp-content\\\/uploads\\\/20250615_130940-1.jpg\",\"contentUrl\":\"https:\\\/\\\/www.nepelius.com\\\/wp-content\\\/uploads\\\/20250615_130940-1.jpg\",\"width\":2381,\"height\":1912,\"caption\":\"\\\"Wurzelfuchs\\\"\"},{\"@type\":\"BreadcrumbList\",\"@id\":\"https:\\\/\\\/www.nepelius.com\\\/shop\\\/wurzelfuchs\\\/#breadcrumb\",\"itemListElement\":[{\"@type\":\"ListItem\",\"position\":1,\"name\":\"Startseite\",\"item\":\"https:\\\/\\\/www.nepelius.com\\\/\"},{\"@type\":\"ListItem\",\"position\":2,\"name\":\"Shop\",\"item\":\"https:\\\/\\\/www.nepelius.com\\\/webshop\\\/\"},{\"@type\":\"ListItem\",\"position\":3,\"name\":\"Wurzelfuchs\"}]},{\"@type\":\"WebSite\",\"@id\":\"https:\\\/\\\/www.nepelius.com\\\/#website\",\"url\":\"https:\\\/\\\/www.nepelius.com\\\/\",\"name\":\"Sigrid Nepelius\",\"description\":\"Fine Art\",\"publisher\":{\"@id\":\"https:\\\/\\\/www.nepelius.com\\\/#\\\/schema\\\/person\\\/fb48383c87e305a8d2bbad4aef3524eb\"},\"potentialAction\":[{\"@type\":\"SearchAction\",\"target\":{\"@type\":\"EntryPoint\",\"urlTemplate\":\"https:\\\/\\\/www.nepelius.com\\\/?s={search_term_string}\"},\"query-input\":{\"@type\":\"PropertyValueSpecification\",\"valueRequired\":true,\"valueName\":\"search_term_string\"}}],\"inLanguage\":\"en-GB\"},{\"@type\":[\"Person\",\"Organization\"],\"@id\":\"https:\\\/\\\/www.nepelius.com\\\/#\\\/schema\\\/person\\\/fb48383c87e305a8d2bbad4aef3524eb\",\"name\":\"Sigrid\",\"image\":{\"@type\":\"ImageObject\",\"inLanguage\":\"en-GB\",\"@id\":\"https:\\\/\\\/www.nepelius.com\\\/wp-content\\\/uploads\\\/cropped-header_neu-1.jpg\",\"url\":\"https:\\\/\\\/www.nepelius.com\\\/wp-content\\\/uploads\\\/cropped-header_neu-1.jpg\",\"contentUrl\":\"https:\\\/\\\/www.nepelius.com\\\/wp-content\\\/uploads\\\/cropped-header_neu-1.jpg\",\"width\":1500,\"height\":224,\"caption\":\"Sigrid\"},\"logo\":{\"@id\":\"https:\\\/\\\/www.nepelius.com\\\/wp-content\\\/uploads\\\/cropped-header_neu-1.jpg\"},\"sameAs\":[\"https:\\\/\\\/www.facebook.com\\\/sigrid.nepelius.art\",\"https:\\\/\\\/www.instagram.com\\\/sigridnepeliusart\\\/\",\"https:\\\/\\\/www.pinterest.at\\\/sigridnepelius\\\/\"]}]}<\/script>\n<!-- \/ Yoast SEO plugin. -->","yoast_head_json":{"title":"Wurzelfuchs - Sigrid Nepelius","description":"Original \u00d6lbild \"Wurzelfuchs\" der \u00f6sterreichischen K\u00fcnstlerin Sigrid Nepelius, signiert. Der Wurzelfuchs gr\u00e4bt keine L\u00f6cher, er \u00f6ffnet neue Zug\u00e4nge. Mit einem Herz voller Neugier bringt er dich auf F\u00e4hrten, die du l\u00e4ngst vergessen hast. Er kennt die stillen Pfade und wei\u00df, dass man das Beste oft nicht sucht, sondern findet \u2026 wenn man bereit ist zu lauschen.","robots":{"index":"index","follow":"follow","max-snippet":"max-snippet:-1","max-image-preview":"max-image-preview:large","max-video-preview":"max-video-preview:-1"},"canonical":"https:\/\/www.nepelius.com\/en\/shop\/wurzelfuchs\/","og_locale":"en_GB","og_type":"article","og_title":"Wurzelfuchs - Sigrid Nepelius","og_description":"Original \u00d6lbild \"Wurzelfuchs\" der \u00f6sterreichischen K\u00fcnstlerin Sigrid Nepelius, signiert. Der Wurzelfuchs gr\u00e4bt keine L\u00f6cher, er \u00f6ffnet neue Zug\u00e4nge. Mit einem Herz voller Neugier bringt er dich auf F\u00e4hrten, die du l\u00e4ngst vergessen hast. Er kennt die stillen Pfade und wei\u00df, dass man das Beste oft nicht sucht, sondern findet \u2026 wenn man bereit ist zu lauschen.","og_url":"https:\/\/www.nepelius.com\/en\/shop\/wurzelfuchs\/","og_site_name":"Sigrid Nepelius","article_publisher":"https:\/\/www.facebook.com\/sigrid.nepelius.art","article_modified_time":"2026-01-16T15:12:53+00:00","og_image":[{"width":2381,"height":1912,"url":"https:\/\/www.nepelius.com\/wp-content\/uploads\/20250615_130940-1.jpg","type":"image\/jpeg"}],"twitter_card":"summary_large_image","twitter_misc":{"Estimated reading time":"1 minute"},"schema":{"@context":"https:\/\/schema.org","@graph":[{"@type":"WebPage","@id":"https:\/\/www.nepelius.com\/shop\/wurzelfuchs\/","url":"https:\/\/www.nepelius.com\/shop\/wurzelfuchs\/","name":"Wurzelfuchs - Sigrid Nepelius","isPartOf":{"@id":"https:\/\/www.nepelius.com\/#website"},"primaryImageOfPage":{"@id":"https:\/\/www.nepelius.com\/shop\/wurzelfuchs\/#primaryimage"},"image":{"@id":"https:\/\/www.nepelius.com\/shop\/wurzelfuchs\/#primaryimage"},"thumbnailUrl":"https:\/\/www.nepelius.com\/wp-content\/uploads\/20250615_130940-1.jpg","datePublished":"2025-08-18T20:22:15+00:00","dateModified":"2026-01-16T15:12:53+00:00","description":"Original \u00d6lbild \"Wurzelfuchs\" der \u00f6sterreichischen K\u00fcnstlerin Sigrid Nepelius, signiert. Der Wurzelfuchs gr\u00e4bt keine L\u00f6cher, er \u00f6ffnet neue Zug\u00e4nge. Mit einem Herz voller Neugier bringt er dich auf F\u00e4hrten, die du l\u00e4ngst vergessen hast. Er kennt die stillen Pfade und wei\u00df, dass man das Beste oft nicht sucht, sondern findet \u2026 wenn man bereit ist zu lauschen.","breadcrumb":{"@id":"https:\/\/www.nepelius.com\/shop\/wurzelfuchs\/#breadcrumb"},"inLanguage":"en-GB","potentialAction":[{"@type":"ReadAction","target":["https:\/\/www.nepelius.com\/shop\/wurzelfuchs\/"]}]},{"@type":"ImageObject","inLanguage":"en-GB","@id":"https:\/\/www.nepelius.com\/shop\/wurzelfuchs\/#primaryimage","url":"https:\/\/www.nepelius.com\/wp-content\/uploads\/20250615_130940-1.jpg","contentUrl":"https:\/\/www.nepelius.com\/wp-content\/uploads\/20250615_130940-1.jpg","width":2381,"height":1912,"caption":"\"Wurzelfuchs\""},{"@type":"BreadcrumbList","@id":"https:\/\/www.nepelius.com\/shop\/wurzelfuchs\/#breadcrumb","itemListElement":[{"@type":"ListItem","position":1,"name":"Startseite","item":"https:\/\/www.nepelius.com\/"},{"@type":"ListItem","position":2,"name":"Shop","item":"https:\/\/www.nepelius.com\/webshop\/"},{"@type":"ListItem","position":3,"name":"Wurzelfuchs"}]},{"@type":"WebSite","@id":"https:\/\/www.nepelius.com\/#website","url":"https:\/\/www.nepelius.com\/","name":"Sigrid Nepelius","description":"Fine Art","publisher":{"@id":"https:\/\/www.nepelius.com\/#\/schema\/person\/fb48383c87e305a8d2bbad4aef3524eb"},"potentialAction":[{"@type":"SearchAction","target":{"@type":"EntryPoint","urlTemplate":"https:\/\/www.nepelius.com\/?s={search_term_string}"},"query-input":{"@type":"PropertyValueSpecification","valueRequired":true,"valueName":"search_term_string"}}],"inLanguage":"en-GB"},{"@type":["Person","Organization"],"@id":"https:\/\/www.nepelius.com\/#\/schema\/person\/fb48383c87e305a8d2bbad4aef3524eb","name":"Sigrid","image":{"@type":"ImageObject","inLanguage":"en-GB","@id":"https:\/\/www.nepelius.com\/wp-content\/uploads\/cropped-header_neu-1.jpg","url":"https:\/\/www.nepelius.com\/wp-content\/uploads\/cropped-header_neu-1.jpg","contentUrl":"https:\/\/www.nepelius.com\/wp-content\/uploads\/cropped-header_neu-1.jpg","width":1500,"height":224,"caption":"Sigrid"},"logo":{"@id":"https:\/\/www.nepelius.com\/wp-content\/uploads\/cropped-header_neu-1.jpg"},"sameAs":["https:\/\/www.facebook.com\/sigrid.nepelius.art","https:\/\/www.instagram.com\/sigridnepeliusart\/","https:\/\/www.pinterest.at\/sigridnepelius\/"]}]}},"_links":{"self":[{"href":"https:\/\/www.nepelius.com\/en\/wp-json\/wp\/v2\/product\/5264","targetHints":{"allow":["GET"]}}],"collection":[{"href":"https:\/\/www.nepelius.com\/en\/wp-json\/wp\/v2\/product"}],"about":[{"href":"https:\/\/www.nepelius.com\/en\/wp-json\/wp\/v2\/types\/product"}],"wp:featuredmedia":[{"embeddable":true,"href":"https:\/\/www.nepelius.com\/en\/wp-json\/wp\/v2\/media\/5231"}],"wp:attachment":[{"href":"https:\/\/www.nepelius.com\/en\/wp-json\/wp\/v2\/media?parent=5264"}],"wp:term":[{"taxonomy":"product_brand","embeddable":true,"href":"https:\/\/www.nepelius.com\/en\/wp-json\/wp\/v2\/product_brand?post=5264"},{"taxonomy":"product_cat","embeddable":true,"href":"https:\/\/www.nepelius.com\/en\/wp-json\/wp\/v2\/product_cat?post=5264"},{"taxonomy":"product_tag","embeddable":true,"href":"https:\/\/www.nepelius.com\/en\/wp-json\/wp\/v2\/product_tag?post=5264"}],"curies":[{"name":"wp","href":"https:\/\/api.w.org\/{rel}","templated":true}]}}