{"id":5347,"date":"2026-01-15T23:51:12","date_gmt":"2026-01-15T22:51:12","guid":{"rendered":"https:\/\/www.nepelius.com\/?post_type=product&#038;p=5347"},"modified":"2026-01-16T10:51:58","modified_gmt":"2026-01-16T09:51:58","slug":"klappkarte-sonnenblumen-prachtlibelle","status":"publish","type":"product","link":"https:\/\/www.nepelius.com\/en\/shop\/klappkarte-sonnenblumen-prachtlibelle\/","title":{"rendered":"Folding card Sonnenblumen-Prachtlibelle"},"content":{"rendered":"<p>Square folding card, 15 x 15 cm, including natural white envelope, delivered in cellophane sleeve.<\/p>\n<p>Motif: Sonnenblumen-Prachtlibelle (series Leaf and Flower Animals)<br \/>\nMaterial: natural cardboard 250g, natural white, matt<\/p>\n<p>The inside pages of the card are blank and can be written on.<br \/>\nThe back is also writable, with the artist's name and publisher's logo at the bottom.<\/p>\n<p>Save 10% on orders of 5 or more items, and 15% on orders of 10 or more items!<\/p>","protected":false},"excerpt":{"rendered":"<p>Quadratische Klappkarte, 15 x 15 cm, inkl. Umschlag naturwei\u00df, geliefert in Cellophanh\u00fclle. Motiv: Sonnenblumen-Prachtlibelle (Serie Blatt- und Bl\u00fctentiere) Material: Naturkarton 250g, naturwei\u00df, matt Die Innenseiten des Billets sind leer und beschreibbar. Die R\u00fcckseite ist ebenfalls beschreibbar, ganz unten befinden sich K\u00fcnstlername und Verlagslogo. Spare ab 5 Stk. 10%, ab 10 Stk. 15%!<\/p>","protected":false},"featured_media":3858,"template":"","meta":{"zakra_page_container_layout":"customizer","zakra_page_sidebar_layout":"customizer","zakra_remove_content_margin":false,"zakra_sidebar":"customizer","zakra_transparent_header":"customizer","zakra_logo":0,"zakra_main_header_style":"default","zakra_menu_item_color":"","zakra_menu_item_hover_color":"","zakra_menu_item_active_color":"","zakra_menu_active_style":"","zakra_page_header":true},"product_brand":[],"product_cat":[335],"product_tag":[358,470,469,238,343,357,356,241,344,484,355],"class_list":{"0":"post-5347","1":"product","2":"type-product","3":"status-publish","4":"has-post-thumbnail","6":"product_cat-klappkarten","7":"product_tag-billet","8":"product_tag-bluetentiere","9":"product_tag-fantastischer-realismus","10":"product_tag-klappkarten","11":"product_tag-kunst","12":"product_tag-naturliebe","13":"product_tag-pflanzen","14":"product_tag-quadratisch","15":"product_tag-sigrid-nepelius","16":"product_tag-sonnenblumen-prachtlibelle","17":"product_tag-tiere","18":"product_shipping_class-mini","20":"first","21":"instock","22":"sale","23":"shipping-taxable","24":"purchasable","25":"product-type-simple"},"yoast_head":"<!-- This site is optimized with the Yoast SEO plugin v27.4 - https:\/\/yoast.com\/product\/yoast-seo-wordpress\/ -->\n<title>Klappkarte Sonnenblumen-Prachtlibelle - Sigrid Nepelius<\/title>\n<meta name=\"robots\" content=\"index, follow, max-snippet:-1, max-image-preview:large, max-video-preview:-1\" \/>\n<link rel=\"canonical\" href=\"https:\/\/www.nepelius.com\/en\/shop\/klappkarte-sonnenblumen-prachtlibelle\/\" \/>\n<meta property=\"og:locale\" content=\"en_GB\" \/>\n<meta property=\"og:type\" content=\"article\" \/>\n<meta property=\"og:title\" content=\"Klappkarte Sonnenblumen-Prachtlibelle - Sigrid Nepelius\" \/>\n<meta property=\"og:description\" content=\"Quadratische Klappkarte, 15 x 15 cm, inkl. Umschlag naturwei\u00df, geliefert in Cellophanh\u00fclle. Motiv: Sonnenblumen-Prachtlibelle (Serie Blatt- und Bl\u00fctentiere) Material: Naturkarton 250g, naturwei\u00df, matt Die Innenseiten des Billets sind leer und beschreibbar. Die R\u00fcckseite ist ebenfalls beschreibbar, ganz unten befinden sich K\u00fcnstlername und Verlagslogo. Spare ab 5 Stk. 10%, ab 10 Stk. 15%!\" \/>\n<meta property=\"og:url\" content=\"https:\/\/www.nepelius.com\/en\/shop\/klappkarte-sonnenblumen-prachtlibelle\/\" \/>\n<meta property=\"og:site_name\" content=\"Sigrid Nepelius\" \/>\n<meta property=\"article:publisher\" content=\"https:\/\/www.facebook.com\/sigrid.nepelius.art\" \/>\n<meta property=\"article:modified_time\" content=\"2026-01-16T09:51:58+00:00\" \/>\n<meta property=\"og:image\" content=\"https:\/\/www.nepelius.com\/wp-content\/uploads\/kk_sonnenblumen_prachtlibelle.jpg\" \/>\n\t<meta property=\"og:image:width\" content=\"600\" \/>\n\t<meta property=\"og:image:height\" content=\"600\" \/>\n\t<meta property=\"og:image:type\" content=\"image\/jpeg\" \/>\n<meta name=\"twitter:card\" content=\"summary_large_image\" \/>\n<meta name=\"twitter:label1\" content=\"Estimated reading time\" \/>\n\t<meta name=\"twitter:data1\" content=\"1 minute\" \/>\n<script type=\"application\/ld+json\" class=\"yoast-schema-graph\">{\"@context\":\"https:\\\/\\\/schema.org\",\"@graph\":[{\"@type\":\"WebPage\",\"@id\":\"https:\\\/\\\/www.nepelius.com\\\/shop\\\/klappkarte-sonnenblumen-prachtlibelle\\\/\",\"url\":\"https:\\\/\\\/www.nepelius.com\\\/shop\\\/klappkarte-sonnenblumen-prachtlibelle\\\/\",\"name\":\"Klappkarte Sonnenblumen-Prachtlibelle - Sigrid Nepelius\",\"isPartOf\":{\"@id\":\"https:\\\/\\\/www.nepelius.com\\\/#website\"},\"primaryImageOfPage\":{\"@id\":\"https:\\\/\\\/www.nepelius.com\\\/shop\\\/klappkarte-sonnenblumen-prachtlibelle\\\/#primaryimage\"},\"image\":{\"@id\":\"https:\\\/\\\/www.nepelius.com\\\/shop\\\/klappkarte-sonnenblumen-prachtlibelle\\\/#primaryimage\"},\"thumbnailUrl\":\"https:\\\/\\\/www.nepelius.com\\\/wp-content\\\/uploads\\\/kk_sonnenblumen_prachtlibelle.jpg\",\"datePublished\":\"2026-01-15T22:51:12+00:00\",\"dateModified\":\"2026-01-16T09:51:58+00:00\",\"breadcrumb\":{\"@id\":\"https:\\\/\\\/www.nepelius.com\\\/shop\\\/klappkarte-sonnenblumen-prachtlibelle\\\/#breadcrumb\"},\"inLanguage\":\"en-GB\",\"potentialAction\":[{\"@type\":\"ReadAction\",\"target\":[\"https:\\\/\\\/www.nepelius.com\\\/shop\\\/klappkarte-sonnenblumen-prachtlibelle\\\/\"]}]},{\"@type\":\"ImageObject\",\"inLanguage\":\"en-GB\",\"@id\":\"https:\\\/\\\/www.nepelius.com\\\/shop\\\/klappkarte-sonnenblumen-prachtlibelle\\\/#primaryimage\",\"url\":\"https:\\\/\\\/www.nepelius.com\\\/wp-content\\\/uploads\\\/kk_sonnenblumen_prachtlibelle.jpg\",\"contentUrl\":\"https:\\\/\\\/www.nepelius.com\\\/wp-content\\\/uploads\\\/kk_sonnenblumen_prachtlibelle.jpg\",\"width\":600,\"height\":600},{\"@type\":\"BreadcrumbList\",\"@id\":\"https:\\\/\\\/www.nepelius.com\\\/shop\\\/klappkarte-sonnenblumen-prachtlibelle\\\/#breadcrumb\",\"itemListElement\":[{\"@type\":\"ListItem\",\"position\":1,\"name\":\"Startseite\",\"item\":\"https:\\\/\\\/www.nepelius.com\\\/\"},{\"@type\":\"ListItem\",\"position\":2,\"name\":\"Shop\",\"item\":\"https:\\\/\\\/www.nepelius.com\\\/webshop\\\/\"},{\"@type\":\"ListItem\",\"position\":3,\"name\":\"Klappkarte Sonnenblumen-Prachtlibelle\"}]},{\"@type\":\"WebSite\",\"@id\":\"https:\\\/\\\/www.nepelius.com\\\/#website\",\"url\":\"https:\\\/\\\/www.nepelius.com\\\/\",\"name\":\"Sigrid Nepelius\",\"description\":\"Fine Art\",\"publisher\":{\"@id\":\"https:\\\/\\\/www.nepelius.com\\\/#\\\/schema\\\/person\\\/fb48383c87e305a8d2bbad4aef3524eb\"},\"potentialAction\":[{\"@type\":\"SearchAction\",\"target\":{\"@type\":\"EntryPoint\",\"urlTemplate\":\"https:\\\/\\\/www.nepelius.com\\\/?s={search_term_string}\"},\"query-input\":{\"@type\":\"PropertyValueSpecification\",\"valueRequired\":true,\"valueName\":\"search_term_string\"}}],\"inLanguage\":\"en-GB\"},{\"@type\":[\"Person\",\"Organization\"],\"@id\":\"https:\\\/\\\/www.nepelius.com\\\/#\\\/schema\\\/person\\\/fb48383c87e305a8d2bbad4aef3524eb\",\"name\":\"Sigrid\",\"image\":{\"@type\":\"ImageObject\",\"inLanguage\":\"en-GB\",\"@id\":\"https:\\\/\\\/www.nepelius.com\\\/wp-content\\\/uploads\\\/cropped-header_neu-1.jpg\",\"url\":\"https:\\\/\\\/www.nepelius.com\\\/wp-content\\\/uploads\\\/cropped-header_neu-1.jpg\",\"contentUrl\":\"https:\\\/\\\/www.nepelius.com\\\/wp-content\\\/uploads\\\/cropped-header_neu-1.jpg\",\"width\":1500,\"height\":224,\"caption\":\"Sigrid\"},\"logo\":{\"@id\":\"https:\\\/\\\/www.nepelius.com\\\/wp-content\\\/uploads\\\/cropped-header_neu-1.jpg\"},\"sameAs\":[\"https:\\\/\\\/www.facebook.com\\\/sigrid.nepelius.art\",\"https:\\\/\\\/www.instagram.com\\\/sigridnepeliusart\\\/\",\"https:\\\/\\\/www.pinterest.at\\\/sigridnepelius\\\/\"]}]}<\/script>\n<!-- \/ Yoast SEO plugin. -->","yoast_head_json":{"title":"Klappkarte Sonnenblumen-Prachtlibelle - Sigrid Nepelius","robots":{"index":"index","follow":"follow","max-snippet":"max-snippet:-1","max-image-preview":"max-image-preview:large","max-video-preview":"max-video-preview:-1"},"canonical":"https:\/\/www.nepelius.com\/en\/shop\/klappkarte-sonnenblumen-prachtlibelle\/","og_locale":"en_GB","og_type":"article","og_title":"Klappkarte Sonnenblumen-Prachtlibelle - Sigrid Nepelius","og_description":"Quadratische Klappkarte, 15 x 15 cm, inkl. Umschlag naturwei\u00df, geliefert in Cellophanh\u00fclle. Motiv: Sonnenblumen-Prachtlibelle (Serie Blatt- und Bl\u00fctentiere) Material: Naturkarton 250g, naturwei\u00df, matt Die Innenseiten des Billets sind leer und beschreibbar. Die R\u00fcckseite ist ebenfalls beschreibbar, ganz unten befinden sich K\u00fcnstlername und Verlagslogo. Spare ab 5 Stk. 10%, ab 10 Stk. 15%!","og_url":"https:\/\/www.nepelius.com\/en\/shop\/klappkarte-sonnenblumen-prachtlibelle\/","og_site_name":"Sigrid Nepelius","article_publisher":"https:\/\/www.facebook.com\/sigrid.nepelius.art","article_modified_time":"2026-01-16T09:51:58+00:00","og_image":[{"width":600,"height":600,"url":"https:\/\/www.nepelius.com\/wp-content\/uploads\/kk_sonnenblumen_prachtlibelle.jpg","type":"image\/jpeg"}],"twitter_card":"summary_large_image","twitter_misc":{"Estimated reading time":"1 minute"},"schema":{"@context":"https:\/\/schema.org","@graph":[{"@type":"WebPage","@id":"https:\/\/www.nepelius.com\/shop\/klappkarte-sonnenblumen-prachtlibelle\/","url":"https:\/\/www.nepelius.com\/shop\/klappkarte-sonnenblumen-prachtlibelle\/","name":"Klappkarte Sonnenblumen-Prachtlibelle - Sigrid Nepelius","isPartOf":{"@id":"https:\/\/www.nepelius.com\/#website"},"primaryImageOfPage":{"@id":"https:\/\/www.nepelius.com\/shop\/klappkarte-sonnenblumen-prachtlibelle\/#primaryimage"},"image":{"@id":"https:\/\/www.nepelius.com\/shop\/klappkarte-sonnenblumen-prachtlibelle\/#primaryimage"},"thumbnailUrl":"https:\/\/www.nepelius.com\/wp-content\/uploads\/kk_sonnenblumen_prachtlibelle.jpg","datePublished":"2026-01-15T22:51:12+00:00","dateModified":"2026-01-16T09:51:58+00:00","breadcrumb":{"@id":"https:\/\/www.nepelius.com\/shop\/klappkarte-sonnenblumen-prachtlibelle\/#breadcrumb"},"inLanguage":"en-GB","potentialAction":[{"@type":"ReadAction","target":["https:\/\/www.nepelius.com\/shop\/klappkarte-sonnenblumen-prachtlibelle\/"]}]},{"@type":"ImageObject","inLanguage":"en-GB","@id":"https:\/\/www.nepelius.com\/shop\/klappkarte-sonnenblumen-prachtlibelle\/#primaryimage","url":"https:\/\/www.nepelius.com\/wp-content\/uploads\/kk_sonnenblumen_prachtlibelle.jpg","contentUrl":"https:\/\/www.nepelius.com\/wp-content\/uploads\/kk_sonnenblumen_prachtlibelle.jpg","width":600,"height":600},{"@type":"BreadcrumbList","@id":"https:\/\/www.nepelius.com\/shop\/klappkarte-sonnenblumen-prachtlibelle\/#breadcrumb","itemListElement":[{"@type":"ListItem","position":1,"name":"Startseite","item":"https:\/\/www.nepelius.com\/"},{"@type":"ListItem","position":2,"name":"Shop","item":"https:\/\/www.nepelius.com\/webshop\/"},{"@type":"ListItem","position":3,"name":"Klappkarte Sonnenblumen-Prachtlibelle"}]},{"@type":"WebSite","@id":"https:\/\/www.nepelius.com\/#website","url":"https:\/\/www.nepelius.com\/","name":"Sigrid Nepelius","description":"Fine Art","publisher":{"@id":"https:\/\/www.nepelius.com\/#\/schema\/person\/fb48383c87e305a8d2bbad4aef3524eb"},"potentialAction":[{"@type":"SearchAction","target":{"@type":"EntryPoint","urlTemplate":"https:\/\/www.nepelius.com\/?s={search_term_string}"},"query-input":{"@type":"PropertyValueSpecification","valueRequired":true,"valueName":"search_term_string"}}],"inLanguage":"en-GB"},{"@type":["Person","Organization"],"@id":"https:\/\/www.nepelius.com\/#\/schema\/person\/fb48383c87e305a8d2bbad4aef3524eb","name":"Sigrid","image":{"@type":"ImageObject","inLanguage":"en-GB","@id":"https:\/\/www.nepelius.com\/wp-content\/uploads\/cropped-header_neu-1.jpg","url":"https:\/\/www.nepelius.com\/wp-content\/uploads\/cropped-header_neu-1.jpg","contentUrl":"https:\/\/www.nepelius.com\/wp-content\/uploads\/cropped-header_neu-1.jpg","width":1500,"height":224,"caption":"Sigrid"},"logo":{"@id":"https:\/\/www.nepelius.com\/wp-content\/uploads\/cropped-header_neu-1.jpg"},"sameAs":["https:\/\/www.facebook.com\/sigrid.nepelius.art","https:\/\/www.instagram.com\/sigridnepeliusart\/","https:\/\/www.pinterest.at\/sigridnepelius\/"]}]}},"_links":{"self":[{"href":"https:\/\/www.nepelius.com\/en\/wp-json\/wp\/v2\/product\/5347","targetHints":{"allow":["GET"]}}],"collection":[{"href":"https:\/\/www.nepelius.com\/en\/wp-json\/wp\/v2\/product"}],"about":[{"href":"https:\/\/www.nepelius.com\/en\/wp-json\/wp\/v2\/types\/product"}],"wp:featuredmedia":[{"embeddable":true,"href":"https:\/\/www.nepelius.com\/en\/wp-json\/wp\/v2\/media\/3858"}],"wp:attachment":[{"href":"https:\/\/www.nepelius.com\/en\/wp-json\/wp\/v2\/media?parent=5347"}],"wp:term":[{"taxonomy":"product_brand","embeddable":true,"href":"https:\/\/www.nepelius.com\/en\/wp-json\/wp\/v2\/product_brand?post=5347"},{"taxonomy":"product_cat","embeddable":true,"href":"https:\/\/www.nepelius.com\/en\/wp-json\/wp\/v2\/product_cat?post=5347"},{"taxonomy":"product_tag","embeddable":true,"href":"https:\/\/www.nepelius.com\/en\/wp-json\/wp\/v2\/product_tag?post=5347"}],"curies":[{"name":"wp","href":"https:\/\/api.w.org\/{rel}","templated":true}]}}