{"id":5394,"date":"2026-03-02T21:09:55","date_gmt":"2026-03-02T20:09:55","guid":{"rendered":"https:\/\/www.nepelius.com\/?post_type=product&#038;p=5394"},"modified":"2026-03-05T09:40:20","modified_gmt":"2026-03-05T08:40:20","slug":"wurzelfuchs-limitierter-kunstdruck","status":"publish","type":"product","link":"https:\/\/www.nepelius.com\/en\/shop\/wurzelfuchs-limitierter-kunstdruck\/","title":{"rendered":"Root Fox (limited edition Fine Art Print)"},"content":{"rendered":"<p>Fine Art Print (Gicl\u00e9e) of my original oil painting \"Root Fox\", signed and numbered by hand below the motif.<br \/>\nWith certificate of authenticity.<\/p>\n<p>Printed on high quality art print paper Fine Art Smooth white, 275 g with lightfast pigment-based inks.<br \/>\nSheet size 40 x 50 cm, motif size: 30 x 38 cm<br \/>\nLimited edition: 11 pieces.<\/p>\n<p>Picture frames in the standard size of 40 x 50 cm are widely available for this sheet size. The white border surrounding the motif on all sides acts as a passe-partout. The limited edition of 11 pieces makes this art print an affordable collector's item.<\/p>","protected":false},"excerpt":{"rendered":"<p>Fine Art Print (Gicl\u00e9e) meines Original-\u00d6lbildes &#8220;Wurzelfuchs&#8221;, handsigniert und -nummeriert unterhalb des Motivs. Mit Echtheitszertifikat. Gedruckt auf hochwertigem Kunstdruck-Papier Fine Art Smooth white, 275 g mit lichtechten, pigmentbasierten Tinten. Bogengr\u00f6\u00dfe 40 x 50 cm, Motivgr\u00f6\u00dfe: 30 x 38 cm Limitierte Auflage: 11 St\u00fcck. F\u00fcr diese Bogengr\u00f6\u00dfe sind Bilderrahmen im Standardma\u00df 40 x 50 \u00fcberall im [&hellip;]<\/p>\n","protected":false},"featured_media":5398,"template":"","meta":{"zakra_page_container_layout":"customizer","zakra_page_sidebar_layout":"customizer","zakra_remove_content_margin":false,"zakra_sidebar":"customizer","zakra_transparent_header":"customizer","zakra_logo":0,"zakra_main_header_style":"default","zakra_menu_item_color":"","zakra_menu_item_hover_color":"","zakra_menu_item_active_color":"","zakra_menu_active_style":"","zakra_page_header":true},"product_brand":[],"product_cat":[359],"product_tag":[383,361,362,458],"class_list":{"0":"post-5394","1":"product","2":"type-product","3":"status-publish","4":"has-post-thumbnail","6":"product_cat-limitierte-kunstdrucke","7":"product_tag-40-x-50","8":"product_tag-fine-art-print","9":"product_tag-limitierte-drucke","10":"product_tag-wurzelfuchs","11":"product_shipping_class-midi","13":"first","14":"instock","15":"shipping-taxable","16":"purchasable","17":"product-type-simple"},"yoast_head":"<!-- This site is optimized with the Yoast SEO plugin v27.4 - https:\/\/yoast.com\/product\/yoast-seo-wordpress\/ -->\n<title>Wurzelfuchs (limitierter Kunstdruck) - Sigrid Nepelius<\/title>\n<meta name=\"description\" content=\"Limitierter Fine Art Print (Gicl\u00e9e) meines Original-\u00d6lbildes &quot;Wurzelfuchs&quot;, handsigniert und -nummeriert, gedruckt auf hochwertigem Kunstdruck-Papier.\" \/>\n<meta name=\"robots\" content=\"index, follow, max-snippet:-1, max-image-preview:large, max-video-preview:-1\" \/>\n<link rel=\"canonical\" href=\"https:\/\/www.nepelius.com\/en\/shop\/wurzelfuchs-limitierter-kunstdruck\/\" \/>\n<meta property=\"og:locale\" content=\"en_GB\" \/>\n<meta property=\"og:type\" content=\"article\" \/>\n<meta property=\"og:title\" content=\"Wurzelfuchs (limitierter Kunstdruck) - Sigrid Nepelius\" \/>\n<meta property=\"og:description\" content=\"Limitierter Fine Art Print (Gicl\u00e9e) meines Original-\u00d6lbildes &quot;Wurzelfuchs&quot;, handsigniert und -nummeriert, gedruckt auf hochwertigem Kunstdruck-Papier.\" \/>\n<meta property=\"og:url\" content=\"https:\/\/www.nepelius.com\/en\/shop\/wurzelfuchs-limitierter-kunstdruck\/\" \/>\n<meta property=\"og:site_name\" content=\"Sigrid Nepelius\" \/>\n<meta property=\"article:publisher\" content=\"https:\/\/www.facebook.com\/sigrid.nepelius.art\" \/>\n<meta property=\"article:modified_time\" content=\"2026-03-05T08:40:20+00:00\" \/>\n<meta property=\"og:image\" content=\"https:\/\/www.nepelius.com\/wp-content\/uploads\/wurzelfuchs-50x40-cm.jpg\" \/>\n\t<meta property=\"og:image:width\" content=\"1400\" \/>\n\t<meta property=\"og:image:height\" content=\"1120\" \/>\n\t<meta property=\"og:image:type\" content=\"image\/jpeg\" \/>\n<meta name=\"twitter:card\" content=\"summary_large_image\" \/>\n<meta name=\"twitter:label1\" content=\"Estimated reading time\" \/>\n\t<meta name=\"twitter:data1\" content=\"1 minute\" \/>\n<script type=\"application\/ld+json\" class=\"yoast-schema-graph\">{\"@context\":\"https:\\\/\\\/schema.org\",\"@graph\":[{\"@type\":\"WebPage\",\"@id\":\"https:\\\/\\\/www.nepelius.com\\\/shop\\\/wurzelfuchs-limitierter-kunstdruck\\\/\",\"url\":\"https:\\\/\\\/www.nepelius.com\\\/shop\\\/wurzelfuchs-limitierter-kunstdruck\\\/\",\"name\":\"Wurzelfuchs (limitierter Kunstdruck) - Sigrid Nepelius\",\"isPartOf\":{\"@id\":\"https:\\\/\\\/www.nepelius.com\\\/#website\"},\"primaryImageOfPage\":{\"@id\":\"https:\\\/\\\/www.nepelius.com\\\/shop\\\/wurzelfuchs-limitierter-kunstdruck\\\/#primaryimage\"},\"image\":{\"@id\":\"https:\\\/\\\/www.nepelius.com\\\/shop\\\/wurzelfuchs-limitierter-kunstdruck\\\/#primaryimage\"},\"thumbnailUrl\":\"https:\\\/\\\/www.nepelius.com\\\/wp-content\\\/uploads\\\/wurzelfuchs-50x40-cm.jpg\",\"datePublished\":\"2026-03-02T20:09:55+00:00\",\"dateModified\":\"2026-03-05T08:40:20+00:00\",\"description\":\"Limitierter Fine Art Print (Gicl\u00e9e) meines Original-\u00d6lbildes \\\"Wurzelfuchs\\\", handsigniert und -nummeriert, gedruckt auf hochwertigem Kunstdruck-Papier.\",\"breadcrumb\":{\"@id\":\"https:\\\/\\\/www.nepelius.com\\\/shop\\\/wurzelfuchs-limitierter-kunstdruck\\\/#breadcrumb\"},\"inLanguage\":\"en-GB\",\"potentialAction\":[{\"@type\":\"ReadAction\",\"target\":[\"https:\\\/\\\/www.nepelius.com\\\/shop\\\/wurzelfuchs-limitierter-kunstdruck\\\/\"]}]},{\"@type\":\"ImageObject\",\"inLanguage\":\"en-GB\",\"@id\":\"https:\\\/\\\/www.nepelius.com\\\/shop\\\/wurzelfuchs-limitierter-kunstdruck\\\/#primaryimage\",\"url\":\"https:\\\/\\\/www.nepelius.com\\\/wp-content\\\/uploads\\\/wurzelfuchs-50x40-cm.jpg\",\"contentUrl\":\"https:\\\/\\\/www.nepelius.com\\\/wp-content\\\/uploads\\\/wurzelfuchs-50x40-cm.jpg\",\"width\":1400,\"height\":1120},{\"@type\":\"BreadcrumbList\",\"@id\":\"https:\\\/\\\/www.nepelius.com\\\/shop\\\/wurzelfuchs-limitierter-kunstdruck\\\/#breadcrumb\",\"itemListElement\":[{\"@type\":\"ListItem\",\"position\":1,\"name\":\"Startseite\",\"item\":\"https:\\\/\\\/www.nepelius.com\\\/\"},{\"@type\":\"ListItem\",\"position\":2,\"name\":\"Shop\",\"item\":\"https:\\\/\\\/www.nepelius.com\\\/webshop\\\/\"},{\"@type\":\"ListItem\",\"position\":3,\"name\":\"Wurzelfuchs (limitierter Kunstdruck)\"}]},{\"@type\":\"WebSite\",\"@id\":\"https:\\\/\\\/www.nepelius.com\\\/#website\",\"url\":\"https:\\\/\\\/www.nepelius.com\\\/\",\"name\":\"Sigrid Nepelius\",\"description\":\"Fine Art\",\"publisher\":{\"@id\":\"https:\\\/\\\/www.nepelius.com\\\/#\\\/schema\\\/person\\\/fb48383c87e305a8d2bbad4aef3524eb\"},\"potentialAction\":[{\"@type\":\"SearchAction\",\"target\":{\"@type\":\"EntryPoint\",\"urlTemplate\":\"https:\\\/\\\/www.nepelius.com\\\/?s={search_term_string}\"},\"query-input\":{\"@type\":\"PropertyValueSpecification\",\"valueRequired\":true,\"valueName\":\"search_term_string\"}}],\"inLanguage\":\"en-GB\"},{\"@type\":[\"Person\",\"Organization\"],\"@id\":\"https:\\\/\\\/www.nepelius.com\\\/#\\\/schema\\\/person\\\/fb48383c87e305a8d2bbad4aef3524eb\",\"name\":\"Sigrid\",\"image\":{\"@type\":\"ImageObject\",\"inLanguage\":\"en-GB\",\"@id\":\"https:\\\/\\\/www.nepelius.com\\\/wp-content\\\/uploads\\\/cropped-header_neu-1.jpg\",\"url\":\"https:\\\/\\\/www.nepelius.com\\\/wp-content\\\/uploads\\\/cropped-header_neu-1.jpg\",\"contentUrl\":\"https:\\\/\\\/www.nepelius.com\\\/wp-content\\\/uploads\\\/cropped-header_neu-1.jpg\",\"width\":1500,\"height\":224,\"caption\":\"Sigrid\"},\"logo\":{\"@id\":\"https:\\\/\\\/www.nepelius.com\\\/wp-content\\\/uploads\\\/cropped-header_neu-1.jpg\"},\"sameAs\":[\"https:\\\/\\\/www.facebook.com\\\/sigrid.nepelius.art\",\"https:\\\/\\\/www.instagram.com\\\/sigridnepeliusart\\\/\",\"https:\\\/\\\/www.pinterest.at\\\/sigridnepelius\\\/\"]}]}<\/script>\n<!-- \/ Yoast SEO plugin. -->","yoast_head_json":{"title":"Wurzelfuchs (limitierter Kunstdruck) - Sigrid Nepelius","description":"Limitierter Fine Art Print (Gicl\u00e9e) meines Original-\u00d6lbildes \"Wurzelfuchs\", handsigniert und -nummeriert, gedruckt auf hochwertigem Kunstdruck-Papier.","robots":{"index":"index","follow":"follow","max-snippet":"max-snippet:-1","max-image-preview":"max-image-preview:large","max-video-preview":"max-video-preview:-1"},"canonical":"https:\/\/www.nepelius.com\/en\/shop\/wurzelfuchs-limitierter-kunstdruck\/","og_locale":"en_GB","og_type":"article","og_title":"Wurzelfuchs (limitierter Kunstdruck) - Sigrid Nepelius","og_description":"Limitierter Fine Art Print (Gicl\u00e9e) meines Original-\u00d6lbildes \"Wurzelfuchs\", handsigniert und -nummeriert, gedruckt auf hochwertigem Kunstdruck-Papier.","og_url":"https:\/\/www.nepelius.com\/en\/shop\/wurzelfuchs-limitierter-kunstdruck\/","og_site_name":"Sigrid Nepelius","article_publisher":"https:\/\/www.facebook.com\/sigrid.nepelius.art","article_modified_time":"2026-03-05T08:40:20+00:00","og_image":[{"width":1400,"height":1120,"url":"https:\/\/www.nepelius.com\/wp-content\/uploads\/wurzelfuchs-50x40-cm.jpg","type":"image\/jpeg"}],"twitter_card":"summary_large_image","twitter_misc":{"Estimated reading time":"1 minute"},"schema":{"@context":"https:\/\/schema.org","@graph":[{"@type":"WebPage","@id":"https:\/\/www.nepelius.com\/shop\/wurzelfuchs-limitierter-kunstdruck\/","url":"https:\/\/www.nepelius.com\/shop\/wurzelfuchs-limitierter-kunstdruck\/","name":"Wurzelfuchs (limitierter Kunstdruck) - Sigrid Nepelius","isPartOf":{"@id":"https:\/\/www.nepelius.com\/#website"},"primaryImageOfPage":{"@id":"https:\/\/www.nepelius.com\/shop\/wurzelfuchs-limitierter-kunstdruck\/#primaryimage"},"image":{"@id":"https:\/\/www.nepelius.com\/shop\/wurzelfuchs-limitierter-kunstdruck\/#primaryimage"},"thumbnailUrl":"https:\/\/www.nepelius.com\/wp-content\/uploads\/wurzelfuchs-50x40-cm.jpg","datePublished":"2026-03-02T20:09:55+00:00","dateModified":"2026-03-05T08:40:20+00:00","description":"Limitierter Fine Art Print (Gicl\u00e9e) meines Original-\u00d6lbildes \"Wurzelfuchs\", handsigniert und -nummeriert, gedruckt auf hochwertigem Kunstdruck-Papier.","breadcrumb":{"@id":"https:\/\/www.nepelius.com\/shop\/wurzelfuchs-limitierter-kunstdruck\/#breadcrumb"},"inLanguage":"en-GB","potentialAction":[{"@type":"ReadAction","target":["https:\/\/www.nepelius.com\/shop\/wurzelfuchs-limitierter-kunstdruck\/"]}]},{"@type":"ImageObject","inLanguage":"en-GB","@id":"https:\/\/www.nepelius.com\/shop\/wurzelfuchs-limitierter-kunstdruck\/#primaryimage","url":"https:\/\/www.nepelius.com\/wp-content\/uploads\/wurzelfuchs-50x40-cm.jpg","contentUrl":"https:\/\/www.nepelius.com\/wp-content\/uploads\/wurzelfuchs-50x40-cm.jpg","width":1400,"height":1120},{"@type":"BreadcrumbList","@id":"https:\/\/www.nepelius.com\/shop\/wurzelfuchs-limitierter-kunstdruck\/#breadcrumb","itemListElement":[{"@type":"ListItem","position":1,"name":"Startseite","item":"https:\/\/www.nepelius.com\/"},{"@type":"ListItem","position":2,"name":"Shop","item":"https:\/\/www.nepelius.com\/webshop\/"},{"@type":"ListItem","position":3,"name":"Wurzelfuchs (limitierter Kunstdruck)"}]},{"@type":"WebSite","@id":"https:\/\/www.nepelius.com\/#website","url":"https:\/\/www.nepelius.com\/","name":"Sigrid Nepelius","description":"Fine Art","publisher":{"@id":"https:\/\/www.nepelius.com\/#\/schema\/person\/fb48383c87e305a8d2bbad4aef3524eb"},"potentialAction":[{"@type":"SearchAction","target":{"@type":"EntryPoint","urlTemplate":"https:\/\/www.nepelius.com\/?s={search_term_string}"},"query-input":{"@type":"PropertyValueSpecification","valueRequired":true,"valueName":"search_term_string"}}],"inLanguage":"en-GB"},{"@type":["Person","Organization"],"@id":"https:\/\/www.nepelius.com\/#\/schema\/person\/fb48383c87e305a8d2bbad4aef3524eb","name":"Sigrid","image":{"@type":"ImageObject","inLanguage":"en-GB","@id":"https:\/\/www.nepelius.com\/wp-content\/uploads\/cropped-header_neu-1.jpg","url":"https:\/\/www.nepelius.com\/wp-content\/uploads\/cropped-header_neu-1.jpg","contentUrl":"https:\/\/www.nepelius.com\/wp-content\/uploads\/cropped-header_neu-1.jpg","width":1500,"height":224,"caption":"Sigrid"},"logo":{"@id":"https:\/\/www.nepelius.com\/wp-content\/uploads\/cropped-header_neu-1.jpg"},"sameAs":["https:\/\/www.facebook.com\/sigrid.nepelius.art","https:\/\/www.instagram.com\/sigridnepeliusart\/","https:\/\/www.pinterest.at\/sigridnepelius\/"]}]}},"_links":{"self":[{"href":"https:\/\/www.nepelius.com\/en\/wp-json\/wp\/v2\/product\/5394","targetHints":{"allow":["GET"]}}],"collection":[{"href":"https:\/\/www.nepelius.com\/en\/wp-json\/wp\/v2\/product"}],"about":[{"href":"https:\/\/www.nepelius.com\/en\/wp-json\/wp\/v2\/types\/product"}],"wp:featuredmedia":[{"embeddable":true,"href":"https:\/\/www.nepelius.com\/en\/wp-json\/wp\/v2\/media\/5398"}],"wp:attachment":[{"href":"https:\/\/www.nepelius.com\/en\/wp-json\/wp\/v2\/media?parent=5394"}],"wp:term":[{"taxonomy":"product_brand","embeddable":true,"href":"https:\/\/www.nepelius.com\/en\/wp-json\/wp\/v2\/product_brand?post=5394"},{"taxonomy":"product_cat","embeddable":true,"href":"https:\/\/www.nepelius.com\/en\/wp-json\/wp\/v2\/product_cat?post=5394"},{"taxonomy":"product_tag","embeddable":true,"href":"https:\/\/www.nepelius.com\/en\/wp-json\/wp\/v2\/product_tag?post=5394"}],"curies":[{"name":"wp","href":"https:\/\/api.w.org\/{rel}","templated":true}]}}